{"id":1008673,"date":"2024-06-17T14:02:27","date_gmt":"2024-06-17T06:02:27","guid":{"rendered":"https:\/\/vimaterial.de\/product\/boro-2\/"},"modified":"2024-11-12T11:04:26","modified_gmt":"2024-11-12T03:04:26","slug":"boro-2","status":"publish","type":"product","link":"https:\/\/vimaterial.de\/it\/product\/boro-2\/","title":{"rendered":"Boro"},"content":{"rendered":"<p>Il bersaglio per sputtering del boro \u00e8 un disco solido o una piastra di materiale borato utilizzato in un processo chiamato sputtering, che viene comunemente impiegato nella deposizione di film sottili per una variet\u00e0 di applicazioni industriali, tra cui elettronica, ottica e rivestimenti. Nello sputtering, gli atomi di boro vengono espulsi dal bersaglio dall&#8217;impatto di ioni energetici e questi atomi si condensano su un substrato per formare un film sottile. I bersagli sputtering del boro sono generalmente utilizzati nella produzione di rivestimenti a base di boro, dispositivi a semiconduttore e materiali avanzati.  <\/p>\n<h2><span style=\"font-size: 14pt;\">Propriet\u00e0 fisiche:<\/span><\/h2>\n<p>Formula: B (boro elementare). Aspetto: i bersagli sputtering del boro hanno tipicamente un aspetto nero, grigio o metallico scuro, a seconda della loro forma cristallina e purezza. Punto di fusione: il boro ha un alto punto di fusione di circa 2.300 \u00b0C, che lo rende stabile nelle condizioni di alta energia dello sputtering. Densit\u00e0: Simile ad altre forme di boro, con una densit\u00e0 di circa 2,34 g\/cm\u00b3. Purezza: Tipicamente disponibile in gradi di elevata purezza, che vanno dal 99% al 99,9% o superiore, per garantire la deposizione di film di boro puliti e non contaminati. Forma: disco solido o piastra. I bersagli sono spesso cilindrici o planari e possono avere una piastra di supporto per il fissaggio al sistema di sputtering. Durezza: Il boro \u00e8 un materiale duro e fragile, che pu\u00f2 rendere un po&#8217; pi\u00f9 impegnativa la manipolazione dei bersagli sputtering. Conduttivit\u00e0: il boro \u00e8 un cattivo conduttore di elettricit\u00e0 e i bersagli di sputtering possono essere progettati per funzionare con un materiale di supporto conduttivo per migliorare il processo di sputtering.<\/p>\n<h2><span style=\"font-size: 14pt;\">Applicazioni:<\/span><\/h2>\n<p>Rivestimenti a film sottile: i bersagli sputtering del boro vengono utilizzati per depositare i film di boro sui substrati. Questi film possono fungere da rivestimenti protettivi, migliorare la durezza o fornire propriet\u00e0 elettriche speciali. Dispositivi a semiconduttore: il boro \u00e8 comunemente usato per drogare il silicio nella produzione di semiconduttori. Lo sputtering pu\u00f2 depositare sottili film di boro per raggiungere i livelli di drogaggio desiderati nei circuiti integrati (IC) o in altri componenti elettronici. Rivestimenti ottici: i film di boro sono utilizzati in applicazioni ottiche per la creazione di rivestimenti con indici di rifrazione specifici. Questi possono essere utilizzati per specchi, lenti e altri componenti ottici. Rivestimenti duri e film resistenti all&#8217;usura: i rivestimenti a base di boro, come il carburo di boro (B\u2084C), sono noti per la loro elevata durezza e resistenza all&#8217;usura, che li rendono ideali per l&#8217;uso in utensili da taglio, corazzatura e altre applicazioni ad alta sollecitazione. Materiali per batterie: la ricerca sui materiali contenenti boro per le batterie, come i borati di litio, \u00e8 aumentata e gli obiettivi di sputtering del boro possono essere utilizzati per fabbricare pellicole per batterie allo stato solido o altre tecnologie avanzate per batterie. <\/p>\n<h2><span style=\"font-size: 14pt;\">Sicurezza e maneggevolezza:<\/span><\/h2>\n<p>Misure protettive: Quando si maneggiano bersagli sputtering di boro, \u00e8 importante indossare guanti e occhiali protettivi per evitare lesioni dovute a spigoli vivi o inalazione accidentale di polvere. Conservazione: I bersagli per sputtering di boro devono essere conservati in un ambiente pulito e asciutto per evitare contaminazioni e danni. Devono essere tenuti lontani dall&#8217;umidit\u00e0 e dalle temperature estreme.<\/p>\n","protected":false},"excerpt":{"rendered":"<p>Il bersaglio per sputtering del boro \u00e8 un disco solido o una piastra di materiale borato utilizzato in un processo chiamato sputtering, che viene comunemente impiegato nella deposizione di film sottili per una variet\u00e0 di applicazioni industriali, tra cui elettronica, ottica e rivestimenti. Nello sputtering, gli atomi di boro vengono espulsi dal bersaglio dall&#8217;impatto di [&hellip;]<\/p>\n","protected":false},"featured_media":999097,"comment_status":"open","ping_status":"closed","template":"","meta":{"_acf_changed":false},"product_brand":[],"product_cat":[197],"product_tag":[],"class_list":{"0":"post-1008673","1":"product","2":"type-product","3":"status-publish","4":"has-post-thumbnail","6":"product_cat-obiettivi-di-sputtering-planari","8":"first","9":"instock","10":"shipping-taxable","11":"purchasable","12":"product-type-variable"},"acf":[],"_links":{"self":[{"href":"https:\/\/vimaterial.de\/it\/wp-json\/wp\/v2\/product\/1008673","targetHints":{"allow":["GET"]}}],"collection":[{"href":"https:\/\/vimaterial.de\/it\/wp-json\/wp\/v2\/product"}],"about":[{"href":"https:\/\/vimaterial.de\/it\/wp-json\/wp\/v2\/types\/product"}],"replies":[{"embeddable":true,"href":"https:\/\/vimaterial.de\/it\/wp-json\/wp\/v2\/comments?post=1008673"}],"wp:featuredmedia":[{"embeddable":true,"href":"https:\/\/vimaterial.de\/it\/wp-json\/wp\/v2\/media\/999097"}],"wp:attachment":[{"href":"https:\/\/vimaterial.de\/it\/wp-json\/wp\/v2\/media?parent=1008673"}],"wp:term":[{"taxonomy":"product_brand","embeddable":true,"href":"https:\/\/vimaterial.de\/it\/wp-json\/wp\/v2\/product_brand?post=1008673"},{"taxonomy":"product_cat","embeddable":true,"href":"https:\/\/vimaterial.de\/it\/wp-json\/wp\/v2\/product_cat?post=1008673"},{"taxonomy":"product_tag","embeddable":true,"href":"https:\/\/vimaterial.de\/it\/wp-json\/wp\/v2\/product_tag?post=1008673"}],"curies":[{"name":"wp","href":"https:\/\/api.w.org\/{rel}","templated":true}]}}