{"id":1008615,"date":"2024-06-17T14:02:29","date_gmt":"2024-06-17T06:02:29","guid":{"rendered":"https:\/\/vimaterial.de\/product\/carburo-di-boro-2\/"},"modified":"2024-11-12T14:36:30","modified_gmt":"2024-11-12T06:36:30","slug":"carburo-di-boro-2","status":"publish","type":"product","link":"https:\/\/vimaterial.de\/it\/product\/carburo-di-boro-2\/","title":{"rendered":"Carburo di boro"},"content":{"rendered":"<p>Il bersaglio per sputtering in carburo di boro \u00e8 un materiale utilizzato nel processo di sputtering per depositare film di carburo di boro su un substrato. Lo sputtering \u00e8 un tipo di deposizione fisica da vapore (PVD) in cui ioni o particelle vengono accelerati verso il materiale bersaglio, provocando l&#8217;espulsione di atomi o molecole su un substrato per formare un film sottile. <\/p>\n<h2><span style=\"font-size: 14pt;\">Propriet\u00e0 fisiche:<\/span><\/h2>\n<p>Formula chimica: B4C<\/p>\n<p>Massa molare:55.255 g\/mol<\/p>\n<p>Aspetto: Tipicamente dischi o piastre solide nere o grigio scuro.<\/p>\n<p>Densit\u00e0:2,52 g\/cm3, solido.<\/p>\n<p>Punto di fusione: circa 2.350 \u00b0C (4.270 \u00b0F), il che \u00e8 vantaggioso per le applicazioni ad alta temperatura. Durezza: materiale estremamente duro con una durezza Mohs di circa 9,3, che lo rende adatto per applicazioni che richiedono resistenza all&#8217;abrasione e protezione dall&#8217;usura.<\/p>\n<p>Solubilit\u00e0 in acqua: insolubile<\/p>\n<p>Isolamento elettrico: il carburo di boro \u00e8 un isolante a temperatura ambiente, che pu\u00f2 essere importante in alcune applicazioni elettroniche. Purezza: i bersagli per sputtering in carburo di boro sono generalmente disponibili in gradi di elevata purezza, come il 99% o il 99,99%, a seconda dei requisiti del processo di deposizione.<\/p>\n<h2><span style=\"font-size: 14pt;\">Applicazioni:<\/span><\/h2>\n<p>Rivestimenti resistenti all&#8217;usura: i bersagli di sputtering in carburo di boro vengono depositati su substrati per fornire un&#8217;elevata resistenza all&#8217;usura in parti meccaniche, strumenti e macchinari esposti a condizioni estreme. Rivestimenti duri: l&#8217;estrema durezza del carburo di boro lo rende ideale per il deposito di film duri utilizzati in utensili da taglio, abrasivi e attrezzature industriali che richiedono una superficie dura e resistente. Protezione balistica: i bersagli sputtering in carburo di boro possono essere utilizzati nei rivestimenti protettivi per armature, poich\u00e9 il carburo di boro \u00e8 noto per la sua capacit\u00e0 di assorbire e dissipare energia. Rivestimenti per l&#8217;assorbimento dei neutroni: grazie alle sue propriet\u00e0 di assorbimento dei neutroni, i film di carburo di boro sono utilizzati nelle applicazioni nucleari per la schermatura dei neutroni o nelle barre di controllo. Rivestimenti per semiconduttori ed elettronica: i bersagli sputtering in carburo di boro possono essere utilizzati come rivestimento dielettrico nei dispositivi a semiconduttore, offrendo protezione e isolamento. Rivestimenti ottici: in alcune applicazioni ottiche, i film di carburo di boro possono essere utilizzati per la loro durezza, soprattutto quando \u00e8 richiesta resistenza all&#8217;usura e ai graffi. Gestione termica: l&#8217;elevata conducibilit\u00e0 termica del carburo di boro lo rende adatto per applicazioni che comportano la dissipazione del calore, come negli scudi termici e negli ambienti ad alta temperatura.<\/p>\n","protected":false},"excerpt":{"rendered":"<p>Il bersaglio per sputtering in carburo di boro \u00e8 un materiale utilizzato nel processo di sputtering per depositare film di carburo di boro su un substrato. Lo sputtering \u00e8 un tipo di deposizione fisica da vapore (PVD) in cui ioni o particelle vengono accelerati verso il materiale bersaglio, provocando l&#8217;espulsione di atomi o molecole su [&hellip;]<\/p>\n","protected":false},"featured_media":999097,"comment_status":"open","ping_status":"closed","template":"","meta":{"_acf_changed":false},"product_brand":[],"product_cat":[197],"product_tag":[],"class_list":{"0":"post-1008615","1":"product","2":"type-product","3":"status-publish","4":"has-post-thumbnail","6":"product_cat-obiettivi-di-sputtering-planari","8":"first","9":"instock","10":"shipping-taxable","11":"purchasable","12":"product-type-variable"},"acf":[],"_links":{"self":[{"href":"https:\/\/vimaterial.de\/it\/wp-json\/wp\/v2\/product\/1008615","targetHints":{"allow":["GET"]}}],"collection":[{"href":"https:\/\/vimaterial.de\/it\/wp-json\/wp\/v2\/product"}],"about":[{"href":"https:\/\/vimaterial.de\/it\/wp-json\/wp\/v2\/types\/product"}],"replies":[{"embeddable":true,"href":"https:\/\/vimaterial.de\/it\/wp-json\/wp\/v2\/comments?post=1008615"}],"wp:featuredmedia":[{"embeddable":true,"href":"https:\/\/vimaterial.de\/it\/wp-json\/wp\/v2\/media\/999097"}],"wp:attachment":[{"href":"https:\/\/vimaterial.de\/it\/wp-json\/wp\/v2\/media?parent=1008615"}],"wp:term":[{"taxonomy":"product_brand","embeddable":true,"href":"https:\/\/vimaterial.de\/it\/wp-json\/wp\/v2\/product_brand?post=1008615"},{"taxonomy":"product_cat","embeddable":true,"href":"https:\/\/vimaterial.de\/it\/wp-json\/wp\/v2\/product_cat?post=1008615"},{"taxonomy":"product_tag","embeddable":true,"href":"https:\/\/vimaterial.de\/it\/wp-json\/wp\/v2\/product_tag?post=1008615"}],"curies":[{"name":"wp","href":"https:\/\/api.w.org\/{rel}","templated":true}]}}