{"id":1008613,"date":"2024-06-17T14:02:29","date_gmt":"2024-06-17T06:02:29","guid":{"rendered":"https:\/\/vimaterial.de\/product\/carburo-di-boro\/"},"modified":"2024-11-12T14:27:40","modified_gmt":"2024-11-12T06:27:40","slug":"carburo-di-boro","status":"publish","type":"product","link":"https:\/\/vimaterial.de\/it\/product\/carburo-di-boro\/","title":{"rendered":"Carburo di boro"},"content":{"rendered":"<p>Il carburo di boro (B4C) \u00e8 un composto duro e covalente composto da boro e carbonio. \u00c8 uno dei materiali pi\u00f9 duri conosciuti, spesso utilizzato in varie applicazioni in cui sono richieste durata, resistenza all&#8217;usura e prestazioni elevate. <\/p>\n<h2><span style=\"font-size: 14pt;\">Propriet\u00e0 fisiche:<\/span><\/h2>\n<p>Formula: B\u2084C. Peso molecolare: 55,25 g\/mol. Aspetto: nero o grigio scuro, in forma polverosa o cristallina. Durezza: Il carburo di boro \u00e8 estremamente duro, valutato a circa 9,3 sulla scala di Mohs, il che lo rende una delle sostanze pi\u00f9 dure sulla Terra, appena sotto il diamante. Densit\u00e0: ~2,52 g\/cm\u00b3. Punto di fusione: circa 2.350 \u00b0C (4.270 \u00b0F). Conduttivit\u00e0 elettrica: Il carburo di boro \u00e8 un cattivo conduttore di elettricit\u00e0 e si comporta come isolante a temperatura ambiente. Stabilit\u00e0 chimica: \u00e8 chimicamente stabile alle alte temperature e ha un&#8217;elevata resistenza alla corrosione e all&#8217;ossidazione.<\/p>\n<h2><span style=\"font-size: 14pt;\">Struttura del carburo di boro (B4C):<\/span><\/h2>\n<p>Il carburo di boro esiste in una struttura cristallina che presenta una combinazione di atomi di boro e atomi di carbonio. La struttura del carburo di boro \u00e8 costituita da catene di atomi di boro legati da atomi di carbonio, creando una rete tridimensionale che contribuisce alla sua notevole durezza e stabilit\u00e0. <\/p>\n<h2><span style=\"font-size: 14pt;\">Applicazioni del carburo di boro (B4C):<\/span><\/h2>\n<p>Abrasivi: A causa della sua estrema durezza, il carburo di boro \u00e8 ampiamente utilizzato come materiale abrasivo nella molatura, lucidatura e taglio degli utensili, in particolare per materiali duri come metalli, ceramiche e compositi. Munizioni perforanti: il carburo di boro viene utilizzato nella produzione di proiettili perforanti grazie alla sua durezza e capacit\u00e0 di resistere a forti impatti. Giubbotti antiproiettile: Grazie alla sua leggerezza e durezza, il carburo di boro viene utilizzato nella produzione di giubbotti antiproiettile leggeri e piastre di protezione balistica. Reattori nucleari: il carburo di boro (B4C) viene utilizzato come assorbitore di neutroni nei reattori nucleari per controllare il tasso di fissione nucleare e come parte delle barre di controllo. Materiali refrattari: il suo alto punto di fusione rende il carburo di boro utile in applicazioni ad alta temperatura, come crogioli per la manipolazione di metalli fusi e scudi termici. Semiconduttori: il carburo di boro (B4C) \u00e8 utilizzato nella produzione di semiconduttori, in particolare nelle applicazioni in cui sono richieste stabilit\u00e0 alle alte temperature e propriet\u00e0 isolanti. Rivestimenti: il carburo di boro viene utilizzato nei rivestimenti per fornire resistenza all&#8217;abrasione e protezione termica in varie applicazioni industriali.<\/p>\n<p>&nbsp;<\/p>\n","protected":false},"excerpt":{"rendered":"<p>Il carburo di boro (B4C) \u00e8 un composto duro e covalente composto da boro e carbonio. \u00c8 uno dei materiali pi\u00f9 duri conosciuti, spesso utilizzato in varie applicazioni in cui sono richieste durata, resistenza all&#8217;usura e prestazioni elevate. Propriet\u00e0 fisiche: Formula: B\u2084C. Peso molecolare: 55,25 g\/mol. Aspetto: nero o grigio scuro, in forma polverosa o [&hellip;]<\/p>\n","protected":false},"featured_media":999134,"comment_status":"open","ping_status":"closed","template":"","meta":{"_acf_changed":false},"product_brand":[],"product_cat":[198],"product_tag":[],"class_list":{"0":"post-1008613","1":"product","2":"type-product","3":"status-publish","4":"has-post-thumbnail","6":"product_cat-materiali-per-levaporazione","8":"first","9":"instock","10":"shipping-taxable","11":"product-type-variable"},"acf":[],"_links":{"self":[{"href":"https:\/\/vimaterial.de\/it\/wp-json\/wp\/v2\/product\/1008613","targetHints":{"allow":["GET"]}}],"collection":[{"href":"https:\/\/vimaterial.de\/it\/wp-json\/wp\/v2\/product"}],"about":[{"href":"https:\/\/vimaterial.de\/it\/wp-json\/wp\/v2\/types\/product"}],"replies":[{"embeddable":true,"href":"https:\/\/vimaterial.de\/it\/wp-json\/wp\/v2\/comments?post=1008613"}],"wp:featuredmedia":[{"embeddable":true,"href":"https:\/\/vimaterial.de\/it\/wp-json\/wp\/v2\/media\/999134"}],"wp:attachment":[{"href":"https:\/\/vimaterial.de\/it\/wp-json\/wp\/v2\/media?parent=1008613"}],"wp:term":[{"taxonomy":"product_brand","embeddable":true,"href":"https:\/\/vimaterial.de\/it\/wp-json\/wp\/v2\/product_brand?post=1008613"},{"taxonomy":"product_cat","embeddable":true,"href":"https:\/\/vimaterial.de\/it\/wp-json\/wp\/v2\/product_cat?post=1008613"},{"taxonomy":"product_tag","embeddable":true,"href":"https:\/\/vimaterial.de\/it\/wp-json\/wp\/v2\/product_tag?post=1008613"}],"curies":[{"name":"wp","href":"https:\/\/api.w.org\/{rel}","templated":true}]}}