{"id":1008449,"date":"2024-06-17T13:45:25","date_gmt":"2024-06-17T05:45:25","guid":{"rendered":"https:\/\/vimaterial.de\/product\/alluminio-metallo-4\/"},"modified":"2024-10-21T17:50:16","modified_gmt":"2024-10-21T09:50:16","slug":"alluminio-metallo-4","status":"publish","type":"product","link":"https:\/\/vimaterial.de\/it\/product\/alluminio-metallo-4\/","title":{"rendered":"Alluminio metallico"},"content":{"rendered":"<p>Il foglio di alluminio \u00e8 realizzato mediante ulteriore lavorazione di materiali in alluminio attraverso il processo di laminazione. La sua superficie presenta una lucentezza argentea e ha eccellenti propriet\u00e0 fisiche e chimiche. Il foglio di alluminio ha un&#8217;eccellente conduttivit\u00e0, schermatura alla luce e resistenza alla corrosione, ha anche eccellenti prestazioni di lavorazione ed \u00e8 facile da eseguire varie operazioni di lavorazione. Pertanto, il foglio di alluminio \u00e8 ampiamente utilizzato nell&#8217;imballaggio, nell&#8217;elettronica, nell&#8217;aviazione, nell&#8217;edilizia e in altri campi.<\/p>\n<p>&nbsp;<\/p>\n<h2><span style=\"font-size: 14pt;\">Tratti somatici:<\/span><\/h2>\n<p><strong>Eccellenti propriet\u00e0 barriera:<\/strong> Fornisce un forte scudo contro l&#8217;umidit\u00e0, l&#8217;aria e i contaminanti.<\/p>\n<p><strong>Conducibilit\u00e0 termica:<\/strong> Distribuisce efficacemente il calore, rendendolo ideale per applicazioni di isolamento e scambio termico.<\/p>\n<p><strong>Leggero e flessibile:<\/strong> Facile da modellare, piegare e avvolgere, il che lo rende perfetto per le soluzioni di imballaggio.<\/p>\n<p><strong>Resistenza alla corrosione:<\/strong> Naturalmente resistente alla ruggine e al degrado ambientale.<\/p>\n<p>&nbsp;<\/p>\n<h2><span style=\"font-size: 14pt;\">Applicazione<\/span><\/h2>\n<p><strong>1. Isolamento<\/strong><br \/>\nelettrico Il foglio di alluminio industriale pu\u00f2 essere utilizzato per realizzare materiali isolanti elettrici grazie alla sua eccellente conduttivit\u00e0 elettrica, conduttivit\u00e0 termica e resistenza alla corrosione. L&#8217;uso di un foglio di alluminio come strato conduttivo pu\u00f2 produrre materiali isolanti elettrici efficienti per prevenire interferenze e perdite elettromagnetiche nelle apparecchiature elettriche.<\/p>\n<p><strong>2. Imballaggio<\/strong><br \/>\nalimentare Il foglio di alluminio industriale pu\u00f2 essere resistente all&#8217;umidit\u00e0, all&#8217;ossigeno e agli odori, quindi \u00e8 ampiamente utilizzato anche nel campo dell&#8217;imballaggio alimentare. Il suo utilizzo per confezionare gli alimenti pu\u00f2 proteggere efficacemente la freschezza e i componenti nutrizionali degli alimenti e prolungare la durata di conservazione degli alimenti.<\/p>\n<p><strong>3. Imballaggio<\/strong><br \/>\nfarmaceutico Il foglio di alluminio ha anche una buona stabilit\u00e0 fisica e chimica e non \u00e8 facilmente influenzato da fattori ambientali come calore, luce e umidit\u00e0. Pertanto, \u00e8 anche ampiamente utilizzato nel campo del packaging farmaceutico. Il suo utilizzo per confezionare i medicinali pu\u00f2 proteggere efficacemente la stabilit\u00e0 e i principi attivi dei medicinali e prolungarne la durata.<\/p>\n<p><strong>4. Isolamento<\/strong><br \/>\ndegli edifici Il foglio di alluminio pu\u00f2 essere utilizzato nella produzione di materiali isolanti per edifici. Incollarlo sulla superficie dei materiali isolanti pu\u00f2 migliorare notevolmente le prestazioni di isolamento termico dei materiali isolanti, garantire la differenza di temperatura tra l&#8217;interno e l&#8217;esterno dell&#8217;edificio e migliorare l&#8217;efficienza energetica degli edifici.<\/p>\n<p><strong>5. Materiali<\/strong><br \/>\nchimici Il foglio di alluminio \u00e8 ampiamente utilizzato anche nell&#8217;industria chimica. Ad esempio, pu\u00f2 essere utilizzato nella distillazione, nell&#8217;essiccazione, nell&#8217;imballaggio e in altri campi dell&#8217;industria. Pu\u00f2 anche essere utilizzato come parete del reattore, mezzo di trasferimento del calore, materiale di riempimento, ecc.<\/p>\n<p>&nbsp;<\/p>\n<p>&nbsp;<\/p>\n<p>&nbsp;<\/p>\n","protected":false},"excerpt":{"rendered":"<p>Il foglio di alluminio \u00e8 realizzato mediante ulteriore lavorazione di materiali in alluminio attraverso il processo di laminazione. La sua superficie presenta una lucentezza argentea e ha eccellenti propriet\u00e0 fisiche e chimiche. Il foglio di alluminio ha un&#8217;eccellente conduttivit\u00e0, schermatura alla luce e resistenza alla corrosione, ha anche eccellenti prestazioni di lavorazione ed \u00e8 facile [&hellip;]<\/p>\n","protected":false},"featured_media":997904,"comment_status":"open","ping_status":"closed","template":"","meta":{"_acf_changed":false},"product_brand":[],"product_cat":[207],"product_tag":[],"class_list":{"0":"post-1008449","1":"product","2":"type-product","3":"status-publish","4":"has-post-thumbnail","6":"product_cat-profilo","8":"first","9":"instock","10":"shipping-taxable","11":"purchasable","12":"product-type-variable"},"acf":[],"_links":{"self":[{"href":"https:\/\/vimaterial.de\/it\/wp-json\/wp\/v2\/product\/1008449","targetHints":{"allow":["GET"]}}],"collection":[{"href":"https:\/\/vimaterial.de\/it\/wp-json\/wp\/v2\/product"}],"about":[{"href":"https:\/\/vimaterial.de\/it\/wp-json\/wp\/v2\/types\/product"}],"replies":[{"embeddable":true,"href":"https:\/\/vimaterial.de\/it\/wp-json\/wp\/v2\/comments?post=1008449"}],"wp:featuredmedia":[{"embeddable":true,"href":"https:\/\/vimaterial.de\/it\/wp-json\/wp\/v2\/media\/997904"}],"wp:attachment":[{"href":"https:\/\/vimaterial.de\/it\/wp-json\/wp\/v2\/media?parent=1008449"}],"wp:term":[{"taxonomy":"product_brand","embeddable":true,"href":"https:\/\/vimaterial.de\/it\/wp-json\/wp\/v2\/product_brand?post=1008449"},{"taxonomy":"product_cat","embeddable":true,"href":"https:\/\/vimaterial.de\/it\/wp-json\/wp\/v2\/product_cat?post=1008449"},{"taxonomy":"product_tag","embeddable":true,"href":"https:\/\/vimaterial.de\/it\/wp-json\/wp\/v2\/product_tag?post=1008449"}],"curies":[{"name":"wp","href":"https:\/\/api.w.org\/{rel}","templated":true}]}}