{"id":1008381,"date":"2024-06-17T13:45:27","date_gmt":"2024-06-17T05:45:27","guid":{"rendered":"https:\/\/vimaterial.de\/product\/alluminio-metallo-2\/"},"modified":"2024-10-25T13:57:23","modified_gmt":"2024-10-25T05:57:23","slug":"lamiera-di-alluminio","status":"publish","type":"product","link":"https:\/\/vimaterial.de\/it\/product\/lamiera-di-alluminio\/","title":{"rendered":"Alluminio metallico"},"content":{"rendered":"<p>Il lamiera di alluminio \u00e8 un materiale metallico leggero e ad alta resistenza a bassa densit\u00e0, che pu\u00f2 ridurre il peso complessivo. Ha anche un&#8217;elevata resistenza e rigidit\u00e0 e pu\u00f2 sopportare carichi e pressioni elevati. Inoltre, il film di ossido che si forma naturalmente sulla superficie del lamiera di alluminio pu\u00f2 resistere all&#8217;erosione da parte di mezzi corrosivi come l&#8217;atmosfera, gli alcali e il sale, quindi ha una buona resistenza alla corrosione.<\/p>\n<p>Allo stesso tempo, il lamiera di alluminio ha anche buone prestazioni di lavorazione, forte plasticit\u00e0 ed \u00e8 facile da trasformare in prodotti di varie forme e dimensioni e non \u00e8 facile rompersi o deformarsi durante la lavorazione.<\/p>\n<p>&nbsp;<\/p>\n<p>Esistono molti tipi di lamiera di alluminio, che possono essere classificate in base a diversi componenti in lega e metodi di lavorazione.<\/p>\n<p>In base alla composizione della lega, le lamiera di alluminio possono essere suddivise in piastre di alluminio ad alta purezza, piastre di alluminio puro, lamiera di alluminio legato, ecc. Tra questi, le piastre in lega di alluminio possono essere ulteriormente suddivise in alluminio-rame, alluminio-manganese, alluminio-silicio, alluminio-magnesio e altre serie.<\/p>\n<p>In base al metodo di lavorazione, le lastre di alluminio possono essere suddivise in lastre di alluminio laminate a freddo e lastre di alluminio laminate a caldo. Inoltre, in base ai diversi spessori, le lastre di alluminio possono essere suddivise anche in lastre sottili e piastre di medio spessore; In base alla forma della superficie, possono essere suddivisi in piastre piatte e piastre di alluminio modellate.<\/p>\n<p>&nbsp;<\/p>\n<h2><span style=\"font-size: 14pt;\">Applicazione<\/span><\/h2>\n<p><strong>1. Industria delle costruzioni. <\/strong><\/p>\n<p>Gran parte delle lastre di alluminio sono utilizzate nel settore delle costruzioni, utilizzate principalmente per produrre lastre di alluminio per facciate continue, lastre decorative, porte e finestre in alluminio e lastre decorative.<\/p>\n<p><strong>2. Industria leggera. <\/strong><\/p>\n<p>Gli elettrodomestici, la ferramenta, il vetro e i prodotti chimici quotidiani richiedono tutti lastre di alluminio, che sono comuni nella vita.<\/p>\n<p><strong>3. Industria dell&#8217;imballaggio. <\/strong><\/p>\n<p>L&#8217;imballaggio esterno di dentifricio comune, caramelle, cibo in scatola, ecc. richiede piastre di alluminio; Allo stesso tempo, anche la decorazione interna ed esterna delle automobili richiede una grande quantit\u00e0 di lastre di alluminio e anche l&#8217;industria ferroviaria richiede una grande quantit\u00e0 di lastre di alluminio.<\/p>\n<p><strong>4. Industria elettronica. <\/strong><\/p>\n<p>Le necessit\u00e0 quotidiane come televisori, altoparlanti e radio, e il consumo e la produzione di prodotti militari come radar militari e rivestimenti missilistici tattici richiedono piastre di alluminio.<\/p>\n","protected":false},"excerpt":{"rendered":"<p>Il lamiera di alluminio \u00e8 un materiale metallico leggero e ad alta resistenza a bassa densit\u00e0, che pu\u00f2 ridurre il peso complessivo. Ha anche un&#8217;elevata resistenza e rigidit\u00e0 e pu\u00f2 sopportare carichi e pressioni elevati. Inoltre, il film di ossido che si forma naturalmente sulla superficie del lamiera di alluminio pu\u00f2 resistere all&#8217;erosione da parte [&hellip;]<\/p>\n","protected":false},"featured_media":997924,"comment_status":"open","ping_status":"closed","template":"","meta":{"_acf_changed":false},"product_brand":[],"product_cat":[207],"product_tag":[],"class_list":{"0":"post-1008381","1":"product","2":"type-product","3":"status-publish","4":"has-post-thumbnail","6":"product_cat-profilo","8":"first","9":"instock","10":"shipping-taxable","11":"purchasable","12":"product-type-variable"},"acf":[],"_links":{"self":[{"href":"https:\/\/vimaterial.de\/it\/wp-json\/wp\/v2\/product\/1008381","targetHints":{"allow":["GET"]}}],"collection":[{"href":"https:\/\/vimaterial.de\/it\/wp-json\/wp\/v2\/product"}],"about":[{"href":"https:\/\/vimaterial.de\/it\/wp-json\/wp\/v2\/types\/product"}],"replies":[{"embeddable":true,"href":"https:\/\/vimaterial.de\/it\/wp-json\/wp\/v2\/comments?post=1008381"}],"wp:featuredmedia":[{"embeddable":true,"href":"https:\/\/vimaterial.de\/it\/wp-json\/wp\/v2\/media\/997924"}],"wp:attachment":[{"href":"https:\/\/vimaterial.de\/it\/wp-json\/wp\/v2\/media?parent=1008381"}],"wp:term":[{"taxonomy":"product_brand","embeddable":true,"href":"https:\/\/vimaterial.de\/it\/wp-json\/wp\/v2\/product_brand?post=1008381"},{"taxonomy":"product_cat","embeddable":true,"href":"https:\/\/vimaterial.de\/it\/wp-json\/wp\/v2\/product_cat?post=1008381"},{"taxonomy":"product_tag","embeddable":true,"href":"https:\/\/vimaterial.de\/it\/wp-json\/wp\/v2\/product_tag?post=1008381"}],"curies":[{"name":"wp","href":"https:\/\/api.w.org\/{rel}","templated":true}]}}