{"id":1008361,"date":"2024-06-17T13:46:18","date_gmt":"2024-06-17T05:46:18","guid":{"rendered":"https:\/\/vimaterial.de\/product\/boruro-di-alluminio-2\/"},"modified":"2024-10-21T16:42:13","modified_gmt":"2024-10-21T08:42:13","slug":"boruro-di-alluminio-2","status":"publish","type":"product","link":"https:\/\/vimaterial.de\/it\/product\/boruro-di-alluminio-2\/","title":{"rendered":"Boruro di alluminio"},"content":{"rendered":"<p>Il boruro di alluminio (AlB12, dodecaboro di alluminio) contiene strutture icosaedriche B12, che sono collegate da atomi di Al. Il calore standard di formazione di AlB12 \u00e8 -(201\u00b142) kJ\/mol. La temperatura di decomposizione \u00e8 di 920 gradi Celsius. I boruri di alluminio includono AlB2, AlB4 e AlB12. Al di sopra dei 920\u00b0C, AlB2 si decompone per formare AlB12. L&#8217;AlB12 pu\u00f2 anche essere preparato a partire da B2O3 o da altri minerali contenenti boro con il metodo alluminotermico. Si decompone in sostanze elementari a 1900\u00b0C. La struttura dei dodecaburi di alluminio \u00e8 simile a quella dei composti intermetallici. La sua struttura dipende principalmente dalla struttura cristallina dell&#8217;alluminio, del metallo e del boro, piuttosto che dalla loro relazione di valenza.<\/p>\n<p>&nbsp;<\/p>\n<h2><span style=\"font-size: 14pt;\">Propriet\u00e0 chimiche<\/span><\/h2>\n<p>Punto di fusione: si decompone in boro e carbonio a 1900\u00b0C<\/p>\n<p>Densit\u00e0: 2,550<\/p>\n<p>Solubilit\u00e0: solubile in HNO caldo; in solubile in soluzioni acide<\/p>\n<p>Colore: giallo-marrone Solubilit\u00e0 in acqua: HNO3 solubile a caldo; acido insolubile, alcali<\/p>\n<p>&nbsp;<\/p>\n<h2><span style=\"font-size: 14pt;\">Metodo di produzione<\/span><\/h2>\n<p>Si ottiene mescolando triossido di boro e solfuro di alluminio e riscaldandoli per reazione.<\/p>\n<p>&nbsp;<\/p>\n<h2><span style=\"font-size: 14pt;\">Applicazione<\/span><\/h2>\n<p>I boruri di alluminio sono un importante materiale strutturale ad alta temperatura con una buona conduttivit\u00e0 termica e propriet\u00e0 meccaniche. \u00c8 ampiamente utilizzato nell&#8217;aerospaziale, nella metallurgia, nell&#8217;elettronica e in altri campi. Il dodecaboruro di alluminio \u00e8 una forma comune di dodecaboridi di alluminio. Ha un punto di fusione e una durezza pi\u00f9 elevati, quindi \u00e8 ampiamente studiato e utilizzato.<\/p>\n<p>&nbsp;<\/p>\n","protected":false},"excerpt":{"rendered":"<p>Il boruro di alluminio (AlB12, dodecaboro di alluminio) contiene strutture icosaedriche B12, che sono collegate da atomi di Al. Il calore standard di formazione di AlB12 \u00e8 -(201\u00b142) kJ\/mol. La temperatura di decomposizione \u00e8 di 920 gradi Celsius. I boruri di alluminio includono AlB2, AlB4 e AlB12. Al di sopra dei 920\u00b0C, AlB2 si decompone [&hellip;]<\/p>\n","protected":false},"featured_media":998044,"comment_status":"open","ping_status":"closed","template":"","meta":{"_acf_changed":false},"product_brand":[],"product_cat":[202],"product_tag":[],"class_list":{"0":"post-1008361","1":"product","2":"type-product","3":"status-publish","4":"has-post-thumbnail","6":"product_cat-materiali-c-n-b-si","8":"first","9":"instock","10":"shipping-taxable","11":"product-type-variable"},"acf":[],"_links":{"self":[{"href":"https:\/\/vimaterial.de\/it\/wp-json\/wp\/v2\/product\/1008361","targetHints":{"allow":["GET"]}}],"collection":[{"href":"https:\/\/vimaterial.de\/it\/wp-json\/wp\/v2\/product"}],"about":[{"href":"https:\/\/vimaterial.de\/it\/wp-json\/wp\/v2\/types\/product"}],"replies":[{"embeddable":true,"href":"https:\/\/vimaterial.de\/it\/wp-json\/wp\/v2\/comments?post=1008361"}],"wp:featuredmedia":[{"embeddable":true,"href":"https:\/\/vimaterial.de\/it\/wp-json\/wp\/v2\/media\/998044"}],"wp:attachment":[{"href":"https:\/\/vimaterial.de\/it\/wp-json\/wp\/v2\/media?parent=1008361"}],"wp:term":[{"taxonomy":"product_brand","embeddable":true,"href":"https:\/\/vimaterial.de\/it\/wp-json\/wp\/v2\/product_brand?post=1008361"},{"taxonomy":"product_cat","embeddable":true,"href":"https:\/\/vimaterial.de\/it\/wp-json\/wp\/v2\/product_cat?post=1008361"},{"taxonomy":"product_tag","embeddable":true,"href":"https:\/\/vimaterial.de\/it\/wp-json\/wp\/v2\/product_tag?post=1008361"}],"curies":[{"name":"wp","href":"https:\/\/api.w.org\/{rel}","templated":true}]}}