{"id":1008355,"date":"2024-06-17T13:45:29","date_gmt":"2024-06-17T05:45:29","guid":{"rendered":"https:\/\/vimaterial.de\/product\/boruro-di-alluminio\/"},"modified":"2024-10-21T16:43:19","modified_gmt":"2024-10-21T08:43:19","slug":"boruro-di-alluminio","status":"publish","type":"product","link":"https:\/\/vimaterial.de\/it\/product\/boruro-di-alluminio\/","title":{"rendered":"Boruro di alluminio"},"content":{"rendered":"<p>Il boruro di alluminio (AlB\u2082) \u00e8 un composto duro, simile alla ceramica, formato dalla combinazione di alluminio e boro. Noto per la sua eccellente stabilit\u00e0 termica, l&#8217;elevata durezza e la conduttivit\u00e0 elettrica, il boruro di alluminio viene utilizzato principalmente in applicazioni ad alta temperatura e ad alta resistenza.<\/p>\n<p>&nbsp;<\/p>\n<h2><span style=\"font-size: 14pt;\">Tipi di legame chimico del boruro di alluminio<\/span><\/h2>\n<p>I legami chimici nel boruro di alluminio sono principalmente legami ionici e legami covalenti. I legami ionici si riferiscono all&#8217;attrazione elettrostatica tra ioni alluminio (A1<sup>3+<\/sup>) e ioni boro (B<sup>3-<\/sup>). I legami covalenti si riferiscono ai legami chimici formati dalle coppie di elettroni condivise tra gli atomi di boro (B) e gli atomi di alluminio (A1). Nel boruro di alluminio, questi due legami chimici lavorano insieme per far s\u00ec che il cristallo abbia un&#8217;elevata stabilit\u00e0.<\/p>\n<h2><span style=\"font-size: 14pt;\">Struttura e propriet\u00e0 del boruro di alluminio<\/span><\/h2>\n<p>La struttura del boruro di alluminio appartiene a una semplice struttura esagonale e gli atomi di alluminio e gli atomi di boro nel cristallo sono disposti in modo esagonale ravvicinato. Questa struttura ha un&#8217;alta densit\u00e0 di impacchettamento, che fa s\u00ec che il boruro di alluminio abbia un alto punto di fusione, stabilit\u00e0 termica e stabilit\u00e0 chimica. Inoltre, il boruro di alluminio ha anche eccellenti propriet\u00e0 meccaniche, elevata conduttivit\u00e0 termica, elevata resistenza agli shock termici e altre propriet\u00e0.<\/p>\n<h2><span style=\"font-size: 14pt;\">Campi di applicazione del boruro di alluminio<\/span><\/h2>\n<p>1. Ceramica ad alta temperatura: poich\u00e9 il boruro di alluminio ha un alto punto di fusione, un&#8217;elevata stabilit\u00e0 termica e stabilit\u00e0 chimica, ha una vasta gamma di applicazioni nel campo della ceramica ad alta temperatura, come l&#8217;aerospaziale, l&#8217;automobile, l&#8217;elettronica e altre industrie.<\/p>\n<p>2. Materiali ad alta conducibilit\u00e0 termica: il boruro di alluminio ha un&#8217;elevata conduttivit\u00e0 termica e pu\u00f2 essere utilizzato come materiale ad alta conducibilit\u00e0 termica nei dispositivi di dissipazione del calore e in altri campi.<\/p>\n<p>3. Materiali refrattari: l&#8217;alto punto di fusione e la stabilit\u00e0 termica del boruro di alluminio lo rendono un materiale refrattario ideale, che pu\u00f2 essere utilizzato per realizzare forni, forni ad alta temperatura e altre apparecchiature.<\/p>\n<p>4. Altri campi: il boruro di alluminio viene utilizzato anche nei rivestimenti metallici, nella ceramica funzionale, nell&#8217;industria nucleare e in altri campi.<\/p>\n","protected":false},"excerpt":{"rendered":"<p>Il boruro di alluminio (AlB\u2082) \u00e8 un composto duro, simile alla ceramica, formato dalla combinazione di alluminio e boro. Noto per la sua eccellente stabilit\u00e0 termica, l&#8217;elevata durezza e la conduttivit\u00e0 elettrica, il boruro di alluminio viene utilizzato principalmente in applicazioni ad alta temperatura e ad alta resistenza. &nbsp; Tipi di legame chimico del boruro [&hellip;]<\/p>\n","protected":false},"featured_media":997950,"comment_status":"open","ping_status":"closed","template":"","meta":{"_acf_changed":false},"product_brand":[],"product_cat":[202],"product_tag":[],"class_list":{"0":"post-1008355","1":"product","2":"type-product","3":"status-publish","4":"has-post-thumbnail","6":"product_cat-materiali-c-n-b-si","8":"first","9":"instock","10":"shipping-taxable","11":"purchasable","12":"product-type-variable"},"acf":[],"_links":{"self":[{"href":"https:\/\/vimaterial.de\/it\/wp-json\/wp\/v2\/product\/1008355","targetHints":{"allow":["GET"]}}],"collection":[{"href":"https:\/\/vimaterial.de\/it\/wp-json\/wp\/v2\/product"}],"about":[{"href":"https:\/\/vimaterial.de\/it\/wp-json\/wp\/v2\/types\/product"}],"replies":[{"embeddable":true,"href":"https:\/\/vimaterial.de\/it\/wp-json\/wp\/v2\/comments?post=1008355"}],"wp:featuredmedia":[{"embeddable":true,"href":"https:\/\/vimaterial.de\/it\/wp-json\/wp\/v2\/media\/997950"}],"wp:attachment":[{"href":"https:\/\/vimaterial.de\/it\/wp-json\/wp\/v2\/media?parent=1008355"}],"wp:term":[{"taxonomy":"product_brand","embeddable":true,"href":"https:\/\/vimaterial.de\/it\/wp-json\/wp\/v2\/product_brand?post=1008355"},{"taxonomy":"product_cat","embeddable":true,"href":"https:\/\/vimaterial.de\/it\/wp-json\/wp\/v2\/product_cat?post=1008355"},{"taxonomy":"product_tag","embeddable":true,"href":"https:\/\/vimaterial.de\/it\/wp-json\/wp\/v2\/product_tag?post=1008355"}],"curies":[{"name":"wp","href":"https:\/\/api.w.org\/{rel}","templated":true}]}}