{"id":1008326,"date":"2024-06-17T14:00:49","date_gmt":"2024-06-17T06:00:49","guid":{"rendered":"https:\/\/vimaterial.de\/product\/ossido-di-litio-nichel-manganese-cobalto-nmc-2\/"},"modified":"2024-11-11T17:52:39","modified_gmt":"2024-11-11T09:52:39","slug":"ossido-di-litio-nichel-manganese-cobalto-nmc-2","status":"publish","type":"product","link":"https:\/\/vimaterial.de\/it\/product\/ossido-di-litio-nichel-manganese-cobalto-nmc-2\/","title":{"rendered":"Ossido di litio nichel manganese cobalto (NMC)"},"content":{"rendered":"<p>L&#8217;ossido di litio nichel manganese cobalto (LiNiMnCoO2), comunemente abbreviato in NMC, \u00e8 un materiale catodico popolare nelle batterie agli ioni di litio noto per la sua densit\u00e0 di energia bilanciata, capacit\u00e0 di potenza e stabilit\u00e0 termica. La combinazione di nichel, manganese e cobalto consente di regolare le proporzioni di ciascun metallo per adattare le prestazioni del materiale a varie applicazioni, come veicoli elettrici (EV), utensili elettrici ed elettronica portatile. <\/p>\n<h2><span style=\"font-size: 14pt;\">Propriet\u00e0 fisiche:<\/span><\/h2>\n<p>Aspetto: Di solito una polvere fine nera o grigia. Densit\u00e0: Varia in base alla composizione specifica dell&#8217;NMC, ma generalmente intorno ai 4,8 g\/cm\u00b3. Struttura cristallina: struttura a strati, che consente agli ioni di litio di intercalarsi (muoversi dentro e fuori) in modo efficiente durante la carica e la scarica.<\/p>\n<h2><span style=\"font-size: 14pt;\">Propriet\u00e0 elettrochimiche:<\/span><\/h2>\n<p>Densit\u00e0 di energia: Alta densit\u00e0 di energia, in particolare in NMC 811, dove l&#8217;alto contenuto di nichel contribuisce ad aumentare la capacit\u00e0. Intervallo di tensione: Funziona tipicamente tra 2,5 e 4,2 volt per cella, a seconda della specifica formulazione NMC. Ciclo di vita: offre un ciclo di vita da moderato ad alto, con un tasso di degradazione bilanciato influenzato dal contenuto di Mn e Co. Stabilit\u00e0 termica: Pi\u00f9 stabile termicamente rispetto ai soli materiali ad alto contenuto di nichel, poich\u00e9 il componente di manganese fornisce stabilit\u00e0 strutturale.<\/p>\n<h2><span style=\"font-size: 14pt;\">Applicazioni:<\/span><\/h2>\n<p>Veicoli elettrici (EV): i materiali di ossido di litio nichel manganese cobalto (LiNiMnCoO2) sono ampiamente utilizzati nelle batterie dei veicoli elettrici grazie alla loro elevata densit\u00e0 di energia, che fornisce un&#8217;autonomia di guida pi\u00f9 lunga e alla loro potenza favorevole. Elettronica portatile: Comunemente usato nelle batterie per smartphone, laptop e tablet grazie al suo equilibrio tra densit\u00e0 di potenza, sicurezza e longevit\u00e0. Utensili elettrici: La capacit\u00e0 dell&#8217;ossido di litio nichel manganese cobalto (LiNiMnCoO2) di fornire un&#8217;elevata potenza lo rende adatto per applicazioni che richiedono velocit\u00e0 di scarica rapide. Stoccaggio di rete: essendo scalabile, l&#8217;ossido di litio nichel manganese cobalto (LiNiMnCoO2) viene utilizzato anche nei sistemi di accumulo stazionari per l&#8217;integrazione delle energie rinnovabili.<\/p>\n<p>&nbsp;<\/p>\n","protected":false},"excerpt":{"rendered":"<p>L&#8217;ossido di litio nichel manganese cobalto (LiNiMnCoO2), comunemente abbreviato in NMC, \u00e8 un materiale catodico popolare nelle batterie agli ioni di litio noto per la sua densit\u00e0 di energia bilanciata, capacit\u00e0 di potenza e stabilit\u00e0 termica. La combinazione di nichel, manganese e cobalto consente di regolare le proporzioni di ciascun metallo per adattare le prestazioni [&hellip;]<\/p>\n","protected":false},"featured_media":998994,"comment_status":"open","ping_status":"closed","template":"","meta":{"_acf_changed":false},"product_brand":[],"product_cat":[199],"product_tag":[],"class_list":{"0":"post-1008326","1":"product","2":"type-product","3":"status-publish","4":"has-post-thumbnail","6":"product_cat-materiali-della-batteria","8":"first","9":"instock","10":"shipping-taxable","11":"purchasable","12":"product-type-variable"},"acf":[],"_links":{"self":[{"href":"https:\/\/vimaterial.de\/it\/wp-json\/wp\/v2\/product\/1008326","targetHints":{"allow":["GET"]}}],"collection":[{"href":"https:\/\/vimaterial.de\/it\/wp-json\/wp\/v2\/product"}],"about":[{"href":"https:\/\/vimaterial.de\/it\/wp-json\/wp\/v2\/types\/product"}],"replies":[{"embeddable":true,"href":"https:\/\/vimaterial.de\/it\/wp-json\/wp\/v2\/comments?post=1008326"}],"wp:featuredmedia":[{"embeddable":true,"href":"https:\/\/vimaterial.de\/it\/wp-json\/wp\/v2\/media\/998994"}],"wp:attachment":[{"href":"https:\/\/vimaterial.de\/it\/wp-json\/wp\/v2\/media?parent=1008326"}],"wp:term":[{"taxonomy":"product_brand","embeddable":true,"href":"https:\/\/vimaterial.de\/it\/wp-json\/wp\/v2\/product_brand?post=1008326"},{"taxonomy":"product_cat","embeddable":true,"href":"https:\/\/vimaterial.de\/it\/wp-json\/wp\/v2\/product_cat?post=1008326"},{"taxonomy":"product_tag","embeddable":true,"href":"https:\/\/vimaterial.de\/it\/wp-json\/wp\/v2\/product_tag?post=1008326"}],"curies":[{"name":"wp","href":"https:\/\/api.w.org\/{rel}","templated":true}]}}