{"id":1008297,"date":"2024-06-17T14:01:21","date_gmt":"2024-06-17T06:01:21","guid":{"rendered":"https:\/\/vimaterial.de\/product\/ossido-di-nichel-e-litio\/"},"modified":"2024-11-11T17:59:19","modified_gmt":"2024-11-11T09:59:19","slug":"ossido-di-nichel-e-litio","status":"publish","type":"product","link":"https:\/\/vimaterial.de\/it\/product\/ossido-di-nichel-e-litio\/","title":{"rendered":"Ossido di litio e nichel"},"content":{"rendered":"<p>L&#8217;ossido di litio nichel (LiNiO\u2082) \u00e8 un materiale utilizzato principalmente nelle batterie agli ioni di litio, dove funge da materiale catodico. Si tratta di un componente importante per le batterie ricaricabili ad alte prestazioni, in particolare quelle utilizzate nei veicoli elettrici (EV) e nell&#8217;elettronica portatile. <\/p>\n<h2><span style=\"font-size: 14pt;\">Propriet\u00e0 fisiche:<\/span><\/h2>\n<p>Formula: LiNiO\u2082. Aspetto: Tipicamente una polvere grigio chiaro o bianco sporco. Struttura cristallina: il materiale presenta una struttura cristallina stratificata, che \u00e8 la chiave per le sue prestazioni nelle batterie agli ioni di litio. Stabilit\u00e0 termica: sebbene sia stabile in molte condizioni, pu\u00f2 diventare instabile alle alte temperature, portando potenzialmente a un degrado o a una riduzione della capacit\u00e0. Densit\u00e0: l&#8217;ossido di litio e nichel ha una densit\u00e0 relativamente elevata, che contribuisce a un&#8217;elevata densit\u00e0 di energia nelle batterie. Struttura: L&#8217;ossido di litio nichel (LiNiO\u2082) ha una struttura stratificata, simile ad altri ossidi di metalli di transizione al litio, che facilita l&#8217;inserimento e l&#8217;estrazione di ioni di litio durante i processi di carica e scarica.<\/p>\n<h2><span style=\"font-size: 14pt;\">Applicazioni:<\/span><\/h2>\n<p>Batterie agli ioni di litio: l&#8217;ossido di litio nichel (LiNiO\u2082) \u00e8 comunemente usato come materiale catodico nelle batterie agli ioni di litio per veicoli elettrici, utensili elettrici ed elettronica portatile ad alte prestazioni. Veicoli elettrici: grazie alla sua elevata densit\u00e0 di energia e all&#8217;economicit\u00e0, viene sempre pi\u00f9 utilizzato nelle batterie dei veicoli elettrici, dove la massimizzazione della capacit\u00e0 della batteria e la riduzione dei costi sono fondamentali. Stoccaggio dell&#8217;energia di rete: l&#8217;ossido di litio e nichel (LiNiO\u2082) viene preso in considerazione anche per le soluzioni di accumulo di energia stazionarie grazie alla sua elevata densit\u00e0 di energia e al costo inferiore rispetto ad altri catodi a base di litio come l&#8217;ossido di litio e cobalto.<\/p>\n<p>&nbsp;<\/p>\n","protected":false},"excerpt":{"rendered":"<p>L&#8217;ossido di litio nichel (LiNiO\u2082) \u00e8 un materiale utilizzato principalmente nelle batterie agli ioni di litio, dove funge da materiale catodico. Si tratta di un componente importante per le batterie ricaricabili ad alte prestazioni, in particolare quelle utilizzate nei veicoli elettrici (EV) e nell&#8217;elettronica portatile. Propriet\u00e0 fisiche: Formula: LiNiO\u2082. Aspetto: Tipicamente una polvere grigio chiaro [&hellip;]<\/p>\n","protected":false},"featured_media":999010,"comment_status":"open","ping_status":"closed","template":"","meta":{"_acf_changed":false},"product_brand":[],"product_cat":[197],"product_tag":[],"class_list":{"0":"post-1008297","1":"product","2":"type-product","3":"status-publish","4":"has-post-thumbnail","6":"product_cat-obiettivi-di-sputtering-planari","8":"first","9":"instock","10":"shipping-taxable","11":"product-type-variable"},"acf":[],"_links":{"self":[{"href":"https:\/\/vimaterial.de\/it\/wp-json\/wp\/v2\/product\/1008297","targetHints":{"allow":["GET"]}}],"collection":[{"href":"https:\/\/vimaterial.de\/it\/wp-json\/wp\/v2\/product"}],"about":[{"href":"https:\/\/vimaterial.de\/it\/wp-json\/wp\/v2\/types\/product"}],"replies":[{"embeddable":true,"href":"https:\/\/vimaterial.de\/it\/wp-json\/wp\/v2\/comments?post=1008297"}],"wp:featuredmedia":[{"embeddable":true,"href":"https:\/\/vimaterial.de\/it\/wp-json\/wp\/v2\/media\/999010"}],"wp:attachment":[{"href":"https:\/\/vimaterial.de\/it\/wp-json\/wp\/v2\/media?parent=1008297"}],"wp:term":[{"taxonomy":"product_brand","embeddable":true,"href":"https:\/\/vimaterial.de\/it\/wp-json\/wp\/v2\/product_brand?post=1008297"},{"taxonomy":"product_cat","embeddable":true,"href":"https:\/\/vimaterial.de\/it\/wp-json\/wp\/v2\/product_cat?post=1008297"},{"taxonomy":"product_tag","embeddable":true,"href":"https:\/\/vimaterial.de\/it\/wp-json\/wp\/v2\/product_tag?post=1008297"}],"curies":[{"name":"wp","href":"https:\/\/api.w.org\/{rel}","templated":true}]}}