{"id":1008281,"date":"2024-06-17T14:01:26","date_gmt":"2024-06-17T06:01:26","guid":{"rendered":"https:\/\/vimaterial.de\/product\/fosfato-di-litio-e-nichel-2\/"},"modified":"2024-11-12T10:07:21","modified_gmt":"2024-11-12T02:07:21","slug":"fosfato-di-litio-e-nichel-2","status":"publish","type":"product","link":"https:\/\/vimaterial.de\/it\/product\/fosfato-di-litio-e-nichel-2\/","title":{"rendered":"Fosfato di litio e nichel"},"content":{"rendered":"<p>Il litio nichelfosfato (LiNiPO\u2084) \u00e8 un composto a base di litio con una struttura fosfatica, apprezzato per la sua stabilit\u00e0 e le potenziali applicazioni nell&#8217;accumulo di energia, in particolare nella tecnologia delle batterie agli ioni di litio. La stabilit\u00e0 strutturale e le propriet\u00e0 termiche del fosfato di litio e nichel lo rendono un candidato per batterie ad alta temperatura e altre applicazioni elettrochimiche specializzate. <\/p>\n<h2><span style=\"font-size: 14pt;\">Propriet\u00e0 fisiche:<\/span><\/h2>\n<p>Formula: LiNiPO\u2084. Aspetto: polvere fine, spesso di colore verde chiaro. Densit\u00e0: circa 4,2 g\/cm\u00b3. Struttura: Struttura cristallina ortorombica, con ioni nichel allo stato di ossidazione +2. Ha una struttura stabile di fosfato (PO\u2084), che contribuisce alla sua stabilit\u00e0 chimica e termica. Stabilit\u00e0 termica: elevata stabilit\u00e0 termica, che lo rende resistente alla decomposizione a temperature elevate, un vantaggio nelle applicazioni ad alta temperatura. Conducibilit\u00e0 elettrica: conducibilit\u00e0 inferiore rispetto ad altri materiali agli ioni di litio, in genere migliorata attraverso tecniche di drogaggio o rivestimento.<\/p>\n<h2><span style=\"font-size: 14pt;\">Applicazioni:<\/span><\/h2>\n<p>Batterie agli ioni di litio: grazie alla sua stabile struttura in fosfato, il fosfato di litio e nichel ha un potenziale come materiale catodico nelle batterie agli ioni di litio, in particolare per le applicazioni che richiedono una maggiore stabilit\u00e0 termica e sicurezza. Applicazioni ad alta temperatura: \u00e8 adatto per l&#8217;uso in sistemi di batterie progettati per funzionare ad alte temperature, in quanto mantiene la stabilit\u00e0 e il mantenimento della capacit\u00e0 in tali condizioni. Ricerca elettrochimica: Utilizzato nello studio di materiali catodici di nuova generazione con profili di sicurezza migliorati grazie alla stabilit\u00e0 intrinseca dei composti fosfatici.<\/p>\n<p>&nbsp;<\/p>\n","protected":false},"excerpt":{"rendered":"<p>Il litio nichelfosfato (LiNiPO\u2084) \u00e8 un composto a base di litio con una struttura fosfatica, apprezzato per la sua stabilit\u00e0 e le potenziali applicazioni nell&#8217;accumulo di energia, in particolare nella tecnologia delle batterie agli ioni di litio. La stabilit\u00e0 strutturale e le propriet\u00e0 termiche del fosfato di litio e nichel lo rendono un candidato per [&hellip;]<\/p>\n","protected":false},"featured_media":999019,"comment_status":"open","ping_status":"closed","template":"","meta":{"_acf_changed":false},"product_brand":[],"product_cat":[197],"product_tag":[],"class_list":{"0":"post-1008281","1":"product","2":"type-product","3":"status-publish","4":"has-post-thumbnail","6":"product_cat-obiettivi-di-sputtering-planari","8":"first","9":"instock","10":"shipping-taxable","11":"product-type-variable"},"acf":[],"_links":{"self":[{"href":"https:\/\/vimaterial.de\/it\/wp-json\/wp\/v2\/product\/1008281","targetHints":{"allow":["GET"]}}],"collection":[{"href":"https:\/\/vimaterial.de\/it\/wp-json\/wp\/v2\/product"}],"about":[{"href":"https:\/\/vimaterial.de\/it\/wp-json\/wp\/v2\/types\/product"}],"replies":[{"embeddable":true,"href":"https:\/\/vimaterial.de\/it\/wp-json\/wp\/v2\/comments?post=1008281"}],"wp:featuredmedia":[{"embeddable":true,"href":"https:\/\/vimaterial.de\/it\/wp-json\/wp\/v2\/media\/999019"}],"wp:attachment":[{"href":"https:\/\/vimaterial.de\/it\/wp-json\/wp\/v2\/media?parent=1008281"}],"wp:term":[{"taxonomy":"product_brand","embeddable":true,"href":"https:\/\/vimaterial.de\/it\/wp-json\/wp\/v2\/product_brand?post=1008281"},{"taxonomy":"product_cat","embeddable":true,"href":"https:\/\/vimaterial.de\/it\/wp-json\/wp\/v2\/product_cat?post=1008281"},{"taxonomy":"product_tag","embeddable":true,"href":"https:\/\/vimaterial.de\/it\/wp-json\/wp\/v2\/product_tag?post=1008281"}],"curies":[{"name":"wp","href":"https:\/\/api.w.org\/{rel}","templated":true}]}}