{"id":1008276,"date":"2024-06-17T14:01:22","date_gmt":"2024-06-17T06:01:22","guid":{"rendered":"https:\/\/vimaterial.de\/product\/fosfato-di-litio-e-nichel\/"},"modified":"2024-11-11T18:03:51","modified_gmt":"2024-11-11T10:03:51","slug":"fosfato-di-litio-e-nichel","status":"publish","type":"product","link":"https:\/\/vimaterial.de\/it\/product\/fosfato-di-litio-e-nichel\/","title":{"rendered":"Fosfato di litio e nichel"},"content":{"rendered":"<p>Il fosfato di litio e nichel (LiNiPO\u2084) \u00e8 un materiale catodico relativamente meno conosciuto per le batterie agli ioni di litio.<\/p>\n<h2><span style=\"font-size: 14pt;\">Propriet\u00e0 fisiche:<\/span><\/h2>\n<p>Formula: LiNiPO\u2084. Aspetto: \u00c8 tipicamente una polvere e pu\u00f2 variare di colore dal bianco al grigio chiaro. Cristallinit\u00e0: Il materiale forma spesso una struttura cristallina, necessaria per la sua funzione di materiale catodico. Dimensione delle particelle: la dimensione delle particelle e la morfologia di LiNiPO\u2084 possono influenzare in modo significativo le sue prestazioni nelle batterie, in particolare la sua capacit\u00e0 di velocit\u00e0 e la stabilit\u00e0 elettrochimica complessiva. Struttura: LiNiPO\u2084 adotta una struttura a base di fosfato, simile al litio ferro fosfato (LiFePO\u2084), che contribuisce alla sua potenziale stabilit\u00e0 e alla lunga durata del ciclo.<\/p>\n<h2><span style=\"font-size: 14pt;\">Prestazioni in batterie:<\/span><\/h2>\n<p>Densit\u00e0 di energia: Il fosfato di litio e nichel ha una capacit\u00e0 teorica relativamente elevata (~200 mAh\/g) e offre una buona densit\u00e0 di energia rispetto ai tradizionali catodi a base di fosfato come LiFePO\u2084. Tuttavia, \u00e8 ancora inferiore ai catodi ricchi di nichel come l&#8217;ossido di litio nichel cobalto manganese (NCM) e l&#8217;ossido di litio nichel (LiNiO\u2082). Tensione: la tensione di esercizio \u00e8 in genere compresa tra 3,4 e 3,7 V, il che la rende adatta per applicazioni ad alta energia. Stabilit\u00e0 e ciclicit\u00e0: il fosfato di litio-nichel (LiNiPO\u2084) mostra una promettente stabilit\u00e0 ciclica, simile ad altri materiali a base di fosfato. Tuttavia, \u00e8 ancora importante ottimizzarne le prestazioni attraverso l&#8217;ingegneria delle particelle e il drogaggio per ottenere una migliore stabilit\u00e0 termica e conduttivit\u00e0. Stabilit\u00e0 termica: il fosfato di litio e nichel (LiNiPO\u2084) ha una migliore stabilit\u00e0 termica rispetto a molti catodi a base di nichel, offrendo alcuni vantaggi in termini di sicurezza, in particolare in caso di temperature elevate o condizioni di abuso. <\/p>\n<h2><span style=\"font-size: 14pt;\">Vantaggi:<\/span><\/h2>\n<p>Conveniente: il nichel \u00e8 generalmente meno costoso e pi\u00f9 abbondante del cobalto, che \u00e8 comunemente usato in altri materiali catodici come NCM o LiNiO\u2082. La ridotta dipendenza dal cobalto pu\u00f2 ridurre i costi dei materiali. Sicurezza: Come altri materiali a base di fosfato, LiNiPO\u2084 tende ad avere una maggiore stabilit\u00e0 e un minor rischio di fuga termica rispetto a materiali come LiCoO\u2082 o anche ad alcuni materiali a base di nichel. Considerazioni ambientali: l&#8217;uso di nichel e fosforo lo rende un&#8217;opzione pi\u00f9 rispettosa dell&#8217;ambiente rispetto ai catodi a base di cobalto, poich\u00e9 l&#8217;estrazione del cobalto ha sollevato notevoli preoccupazioni etiche e ambientali. Buona ritenzione della capacit\u00e0: il litio nichel fosfato (LiNiPO\u2084) offre generalmente una buona ritenzione della capacit\u00e0 per molti cicli di carica\/scarica, simile al litio ferro fosfato, il che lo rende adatto per applicazioni di lunga durata. <\/p>\n","protected":false},"excerpt":{"rendered":"<p>Il fosfato di litio e nichel (LiNiPO\u2084) \u00e8 un materiale catodico relativamente meno conosciuto per le batterie agli ioni di litio. Propriet\u00e0 fisiche: Formula: LiNiPO\u2084. Aspetto: \u00c8 tipicamente una polvere e pu\u00f2 variare di colore dal bianco al grigio chiaro. Cristallinit\u00e0: Il materiale forma spesso una struttura cristallina, necessaria per la sua funzione di materiale [&hellip;]<\/p>\n","protected":false},"featured_media":999019,"comment_status":"open","ping_status":"closed","template":"","meta":{"_acf_changed":false},"product_brand":[],"product_cat":[199],"product_tag":[],"class_list":{"0":"post-1008276","1":"product","2":"type-product","3":"status-publish","4":"has-post-thumbnail","6":"product_cat-materiali-della-batteria","8":"first","9":"instock","10":"shipping-taxable","11":"purchasable","12":"product-type-variable"},"acf":[],"_links":{"self":[{"href":"https:\/\/vimaterial.de\/it\/wp-json\/wp\/v2\/product\/1008276","targetHints":{"allow":["GET"]}}],"collection":[{"href":"https:\/\/vimaterial.de\/it\/wp-json\/wp\/v2\/product"}],"about":[{"href":"https:\/\/vimaterial.de\/it\/wp-json\/wp\/v2\/types\/product"}],"replies":[{"embeddable":true,"href":"https:\/\/vimaterial.de\/it\/wp-json\/wp\/v2\/comments?post=1008276"}],"wp:featuredmedia":[{"embeddable":true,"href":"https:\/\/vimaterial.de\/it\/wp-json\/wp\/v2\/media\/999019"}],"wp:attachment":[{"href":"https:\/\/vimaterial.de\/it\/wp-json\/wp\/v2\/media?parent=1008276"}],"wp:term":[{"taxonomy":"product_brand","embeddable":true,"href":"https:\/\/vimaterial.de\/it\/wp-json\/wp\/v2\/product_brand?post=1008276"},{"taxonomy":"product_cat","embeddable":true,"href":"https:\/\/vimaterial.de\/it\/wp-json\/wp\/v2\/product_cat?post=1008276"},{"taxonomy":"product_tag","embeddable":true,"href":"https:\/\/vimaterial.de\/it\/wp-json\/wp\/v2\/product_tag?post=1008276"}],"curies":[{"name":"wp","href":"https:\/\/api.w.org\/{rel}","templated":true}]}}