{"id":1008267,"date":"2024-06-17T14:01:26","date_gmt":"2024-06-17T06:01:26","guid":{"rendered":"https:\/\/vimaterial.de\/product\/esafluorofosfato-di-litio\/"},"modified":"2024-11-12T09:54:35","modified_gmt":"2024-11-12T01:54:35","slug":"esafluorofosfato-di-litio","status":"publish","type":"product","link":"https:\/\/vimaterial.de\/it\/product\/esafluorofosfato-di-litio\/","title":{"rendered":"Idrossido di litio"},"content":{"rendered":"<p>L&#8217;idrossido di litio \u00e8 un composto inorganico con la formula LiOH. \u00c8 un materiale cristallino igroscopico bianco. \u00c8 solubile in acqua e leggermente solubile in etanolo.<\/p>\n<h2><span style=\"font-size: 14pt;\">Propriet\u00e0 fisiche:<\/span><\/h2>\n<p>Formula chimica: LiOH<\/p>\n<p>Massa molare: 23,95 g\/mol (anidro)\/41,96 g\/mol (monoidrato)<\/p>\n<p>Aspetto: solido bianco igroscopico<\/p>\n<p>Odore: nessuno<\/p>\n<p>Densit\u00e0: 1,46 g\/cm3 (anidro)\/1,51 g\/cm3 (monoidrato)<\/p>\n<p>Punto di fusione: 462 \u00b0C (864 \u00b0F; 735 K)<\/p>\n<p>Punto di ebollizione: 924 \u00b0C (1.695 \u00b0F; 1.197 K) si decompone<\/p>\n<h2><span style=\"font-size: 14pt;\">Applicazioni:<\/span><\/h2>\n<p>Batterie agli ioni di litio: l&#8217;idrossido di litio \u00e8 un precursore preferito per i materiali catodici delle batterie agli ioni di litio, in particolare nelle batterie ad alta densit\u00e0 di energia, in quanto aiuta nella sintesi di catodi ricchi di nichel, come l&#8217;ossido di litio nichel manganese cobalto (NMC) e l&#8217;ossido di litio nichel cobalto alluminio (NCA). Lavaggio dell&#8217;anidride carbonica: l&#8217;idrossido di litio viene utilizzato come scrubber di CO\u2082 in sottomarini, veicoli spaziali e altri ambienti chiusi per purificare l&#8217;aria. Reagisce con la CO\u2082 per formare carbonato di litio, rimuovendo efficacemente la CO\u2082 dall&#8217;atmosfera. Ceramica e vetro: utilizzati nella produzione di ceramica e vetro per migliorare la fusione e migliorare la durata del prodotto. Grassi industriali: l&#8217;idrossido di litio \u00e8 un additivo comune nelle formulazioni di grassi per migliorare la stabilit\u00e0 alle alte temperature, soprattutto nelle applicazioni automobilistiche e industriali. Trattamento dell&#8217;acqua: A causa della sua natura alcalina, viene talvolta utilizzato per regolare il pH nei processi di trattamento delle acque.<\/p>\n<h2><span style=\"font-size: 14pt;\">Sicurezza e maneggevolezza:<\/span><\/h2>\n<p>Corrosivo: pu\u00f2 causare ustioni chimiche sulla pelle o nelle vie respiratorie se inalato. I dispositivi di protezione individuale (DPI) sono necessari durante la manipolazione. Considerazioni ambientali: Sono necessari metodi di smaltimento adeguati per prevenire la contaminazione ambientale a causa della sua elevata alcalinit\u00e0. <\/p>\n","protected":false},"excerpt":{"rendered":"<p>L&#8217;idrossido di litio \u00e8 un composto inorganico con la formula LiOH. \u00c8 un materiale cristallino igroscopico bianco. \u00c8 solubile in acqua e leggermente solubile in etanolo. Propriet\u00e0 fisiche: Formula chimica: LiOH Massa molare: 23,95 g\/mol (anidro)\/41,96 g\/mol (monoidrato) Aspetto: solido bianco igroscopico Odore: nessuno Densit\u00e0: 1,46 g\/cm3 (anidro)\/1,51 g\/cm3 (monoidrato) Punto di fusione: 462 \u00b0C [&hellip;]<\/p>\n","protected":false},"featured_media":999036,"comment_status":"open","ping_status":"closed","template":"","meta":{"_acf_changed":false},"product_brand":[],"product_cat":[205],"product_tag":[],"class_list":{"0":"post-1008267","1":"product","2":"type-product","3":"status-publish","4":"has-post-thumbnail","6":"product_cat-materiali-ossidi-idrossidi","8":"first","9":"instock","10":"shipping-taxable","11":"purchasable","12":"product-type-variable"},"acf":[],"_links":{"self":[{"href":"https:\/\/vimaterial.de\/it\/wp-json\/wp\/v2\/product\/1008267","targetHints":{"allow":["GET"]}}],"collection":[{"href":"https:\/\/vimaterial.de\/it\/wp-json\/wp\/v2\/product"}],"about":[{"href":"https:\/\/vimaterial.de\/it\/wp-json\/wp\/v2\/types\/product"}],"replies":[{"embeddable":true,"href":"https:\/\/vimaterial.de\/it\/wp-json\/wp\/v2\/comments?post=1008267"}],"wp:featuredmedia":[{"embeddable":true,"href":"https:\/\/vimaterial.de\/it\/wp-json\/wp\/v2\/media\/999036"}],"wp:attachment":[{"href":"https:\/\/vimaterial.de\/it\/wp-json\/wp\/v2\/media?parent=1008267"}],"wp:term":[{"taxonomy":"product_brand","embeddable":true,"href":"https:\/\/vimaterial.de\/it\/wp-json\/wp\/v2\/product_brand?post=1008267"},{"taxonomy":"product_cat","embeddable":true,"href":"https:\/\/vimaterial.de\/it\/wp-json\/wp\/v2\/product_cat?post=1008267"},{"taxonomy":"product_tag","embeddable":true,"href":"https:\/\/vimaterial.de\/it\/wp-json\/wp\/v2\/product_tag?post=1008267"}],"curies":[{"name":"wp","href":"https:\/\/api.w.org\/{rel}","templated":true}]}}