{"id":1008264,"date":"2024-06-17T14:01:26","date_gmt":"2024-06-17T06:01:26","guid":{"rendered":"https:\/\/vimaterial.de\/product\/nitrato-di-litio\/"},"modified":"2024-11-12T10:03:45","modified_gmt":"2024-11-12T02:03:45","slug":"nitrato-di-litio","status":"publish","type":"product","link":"https:\/\/vimaterial.de\/it\/product\/nitrato-di-litio\/","title":{"rendered":"Nitrato di litio"},"content":{"rendered":"<p>Il nitrato di litio \u00e8 un composto inorganico con formula LiNO3. \u00c8 il sale di litio dell&#8217;acido nitrico (un nitrato di metallo alcalino). Il sale \u00e8 deliquescente e assorbe acqua per formare la forma idrata, nitrato di litio triidrato. I suoi eutettici sono interessanti per i fluidi termovettori.<\/p>\n<h2><span style=\"font-size: 14pt;\">Propriet\u00e0 fisiche:<\/span><\/h2>\n<p>Formula chimica: LiNO3<\/p>\n<p>Massa molare:68.946 g\/mol<\/p>\n<p>Aspetto: solido da bianco a giallo chiaro<\/p>\n<p>Densit\u00e0: 2,38 g\/cm3<\/p>\n<p>Punto di fusione: 255 \u00b0C (491 \u00b0F; 528 K)<\/p>\n<p>Punto di ebollizione:600 \u00b0C (1,112 \u00b0F; 873 K) (si decompone)<\/p>\n<p>Solubilit\u00e0 in acqua: 52,2 g\/100 mL (20 \u00b0C)\/90 g\/100 mL (28 \u00b0C)\/234 g\/100 mL (100 \u00b0C)<\/p>\n<p>Solubilit\u00e0: solubile in etanolo, metanolo, piridina, ammoniaca, acetone<\/p>\n<p>Suscettibilit\u00e0 magnetica (\u03c7):\u221262,0\u00b710\u22126 cm3\/mol (+3 H2O)<\/p>\n<p>Indice di rifrazione (nD):1.735<\/p>\n<h2><span style=\"font-size: 14pt;\">Applicazioni:<\/span><\/h2>\n<p>Sale per il trasferimento di calore: il nitrato di litio viene utilizzato nelle miscele di sali fusi, in particolare nei sistemi di accumulo di energia solare termica, grazie alla sua elevata stabilit\u00e0 termica ed efficienza di trasferimento del calore. Metallurgia: Applicata nei processi di trattamento termico per temprare l&#8217;acciaio e altri metalli migliorando l&#8217;ossidazione. Accumulo di energia: utilizzato nelle formulazioni di elettroliti nelle batterie agli ioni di litio e in altri dispositivi elettrochimici. Fuochi d&#8217;artificio e fuochi d&#8217;artificio: a causa delle sue propriet\u00e0 ossidanti, il nitrato di litio viene talvolta utilizzato nei fuochi d&#8217;artificio per produrre una fiamma rossa. Deumidificazione: Grazie alla sua natura igroscopica, pu\u00f2 essere utilizzato come agente essiccante in applicazioni di condizionamento e deumidificazione dell&#8217;aria.<\/p>\n","protected":false},"excerpt":{"rendered":"<p>Il nitrato di litio \u00e8 un composto inorganico con formula LiNO3. \u00c8 il sale di litio dell&#8217;acido nitrico (un nitrato di metallo alcalino). Il sale \u00e8 deliquescente e assorbe acqua per formare la forma idrata, nitrato di litio triidrato. I suoi eutettici sono interessanti per i fluidi termovettori. Propriet\u00e0 fisiche: Formula chimica: LiNO3 Massa molare:68.946 [&hellip;]<\/p>\n","protected":false},"featured_media":999029,"comment_status":"open","ping_status":"closed","template":"","meta":{"_acf_changed":false},"product_brand":[],"product_cat":[206],"product_tag":[],"class_list":{"0":"post-1008264","1":"product","2":"type-product","3":"status-publish","4":"has-post-thumbnail","6":"product_cat-altri-materiali","8":"first","9":"instock","10":"shipping-taxable","11":"product-type-variable"},"acf":[],"_links":{"self":[{"href":"https:\/\/vimaterial.de\/it\/wp-json\/wp\/v2\/product\/1008264","targetHints":{"allow":["GET"]}}],"collection":[{"href":"https:\/\/vimaterial.de\/it\/wp-json\/wp\/v2\/product"}],"about":[{"href":"https:\/\/vimaterial.de\/it\/wp-json\/wp\/v2\/types\/product"}],"replies":[{"embeddable":true,"href":"https:\/\/vimaterial.de\/it\/wp-json\/wp\/v2\/comments?post=1008264"}],"wp:featuredmedia":[{"embeddable":true,"href":"https:\/\/vimaterial.de\/it\/wp-json\/wp\/v2\/media\/999029"}],"wp:attachment":[{"href":"https:\/\/vimaterial.de\/it\/wp-json\/wp\/v2\/media?parent=1008264"}],"wp:term":[{"taxonomy":"product_brand","embeddable":true,"href":"https:\/\/vimaterial.de\/it\/wp-json\/wp\/v2\/product_brand?post=1008264"},{"taxonomy":"product_cat","embeddable":true,"href":"https:\/\/vimaterial.de\/it\/wp-json\/wp\/v2\/product_cat?post=1008264"},{"taxonomy":"product_tag","embeddable":true,"href":"https:\/\/vimaterial.de\/it\/wp-json\/wp\/v2\/product_tag?post=1008264"}],"curies":[{"name":"wp","href":"https:\/\/api.w.org\/{rel}","templated":true}]}}