{"id":1008253,"date":"2024-06-17T14:01:26","date_gmt":"2024-06-17T06:01:26","guid":{"rendered":"https:\/\/vimaterial.de\/product\/idrossido-di-litio-monoidrato\/"},"modified":"2024-11-12T10:00:28","modified_gmt":"2024-11-12T02:00:28","slug":"idrossido-di-litio-monoidrato","status":"publish","type":"product","link":"https:\/\/vimaterial.de\/it\/product\/idrossido-di-litio-monoidrato\/","title":{"rendered":"Idrossido di litio monoidrato"},"content":{"rendered":"<p>L&#8217;idrossido di litio monoidrato (LiOH\u00b7 H\u2082O) \u00e8 la forma idrata dell&#8217;idrossido di litio, contenente una molecola d&#8217;acqua per unit\u00e0 di idrossido di litio. Questo composto condivide molte propriet\u00e0 con l&#8217;idrossido di litio anidro, ma \u00e8 pi\u00f9 stabile in stoccaggio a causa della molecola d&#8217;acqua legata. <\/p>\n<h2><span style=\"font-size: 14pt;\">Propriet\u00e0 fisiche:<\/span><\/h2>\n<p>Formula chimica:LiOH\u00b7 H2O<\/p>\n<p>Massa molare: 41,9636 g\u00b7mol-1<\/p>\n<p>Aspetto: polvere cristallina bianca<\/p>\n<p>Densit\u00e0: 1,46 g \/ cm3<\/p>\n<p>Punto di fusione: 462 \u00b0C<\/p>\n<p>Punto di ebollizione: 924 \u00b0C<\/p>\n<p>Solubilit\u00e0 in acqua:Solubile in acqua<\/p>\n<h2><span style=\"font-size: 14pt;\">Applicazioni:<\/span><\/h2>\n<p>1.It viene utilizzato principalmente come materia prima per la produzione di composti di litio. Pu\u00f2 anche essere utilizzato in metallurgia, petrolio, vetro, ceramica e altre industrie;<\/p>\n<p>2. L&#8217;idrossido di litio viene utilizzato principalmente nella preparazione di materiali catodici per batterie agli ioni di litio.<\/p>\n<p>3. Sviluppatore fotografico, preparazione del sale di litio, produzione di alcol in resina, catalizzatore. Reagenti per la decomposizione di ossidi e silicati;<\/p>\n<p>4. Utilizzato come reagente analitico, sviluppatore fotografico e anche nella produzione di litio.<\/p>\n<h2><span style=\"font-size: 14pt;\">Vantaggi:<\/span><\/h2>\n<p>Produzione ad alta purezza: i gradi ad alta purezza di idrossido di litio monoidrato sono disponibili per l&#8217;uso in applicazioni critiche, in particolare nella produzione di batterie, dove i contaminanti possono influire sulle prestazioni. Meno igroscopico: essendo meno igroscopico della sua controparte anidra, l&#8217;idrossido di litio monoidrato \u00e8 pi\u00f9 facile da maneggiare e conservare. Assorbimento di CO\u2082: la sua capacit\u00e0 di catturare la CO\u2082 lo rende utile per le applicazioni in cui \u00e8 richiesta la rimozione di CO\u2082, soprattutto in spazi ristretti.<\/p>\n<h2><span style=\"font-size: 14pt;\">Sicurezza e maneggevolezza:<\/span><\/h2>\n<p>Corrosivo: l&#8217;idrossido di litio monoidrato \u00e8 altamente corrosivo e pu\u00f2 causare ustioni chimiche. I dispositivi di protezione (guanti, protezione per gli occhi e respiratori) sono essenziali per una manipolazione sicura. Conservazione: Deve essere conservato in un luogo fresco e asciutto, lontano da acidi e materiali incompatibili per evitare reazioni indesiderate. <\/p>\n","protected":false},"excerpt":{"rendered":"<p>L&#8217;idrossido di litio monoidrato (LiOH\u00b7 H\u2082O) \u00e8 la forma idrata dell&#8217;idrossido di litio, contenente una molecola d&#8217;acqua per unit\u00e0 di idrossido di litio. Questo composto condivide molte propriet\u00e0 con l&#8217;idrossido di litio anidro, ma \u00e8 pi\u00f9 stabile in stoccaggio a causa della molecola d&#8217;acqua legata. Propriet\u00e0 fisiche: Formula chimica:LiOH\u00b7 H2O Massa molare: 41,9636 g\u00b7mol-1 Aspetto: [&hellip;]<\/p>\n","protected":false},"featured_media":999036,"comment_status":"open","ping_status":"closed","template":"","meta":{"_acf_changed":false},"product_brand":[],"product_cat":[205],"product_tag":[],"class_list":{"0":"post-1008253","1":"product","2":"type-product","3":"status-publish","4":"has-post-thumbnail","6":"product_cat-materiali-ossidi-idrossidi","8":"first","9":"instock","10":"shipping-taxable","11":"purchasable","12":"product-type-variable"},"acf":[],"_links":{"self":[{"href":"https:\/\/vimaterial.de\/it\/wp-json\/wp\/v2\/product\/1008253","targetHints":{"allow":["GET"]}}],"collection":[{"href":"https:\/\/vimaterial.de\/it\/wp-json\/wp\/v2\/product"}],"about":[{"href":"https:\/\/vimaterial.de\/it\/wp-json\/wp\/v2\/types\/product"}],"replies":[{"embeddable":true,"href":"https:\/\/vimaterial.de\/it\/wp-json\/wp\/v2\/comments?post=1008253"}],"wp:featuredmedia":[{"embeddable":true,"href":"https:\/\/vimaterial.de\/it\/wp-json\/wp\/v2\/media\/999036"}],"wp:attachment":[{"href":"https:\/\/vimaterial.de\/it\/wp-json\/wp\/v2\/media?parent=1008253"}],"wp:term":[{"taxonomy":"product_brand","embeddable":true,"href":"https:\/\/vimaterial.de\/it\/wp-json\/wp\/v2\/product_brand?post=1008253"},{"taxonomy":"product_cat","embeddable":true,"href":"https:\/\/vimaterial.de\/it\/wp-json\/wp\/v2\/product_cat?post=1008253"},{"taxonomy":"product_tag","embeddable":true,"href":"https:\/\/vimaterial.de\/it\/wp-json\/wp\/v2\/product_tag?post=1008253"}],"curies":[{"name":"wp","href":"https:\/\/api.w.org\/{rel}","templated":true}]}}