{"id":1008236,"date":"2024-06-17T14:01:30","date_gmt":"2024-06-17T06:01:30","guid":{"rendered":"https:\/\/vimaterial.de\/product\/tantalato-di-litio\/"},"modified":"2024-11-12T10:36:51","modified_gmt":"2024-11-12T02:36:51","slug":"tantalato-di-litio","status":"publish","type":"product","link":"https:\/\/vimaterial.de\/it\/product\/tantalato-di-litio\/","title":{"rendered":"Litio tantalato"},"content":{"rendered":"<p>Il tantalato di litio (LiTaO\u2083) \u00e8 un materiale sintetico cristallino con eccezionali propriet\u00e0 piezoelettriche, ferroelettriche ed elettro-ottiche, che lo rendono prezioso nelle applicazioni high-tech. Questo materiale \u00e8 comunemente usato nelle telecomunicazioni, nell&#8217;ottica e nell&#8217;elettronica grazie alla sua capacit\u00e0 di convertire in modo efficiente i segnali elettrici in vibrazioni meccaniche e di manipolare la luce con precisione. <\/p>\n<h2><span style=\"font-size: 14pt;\">Propriet\u00e0 fisiche:<\/span><\/h2>\n<p>Formula chimica: LiTaO3<\/p>\n<p>Aspetto: materiale cristallino da chiaro a grigio o marrone chiaro.<\/p>\n<p>Massa molare: 235,887 g\/mol<\/p>\n<p>Densit\u00e0: 7,46 g\/cm3, solido<\/p>\n<p>Punto di fusione: 1.650 \u00b0C (3.000 \u00b0F; 1.920 K)<\/p>\n<p>Solubilit\u00e0 in acqua:Insolubile in acqua<\/p>\n<p>Struttura: Cristallizza in una struttura esagonale (trigonale) e ha un reticolo cristallino stabile con ioni altamente ordinati, che contribuisce alle sue propriet\u00e0 uniche. Propriet\u00e0 piezoelettriche: il tantalato di litio \u00e8 noto per un alto coefficiente piezoelettrico, pu\u00f2 convertire l&#8217;energia elettrica in vibrazioni meccaniche e viceversa. Propriet\u00e0 elettro-ottiche: Presenta significativi effetti elettro-ottici, in cui un campo elettrico pu\u00f2 alterare le sue propriet\u00e0 ottiche, rendendolo ideale per il controllo della luce.<\/p>\n<h2><span style=\"font-size: 14pt;\">Applicazioni:<\/span><\/h2>\n<p>Dispositivi a onde acustiche di superficie (SAW): comunemente utilizzati nelle telecomunicazioni per i filtri SAW, che sono fondamentali nella comunicazione wireless, in particolare nei telefoni cellulari, nei GPS e nei ricevitori televisivi. Sensori e attuatori piezoelettrici: utilizzati in sensori e attuatori precisi, in particolare nel settore aerospaziale, nei dispositivi medici e nelle applicazioni di rilevamento industriale. Modulatori elettro-ottici: impiegati in modulatori ottici e interruttori per controllare la luce nei sistemi di comunicazione in fibra ottica e nelle tecnologie laser. Ottica non lineare: le propriet\u00e0 ottiche non lineari del tantalato di litio lo rendono adatto per il raddoppio di frequenza e altri processi ottici nelle applicazioni laser. Memoria e condensatori: Utilizzato nelle tecnologie di memoria ferroelettrica e condensatori grazie alle sue propriet\u00e0 ferroelettriche.<\/p>\n","protected":false},"excerpt":{"rendered":"<p>Il tantalato di litio (LiTaO\u2083) \u00e8 un materiale sintetico cristallino con eccezionali propriet\u00e0 piezoelettriche, ferroelettriche ed elettro-ottiche, che lo rendono prezioso nelle applicazioni high-tech. Questo materiale \u00e8 comunemente usato nelle telecomunicazioni, nell&#8217;ottica e nell&#8217;elettronica grazie alla sua capacit\u00e0 di convertire in modo efficiente i segnali elettrici in vibrazioni meccaniche e di manipolare la luce con [&hellip;]<\/p>\n","protected":false},"featured_media":999052,"comment_status":"open","ping_status":"closed","template":"","meta":{"_acf_changed":false},"product_brand":[],"product_cat":[199],"product_tag":[],"class_list":{"0":"post-1008236","1":"product","2":"type-product","3":"status-publish","4":"has-post-thumbnail","6":"product_cat-materiali-della-batteria","8":"first","9":"instock","10":"shipping-taxable","11":"purchasable","12":"product-type-variable"},"acf":[],"_links":{"self":[{"href":"https:\/\/vimaterial.de\/it\/wp-json\/wp\/v2\/product\/1008236","targetHints":{"allow":["GET"]}}],"collection":[{"href":"https:\/\/vimaterial.de\/it\/wp-json\/wp\/v2\/product"}],"about":[{"href":"https:\/\/vimaterial.de\/it\/wp-json\/wp\/v2\/types\/product"}],"replies":[{"embeddable":true,"href":"https:\/\/vimaterial.de\/it\/wp-json\/wp\/v2\/comments?post=1008236"}],"wp:featuredmedia":[{"embeddable":true,"href":"https:\/\/vimaterial.de\/it\/wp-json\/wp\/v2\/media\/999052"}],"wp:attachment":[{"href":"https:\/\/vimaterial.de\/it\/wp-json\/wp\/v2\/media?parent=1008236"}],"wp:term":[{"taxonomy":"product_brand","embeddable":true,"href":"https:\/\/vimaterial.de\/it\/wp-json\/wp\/v2\/product_brand?post=1008236"},{"taxonomy":"product_cat","embeddable":true,"href":"https:\/\/vimaterial.de\/it\/wp-json\/wp\/v2\/product_cat?post=1008236"},{"taxonomy":"product_tag","embeddable":true,"href":"https:\/\/vimaterial.de\/it\/wp-json\/wp\/v2\/product_tag?post=1008236"}],"curies":[{"name":"wp","href":"https:\/\/api.w.org\/{rel}","templated":true}]}}