{"id":1008180,"date":"2024-06-17T13:46:24","date_gmt":"2024-06-17T05:46:24","guid":{"rendered":"https:\/\/vimaterial.de\/product\/lega-di-alluminio-e-cromo-3\/"},"modified":"2024-10-21T16:35:27","modified_gmt":"2024-10-21T08:35:27","slug":"lega-di-alluminio-e-cromo-3","status":"publish","type":"product","link":"https:\/\/vimaterial.de\/it\/product\/lega-di-alluminio-e-cromo-3\/","title":{"rendered":"Lega di alluminio e cromo"},"content":{"rendered":"<p>La lega di alluminio e cromo \u00e8 un materiale che combina alluminio (Al) e cromo (Cr), tipicamente progettato per migliorare le propriet\u00e0 dell&#8217;alluminio, noto per la sua leggerezza e resistenza alla corrosione. L&#8217;aggiunta di cromo introduce una maggiore resistenza, resistenza all&#8217;usura e resistenza al calore, rendendo la lega adatta per applicazioni pi\u00f9 impegnative.<\/p>\n<p>&nbsp;<\/p>\n<h2><span style=\"font-size: 14pt;\">Lega di alluminio cromo Composizione:<\/span><\/h2>\n<ul>\n<li>Alluminio (Al): come metallo di base, l&#8217;alluminio fornisce alla lega una bassa densit\u00e0, un&#8217;eccellente resistenza alla corrosione e una buona conduttivit\u00e0 elettrica e termica.<\/li>\n<li>Cromo (Cr): il cromo contribuisce a migliorare la resistenza, la durezza, la resistenza all&#8217;usura e in particolare la resistenza all&#8217;ossidazione a temperature elevate.<\/li>\n<\/ul>\n<h2><span style=\"font-size: 14pt;\">Caratteristiche della lega di alluminio e cromo:<\/span><\/h2>\n<ol>\n<li>Resistenza alla corrosione: l&#8217;alluminio resiste intrinsecamente alla corrosione, ma la presenza di cromo migliora la sua capacit\u00e0 di resistere all&#8217;ossidazione, soprattutto ad alte temperature. Ci\u00f2 rende la lega pi\u00f9 adatta per ambienti in cui il calore e l&#8217;ossidazione sono problematici.<\/li>\n<li>Elevata resistenza e durezza: il cromo aggiunge resistenza e durezza significative alla lega, rendendola pi\u00f9 durevole sotto stress meccanico e migliorandone la resistenza all&#8217;usura.<\/li>\n<li>Resistenza al calore: il cromo aiuta la lega a mantenere l&#8217;integrit\u00e0 strutturale e a resistere alla degradazione a temperature pi\u00f9 elevate, che \u00e8 essenziale nei processi industriali ad alta temperatura.<\/li>\n<li>Peso leggero: A causa della presenza dominante di alluminio, la lega rimane relativamente leggera, un fattore critico nelle applicazioni in cui la riduzione della massa \u00e8 importante, come nell&#8217;industria aerospaziale e automobilistica.<\/li>\n<li>Conducibilit\u00e0 elettrica e termica: sebbene l&#8217;aggiunta di cromo possa ridurre la conduttivit\u00e0 rispetto all&#8217;alluminio puro, la lega mantiene comunque livelli moderati di conducibilit\u00e0 elettrica e termica, rendendola utile in applicazioni che richiedono prestazioni termiche o elettriche controllate.<\/li>\n<\/ol>\n<h2><span style=\"font-size: 14pt;\">Lega di alluminio cromo Applicazioni:<\/span><\/h2>\n<ul style=\"list-style-type: square;\">\n<li>Aerospaziale e automobilistico: la combinazione di propriet\u00e0 di leggerezza, resistenza e resistenza al calore rende la lega preziosa per i componenti di motori, sistemi di scarico e parti strutturali.<\/li>\n<li>Componenti ad alta temperatura: la resistenza al calore e all&#8217;ossidazione della lega \u00e8 vantaggiosa nelle applicazioni industriali che coinvolgono alte temperature, come componenti di forni, scambiatori di calore e parti di turbine.<\/li>\n<li>Parti resistenti all&#8217;usura: Grazie alla sua durezza e durata, le leghe di alluminio e cromo vengono utilizzate in componenti esposti ad attrito e usura, come utensili da taglio o parti di macchine.<\/li>\n<li>Rivestimenti protettivi: la resistenza del cromo alla corrosione e al calore rende questa lega adatta per rivestimenti superficiali che proteggono i materiali in ambienti difficili.<\/li>\n<\/ul>\n","protected":false},"excerpt":{"rendered":"<p>La lega di alluminio e cromo \u00e8 un materiale che combina alluminio (Al) e cromo (Cr), tipicamente progettato per migliorare le propriet\u00e0 dell&#8217;alluminio, noto per la sua leggerezza e resistenza alla corrosione. L&#8217;aggiunta di cromo introduce una maggiore resistenza, resistenza all&#8217;usura e resistenza al calore, rendendo la lega adatta per applicazioni pi\u00f9 impegnative. &nbsp; Lega [&hellip;]<\/p>\n","protected":false},"featured_media":998090,"comment_status":"open","ping_status":"closed","template":"","meta":{"_acf_changed":false},"product_brand":[],"product_cat":[198],"product_tag":[],"class_list":{"0":"post-1008180","1":"product","2":"type-product","3":"status-publish","4":"has-post-thumbnail","6":"product_cat-materiali-per-levaporazione","8":"first","9":"instock","10":"shipping-taxable","11":"product-type-variable"},"acf":[],"_links":{"self":[{"href":"https:\/\/vimaterial.de\/it\/wp-json\/wp\/v2\/product\/1008180","targetHints":{"allow":["GET"]}}],"collection":[{"href":"https:\/\/vimaterial.de\/it\/wp-json\/wp\/v2\/product"}],"about":[{"href":"https:\/\/vimaterial.de\/it\/wp-json\/wp\/v2\/types\/product"}],"replies":[{"embeddable":true,"href":"https:\/\/vimaterial.de\/it\/wp-json\/wp\/v2\/comments?post=1008180"}],"wp:featuredmedia":[{"embeddable":true,"href":"https:\/\/vimaterial.de\/it\/wp-json\/wp\/v2\/media\/998090"}],"wp:attachment":[{"href":"https:\/\/vimaterial.de\/it\/wp-json\/wp\/v2\/media?parent=1008180"}],"wp:term":[{"taxonomy":"product_brand","embeddable":true,"href":"https:\/\/vimaterial.de\/it\/wp-json\/wp\/v2\/product_brand?post=1008180"},{"taxonomy":"product_cat","embeddable":true,"href":"https:\/\/vimaterial.de\/it\/wp-json\/wp\/v2\/product_cat?post=1008180"},{"taxonomy":"product_tag","embeddable":true,"href":"https:\/\/vimaterial.de\/it\/wp-json\/wp\/v2\/product_tag?post=1008180"}],"curies":[{"name":"wp","href":"https:\/\/api.w.org\/{rel}","templated":true}]}}