{"id":1007975,"date":"2024-06-17T13:48:18","date_gmt":"2024-06-17T05:48:18","guid":{"rendered":"https:\/\/vimaterial.de\/product\/lega-di-alluminio-e-molibdeno\/"},"modified":"2024-10-25T14:21:40","modified_gmt":"2024-10-25T06:21:40","slug":"lega-di-alluminio-e-molibdeno","status":"publish","type":"product","link":"https:\/\/vimaterial.de\/it\/product\/lega-di-alluminio-e-molibdeno\/","title":{"rendered":"Lega di alluminio molibdeno"},"content":{"rendered":"<p>Il bersaglio in lega di alluminio e molibdeno \u00e8 un materiale utilizzato nel processo di sputtering per depositare film sottili di alluminio (Al) e molibdeno (Mo) sui substrati. Lo sputtering \u00e8 una tecnica in cui gli ioni (tipicamente provenienti da un plasma) vengono utilizzati per bombardare il bersaglio, provocando l&#8217;espulsione degli atomi e la formazione di un film sottile sulla superficie di un substrato. La combinazione di alluminio e molibdeno in questi bersagli si traduce in un materiale con propriet\u00e0 meccaniche, termiche ed elettriche uniche, che lo rendono utile per un&#8217;ampia gamma di applicazioni industriali e tecnologiche.<\/p>\n<p>&nbsp;<\/p>\n<h2><span style=\"font-size: 14pt;\">Caratteristiche:<\/span><\/h2>\n<p>Composizione: I bersagli in lega di alluminio e molibdeno sono tipicamente costituiti da rapporti variabili di alluminio e molibdeno, a seconda delle propriet\u00e0 desiderate del film sottile depositato. Il molibdeno viene generalmente utilizzato per migliorare la resistenza, la resistenza alla temperatura e le propriet\u00e0 elettriche della lega.<\/p>\n<p>Elevata resistenza e durata: il molibdeno contribuisce in modo significativo alla resistenza e alla durezza della lega, rendendo i film sottili depositati resistenti all&#8217;usura, alle sollecitazioni meccaniche e alla deformazione. Questo rende i film di alluminio e molibdeno ideali per ambienti difficili.<\/p>\n<p>Stabilit\u00e0 termica: il molibdeno ha un alto punto di fusione e un&#8217;eccellente stabilit\u00e0 termica, il che significa che i film in lega di alluminio e molibdeno possono resistere alle alte temperature senza degradarsi. Questo li rende adatti per applicazioni in ambienti ad alta temperatura.<\/p>\n<p>Buona conduttivit\u00e0 elettrica: la conduttivit\u00e0 elettrica intrinseca dell&#8217;alluminio, combinata con le migliori propriet\u00e0 meccaniche fornite dal molibdeno, rende questa lega utile nelle applicazioni che richiedono film conduttivi. La presenza di molibdeno migliora anche la stabilit\u00e0 delle propriet\u00e0 elettriche a temperature pi\u00f9 elevate.<\/p>\n<p>Resistenza alla corrosione: sia l&#8217;alluminio che il molibdeno offrono una buona resistenza alla corrosione. L&#8217;alluminio, in particolare, forma uno strato protettivo di ossido, mentre il molibdeno contribuisce alla resistenza della lega all&#8217;ossidazione e alla degradazione in ambienti difficili.<\/p>\n<p>Microstruttura controllata: la microstruttura dei film sottili depositati pu\u00f2 essere controllata attraverso il processo di sputtering e la composizione della lega. Ci\u00f2 consente una precisa personalizzazione delle propriet\u00e0 del film per applicazioni specifiche, come il miglioramento della durezza o l&#8217;ottimizzazione delle caratteristiche elettriche.<\/p>\n<p>&nbsp;<\/p>\n<h2><span style=\"font-size: 14pt;\">Applicazioni:<\/span><\/h2>\n<p>Produzione di semiconduttori: i bersagli sputtering in lega di alluminio e molibdeno sono utilizzati nella produzione di film sottili per dispositivi a semiconduttore, inclusi transistor, condensatori e circuiti integrati. Le propriet\u00e0 elettriche della lega la rendono ideale per strati conduttivi e interconnessioni.<\/p>\n<p>Transistor a film sottile (TFT): la combinazione della conduttivit\u00e0 dell&#8217;alluminio e della stabilit\u00e0 termica del molibdeno rende questa lega adatta per transistor a film sottile, comunemente utilizzati nei display a schermo piatto come LCD e OLED.<\/p>\n<p>Celle solari: i film sottili di alluminio molibdeno sono impiegati nella fabbricazione di celle solari, dove agiscono come uno strato conduttivo che aiuta nel trasferimento efficiente dell&#8217;energia elettrica generata dalla luce solare.<\/p>\n<p>Aerospaziale e automobilistico: l&#8217;elevata resistenza, stabilit\u00e0 termica e resistenza alla corrosione dei film in lega di alluminio e molibdeno li rendono adatti per l&#8217;uso in componenti aerospaziali e automobilistici, in particolare quelli esposti a temperature elevate e sollecitazioni meccaniche.<\/p>\n<p>Rivestimenti protettivi: la durata e la resistenza alla corrosione della lega la rendono adatta per rivestimenti protettivi su una variet\u00e0 di superfici, inclusi macchinari industriali, strumenti e dispositivi elettronici.<\/p>\n<p>Microelettronica: i target in lega di alluminio e molibdeno vengono utilizzati per depositare film sottili per applicazioni microelettroniche, come connettori e strati di incollaggio, dove l&#8217;elevata conduttivit\u00e0 elettrica e la durata sono essenziali.<\/p>\n<p>&nbsp;<\/p>\n","protected":false},"excerpt":{"rendered":"<p>Il bersaglio in lega di alluminio e molibdeno \u00e8 un materiale utilizzato nel processo di sputtering per depositare film sottili di alluminio (Al) e molibdeno (Mo) sui substrati. Lo sputtering \u00e8 una tecnica in cui gli ioni (tipicamente provenienti da un plasma) vengono utilizzati per bombardare il bersaglio, provocando l&#8217;espulsione degli atomi e la formazione [&hellip;]<\/p>\n","protected":false},"featured_media":998214,"comment_status":"open","ping_status":"closed","template":"","meta":{"_acf_changed":false},"product_brand":[],"product_cat":[197],"product_tag":[],"class_list":{"0":"post-1007975","1":"product","2":"type-product","3":"status-publish","4":"has-post-thumbnail","6":"product_cat-obiettivi-di-sputtering-planari","8":"first","9":"instock","10":"shipping-taxable","11":"purchasable","12":"product-type-variable"},"acf":[],"_links":{"self":[{"href":"https:\/\/vimaterial.de\/it\/wp-json\/wp\/v2\/product\/1007975","targetHints":{"allow":["GET"]}}],"collection":[{"href":"https:\/\/vimaterial.de\/it\/wp-json\/wp\/v2\/product"}],"about":[{"href":"https:\/\/vimaterial.de\/it\/wp-json\/wp\/v2\/types\/product"}],"replies":[{"embeddable":true,"href":"https:\/\/vimaterial.de\/it\/wp-json\/wp\/v2\/comments?post=1007975"}],"wp:featuredmedia":[{"embeddable":true,"href":"https:\/\/vimaterial.de\/it\/wp-json\/wp\/v2\/media\/998214"}],"wp:attachment":[{"href":"https:\/\/vimaterial.de\/it\/wp-json\/wp\/v2\/media?parent=1007975"}],"wp:term":[{"taxonomy":"product_brand","embeddable":true,"href":"https:\/\/vimaterial.de\/it\/wp-json\/wp\/v2\/product_brand?post=1007975"},{"taxonomy":"product_cat","embeddable":true,"href":"https:\/\/vimaterial.de\/it\/wp-json\/wp\/v2\/product_cat?post=1007975"},{"taxonomy":"product_tag","embeddable":true,"href":"https:\/\/vimaterial.de\/it\/wp-json\/wp\/v2\/product_tag?post=1007975"}],"curies":[{"name":"wp","href":"https:\/\/api.w.org\/{rel}","templated":true}]}}