{"id":1007842,"date":"2024-06-17T13:49:26","date_gmt":"2024-06-17T05:49:26","guid":{"rendered":"https:\/\/vimaterial.de\/product\/lega-alluminio-stagno-rame\/"},"modified":"2024-11-05T15:38:48","modified_gmt":"2024-11-05T07:38:48","slug":"lega-alluminio-stagno-rame","status":"publish","type":"product","link":"https:\/\/vimaterial.de\/it\/product\/lega-alluminio-stagno-rame\/","title":{"rendered":"Lega di alluminio stagno e rame"},"content":{"rendered":"<p>Un bersaglio in lega di alluminio stagno e rame (Al-Sn-Cu) \u00e8 una lega specializzata composta da alluminio (Al), stagno (Sn) e rame (Cu), comunemente utilizzata nei processi di deposizione di film sottili come lo sputtering o l&#8217;evaporazione. Questa lega combina le propriet\u00e0 di ciascun metallo per fornire un equilibrio tra leggerezza, resistenza all&#8217;usura e stabilit\u00e0 termica, rendendola adatta a varie applicazioni, soprattutto nei settori dell&#8217;elettronica e dell&#8217;automotive. <\/p>\n<p>&nbsp;<\/p>\n<h3>Caratteristiche dei bersagli in lega di alluminio stagno e rame:<\/h3>\n<p><strong>Composizione:<\/strong> I bersagli di alluminio stagno Il rame contiene in genere proporzioni variabili dei tre elementi, con l&#8217;alluminio che spesso funge da metallo di base. Lo stagno fornisce propriet\u00e0 lubrificanti, mentre il rame contribuisce alla resistenza, alla durezza e alla conduttivit\u00e0 termica. Le composizioni comuni variano a seconda dei requisiti dell&#8217;applicazione, ma spesso coinvolgono una percentuale maggiore di alluminio. <strong>Purezza:<\/strong> I bersagli di alluminio stagno ad alta purezza, generalmente con purezze del 99,9% o superiori, sono preferiti nell&#8217;elettronica e in altre applicazioni che richiedono una contaminazione minima per garantire una formazione di film di alta qualit\u00e0 e priva di difetti. <strong>Struttura e microstruttura:<\/strong> I bersagli in lega di alluminio stagno e rame sono realizzati per essere densi e avere una struttura uniforme a grana fine, essenziale per una deposizione costante del materiale. Una microstruttura omogenea \u00e8 particolarmente importante per applicazioni di film sottili lisci e uniformi.  <\/p>\n<p>&nbsp;<\/p>\n<h3>Propriet\u00e0 fisiche e meccaniche:<\/h3>\n<p><strong>Densit\u00e0:<\/strong> La densit\u00e0 della lega di alluminio stagno e rame \u00e8 influenzata dalle proporzioni di ciascun metallo, ma la lega mantiene in genere un profilo leggero, soprattutto quando l&#8217;alluminio \u00e8 il componente principale. <strong>Conducibilit\u00e0 termica:<\/strong> La presenza di rame migliora significativamente la conduttivit\u00e0 termica, favorendo la dissipazione del calore, che \u00e8 preziosa nelle applicazioni elettroniche e automobilistiche. <strong>Untuosit\u00e0:<\/strong> Lo stagno conferisce propriet\u00e0 autolubrificanti alla lega, riducendo l&#8217;attrito nei componenti che subiscono un movimento di scorrimento o rotatorio.<br \/>\nResistenza all&#8217;usura: la combinazione di rame e stagno migliora la resistenza all&#8217;usura della lega, rendendola adatta per superfici soggette ad attrito.<\/p>\n<p>&nbsp;<\/p>\n<h3>Applicazioni:<\/h3>\n<p>I target in lega Al-Sn-Cu sono utilizzati in diversi settori, tra cui: <strong>Elettronica:<\/strong> per la creazione di film sottili in circuiti stampati, condensatori e altri componenti in cui sono necessarie gestione termica e stabilit\u00e0. <strong>Automotive:<\/strong> in cuscinetti, boccole e altri componenti del motore dove la resistenza all&#8217;usura e la lubrificazione sono fondamentali. <strong>Aerospaziale:<\/strong> in rivestimenti leggeri e resistenti all&#8217;usura che devono anche resistere a elevate sollecitazioni termiche e meccaniche. <strong>Rivestimenti industriali:<\/strong> dove vengono utilizzati film sottili di alluminio stagno rame per migliorare la durata della superficie e ridurre l&#8217;usura.<\/p>\n<p>&nbsp;<\/p>\n","protected":false},"excerpt":{"rendered":"<p>Un bersaglio in lega di alluminio stagno e rame (Al-Sn-Cu) \u00e8 una lega specializzata composta da alluminio (Al), stagno (Sn) e rame (Cu), comunemente utilizzata nei processi di deposizione di film sottili come lo sputtering o l&#8217;evaporazione. Questa lega combina le propriet\u00e0 di ciascun metallo per fornire un equilibrio tra leggerezza, resistenza all&#8217;usura e stabilit\u00e0 [&hellip;]<\/p>\n","protected":false},"featured_media":1031167,"comment_status":"open","ping_status":"closed","template":"","meta":{"_acf_changed":false},"product_brand":[],"product_cat":[197],"product_tag":[],"class_list":{"0":"post-1007842","1":"product","2":"type-product","3":"status-publish","4":"has-post-thumbnail","6":"product_cat-obiettivi-di-sputtering-planari","8":"first","9":"instock","10":"shipping-taxable","11":"product-type-variable"},"acf":[],"_links":{"self":[{"href":"https:\/\/vimaterial.de\/it\/wp-json\/wp\/v2\/product\/1007842","targetHints":{"allow":["GET"]}}],"collection":[{"href":"https:\/\/vimaterial.de\/it\/wp-json\/wp\/v2\/product"}],"about":[{"href":"https:\/\/vimaterial.de\/it\/wp-json\/wp\/v2\/types\/product"}],"replies":[{"embeddable":true,"href":"https:\/\/vimaterial.de\/it\/wp-json\/wp\/v2\/comments?post=1007842"}],"wp:featuredmedia":[{"embeddable":true,"href":"https:\/\/vimaterial.de\/it\/wp-json\/wp\/v2\/media\/1031167"}],"wp:attachment":[{"href":"https:\/\/vimaterial.de\/it\/wp-json\/wp\/v2\/media?parent=1007842"}],"wp:term":[{"taxonomy":"product_brand","embeddable":true,"href":"https:\/\/vimaterial.de\/it\/wp-json\/wp\/v2\/product_brand?post=1007842"},{"taxonomy":"product_cat","embeddable":true,"href":"https:\/\/vimaterial.de\/it\/wp-json\/wp\/v2\/product_cat?post=1007842"},{"taxonomy":"product_tag","embeddable":true,"href":"https:\/\/vimaterial.de\/it\/wp-json\/wp\/v2\/product_tag?post=1007842"}],"curies":[{"name":"wp","href":"https:\/\/api.w.org\/{rel}","templated":true}]}}