{"id":1007669,"date":"2024-06-17T13:50:34","date_gmt":"2024-06-17T05:50:34","guid":{"rendered":"https:\/\/vimaterial.de\/product\/ossido-di-alluminio-ossido-di-ittrio-ossido-di-alluminio-thulium-oxide-47-4746-216-32wt\/"},"modified":"2024-11-05T17:29:24","modified_gmt":"2024-11-05T09:29:24","slug":"ossido-di-alluminio-ossido-di-ittrio-ossido-di-alluminio-thulium-oxide-47-4746-216-32wt","status":"publish","type":"product","link":"https:\/\/vimaterial.de\/it\/product\/ossido-di-alluminio-ossido-di-ittrio-ossido-di-alluminio-thulium-oxide-47-4746-216-32wt\/","title":{"rendered":"Ossido di alluminio: Ossido di ittrio: Ossido di tulio 47,47: 46,21: 6,32% in peso"},"content":{"rendered":"<p>Ossido di alluminio : Ossido di ittrio : Ossido di tulio (Al\u2082O\u2083- Y\u2082O\u2083-Tm\u2082O\u2083) I bersagli sono bersagli compositi creati da una miscela di ossido di alluminio, ossido di ittrio e ossido di tulio, spesso utilizzati in processi avanzati di deposizione di film sottili, come lo sputtering e la deposizione laser pulsata (PLD). Questa combinazione di ossidi si traduce in un materiale target con propriet\u00e0 ottiche, termiche e strutturali uniche, adatto per l&#8217;uso in applicazioni elettroniche, fotoniche e laser. <\/p>\n<p>&nbsp;<\/p>\n<h3>Al\u2082O\u2083- Y\u2082O\u2083-Tm\u2082O\u2083 Composizione e struttura:<\/h3>\n<p>L&#8217;ossido di alluminio (Al\u2082O\u2083) fornisce stabilit\u00e0 termica, durezza e isolamento elettrico. L&#8217;ossido di ittrio (Y\u2082O\u2083) migliora la tenacit\u00e0 e la resistenza termica del bersaglio, nonch\u00e9 la sua stabilit\u00e0 chimica. L&#8217;ossido di tulio (Tm\u2082O\u2083) \u00e8 uno ione attivo nei materiali ottici, che aggiunge propriet\u00e0 di emissione ottica vantaggiose per applicazioni laser e fotoniche.<\/p>\n<p>&nbsp;<\/p>\n<h3>Al\u2082O\u2083- Y\u2082O\u2083-Tm\u2082O\u2083 Propriet\u00e0 meccaniche e termiche:<\/h3>\n<p><strong>Elevata durezza e tenacit\u00e0<\/strong>: la combinazione di ossidi di alluminio e ittrio migliora la durezza e la tenacit\u00e0 alla frattura del bersaglio, il che lo rende durevole e resistente a crepe o usura durante l&#8217;uso. <strong>Stabilit\u00e0 termica<\/strong>: con un alto punto di fusione e una buona conduttivit\u00e0 termica, questi target sono adatti per ambienti ad alta temperatura, con stabilit\u00e0 mantenuta fino a circa 2000\u00b0C.<\/p>\n<p>&nbsp;<\/p>\n<h3>Al\u2082O\u2083- Y\u2082O\u2083-Tm\u2082O\u2083 Propriet\u00e0 ottiche:<\/h3>\n<p><strong>Capacit\u00e0 fotoluminescente:<\/strong> L&#8217;ossido di tulio introduce propriet\u00e0 luminescenti, rendendo il materiale efficace nelle applicazioni laser e ottiche. Se utilizzato in applicazioni a film sottile, questo bersaglio pu\u00f2 depositare strati che emettono in determinate lunghezze d&#8217;onda, come il vicino infrarosso, vantaggiosi nella fotonica e nei sistemi laser medicali. <strong>Alta trasparenza:<\/strong> La combinazione di ossidi, in particolare con Tm\u2082O\u2083, pu\u00f2 produrre film sottili trasparenti o traslucidi, adatti per rivestimenti ottici o applicazioni laser. <\/p>\n<p>&nbsp;<\/p>\n<h3>Al\u2082O\u2083- Y\u2082O\u2083-Tm\u2082O\u2083 Isolamento elettrico:<\/h3>\n<p>L&#8217;obiettivo mantiene elevate propriet\u00e0 dielettriche, grazie ad Al\u2082O\u2083 e Y\u2082O\u2083, che garantiscono un forte isolamento elettrico in film sottili, rendendoli adatti per applicazioni in strati isolanti o rivestimenti protettivi in dispositivi elettronici.<\/p>\n<p>&nbsp;<\/p>\n<h3>Al\u2082O\u2083- Y\u2082O\u2083-Tm\u2082O\u2083 Stabilit\u00e0 chimica e resistenza alla corrosione:<\/h3>\n<p>Questa composizione target \u00e8 resistente a molte sostanze chimiche, inclusi acidi e alcali, il che la rende ideale per applicazioni esposte ad ambienti difficili.<\/p>\n<p>&nbsp;<\/p>\n<h3>Al\u2082O\u2083- Y\u2082O\u2083-Tm\u2082O\u2083 Applicazioni:<\/h3>\n<p><strong>Dispositivi laser e fotonici<\/strong>: il componente dell&#8217;ossido di tulio conferisce propriet\u00e0 luminescenti utili nei laser nel vicino infrarosso, nei circuiti fotonici e nelle tecnologie laser mediche. <strong>Rivestimenti ottici<\/strong>: il target composito pu\u00f2 essere utilizzato per depositare film sottili con elevata trasparenza e propriet\u00e0 ottiche specifiche, adatti per lenti, schermi e altri componenti ottici. <strong>Rivestimenti protettivi nell&#8217;elettronica<\/strong>: grazie alla sua durata, stabilit\u00e0 termica e isolamento, il bersaglio \u00e8 utile nei rivestimenti per dispositivi elettronici, soprattutto dove \u00e8 necessaria la resilienza alle alte temperature. <strong>Applicazioni resistenti all&#8217;usura e alle alte temperature<\/strong>: in ambienti che richiedono resistenza all&#8217;usura e stabilit\u00e0 alle alte temperature, questo bersaglio fornisce un&#8217;opzione robusta per la protezione delle superfici.<\/p>\n<p>&nbsp;<\/p>\n","protected":false},"excerpt":{"rendered":"<p>Ossido di alluminio : Ossido di ittrio : Ossido di tulio (Al\u2082O\u2083- Y\u2082O\u2083-Tm\u2082O\u2083) I bersagli sono bersagli compositi creati da una miscela di ossido di alluminio, ossido di ittrio e ossido di tulio, spesso utilizzati in processi avanzati di deposizione di film sottili, come lo sputtering e la deposizione laser pulsata (PLD). Questa combinazione di [&hellip;]<\/p>\n","protected":false},"featured_media":998321,"comment_status":"open","ping_status":"closed","template":"","meta":{"_acf_changed":false},"product_brand":[],"product_cat":[197],"product_tag":[],"class_list":{"0":"post-1007669","1":"product","2":"type-product","3":"status-publish","4":"has-post-thumbnail","6":"product_cat-obiettivi-di-sputtering-planari","8":"first","9":"instock","10":"shipping-taxable","11":"product-type-variable"},"acf":[],"_links":{"self":[{"href":"https:\/\/vimaterial.de\/it\/wp-json\/wp\/v2\/product\/1007669","targetHints":{"allow":["GET"]}}],"collection":[{"href":"https:\/\/vimaterial.de\/it\/wp-json\/wp\/v2\/product"}],"about":[{"href":"https:\/\/vimaterial.de\/it\/wp-json\/wp\/v2\/types\/product"}],"replies":[{"embeddable":true,"href":"https:\/\/vimaterial.de\/it\/wp-json\/wp\/v2\/comments?post=1007669"}],"wp:featuredmedia":[{"embeddable":true,"href":"https:\/\/vimaterial.de\/it\/wp-json\/wp\/v2\/media\/998321"}],"wp:attachment":[{"href":"https:\/\/vimaterial.de\/it\/wp-json\/wp\/v2\/media?parent=1007669"}],"wp:term":[{"taxonomy":"product_brand","embeddable":true,"href":"https:\/\/vimaterial.de\/it\/wp-json\/wp\/v2\/product_brand?post=1007669"},{"taxonomy":"product_cat","embeddable":true,"href":"https:\/\/vimaterial.de\/it\/wp-json\/wp\/v2\/product_cat?post=1007669"},{"taxonomy":"product_tag","embeddable":true,"href":"https:\/\/vimaterial.de\/it\/wp-json\/wp\/v2\/product_tag?post=1007669"}],"curies":[{"name":"wp","href":"https:\/\/api.w.org\/{rel}","templated":true}]}}