{"id":1007663,"date":"2024-06-17T13:50:34","date_gmt":"2024-06-17T05:50:34","guid":{"rendered":"https:\/\/vimaterial.de\/product\/ossido-di-alluminio-ossido-di-ittrio-48755125wt\/"},"modified":"2024-11-06T16:26:51","modified_gmt":"2024-11-06T08:26:51","slug":"ossido-di-alluminio-ossido-di-ittrio-48755125wt","status":"publish","type":"product","link":"https:\/\/vimaterial.de\/it\/product\/ossido-di-alluminio-ossido-di-ittrio-48755125wt\/","title":{"rendered":"Ossido di alluminio: ossido di ittrio 48,75: 51,25% in peso"},"content":{"rendered":"<p>I target dell&#8217;ossido di alluminio-ossido di ittrio (Al\u2082O\u2083-Y\u2082O\u2083) sono materiali ceramici compositi che combinano ossido di alluminio e ossido di ittrio per creare un bersaglio ad alte prestazioni per processi di deposizione di film sottili, come lo sputtering e l&#8217;ablazione laser. L&#8217;aggiunta di ossido di ittrio migliora le propriet\u00e0 termiche, meccaniche e chimiche della matrice di ossido di alluminio, rendendo questi obiettivi ideali per applicazioni che richiedono elevata durata, stabilit\u00e0 e isolamento. <\/p>\n<p>&nbsp;<\/p>\n<h2><span style=\"font-size: 14pt;\">Composizione:<\/span><\/h2>\n<p>Ossido di alluminio (Al\u2082O\u2083): il componente primario della matrice, Al\u2082O\u2083, fornisce un&#8217;elevata durezza, resistenza all&#8217;usura e un eccellente isolamento elettrico, rendendolo un materiale affidabile per substrati e rivestimenti nell&#8217;elettronica e nell&#8217;ottica. Ossido di ittrio (Y\u2082O\u2083): Y\u2082O\u2083 viene aggiunto per migliorare la stabilit\u00e0 termica, la resistenza alla corrosione e la tenacit\u00e0. L&#8217;ossido di ittrio migliora anche la resistenza del composito agli shock termici, prevenendo fessurazioni e degrado strutturale al variare della temperatura.<\/p>\n<p>&nbsp;<\/p>\n<h2><span style=\"font-size: 14pt;\">Propriet\u00e0 fisiche e meccaniche:<\/span><\/h2>\n<p>Elevata durezza e densit\u00e0: il composito ossido di alluminio-ossido di ittrio (Al\u2082O\u2083-Y\u2082O\u2083) mantiene l&#8217;elevata durezza dell&#8217;ossido di alluminio, con una maggiore tenacit\u00e0 dell&#8217;ossido di ittrio, rendendo il bersaglio durevole e resistente all&#8217;usura durante lo sputtering e altri processi di rivestimento. Tenacit\u00e0 e stabilit\u00e0 migliorate: Y\u2082O\u2083 contribuisce a migliorare la tenacit\u00e0 alla frattura, migliorando la stabilit\u00e0 strutturale del bersaglio. Ci\u00f2 \u00e8 particolarmente vantaggioso nelle applicazioni ad alta sollecitazione in cui i materiali tradizionali potrebbero rompersi o degradarsi.<\/p>\n<p>&nbsp;<\/p>\n<h2><span style=\"font-size: 14pt;\">Propriet\u00e0 termiche:<\/span><\/h2>\n<p>Elevata stabilit\u00e0 termica: i target di ossido di alluminio-ittrio (Al\u2082O\u2083-Y\u2082O\u2083) possono resistere a temperature estremamente elevate, il che li rende ideali per rivestimenti e film utilizzati in applicazioni ad alta temperatura. Il punto di fusione del composito \u00e8 ben al di sopra di 2000\u00b0C.  Resistenza agli shock termici: l&#8217;ossido di ittrio migliora la resistenza ai rapidi sbalzi di temperatura, impedendo al bersaglio di rompersi o deformarsi durante intensi cicli di riscaldamento e raffreddamento. <\/p>\n<p>&nbsp;<\/p>\n<h2><span style=\"font-size: 14pt;\">Propriet\u00e0 elettriche e isolanti:<\/span><\/h2>\n<p>Eccellente isolamento elettrico: l&#8217;ossido di alluminio fornisce un&#8217;elevata rigidit\u00e0 dielettrica, rendendo questo materiale composito adatto per l&#8217;isolamento elettrico nell&#8217;elettronica. Questa propriet\u00e0 \u00e8 utile nelle applicazioni che richiedono uno strato isolante per evitare interferenze elettriche. Bassa perdita dielettrica: questa propriet\u00e0 \u00e8 vantaggiosa nelle applicazioni ad alta frequenza, dove l&#8217;efficienza energetica e la minima perdita di potenza sono importanti. <\/p>\n<p>&nbsp;<\/p>\n<h2><span style=\"font-size: 14pt;\">Stabilit\u00e0 chimica e resistenza alla corrosione:<\/span><\/h2>\n<p>Inerzia all&#8217;attacco chimico: la combinazione di ossido di alluminio-ossido di ittrio (Al\u2082O\u2083-Y\u2082O\u2083) migliora la resistenza chimica, rendendo il bersaglio stabile e inerte in ambienti corrosivi. Questa stabilit\u00e0 chimica \u00e8 preziosa nelle applicazioni di rivestimento in cui \u00e8 richiesta una durata a lungo termine. <\/p>\n<p>&nbsp;<\/p>\n<h2><span style=\"font-size: 14pt;\">Applicazioni:<\/span><\/h2>\n<p>Rivestimenti ottici: la trasparenza del composito in determinate gamme spettrali lo rende adatto per rivestimenti ottici su lenti e ottiche di precisione, fornendo strati protettivi e antiriflesso. Elettronica e deposizione di film sottili: i target di ossido di alluminio-ossido di ittrio (Al\u2082O\u2083-Y\u2082O\u2083) sono spesso utilizzati per depositare strati sottili e isolanti su wafer di semiconduttori e componenti elettronici, migliorando la durata e proteggendo i circuiti dai danni ambientali. Rivestimenti a barriera termica: con la sua stabilit\u00e0 termica e resistenza agli attacchi chimici, questo composito \u00e8 ideale per le barriere termiche su componenti esposti ad alte temperature, come le pale delle turbine e altre applicazioni aerospaziali. Rivestimenti protettivi: la resistenza chimica e all&#8217;usura dei target Al\u2082O\u2083-Y\u2082O\u2083 li rende adatti per rivestimenti protettivi su utensili, parti di macchinari e altre superfici soggette a usura o esposizione chimica.<\/p>\n<p>&nbsp;<\/p>\n","protected":false},"excerpt":{"rendered":"<p>I target dell&#8217;ossido di alluminio-ossido di ittrio (Al\u2082O\u2083-Y\u2082O\u2083) sono materiali ceramici compositi che combinano ossido di alluminio e ossido di ittrio per creare un bersaglio ad alte prestazioni per processi di deposizione di film sottili, come lo sputtering e l&#8217;ablazione laser. L&#8217;aggiunta di ossido di ittrio migliora le propriet\u00e0 termiche, meccaniche e chimiche della matrice [&hellip;]<\/p>\n","protected":false},"featured_media":998321,"comment_status":"open","ping_status":"closed","template":"","meta":{"_acf_changed":false},"product_brand":[],"product_cat":[197],"product_tag":[],"class_list":{"0":"post-1007663","1":"product","2":"type-product","3":"status-publish","4":"has-post-thumbnail","6":"product_cat-obiettivi-di-sputtering-planari","8":"first","9":"instock","10":"shipping-taxable","11":"product-type-variable"},"acf":[],"_links":{"self":[{"href":"https:\/\/vimaterial.de\/it\/wp-json\/wp\/v2\/product\/1007663","targetHints":{"allow":["GET"]}}],"collection":[{"href":"https:\/\/vimaterial.de\/it\/wp-json\/wp\/v2\/product"}],"about":[{"href":"https:\/\/vimaterial.de\/it\/wp-json\/wp\/v2\/types\/product"}],"replies":[{"embeddable":true,"href":"https:\/\/vimaterial.de\/it\/wp-json\/wp\/v2\/comments?post=1007663"}],"wp:featuredmedia":[{"embeddable":true,"href":"https:\/\/vimaterial.de\/it\/wp-json\/wp\/v2\/media\/998321"}],"wp:attachment":[{"href":"https:\/\/vimaterial.de\/it\/wp-json\/wp\/v2\/media?parent=1007663"}],"wp:term":[{"taxonomy":"product_brand","embeddable":true,"href":"https:\/\/vimaterial.de\/it\/wp-json\/wp\/v2\/product_brand?post=1007663"},{"taxonomy":"product_cat","embeddable":true,"href":"https:\/\/vimaterial.de\/it\/wp-json\/wp\/v2\/product_cat?post=1007663"},{"taxonomy":"product_tag","embeddable":true,"href":"https:\/\/vimaterial.de\/it\/wp-json\/wp\/v2\/product_tag?post=1007663"}],"curies":[{"name":"wp","href":"https:\/\/api.w.org\/{rel}","templated":true}]}}