{"id":1007608,"date":"2024-06-17T13:50:35","date_gmt":"2024-06-17T05:50:35","guid":{"rendered":"https:\/\/vimaterial.de\/product\/ossitruro-di-alluminio\/"},"modified":"2024-11-07T15:52:54","modified_gmt":"2024-11-07T07:52:54","slug":"ossitruro-di-alluminio","status":"publish","type":"product","link":"https:\/\/vimaterial.de\/it\/product\/ossitruro-di-alluminio\/","title":{"rendered":"Ossinitruro di alluminio"},"content":{"rendered":"<p>Il bersaglio per sputtering in ossinitruro di alluminio (AlON) \u00e8 un materiale target specializzato utilizzato nei processi di deposizione fisica da vapore (PVD), in particolare per lo sputtering, per depositare film sottili di AlON sui substrati. I bersagli sputtering AlON sono utilizzati in applicazioni che richiedono rivestimenti duri, otticamente trasparenti e termicamente stabili, come rivestimenti protettivi su componenti ottici, armature trasparenti e altre ceramiche ad alte prestazioni. <\/p>\n<p>&nbsp;<\/p>\n<h2><span style=\"font-size: 14pt;\">Composizione chimica e struttura:<\/span><\/h2>\n<p>Formula: AlON, costituito da atomi di alluminio, ossigeno e azoto. Soluzione solida: l&#8217;ossinitruro di alluminio ha una struttura cristallina di tipo spinello che contribuisce alla sua durezza e alle sue propriet\u00e0 ottiche. Purezza: l&#8217;ossinitruro di alluminio ad alta purezza \u00e8 essenziale per prevenire la contaminazione nel film sottile depositato, garantendo prestazioni ottiche e meccaniche costanti.<\/p>\n<p>&nbsp;<\/p>\n<h2><span style=\"font-size: 14pt;\">Propriet\u00e0 fisiche:<\/span><\/h2>\n<p>Aspetto: Appare tipicamente come un disco denso e solido o una piastra rettangolare, a seconda del sistema di sputtering. Alta densit\u00e0 e durezza: i bersagli di ossinitruro di alluminio sono duri e densi, il che \u00e8 vantaggioso per creare rivestimenti uniformi e privi di difetti. Stabilit\u00e0 termica: i bersagli sputtering in ossinitruro di alluminio sono termicamente stabili, consentendo loro di resistere alle alte temperature generate durante il processo di sputtering.<\/p>\n<p>&nbsp;<\/p>\n<h2><span style=\"font-size: 14pt;\">Applicazioni:<\/span><\/h2>\n<p>Rivestimenti protettivi per ottiche: i film sottili AlON vengono utilizzati per proteggere i componenti ottici dall&#8217;abrasione e dai danni ambientali, mantenendo la trasparenza sulle lunghezze d&#8217;onda UV, visibili e IR. Questi rivestimenti sono preziosi in lenti, finestre e altri sistemi ottici. Armatura trasparente: i rivestimenti in ossinitruro di alluminio migliorano la resistenza agli urti e la durata dell&#8217;armatura trasparente, fornendo uno strato protettivo aggiuntivo su materiali come vetro o policarbonato. Rivestimenti resistenti agli infrarossi e ai raggi UV: la trasparenza ad ampio spettro di AlON lo rende adatto per applicazioni IR e UV, come sensori e obiettivi di fotocamere che richiedono durata in ambienti difficili. Aerospaziale e difesa: utilizzato per rivestire sensori, finestre e altre apparecchiature nel settore aerospaziale e della difesa per proteggersi da impatti ad alta velocit\u00e0, shock termici ed esposizione chimica. <\/p>\n<p>&nbsp;<\/p>\n<h2><span style=\"font-size: 14pt;\">Movimentazione e stoccaggio:<\/span><\/h2>\n<p>Fragilit\u00e0 e cura della superficie: i bersagli di ossinitruro di alluminio sono densi ma possono essere fragili; \u00c8 necessaria un&#8217;attenta manipolazione per evitare scheggiature o crepe. L&#8217;imballaggio protettivo aiuta a prevenire danni prima dell&#8217;uso. Condizioni di conservazione: Conservare i target AlON in un ambiente asciutto e privo di polvere per mantenerne la purezza e prevenire qualsiasi potenziale contaminazione sulla superficie del target. <\/p>\n<p>&nbsp;<\/p>\n","protected":false},"excerpt":{"rendered":"<p>Il bersaglio per sputtering in ossinitruro di alluminio (AlON) \u00e8 un materiale target specializzato utilizzato nei processi di deposizione fisica da vapore (PVD), in particolare per lo sputtering, per depositare film sottili di AlON sui substrati. I bersagli sputtering AlON sono utilizzati in applicazioni che richiedono rivestimenti duri, otticamente trasparenti e termicamente stabili, come rivestimenti [&hellip;]<\/p>\n","protected":false},"featured_media":998402,"comment_status":"open","ping_status":"closed","template":"","meta":{"_acf_changed":false},"product_brand":[],"product_cat":[197],"product_tag":[],"class_list":{"0":"post-1007608","1":"product","2":"type-product","3":"status-publish","4":"has-post-thumbnail","6":"product_cat-obiettivi-di-sputtering-planari","8":"first","9":"instock","10":"shipping-taxable","11":"purchasable","12":"product-type-variable"},"acf":[],"_links":{"self":[{"href":"https:\/\/vimaterial.de\/it\/wp-json\/wp\/v2\/product\/1007608","targetHints":{"allow":["GET"]}}],"collection":[{"href":"https:\/\/vimaterial.de\/it\/wp-json\/wp\/v2\/product"}],"about":[{"href":"https:\/\/vimaterial.de\/it\/wp-json\/wp\/v2\/types\/product"}],"replies":[{"embeddable":true,"href":"https:\/\/vimaterial.de\/it\/wp-json\/wp\/v2\/comments?post=1007608"}],"wp:featuredmedia":[{"embeddable":true,"href":"https:\/\/vimaterial.de\/it\/wp-json\/wp\/v2\/media\/998402"}],"wp:attachment":[{"href":"https:\/\/vimaterial.de\/it\/wp-json\/wp\/v2\/media?parent=1007608"}],"wp:term":[{"taxonomy":"product_brand","embeddable":true,"href":"https:\/\/vimaterial.de\/it\/wp-json\/wp\/v2\/product_brand?post=1007608"},{"taxonomy":"product_cat","embeddable":true,"href":"https:\/\/vimaterial.de\/it\/wp-json\/wp\/v2\/product_cat?post=1007608"},{"taxonomy":"product_tag","embeddable":true,"href":"https:\/\/vimaterial.de\/it\/wp-json\/wp\/v2\/product_tag?post=1007608"}],"curies":[{"name":"wp","href":"https:\/\/api.w.org\/{rel}","templated":true}]}}