{"id":1007597,"date":"2024-06-17T13:50:37","date_gmt":"2024-06-17T05:50:37","guid":{"rendered":"https:\/\/vimaterial.de\/product\/solfuro-di-alluminio-2\/"},"modified":"2024-11-07T15:22:10","modified_gmt":"2024-11-07T07:22:10","slug":"solfuro-di-alluminio-2","status":"publish","type":"product","link":"https:\/\/vimaterial.de\/it\/product\/solfuro-di-alluminio-2\/","title":{"rendered":"Solfuro di alluminio"},"content":{"rendered":"<p>Il solfuro di alluminio (Al2S3) \u00e8 un composto inorganico composto da alluminio e zolfo. \u00c8 noto per la sua elevata reattivit\u00e0, soprattutto con l&#8217;acqua, e trova impiego principalmente nella ricerca chimica e come intermedio in alcune sintesi chimiche. L&#8217;Al\u2082S\u2083 viene utilizzato anche come precursore per la produzione di idrogeno solforato (H\u2082S) in laboratorio.  <\/p>\n<p>&nbsp;<\/p>\n<h2><span style=\"font-size: 14pt;\">Composizione chimica e struttura:<\/span><\/h2>\n<p>Formula: Al\u2082S\u2083, composto da atomi di alluminio e zolfo. Struttura cristallina: il solfuro di alluminio ha una struttura cristallina stratificata, che in genere forma un solido giallastro o grigio.<\/p>\n<p>&nbsp;<\/p>\n<p>&nbsp;<\/p>\n<h2><span style=\"font-size: 14pt;\">Propriet\u00e0 fisiche:<\/span><\/h2>\n<p>Densit\u00e0: 2,02 g\/mL (101 kPa, 25\u00b0C) Punto di fusione: 1100\u00b0C (101 kPa) Punto di ebollizione: 1500\u00b0C (101 kPa) Aspetto: Sistema cristallino esagonale giallo con odore di uova marce.<\/p>\n<h2><\/h2>\n<h2><span style=\"font-size: 14pt;\">Applicazioni:<\/span><\/h2>\n<p>Sintesi chimica: il solfuro di alluminio (Al2S3) viene talvolta utilizzato come fonte di idrogeno solforato (H\u2082S) nella sintesi di laboratorio, utile per alcune applicazioni analitiche. Materiale di ricerca: A causa della sua natura reattiva, viene studiato principalmente in contesti di ricerca piuttosto che in applicazioni industriali su larga scala.<\/p>\n<p>&nbsp;<\/p>\n<h2><span style=\"font-size: 14pt;\">Maneggevolezza e sicurezza:<\/span><\/h2>\n<p>Sensibilit\u00e0 all&#8217;umidit\u00e0: il solfuro di alluminio (Al2S3) deve essere maneggiato in un ambiente asciutto e conservato in contenitori ermetici per evitare la sua reazione con l&#8217;umidit\u00e0. Tossicit\u00e0: l&#8217;idrolisi dell&#8217;Al\u2082S\u2083 produce idrogeno solforato gassoso (H\u2082S), che \u00e8 tossico, infiammabile e ha un caratteristico cattivo odore. Quando si maneggia questo materiale, \u00e8 necessaria un&#8217;adeguata ventilazione, come una cappa aspirante. Dispositivi di protezione: la manipolazione dell&#8217;Al\u2082S\u2083 richiede guanti, protezione per gli occhi e protezione delle vie respiratorie in alcuni casi, per evitare l&#8217;esposizione sia al composto che ai suoi sottoprodotti.<\/p>\n<p>&nbsp;<\/p>\n<h2><span style=\"font-size: 14pt;\">Requisiti di conservazione:<\/span><\/h2>\n<p>Contenitori ermetici e resistenti all&#8217;umidit\u00e0: il solfuro di alluminio (Al2S3) deve essere conservato in contenitori ermeticamente sigillati, idealmente in un&#8217;atmosfera essiccante o inerte, come azoto o argon. Ambiente fresco e asciutto: Conservare l&#8217;Al\u2082S\u2083 in un luogo fresco e asciutto ne prolunga la stabilit\u00e0 prevenendo reazioni indesiderate con l&#8217;umidit\u00e0 dell&#8217;aria.<\/p>\n","protected":false},"excerpt":{"rendered":"<p>Il solfuro di alluminio (Al2S3) \u00e8 un composto inorganico composto da alluminio e zolfo. \u00c8 noto per la sua elevata reattivit\u00e0, soprattutto con l&#8217;acqua, e trova impiego principalmente nella ricerca chimica e come intermedio in alcune sintesi chimiche. L&#8217;Al\u2082S\u2083 viene utilizzato anche come precursore per la produzione di idrogeno solforato (H\u2082S) in laboratorio. &nbsp; Composizione [&hellip;]<\/p>\n","protected":false},"featured_media":998417,"comment_status":"open","ping_status":"closed","template":"","meta":{"_acf_changed":false},"product_brand":[],"product_cat":[198],"product_tag":[],"class_list":{"0":"post-1007597","1":"product","2":"type-product","3":"status-publish","4":"has-post-thumbnail","6":"product_cat-materiali-per-levaporazione","8":"first","9":"instock","10":"shipping-taxable","11":"product-type-variable"},"acf":[],"_links":{"self":[{"href":"https:\/\/vimaterial.de\/it\/wp-json\/wp\/v2\/product\/1007597","targetHints":{"allow":["GET"]}}],"collection":[{"href":"https:\/\/vimaterial.de\/it\/wp-json\/wp\/v2\/product"}],"about":[{"href":"https:\/\/vimaterial.de\/it\/wp-json\/wp\/v2\/types\/product"}],"replies":[{"embeddable":true,"href":"https:\/\/vimaterial.de\/it\/wp-json\/wp\/v2\/comments?post=1007597"}],"wp:featuredmedia":[{"embeddable":true,"href":"https:\/\/vimaterial.de\/it\/wp-json\/wp\/v2\/media\/998417"}],"wp:attachment":[{"href":"https:\/\/vimaterial.de\/it\/wp-json\/wp\/v2\/media?parent=1007597"}],"wp:term":[{"taxonomy":"product_brand","embeddable":true,"href":"https:\/\/vimaterial.de\/it\/wp-json\/wp\/v2\/product_brand?post=1007597"},{"taxonomy":"product_cat","embeddable":true,"href":"https:\/\/vimaterial.de\/it\/wp-json\/wp\/v2\/product_cat?post=1007597"},{"taxonomy":"product_tag","embeddable":true,"href":"https:\/\/vimaterial.de\/it\/wp-json\/wp\/v2\/product_tag?post=1007597"}],"curies":[{"name":"wp","href":"https:\/\/api.w.org\/{rel}","templated":true}]}}