{"id":1007556,"date":"2024-06-17T13:51:40","date_gmt":"2024-06-17T05:51:40","guid":{"rendered":"https:\/\/vimaterial.de\/product\/arsenuro-di-alluminio\/"},"modified":"2024-11-06T17:46:12","modified_gmt":"2024-11-06T09:46:12","slug":"arsenuro-di-alluminio","status":"publish","type":"product","link":"https:\/\/vimaterial.de\/it\/product\/arsenuro-di-alluminio\/","title":{"rendered":"Arseniuro di alluminio"},"content":{"rendered":"<p>L&#8217;arseniuro di alluminio (AlAs) \u00e8 un materiale semiconduttore composto III-V contenente due elementi, alluminio e arsenico. I cristalli di Ahim\u00e8 hanno un sistema esagonale e appartengono alla struttura della sfalerite, e la sua banda proibita \u00e8 di circa 1,42 elettronvolt. Purtroppo, i materiali hanno una scarsa conduttivit\u00e0 elettrica a temperatura ambiente, ma la loro conduttivit\u00e0 elettrica \u00e8 notevolmente migliorata ad alte temperature. Inoltre, AlAs ha un&#8217;eccellente stabilit\u00e0 chimica e termica e pu\u00f2 essere utilizzato nella produzione di dispositivi in ambienti ad alta temperatura. <\/p>\n<p>&nbsp;<\/p>\n<h2><span style=\"font-size: 14pt;\">Propriet\u00e0 fisiche:<\/span><\/h2>\n<p>Colore: arancione. Propriet\u00e0: cristallo Punto di fusione (\u00b0C): 1740. Densit\u00e0 (kg\/m3): 3760.<\/p>\n<p>&nbsp;<\/p>\n<h2><span style=\"font-size: 14pt;\">Propriet\u00e0 chimiche:<\/span><\/h2>\n<p>L&#8217;arseniuro di alluminio \u00e8 deliquescente.<\/p>\n<p>&nbsp;<\/p>\n<h2><span style=\"font-size: 14pt;\">Sintesi:<\/span><\/h2>\n<p>As\/H2 + Al \u20141100\u00b0C\u2192 AlAs Al + As \u2014600\u00b0C\u2192 AlAs L&#8217;arseniuro di alluminio ad alta purezza pu\u00f2 essere ottenuto mediante ricristallizzazione in atmosfera di argon.<\/p>\n<p>&nbsp;<\/p>\n<h2><span style=\"font-size: 14pt;\">Applicazione:<\/span><\/h2>\n<p><strong>In microelettronica:<\/strong><\/p>\n<p>Come materiale semiconduttore, AlAs ha eccellenti propriet\u00e0 che lo rendono ampiamente utilizzato nel campo della microelettronica. L&#8217;arseniuro di alluminio pu\u00f2 essere combinato con altri materiali semiconduttori come l&#8217;arseniuro di gallio (GaAs) e il nitruro di gallio (GaN) per preparare chip a eterogiunzione, che hanno un trasporto di elettroni ad alta velocit\u00e0 e un&#8217;eccellente conduttivit\u00e0. Allo stesso tempo, l&#8217;arseniuro di alluminio pu\u00f2 essere utilizzato anche per preparare celle solari ad alta efficienza e modulatori magneto-ottici e altri dispositivi, con ampie prospettive applicative.  <\/p>\n<p><strong>In optoelettronica:<\/strong><\/p>\n<p>Come materiale semiconduttore, AlAs \u00e8 anche molto importante nel campo dell&#8217;optoelettronica. AlAs \u00e8 in grado di preparare strutture a pozzo quantistico di alta qualit\u00e0, che hanno stati quantistici speciali e possono essere utilizzate per preparare dispositivi come rivelatori a infrarossi e laser. Inoltre, l&#8217;arseniuro di alluminio \u00e8 anche ampiamente utilizzato nel campo delle microonde, come la preparazione di dispositivi a microonde e antenne a microonde.  <\/p>\n<p>&nbsp;<\/p>\n","protected":false},"excerpt":{"rendered":"<p>L&#8217;arseniuro di alluminio (AlAs) \u00e8 un materiale semiconduttore composto III-V contenente due elementi, alluminio e arsenico. I cristalli di Ahim\u00e8 hanno un sistema esagonale e appartengono alla struttura della sfalerite, e la sua banda proibita \u00e8 di circa 1,42 elettronvolt. Purtroppo, i materiali hanno una scarsa conduttivit\u00e0 elettrica a temperatura ambiente, ma la loro conduttivit\u00e0 [&hellip;]<\/p>\n","protected":false},"featured_media":998447,"comment_status":"open","ping_status":"closed","template":"","meta":{"_acf_changed":false},"product_brand":[],"product_cat":[213],"product_tag":[],"class_list":{"0":"post-1007556","1":"product","2":"type-product","3":"status-publish","4":"has-post-thumbnail","6":"product_cat-materiali-al-fosforo","8":"first","9":"instock","10":"shipping-taxable","11":"product-type-variable"},"acf":[],"_links":{"self":[{"href":"https:\/\/vimaterial.de\/it\/wp-json\/wp\/v2\/product\/1007556","targetHints":{"allow":["GET"]}}],"collection":[{"href":"https:\/\/vimaterial.de\/it\/wp-json\/wp\/v2\/product"}],"about":[{"href":"https:\/\/vimaterial.de\/it\/wp-json\/wp\/v2\/types\/product"}],"replies":[{"embeddable":true,"href":"https:\/\/vimaterial.de\/it\/wp-json\/wp\/v2\/comments?post=1007556"}],"wp:featuredmedia":[{"embeddable":true,"href":"https:\/\/vimaterial.de\/it\/wp-json\/wp\/v2\/media\/998447"}],"wp:attachment":[{"href":"https:\/\/vimaterial.de\/it\/wp-json\/wp\/v2\/media?parent=1007556"}],"wp:term":[{"taxonomy":"product_brand","embeddable":true,"href":"https:\/\/vimaterial.de\/it\/wp-json\/wp\/v2\/product_brand?post=1007556"},{"taxonomy":"product_cat","embeddable":true,"href":"https:\/\/vimaterial.de\/it\/wp-json\/wp\/v2\/product_cat?post=1007556"},{"taxonomy":"product_tag","embeddable":true,"href":"https:\/\/vimaterial.de\/it\/wp-json\/wp\/v2\/product_tag?post=1007556"}],"curies":[{"name":"wp","href":"https:\/\/api.w.org\/{rel}","templated":true}]}}