{"id":1007484,"date":"2024-06-17T13:52:47","date_gmt":"2024-06-17T05:52:47","guid":{"rendered":"https:\/\/vimaterial.de\/product\/metallo-di-litio-3\/"},"modified":"2024-07-17T13:23:09","modified_gmt":"2024-07-17T05:23:09","slug":"metallo-di-litio-3","status":"publish","type":"product","link":"https:\/\/vimaterial.de\/it\/product\/metallo-di-litio-3\/","title":{"rendered":"Litio metallico"},"content":{"rendered":"<p>Il litio \u00e8 un metallo morbido e argentato ed \u00e8 il primo membro del gruppo dei metalli alcalini. \u00c8 il pi\u00f9 leggero di tutti i metalli e, pur assomigliando chimicamente al sodio, \u00e8 meno attivo. Come nel caso di altri elementi del gruppo alcalino, si ottiene per elettrolisi degli alogenuri fusi. L&#8217;abbondanza di litio nella crosta terrestre \u00e8 di 20 ppm.<\/p>\n<p>Propriet\u00e0:<\/p>\n<p>Aspetto bianco-argenteo<\/p>\n<p>Punto di fusione: 453,65 K (180,50 \u00b0C, 356,90 \u00b0F)<\/p>\n<p>Punto di ebollizione: 1603 K (1330 \u00b0C, 2426 \u00b0F)<\/p>\n<p>Densit\u00e0 (vicino a r.t.) :0,534 g\/cm3<\/p>\n<p>Applicazione<\/p>\n<p>Utilizzato nei reattori atomici, nelle leghe leggere e nelle batterie.<\/p>\n","protected":false},"excerpt":{"rendered":"<p>Il litio \u00e8 un metallo morbido e argentato ed \u00e8 il primo membro del gruppo dei metalli alcalini. \u00c8 il pi\u00f9 leggero di tutti i metalli e, pur assomigliando chimicamente al sodio, \u00e8 meno attivo. Come nel caso di altri elementi del gruppo alcalino, si ottiene per elettrolisi degli alogenuri fusi. L&#8217;abbondanza di litio nella [&hellip;]<\/p>\n","protected":false},"featured_media":998587,"comment_status":"open","ping_status":"closed","template":"","meta":{"_acf_changed":false},"product_brand":[],"product_cat":[207],"product_tag":[],"class_list":{"0":"post-1007484","1":"product","2":"type-product","3":"status-publish","4":"has-post-thumbnail","6":"product_cat-profilo","8":"first","9":"instock","10":"shipping-taxable","11":"product-type-variable"},"acf":[],"_links":{"self":[{"href":"https:\/\/vimaterial.de\/it\/wp-json\/wp\/v2\/product\/1007484","targetHints":{"allow":["GET"]}}],"collection":[{"href":"https:\/\/vimaterial.de\/it\/wp-json\/wp\/v2\/product"}],"about":[{"href":"https:\/\/vimaterial.de\/it\/wp-json\/wp\/v2\/types\/product"}],"replies":[{"embeddable":true,"href":"https:\/\/vimaterial.de\/it\/wp-json\/wp\/v2\/comments?post=1007484"}],"wp:featuredmedia":[{"embeddable":true,"href":"https:\/\/vimaterial.de\/it\/wp-json\/wp\/v2\/media\/998587"}],"wp:attachment":[{"href":"https:\/\/vimaterial.de\/it\/wp-json\/wp\/v2\/media?parent=1007484"}],"wp:term":[{"taxonomy":"product_brand","embeddable":true,"href":"https:\/\/vimaterial.de\/it\/wp-json\/wp\/v2\/product_brand?post=1007484"},{"taxonomy":"product_cat","embeddable":true,"href":"https:\/\/vimaterial.de\/it\/wp-json\/wp\/v2\/product_cat?post=1007484"},{"taxonomy":"product_tag","embeddable":true,"href":"https:\/\/vimaterial.de\/it\/wp-json\/wp\/v2\/product_tag?post=1007484"}],"curies":[{"name":"wp","href":"https:\/\/api.w.org\/{rel}","templated":true}]}}