{"id":1007466,"date":"2024-06-17T13:53:36","date_gmt":"2024-06-17T05:53:36","guid":{"rendered":"https:\/\/vimaterial.de\/product\/metallo-di-litio-2\/"},"modified":"2024-11-07T17:36:39","modified_gmt":"2024-11-07T09:36:39","slug":"metallo-di-litio-2","status":"publish","type":"product","link":"https:\/\/vimaterial.de\/it\/product\/metallo-di-litio-2\/","title":{"rendered":"Litio metallico"},"content":{"rendered":"<p>Il bersaglio per sputtering al litio \u00e8 una forma di litio ad alta purezza progettata per l&#8217;uso nei processi di deposizione fisica da vapore (PVD), come lo sputtering. Questi bersagli sono comunemente usati per depositare sottili film di litio su substrati per applicazioni nell&#8217;elettronica, nell&#8217;accumulo di energia e nella ricerca. L&#8217;elevata reattivit\u00e0 e la bassa massa atomica del litio lo rendono utile per rivestimenti specializzati, compresi i film sottili nella tecnologia delle batterie agli ioni di litio, nonch\u00e9 in altre aree della scienza dei materiali.  <\/p>\n<p>&nbsp;<\/p>\n<h2><span style=\"font-size: 14pt;\">Propriet\u00e0 fisiche:<\/span><\/h2>\n<p>Aspetto: bianco-argenteo Punto di fusione: relativamente basso, a circa 180,5\u00b0C (356,9\u00b0F), che pu\u00f2 influenzare i parametri del processo di sputtering. Morbidezza: il litio \u00e8 un metallo molto morbido, che richiede un&#8217;attenta manipolazione e montaggio in apparecchiature per sputtering. Densit\u00e0: circa 0,534 g\/cm\u00b3, una delle densit\u00e0 pi\u00f9 basse tra i metalli, il che rende il litio unico nelle applicazioni di sputtering.<\/p>\n<p>&nbsp;<\/p>\n<h2><span style=\"font-size: 14pt;\">Applicazioni:<\/span><\/h2>\n<p>Produzione di batterie: i bersagli di sputtering al litio vengono utilizzati per depositare strati di litio nella produzione di batterie avanzate agli ioni di litio e al litio-metallo, in particolare per la ricerca sulle batterie allo stato solido che richiedono strati sottili di litio come materiali anodici. Rivestimenti a film sottile: i film di litio sono talvolta utilizzati in ottiche a film sottile, dispositivi a semiconduttore e sensori, dove offrono propriet\u00e0 elettroniche e ioniche uniche. Ricerca sui materiali: gli obiettivi di sputtering al litio sono utilizzati nella ricerca e sviluppo per nuovi materiali a base di litio, come leghe di litio o film drogati con litio, studiati per applicazioni che vanno dall&#8217;accumulo di energia ai componenti elettronici.<\/p>\n<p>&nbsp;<\/p>\n<h2><span style=\"font-size: 14pt;\">Movimentazione e stoccaggio:<\/span><\/h2>\n<p>Atmosfera inerte: i bersagli di litio devono essere conservati e maneggiati sotto argon o azoto per prevenire l&#8217;ossidazione. Manipolazione accurata: essendo un metallo morbido e reattivo, il litio richiede un&#8217;attenta manipolazione per evitare contaminazioni, danni o degrado prima dell&#8217;uso. Dispositivi di protezione: gli operatori devono utilizzare guanti e protezione per gli occhi, poich\u00e9 il litio pu\u00f2 reagire esotermicamente con l&#8217;umidit\u00e0.<\/p>\n","protected":false},"excerpt":{"rendered":"<p>Il bersaglio per sputtering al litio \u00e8 una forma di litio ad alta purezza progettata per l&#8217;uso nei processi di deposizione fisica da vapore (PVD), come lo sputtering. Questi bersagli sono comunemente usati per depositare sottili film di litio su substrati per applicazioni nell&#8217;elettronica, nell&#8217;accumulo di energia e nella ricerca. L&#8217;elevata reattivit\u00e0 e la bassa [&hellip;]<\/p>\n","protected":false},"featured_media":1029871,"comment_status":"open","ping_status":"closed","template":"","meta":{"_acf_changed":false},"product_brand":[],"product_cat":[197],"product_tag":[],"class_list":{"0":"post-1007466","1":"product","2":"type-product","3":"status-publish","4":"has-post-thumbnail","6":"product_cat-obiettivi-di-sputtering-planari","8":"first","9":"instock","10":"shipping-taxable","11":"product-type-variable"},"acf":[],"_links":{"self":[{"href":"https:\/\/vimaterial.de\/it\/wp-json\/wp\/v2\/product\/1007466","targetHints":{"allow":["GET"]}}],"collection":[{"href":"https:\/\/vimaterial.de\/it\/wp-json\/wp\/v2\/product"}],"about":[{"href":"https:\/\/vimaterial.de\/it\/wp-json\/wp\/v2\/types\/product"}],"replies":[{"embeddable":true,"href":"https:\/\/vimaterial.de\/it\/wp-json\/wp\/v2\/comments?post=1007466"}],"wp:featuredmedia":[{"embeddable":true,"href":"https:\/\/vimaterial.de\/it\/wp-json\/wp\/v2\/media\/1029871"}],"wp:attachment":[{"href":"https:\/\/vimaterial.de\/it\/wp-json\/wp\/v2\/media?parent=1007466"}],"wp:term":[{"taxonomy":"product_brand","embeddable":true,"href":"https:\/\/vimaterial.de\/it\/wp-json\/wp\/v2\/product_brand?post=1007466"},{"taxonomy":"product_cat","embeddable":true,"href":"https:\/\/vimaterial.de\/it\/wp-json\/wp\/v2\/product_cat?post=1007466"},{"taxonomy":"product_tag","embeddable":true,"href":"https:\/\/vimaterial.de\/it\/wp-json\/wp\/v2\/product_tag?post=1007466"}],"curies":[{"name":"wp","href":"https:\/\/api.w.org\/{rel}","templated":true}]}}