{"id":1007406,"date":"2024-06-17T13:52:38","date_gmt":"2024-06-17T05:52:38","guid":{"rendered":"https:\/\/vimaterial.de\/product\/fluoruro-di-alluminio-2\/"},"modified":"2024-11-06T16:52:56","modified_gmt":"2024-11-06T08:52:56","slug":"fluoruro-di-alluminio-2","status":"publish","type":"product","link":"https:\/\/vimaterial.de\/it\/product\/fluoruro-di-alluminio-2\/","title":{"rendered":"Fluoruro di alluminio"},"content":{"rendered":"<p>La polvere di fluoruro di alluminio (AlF\u2083) \u00e8 una forma fine e in polvere di fluoruro di alluminio, un composto comunemente usato nell&#8217;industria dell&#8217;alluminio, nella ceramica e nella produzione del vetro. Grazie alla sua granulometria fine, la forma in polvere \u00e8 particolarmente efficace per applicazioni che richiedono un dosaggio preciso e una rapida dispersione. La polvere di fluoruro di alluminio ha un&#8217;elevata stabilit\u00e0 termica, una bassa solubilit\u00e0 in acqua e propriet\u00e0 utili che la rendono un ingrediente chiave in vari processi industriali.  <\/p>\n<p>&nbsp;<\/p>\n<h2><span style=\"font-size: 14pt;\">Composizione e forma fisica:<\/span><\/h2>\n<p>Composto AlF\u2083: il fluoruro di alluminio \u00e8 un composto ionico composto da ioni di alluminio e fluoruro, che gli conferisce un&#8217;eccellente stabilit\u00e0 chimica. Forma in polvere: la polvere \u00e8 fine e uniforme, consentendole di disperdersi rapidamente e garantendo una distribuzione uniforme nelle applicazioni. La piccola dimensione delle particelle fornisce anche una maggiore area superficiale, che pu\u00f2 migliorare la reattivit\u00e0 in processi specifici.<\/p>\n<p>&nbsp;<\/p>\n<h2><span style=\"font-size: 14pt;\">Propriet\u00e0 chimiche:<\/span><\/h2>\n<p>Bassa solubilit\u00e0 in acqua: l&#8217;AlF\u2083 ha una solubilit\u00e0 molto bassa in acqua, il che lo rende adatto per processi in cui dovrebbe rimanere non disciolto in condizioni normali. Stabilit\u00e0 termica: la polvere di fluoruro di alluminio rimane stabile alle alte temperature, una propriet\u00e0 particolarmente importante in ambienti industriali ad alto calore.<\/p>\n<p>&nbsp;<\/p>\n<h2><span style=\"font-size: 14pt;\">Applicazioni:<\/span><\/h2>\n<p>Produzione di alluminio: Il fluoruro di alluminio \u00e8 essenziale nella produzione elettrolitica dell&#8217;alluminio. Viene aggiunto per abbassare il punto di fusione dell&#8217;elettrolita a base di criolite, migliorando l&#8217;efficienza energetica e aumentando la produzione di alluminio. Produzione di vetro e ceramica: la polvere di AlF\u2083 viene utilizzata come fondente nella produzione di vetro e ceramica, dove aiuta a ridurre la temperatura di fusione e migliora la fluidit\u00e0 del fuso, con conseguente migliore qualit\u00e0 del prodotto. Lavorazione chimica: la polvere di fluoruro di alluminio viene utilizzata nella sintesi di altri composti di fluoruro e pu\u00f2 fungere da catalizzatore in specifiche reazioni chimiche. Ottiche e vetri speciali: Grazie alla sua stabilit\u00e0, la polvere di AlF\u2083 pu\u00f2 essere utilizzata nella produzione di vetri speciali e rivestimenti che richiedono un&#8217;elevata resistenza termica e chimica. <\/p>\n<p>&nbsp;<\/p>\n<h2><span style=\"font-size: 14pt;\">Maneggevolezza e sicurezza:<\/span><\/h2>\n<p>Stabile ma reattivo con acidi forti: sebbene stabile in molte condizioni, la polvere di AlF\u2083 pu\u00f2 rilasciare fluoro gassoso tossico se esposta ad acidi forti o in condizioni estreme. Stoccaggio e manipolazione: la polvere di AlF\u2083 deve essere conservata in un ambiente asciutto e ben ventilato per evitare la formazione di grumi e preservarne la forma di particelle fini. Si raccomandano pratiche di manipolazione adeguate per evitare l&#8217;inalazione a causa del potenziale di formazione di polvere fine della polvere.<\/p>\n<p>&nbsp;<\/p>\n<h2><span style=\"font-size: 14pt;\">Vantaggi della forma in polvere:<\/span><\/h2>\n<p>Dosaggio preciso: la granulometria fine e costante consente misurazioni esatte e una miscelazione efficiente. Dispersione rapida: la polvere di AlF\u2083 si disperde rapidamente e in modo uniforme, il che \u00e8 vantaggioso per i processi che richiedono una distribuzione costante, come nella produzione di ceramica e vetro.<\/p>\n","protected":false},"excerpt":{"rendered":"<p>La polvere di fluoruro di alluminio (AlF\u2083) \u00e8 una forma fine e in polvere di fluoruro di alluminio, un composto comunemente usato nell&#8217;industria dell&#8217;alluminio, nella ceramica e nella produzione del vetro. Grazie alla sua granulometria fine, la forma in polvere \u00e8 particolarmente efficace per applicazioni che richiedono un dosaggio preciso e una rapida dispersione. La [&hellip;]<\/p>\n","protected":false},"featured_media":998532,"comment_status":"open","ping_status":"closed","template":"","meta":{"_acf_changed":false},"product_brand":[],"product_cat":[201],"product_tag":[],"class_list":{"0":"post-1007406","1":"product","2":"type-product","3":"status-publish","4":"has-post-thumbnail","6":"product_cat-materiali-a-base-di-alogenuri","8":"first","9":"instock","10":"shipping-taxable","11":"purchasable","12":"product-type-variable"},"acf":[],"_links":{"self":[{"href":"https:\/\/vimaterial.de\/it\/wp-json\/wp\/v2\/product\/1007406","targetHints":{"allow":["GET"]}}],"collection":[{"href":"https:\/\/vimaterial.de\/it\/wp-json\/wp\/v2\/product"}],"about":[{"href":"https:\/\/vimaterial.de\/it\/wp-json\/wp\/v2\/types\/product"}],"replies":[{"embeddable":true,"href":"https:\/\/vimaterial.de\/it\/wp-json\/wp\/v2\/comments?post=1007406"}],"wp:featuredmedia":[{"embeddable":true,"href":"https:\/\/vimaterial.de\/it\/wp-json\/wp\/v2\/media\/998532"}],"wp:attachment":[{"href":"https:\/\/vimaterial.de\/it\/wp-json\/wp\/v2\/media?parent=1007406"}],"wp:term":[{"taxonomy":"product_brand","embeddable":true,"href":"https:\/\/vimaterial.de\/it\/wp-json\/wp\/v2\/product_brand?post=1007406"},{"taxonomy":"product_cat","embeddable":true,"href":"https:\/\/vimaterial.de\/it\/wp-json\/wp\/v2\/product_cat?post=1007406"},{"taxonomy":"product_tag","embeddable":true,"href":"https:\/\/vimaterial.de\/it\/wp-json\/wp\/v2\/product_tag?post=1007406"}],"curies":[{"name":"wp","href":"https:\/\/api.w.org\/{rel}","templated":true}]}}