{"id":1007399,"date":"2024-06-17T13:52:42","date_gmt":"2024-06-17T05:52:42","guid":{"rendered":"https:\/\/vimaterial.de\/product\/titanato-di-alluminio\/"},"modified":"2024-11-07T16:09:18","modified_gmt":"2024-11-07T08:09:18","slug":"titanato-di-alluminio","status":"publish","type":"product","link":"https:\/\/vimaterial.de\/it\/product\/titanato-di-alluminio\/","title":{"rendered":"Titanato di alluminio"},"content":{"rendered":"<p>Il titanato di alluminio (Al\u2082TiO\u2085) \u00e8 un materiale ceramico noto per la sua eccellente resistenza agli shock termici, la bassa dilatazione termica e l&#8217;elevata refrattariet\u00e0, che lo rendono prezioso nelle applicazioni ad alta temperatura. Grazie alla sua microstruttura unica, il titanato di alluminio \u00e8 particolarmente adatto per applicazioni in cui i cicli termici sono frequenti, in quanto pu\u00f2 resistere a rapidi sbalzi di temperatura senza incrinarsi o deformarsi. \u00c8 ampiamente utilizzato in applicazioni automobilistiche, metallurgiche e industriali.  <\/p>\n<p>&nbsp;<\/p>\n<h2><span style=\"font-size: 14pt;\">Composizione chimica e struttura:<\/span><\/h2>\n<p>Formula: Al\u2082TiO\u2085, composto da ossido di alluminio (Al\u2082O\u2083) e biossido di titanio (TiO\u2082). Struttura cristallina: il titanato di alluminio ha una struttura cristallina anisotropa che gli conferisce una bassa conducibilit\u00e0 termica e un&#8217;eccezionale resistenza agli shock termici. Tuttavia, \u00e8 anche un po&#8217; fragile e pu\u00f2 subire una decomposizione di fase nel tempo ad alte temperature.<\/p>\n<p>&nbsp;<\/p>\n<h2><span style=\"font-size: 14pt;\">Propriet\u00e0 fisiche:<\/span><\/h2>\n<p>Aspetto: Tipicamente, il titanato di alluminio si presenta come una ceramica grigia o di colore chiaro. Bassa dilatazione termica: l&#8217;Al\u2082TiO\u2085 ha un&#8217;espansione termica prossima allo zero, che lo aiuta a mantenere la stabilit\u00e0 dimensionale in condizioni di riscaldamento e raffreddamento rapidi. Porosit\u00e0: spesso presenta una microstruttura porosa, che pu\u00f2 essere utile in alcune applicazioni, come la filtrazione, ma pu\u00f2 ridurre la resistenza meccanica.<\/p>\n<p>&nbsp;<\/p>\n<h2><span style=\"font-size: 14pt;\">Propriet\u00e0 termiche e chimiche:<\/span><\/h2>\n<p>Resistenza agli shock termici: una delle propriet\u00e0 distintive del titanato di alluminio \u00e8 la sua capacit\u00e0 di resistere a fluttuazioni di temperatura estreme e rapide senza crepe, rendendolo ideale per applicazioni con frequenti cicli termici. Elevata refrattariet\u00e0: l&#8217;Al\u2082TiO\u2085 \u00e8 stabile fino a temperature intorno ai 1500\u00b0C, il che \u00e8 adatto a molti processi ad alta temperatura. Inerzia chimica: \u00e8 chimicamente resistente a un&#8217;ampia gamma di materiali, tra cui molte scorie e metalli fusi, il che lo rende durevole in ambienti difficili.<\/p>\n<p>&nbsp;<\/p>\n<h2><span style=\"font-size: 14pt;\">Applicazioni:<\/span><\/h2>\n<p>Industria automobilistica: utilizzato nei componenti dei motori diesel, come le camicie delle luci di scarico, grazie alla sua resistenza agli shock termici e alla capacit\u00e0 di gestire le alte temperature. Fusione e fonderia: il titanato di alluminio viene utilizzato nelle applicazioni di fusione dei metalli, come tubi montanti, siviere e stampi, dove viene a contatto con i metalli fusi. La sua resistenza agli shock termici aiuta a ridurre le fessurazioni durante le variazioni di temperatura. Mobili da forno: Nella produzione di ceramica, il titanato di alluminio viene utilizzato per i mobili da forno, come gli scaffali, per supportare i prodotti in ceramica durante la cottura, in quanto pu\u00f2 resistere a ripetuti cicli di riscaldamento e raffreddamento senza deformarsi. Forni industriali: Come materiale refrattario, il titanato di alluminio viene utilizzato in vari componenti del forno, dove la stabilit\u00e0 alle alte temperature e la resistenza alla corrosione sono essenziali.<\/p>\n<p>&nbsp;<\/p>\n<h2><span style=\"font-size: 14pt;\">Manipolazione e lavorazione:<\/span><\/h2>\n<p>Lavorazione: il titanato di alluminio \u00e8 difficile da lavorare e pu\u00f2 richiedere utensili diamantati per la sagomatura e la finitura. Condizioni di conservazione: Stabile in condizioni ambientali standard; Tuttavia, \u00e8 necessario prestare attenzione per evitare urti meccanici dovuti alla sua natura fragile.<\/p>\n<p>&nbsp;<\/p>\n","protected":false},"excerpt":{"rendered":"<p>Il titanato di alluminio (Al\u2082TiO\u2085) \u00e8 un materiale ceramico noto per la sua eccellente resistenza agli shock termici, la bassa dilatazione termica e l&#8217;elevata refrattariet\u00e0, che lo rendono prezioso nelle applicazioni ad alta temperatura. Grazie alla sua microstruttura unica, il titanato di alluminio \u00e8 particolarmente adatto per applicazioni in cui i cicli termici sono frequenti, [&hellip;]<\/p>\n","protected":false},"featured_media":998550,"comment_status":"open","ping_status":"closed","template":"","meta":{"_acf_changed":false},"product_brand":[],"product_cat":[206],"product_tag":[],"class_list":{"0":"post-1007399","1":"product","2":"type-product","3":"status-publish","4":"has-post-thumbnail","6":"product_cat-altri-materiali","8":"first","9":"instock","10":"shipping-taxable","11":"product-type-variable"},"acf":[],"_links":{"self":[{"href":"https:\/\/vimaterial.de\/it\/wp-json\/wp\/v2\/product\/1007399","targetHints":{"allow":["GET"]}}],"collection":[{"href":"https:\/\/vimaterial.de\/it\/wp-json\/wp\/v2\/product"}],"about":[{"href":"https:\/\/vimaterial.de\/it\/wp-json\/wp\/v2\/types\/product"}],"replies":[{"embeddable":true,"href":"https:\/\/vimaterial.de\/it\/wp-json\/wp\/v2\/comments?post=1007399"}],"wp:featuredmedia":[{"embeddable":true,"href":"https:\/\/vimaterial.de\/it\/wp-json\/wp\/v2\/media\/998550"}],"wp:attachment":[{"href":"https:\/\/vimaterial.de\/it\/wp-json\/wp\/v2\/media?parent=1007399"}],"wp:term":[{"taxonomy":"product_brand","embeddable":true,"href":"https:\/\/vimaterial.de\/it\/wp-json\/wp\/v2\/product_brand?post=1007399"},{"taxonomy":"product_cat","embeddable":true,"href":"https:\/\/vimaterial.de\/it\/wp-json\/wp\/v2\/product_cat?post=1007399"},{"taxonomy":"product_tag","embeddable":true,"href":"https:\/\/vimaterial.de\/it\/wp-json\/wp\/v2\/product_tag?post=1007399"}],"curies":[{"name":"wp","href":"https:\/\/api.w.org\/{rel}","templated":true}]}}