{"id":1007393,"date":"2024-06-17T13:52:39","date_gmt":"2024-06-17T05:52:39","guid":{"rendered":"https:\/\/vimaterial.de\/product\/ioduro-di-alluminio\/"},"modified":"2024-11-07T16:02:43","modified_gmt":"2024-11-07T08:02:43","slug":"ioduro-di-alluminio","status":"publish","type":"product","link":"https:\/\/vimaterial.de\/it\/product\/ioduro-di-alluminio\/","title":{"rendered":"Ioduro di alluminio"},"content":{"rendered":"<p>Lo ioduro di alluminio (AlI\u2083) \u00e8 un composto inorganico composto da alluminio e iodio. \u00c8 generalmente noto in due forme: ioduro di alluminio anidro (AlI\u2083) e la forma esaidrato (AlI\u2083\u00b76H\u2082O). L&#8217;AlI\u2083 viene utilizzato principalmente come reagente nella sintesi organica, nella catalisi e in altri processi chimici specializzati.  <\/p>\n<p>&nbsp;<\/p>\n<h2><span style=\"font-size: 14pt;\">Propriet\u00e0 fisiche:<\/span><\/h2>\n<p>Formula chimica: AlI3, AlI3\u00b76H2O (esaidrato) Massa molare: 407,695 g\/mol (anidro) \/ 515,786 g\/mol (esaidrato) Aspetto: polvere bianca (anidra) o gialla (esaidrato) Densit\u00e0: 3,98 g\/cm3 (anidro) \/ 2,63 g\/cm3 (esaidrato) Punto di fusione: 188,28 \u00b0C (370,90 \u00b0F; 461,43 K) (anidro) \/ 185 \u00b0C, si decompone (esaidrato) Punto di ebollizione: 382 \u00b0C (720 \u00b0F; 655 K) anidro, sublime Solubilit\u00e0 in acqua: molto solubile, idrolisi parziale, Solubilit\u00e0 in alcool,  etere: solubile (esaidrato)<\/p>\n<p>&nbsp;<\/p>\n<h2><span style=\"font-size: 14pt;\">Applicazioni:<\/span><\/h2>\n<p>Agire come catalizzatore nelle reazioni organiche. Utilizzato come elettrolita nelle celle solari sensibilizzate al colorante. Sulla base del lavoro originale delle celle solari sensibilizzate con colorante, l&#8217;elettrolita di ioduro di alluminio \u00e8 stato preparato mediante reazione in situ di alluminio e iodio in soluzione con etanolo come solvente in ambiente atmosferico. L&#8217;elettrolita \u00e8 stato applicato direttamente alle celle solari sensibilizzate al colorante ed \u00e8 stata ottenuta un&#8217;elevata efficienza di conversione fotoelettrica del 5,9%. Questo nuovo elettrolita di ioduro di alluminio presenta quattro vantaggi, come il basso costo, la facilit\u00e0 di preparazione, le buone prestazioni e il rispetto dell&#8217;ambiente, che apre una nuova strada per la ricerca di elettroliti per celle solari sensibilizzati con colorante.<\/p>\n<p>&nbsp;<\/p>\n<h2><span style=\"font-size: 14pt;\">Movimentazione e stoccaggio:<\/span><\/h2>\n<p>Sensibilit\u00e0 all&#8217;umidit\u00e0: l&#8217;AlI\u2083 deve essere maneggiato in un&#8217;atmosfera secca e inerte, come azoto o argon, per evitare una rapida idrolisi. Requisiti di conservazione: Conservare lo ioduro di alluminio in contenitori ermeticamente sigillati, lontano dall&#8217;umidit\u00e0 e dall&#8217;aria, per mantenerne l&#8217;integrit\u00e0 e la reattivit\u00e0. Precauzioni di sicurezza: Poich\u00e9 si decompone per rilasciare acido iodico a contatto con l&#8217;acqua, la manipolazione richiede dispositivi di protezione adeguati (ad es. guanti, occhiali e cappa aspirante) per evitare l&#8217;esposizione a fumi corrosivi.<\/p>\n<p>&nbsp;<\/p>\n","protected":false},"excerpt":{"rendered":"<p>Lo ioduro di alluminio (AlI\u2083) \u00e8 un composto inorganico composto da alluminio e iodio. \u00c8 generalmente noto in due forme: ioduro di alluminio anidro (AlI\u2083) e la forma esaidrato (AlI\u2083\u00b76H\u2082O). L&#8217;AlI\u2083 viene utilizzato principalmente come reagente nella sintesi organica, nella catalisi e in altri processi chimici specializzati. &nbsp; Propriet\u00e0 fisiche: Formula chimica: AlI3, AlI3\u00b76H2O (esaidrato) [&hellip;]<\/p>\n","protected":false},"featured_media":998543,"comment_status":"open","ping_status":"closed","template":"","meta":{"_acf_changed":false},"product_brand":[],"product_cat":[201],"product_tag":[],"class_list":{"0":"post-1007393","1":"product","2":"type-product","3":"status-publish","4":"has-post-thumbnail","6":"product_cat-materiali-a-base-di-alogenuri","8":"first","9":"instock","10":"shipping-taxable","11":"product-type-variable"},"acf":[],"_links":{"self":[{"href":"https:\/\/vimaterial.de\/it\/wp-json\/wp\/v2\/product\/1007393","targetHints":{"allow":["GET"]}}],"collection":[{"href":"https:\/\/vimaterial.de\/it\/wp-json\/wp\/v2\/product"}],"about":[{"href":"https:\/\/vimaterial.de\/it\/wp-json\/wp\/v2\/types\/product"}],"replies":[{"embeddable":true,"href":"https:\/\/vimaterial.de\/it\/wp-json\/wp\/v2\/comments?post=1007393"}],"wp:featuredmedia":[{"embeddable":true,"href":"https:\/\/vimaterial.de\/it\/wp-json\/wp\/v2\/media\/998543"}],"wp:attachment":[{"href":"https:\/\/vimaterial.de\/it\/wp-json\/wp\/v2\/media?parent=1007393"}],"wp:term":[{"taxonomy":"product_brand","embeddable":true,"href":"https:\/\/vimaterial.de\/it\/wp-json\/wp\/v2\/product_brand?post=1007393"},{"taxonomy":"product_cat","embeddable":true,"href":"https:\/\/vimaterial.de\/it\/wp-json\/wp\/v2\/product_cat?post=1007393"},{"taxonomy":"product_tag","embeddable":true,"href":"https:\/\/vimaterial.de\/it\/wp-json\/wp\/v2\/product_tag?post=1007393"}],"curies":[{"name":"wp","href":"https:\/\/api.w.org\/{rel}","templated":true}]}}