{"id":1007336,"date":"2024-06-17T13:51:47","date_gmt":"2024-06-17T05:51:47","guid":{"rendered":"https:\/\/vimaterial.de\/product\/bromuro-di-alluminio\/"},"modified":"2024-11-06T17:07:08","modified_gmt":"2024-11-06T09:07:08","slug":"bromuro-di-alluminio","status":"publish","type":"product","link":"https:\/\/vimaterial.de\/it\/product\/bromuro-di-alluminio\/","title":{"rendered":"Bromuro di alluminio"},"content":{"rendered":"<p>Il bromuro di alluminio (AlBr\u2083) \u00e8 un composto di alluminio con tre atomi di bromo, noto per le sue propriet\u00e0 igroscopiche (che attirano l&#8217;acqua) e altamente reattive. Questo composto si presenta come un solido cristallino o una polvere da incolore a giallo chiaro ed \u00e8 comunemente usato nella sintesi organica, specialmente nelle reazioni di bromurazione. Il bromuro di alluminio esiste in due forme: anidro e idrato, con la forma anidra pi\u00f9 reattiva e ampiamente utilizzata nelle applicazioni industriali. Formula chimica: AlBr\u2083  <\/p>\n<h2><span style=\"font-size: 14pt;\">Propriet\u00e0 fisiche:<\/span><\/h2>\n<p>Aspetto: un solido cristallino bianco o giallo pallido nella sua forma anidra, che si trasforma in un liquido incolore quando viene fuso. Igroscopico: il bromuro di alluminio assorbe prontamente l&#8217;umidit\u00e0 dall&#8217;aria, spesso reagendo con l&#8217;acqua per formare una versione idratata. Punti di fusione e di ebollizione: Il punto di fusione dell&#8217;AlBr\u2083 anidro \u00e8 di circa 97,5\u00b0C e sublima a 255\u00b0C.<\/p>\n<p>&nbsp;<\/p>\n<h2><span style=\"font-size: 14pt;\">Propriet\u00e0 chimiche:<\/span><\/h2>\n<p>Acido di Lewis: il bromuro di alluminio agisce come un acido di Lewis forte, il che significa che pu\u00f2 accettare elettroni e catalizzare una variet\u00e0 di reazioni, in particolare in chimica organica. Reattivit\u00e0 con l&#8217;acqua: AlBr\u2083 reagisce prontamente con l&#8217;acqua per formare idrossido di alluminio e bromuro di idrogeno (HBr), rilasciando calore in una reazione esotermica. Corrosivo: \u00e8 corrosivo per i metalli e la pelle e rilascia fumi di bromuro di idrogeno, soprattutto quando viene a contatto con l&#8217;umidit\u00e0.<\/p>\n<p>&nbsp;<\/p>\n<h2><span style=\"font-size: 14pt;\">Applicazioni:<\/span><\/h2>\n<p>Sintesi organica: il bromuro di alluminio \u00e8 ampiamente utilizzato come catalizzatore nelle reazioni organiche, in particolare nelle reazioni di bromurazione e nell&#8217;alchilazione e acilazione di Friedel-Crafts, dove aiuta ad aggiungere gruppi alchilici o acilici agli anelli aromatici. Industria farmaceutica e chimica: viene utilizzato nella sintesi di vari intermedi chimici e prodotti chimici speciali, inclusi prodotti farmaceutici, coloranti e prodotti chimici per l&#8217;agricoltura. Catalizzatore di polimerizzazione: L&#8217;AlBr\u2083 funge da catalizzatore nella polimerizzazione e copolimerizzazione di alcuni composti organici, favorendo la produzione di polimeri con propriet\u00e0 specifiche.<\/p>\n<p>&nbsp;<\/p>\n<h2><span style=\"font-size: 14pt;\">Maneggevolezza e sicurezza:<\/span><\/h2>\n<p>Natura corrosiva: Il bromuro di alluminio \u00e8 altamente corrosivo e deve essere maneggiato con cura. Il contatto diretto con la pelle o l&#8217;inalazione dei suoi fumi pu\u00f2 causare irritazioni o ustioni. Sensibilit\u00e0 all&#8217;umidit\u00e0: AlBr\u2083 deve essere conservato in contenitori ermetici in un ambiente asciutto, poich\u00e9 reagisce con l&#8217;umidit\u00e0 nell&#8217;aria, che pu\u00f2 portare alla decomposizione e al rilascio di gas bromuro di idrogeno corrosivo. Misure di protezione: Quando si maneggia AlBr\u2083, utilizzare dispositivi di protezione individuale (DPI) adeguati come guanti, occhiali protettivi e camice da laboratorio per prevenire l&#8217;esposizione. Garantire un&#8217;adeguata ventilazione nell&#8217;area di lavoro per evitare l&#8217;inalazione di fumi. <\/p>\n<p>&nbsp;<\/p>\n<h2><span style=\"font-size: 14pt;\">Immagazzinamento:<\/span><\/h2>\n<p>Contenitori ermetici: A causa della sua natura igroscopica, AlBr\u2083 deve essere conservato in contenitori sigillati ed ermetici, conservati in un luogo fresco e asciutto, lontano da qualsiasi fonte di umidit\u00e0. Stoccaggio in atmosfera inerte (se possibile): lo stoccaggio di AlBr\u2083 in un&#8217;atmosfera inerte, come l&#8217;azoto o l&#8217;argon, pu\u00f2 proteggerlo ulteriormente dall&#8217;umidit\u00e0 e mantenere la sua reattivit\u00e0 per periodi pi\u00f9 lunghi.<\/p>\n<p>&nbsp;<\/p>\n","protected":false},"excerpt":{"rendered":"<p>Il bromuro di alluminio (AlBr\u2083) \u00e8 un composto di alluminio con tre atomi di bromo, noto per le sue propriet\u00e0 igroscopiche (che attirano l&#8217;acqua) e altamente reattive. Questo composto si presenta come un solido cristallino o una polvere da incolore a giallo chiaro ed \u00e8 comunemente usato nella sintesi organica, specialmente nelle reazioni di bromurazione. [&hellip;]<\/p>\n","protected":false},"featured_media":998516,"comment_status":"open","ping_status":"closed","template":"","meta":{"_acf_changed":false},"product_brand":[],"product_cat":[201],"product_tag":[],"class_list":{"0":"post-1007336","1":"product","2":"type-product","3":"status-publish","4":"has-post-thumbnail","6":"product_cat-materiali-a-base-di-alogenuri","8":"first","9":"instock","10":"shipping-taxable","11":"product-type-variable"},"acf":[],"_links":{"self":[{"href":"https:\/\/vimaterial.de\/it\/wp-json\/wp\/v2\/product\/1007336","targetHints":{"allow":["GET"]}}],"collection":[{"href":"https:\/\/vimaterial.de\/it\/wp-json\/wp\/v2\/product"}],"about":[{"href":"https:\/\/vimaterial.de\/it\/wp-json\/wp\/v2\/types\/product"}],"replies":[{"embeddable":true,"href":"https:\/\/vimaterial.de\/it\/wp-json\/wp\/v2\/comments?post=1007336"}],"wp:featuredmedia":[{"embeddable":true,"href":"https:\/\/vimaterial.de\/it\/wp-json\/wp\/v2\/media\/998516"}],"wp:attachment":[{"href":"https:\/\/vimaterial.de\/it\/wp-json\/wp\/v2\/media?parent=1007336"}],"wp:term":[{"taxonomy":"product_brand","embeddable":true,"href":"https:\/\/vimaterial.de\/it\/wp-json\/wp\/v2\/product_brand?post=1007336"},{"taxonomy":"product_cat","embeddable":true,"href":"https:\/\/vimaterial.de\/it\/wp-json\/wp\/v2\/product_cat?post=1007336"},{"taxonomy":"product_tag","embeddable":true,"href":"https:\/\/vimaterial.de\/it\/wp-json\/wp\/v2\/product_tag?post=1007336"}],"curies":[{"name":"wp","href":"https:\/\/api.w.org\/{rel}","templated":true}]}}