{"id":1007319,"date":"2024-06-17T13:51:46","date_gmt":"2024-06-17T05:51:46","guid":{"rendered":"https:\/\/vimaterial.de\/product\/nitruro-di-alluminio-2\/"},"modified":"2024-11-06T17:16:14","modified_gmt":"2024-11-06T09:16:14","slug":"nitruro-di-alluminio-2","status":"publish","type":"product","link":"https:\/\/vimaterial.de\/it\/product\/nitruro-di-alluminio-2\/","title":{"rendered":"Nitruro di alluminio"},"content":{"rendered":"<p>La ceramica per pressatura a secco in nitruro di alluminio \u00e8 un materiale ceramico ad alte prestazioni noto per la sua eccellente conduttivit\u00e0 termica, l&#8217;elevato isolamento elettrico e la stabilit\u00e0 termica. Le ceramiche al nitruro di alluminio prodotte mediante pressatura a secco sono ampiamente utilizzate nelle applicazioni elettroniche e di gestione termica, dove un&#8217;efficiente dissipazione del calore e l&#8217;isolamento elettrico sono fondamentali. La pressatura a secco \u00e8 un metodo di produzione comune per la ceramica AlN, che consente la produzione di forme precise e strutture dense, rendendola ideale per substrati, isolanti e componenti in dispositivi ad alta potenza. <\/p>\n<p>&nbsp;<\/p>\n<h2><span style=\"font-size: 14pt;\">Composizione e struttura:<\/span><\/h2>\n<p>Nitruro di alluminio (AlN): composto da alluminio e azoto, l&#8217;AlN \u00e8 un composto legato covalentemente che conferisce alla ceramica la sua elevata conduttivit\u00e0 termica ed eccellenti propriet\u00e0 di isolamento elettrico. Microstruttura densa: la pressatura a secco produce ceramiche dense e uniformi con una porosit\u00e0 minima, con conseguente maggiore resistenza e durata.<\/p>\n<p>&nbsp;<\/p>\n<h2><span style=\"font-size: 14pt;\">Propriet\u00e0 fisiche:<\/span><\/h2>\n<p>Elevata conducibilit\u00e0 termica: la ceramica per pressatura a secco al nitruro di alluminio ha una delle pi\u00f9 alte conducibilit\u00e0 termiche tra i materiali ceramici, in genere intorno a 170-200 W\/m\u00b7K. Questa propriet\u00e0 lo rende eccellente per la dissipazione del calore nei dispositivi elettronici. Elevato isolamento elettrico: con un&#8217;elevata rigidit\u00e0 dielettrica, la ceramica AlN funge da efficace isolante elettrico, prevenendo flussi di corrente indesiderati e interferenze elettriche. Stabilit\u00e0 termica: l&#8217;AlN mantiene le sue propriet\u00e0 alle alte temperature (fino a circa 1000\u00b0C in ambienti inerti), rendendolo adatto per applicazioni ad alta temperatura. <\/p>\n<p>&nbsp;<\/p>\n<h2><span style=\"font-size: 14pt;\">Propriet\u00e0 chimiche:<\/span><\/h2>\n<p>Inerzia a molte sostanze chimiche: l&#8217;AlN \u00e8 generalmente resistente alla corrosione della maggior parte delle sostanze chimiche, sebbene possa essere suscettibile all&#8217;idrolisi in presenza di vapore acqueo o ambienti umidi nel tempo. Non ossidante: l&#8217;AlN \u00e8 stabile in atmosfere inerti e ricche di azoto, ma pu\u00f2 ossidarsi a temperature molto elevate nell&#8217;aria, formando uno strato di ossido di alluminio (Al\u2082O\u2083) sulla superficie.<\/p>\n<p>&nbsp;<\/p>\n<h2><span style=\"font-size: 14pt;\">Produzione mediante pressatura a secco:<\/span><\/h2>\n<p>Processo di pressatura a secco: questo metodo prevede la pressatura della polvere di AlN in uno stampo ad alta pressione per ottenere la forma desiderata. Il compatto viene quindi sinterizzato ad alte temperature per creare una ceramica densa con un ritiro minimo. Vantaggi: la pressatura a secco consente di ottenere forme precise, densit\u00e0 uniforme ed \u00e8 conveniente per la produzione di grandi volumi di componenti con una qualit\u00e0 costante. <\/p>\n<p>&nbsp;<\/p>\n<h2><span style=\"font-size: 14pt;\">Applicazioni:<\/span><\/h2>\n<p>Substrati elettronici: Grazie alla sua elevata conduttivit\u00e0 termica e isolamento elettrico, la ceramica AlN \u00e8 ampiamente utilizzata come substrato nell&#8217;elettronica di potenza, nei moduli LED e in altri dispositivi elettronici ad alte prestazioni. Dissipatori di calore e componenti per la gestione termica: la conduttivit\u00e0 termica di AlN lo rende ideale per i componenti che dissipano il calore in dispositivi ad alta potenza, come transistor, tiristori e circuiti ad alta frequenza. Componenti isolanti in applicazioni ad alta tensione: la rigidit\u00e0 dielettrica e la stabilit\u00e0 di AlN lo rendono adatto per isolanti in dispositivi che operano ad alte tensioni. Apparecchiature per la lavorazione dei semiconduttori: L&#8217;AlN viene utilizzato nella fabbricazione di semiconduttori grazie alla sua inerzia chimica e stabilit\u00e0 termica, fornendo un materiale durevole e resistente al calore per le apparecchiature di elaborazione.<\/p>\n<p>&nbsp;<\/p>\n<h2><span style=\"font-size: 14pt;\">Maneggio:<\/span><\/h2>\n<p>Fragilit\u00e0: Sebbene dense e resistenti, le ceramiche per pressatura a secco al nitruro di alluminio possono essere fragili, quindi si consiglia un&#8217;attenta manipolazione per evitare fratture o scheggiature. Conservazione: Per evitare l&#8217;idrolisi o il degrado, la ceramica per pressatura a secco al nitruro di alluminio dovrebbe idealmente essere conservata in ambienti asciutti e a bassa umidit\u00e0 se l&#8217;esposizione prolungata all&#8217;umidit\u00e0 \u00e8 un problema.<\/p>\n","protected":false},"excerpt":{"rendered":"<p>La ceramica per pressatura a secco in nitruro di alluminio \u00e8 un materiale ceramico ad alte prestazioni noto per la sua eccellente conduttivit\u00e0 termica, l&#8217;elevato isolamento elettrico e la stabilit\u00e0 termica. Le ceramiche al nitruro di alluminio prodotte mediante pressatura a secco sono ampiamente utilizzate nelle applicazioni elettroniche e di gestione termica, dove un&#8217;efficiente dissipazione [&hellip;]<\/p>\n","protected":false},"featured_media":998501,"comment_status":"open","ping_status":"closed","template":"","meta":{"_acf_changed":false},"product_brand":[],"product_cat":[198],"product_tag":[],"class_list":{"0":"post-1007319","1":"product","2":"type-product","3":"status-publish","4":"has-post-thumbnail","6":"product_cat-materiali-per-levaporazione","8":"first","9":"instock","10":"shipping-taxable","11":"product-type-variable"},"acf":[],"_links":{"self":[{"href":"https:\/\/vimaterial.de\/it\/wp-json\/wp\/v2\/product\/1007319","targetHints":{"allow":["GET"]}}],"collection":[{"href":"https:\/\/vimaterial.de\/it\/wp-json\/wp\/v2\/product"}],"about":[{"href":"https:\/\/vimaterial.de\/it\/wp-json\/wp\/v2\/types\/product"}],"replies":[{"embeddable":true,"href":"https:\/\/vimaterial.de\/it\/wp-json\/wp\/v2\/comments?post=1007319"}],"wp:featuredmedia":[{"embeddable":true,"href":"https:\/\/vimaterial.de\/it\/wp-json\/wp\/v2\/media\/998501"}],"wp:attachment":[{"href":"https:\/\/vimaterial.de\/it\/wp-json\/wp\/v2\/media?parent=1007319"}],"wp:term":[{"taxonomy":"product_brand","embeddable":true,"href":"https:\/\/vimaterial.de\/it\/wp-json\/wp\/v2\/product_brand?post=1007319"},{"taxonomy":"product_cat","embeddable":true,"href":"https:\/\/vimaterial.de\/it\/wp-json\/wp\/v2\/product_cat?post=1007319"},{"taxonomy":"product_tag","embeddable":true,"href":"https:\/\/vimaterial.de\/it\/wp-json\/wp\/v2\/product_tag?post=1007319"}],"curies":[{"name":"wp","href":"https:\/\/api.w.org\/{rel}","templated":true}]}}