{"id":1007308,"date":"2024-06-17T13:51:45","date_gmt":"2024-06-17T05:51:45","guid":{"rendered":"https:\/\/vimaterial.de\/product\/nitruro-di-alluminio\/"},"modified":"2024-11-07T14:41:54","modified_gmt":"2024-11-07T06:41:54","slug":"nitruro-di-alluminio","status":"publish","type":"product","link":"https:\/\/vimaterial.de\/it\/product\/nitruro-di-alluminio\/","title":{"rendered":"Nitruro di alluminio"},"content":{"rendered":"<p>La piastra in ceramica di nitruro di alluminio \u00e8 un componente ceramico ad alte prestazioni noto per la sua eccezionale conduttivit\u00e0 termica, isolamento elettrico e stabilit\u00e0 termica. Le piastre ceramiche in nitruro di alluminio sono ampiamente utilizzate in applicazioni che richiedono un&#8217;efficace dissipazione del calore e isolamento elettrico, in particolare nell&#8217;elettronica e nei dispositivi ad alta potenza. Le piastre in ceramica AlN sono realizzate con precisione per fornire una gestione termica coerente e affidabile in configurazioni elettroniche compatte e ad alte prestazioni.  <\/p>\n<p>&nbsp;<\/p>\n<h2><span style=\"font-size: 14pt;\">Composizione e struttura:<\/span><\/h2>\n<p>Nitruro di alluminio (AlN): composto da atomi di alluminio e azoto, l&#8217;AlN ha una struttura cristallina covalente che gli conferisce un&#8217;elevata conduttivit\u00e0 termica e forti propriet\u00e0 dielettriche. Superficie densa e non porosa: le lastre ceramiche in nitruro di alluminio sono prodotte per avere una superficie densa e liscia con una porosit\u00e0 minima, migliorandone la resistenza meccanica e l&#8217;efficienza termica.<\/p>\n<p>&nbsp;<\/p>\n<h2><span style=\"font-size: 14pt;\">Propriet\u00e0 fisiche:<\/span><\/h2>\n<p>Elevata conducibilit\u00e0 termica: l&#8217;AlN ha una delle pi\u00f9 alte conducibilit\u00e0 termiche di qualsiasi materiale ceramico, in genere circa 170-200 W\/m\u00b7K, il che lo rende ideale per la dissipazione del calore. Eccellente isolamento elettrico: AlN offre un&#8217;elevata rigidit\u00e0 dielettrica e una bassa perdita dielettrica, consentendogli di funzionare efficacemente come isolante, anche in applicazioni ad alta tensione e ad alta frequenza. Resistenza meccanica e rigidit\u00e0: le piastre ceramiche in nitruro di alluminio sono dure e meccanicamente stabili, fornendo un buon supporto strutturale in varie applicazioni.<\/p>\n<p>&nbsp;<\/p>\n<h2><span style=\"font-size: 14pt;\">Propriet\u00e0 termiche e chimiche:<\/span><\/h2>\n<p>Stabilit\u00e0 termica: l&#8217;AlN \u00e8 stabile fino a temperature elevate (fino a circa 1000\u00b0C in aria) e pu\u00f2 resistere ai cicli termici senza un degrado significativo, il che lo rende adatto per applicazioni ad alta temperatura. Resistenza chimica: L&#8217;AlN \u00e8 generalmente resistente a molti prodotti chimici e solventi, sebbene possa reagire con l&#8217;umidit\u00e0 nel tempo. Un sottile strato protettivo di ossido pu\u00f2 formarsi sulla superficie se esposto all&#8217;aria, ma ci\u00f2 non influisce sulle prestazioni nella maggior parte delle applicazioni.<\/p>\n<p>&nbsp;<\/p>\n<h2><span style=\"font-size: 14pt;\">Applicazioni:<\/span><\/h2>\n<p>Substrati elettronici: le piastre ceramiche in nitruro di alluminio fungono da substrati per circuiti elettronici, LED e altri componenti elettronici ad alta potenza, fornendo un&#8217;efficace gestione termica e isolamento elettrico. Spandiconcime e dissipatori di calore: l&#8217;elevata conduttivit\u00e0 termica dell&#8217;AlN ne consente l&#8217;utilizzo come dissipatore o dissipatore di calore in dispositivi che generano calore significativo, come transistor, MOSFET e tiristori. Elettronica di potenza e dispositivi RF: le propriet\u00e0 isolanti e termiche dell&#8217;AlN lo rendono adatto per l&#8217;elettronica di potenza e i componenti a radiofrequenza (RF), dove la gestione del calore e la prevenzione delle interferenze elettriche sono fondamentali. Moduli laser e LED: nei diodi laser e nei moduli LED, le piastre AlN aiutano a dissipare il calore in modo efficiente, prolungando la durata del dispositivo e mantenendo la stabilit\u00e0 delle prestazioni.<\/p>\n<p>&nbsp;<\/p>\n<h2><span style=\"font-size: 14pt;\">Movimentazione e stoccaggio:<\/span><\/h2>\n<p>Fragilit\u00e0: nonostante la loro resistenza meccanica, le piastre ceramiche in nitruro di alluminio possono essere fragili, quindi si consiglia una manipolazione attenta per evitare crepe o scheggiature. Sensibilit\u00e0 all&#8217;umidit\u00e0: sebbene stabili in ambienti asciutti, le piastre ceramiche in nitruro di alluminio dovrebbero idealmente essere conservate in condizioni di bassa umidit\u00e0 per evitare reazioni superficiali, soprattutto per una conservazione prolungata.<\/p>\n","protected":false},"excerpt":{"rendered":"<p>La piastra in ceramica di nitruro di alluminio \u00e8 un componente ceramico ad alte prestazioni noto per la sua eccezionale conduttivit\u00e0 termica, isolamento elettrico e stabilit\u00e0 termica. Le piastre ceramiche in nitruro di alluminio sono ampiamente utilizzate in applicazioni che richiedono un&#8217;efficace dissipazione del calore e isolamento elettrico, in particolare nell&#8217;elettronica e nei dispositivi ad [&hellip;]<\/p>\n","protected":false},"featured_media":998485,"comment_status":"open","ping_status":"closed","template":"","meta":{"_acf_changed":false},"product_brand":[],"product_cat":[207],"product_tag":[],"class_list":{"0":"post-1007308","1":"product","2":"type-product","3":"status-publish","4":"has-post-thumbnail","6":"product_cat-profilo","8":"first","9":"instock","10":"shipping-taxable","11":"product-type-variable"},"acf":[],"_links":{"self":[{"href":"https:\/\/vimaterial.de\/it\/wp-json\/wp\/v2\/product\/1007308","targetHints":{"allow":["GET"]}}],"collection":[{"href":"https:\/\/vimaterial.de\/it\/wp-json\/wp\/v2\/product"}],"about":[{"href":"https:\/\/vimaterial.de\/it\/wp-json\/wp\/v2\/types\/product"}],"replies":[{"embeddable":true,"href":"https:\/\/vimaterial.de\/it\/wp-json\/wp\/v2\/comments?post=1007308"}],"wp:featuredmedia":[{"embeddable":true,"href":"https:\/\/vimaterial.de\/it\/wp-json\/wp\/v2\/media\/998485"}],"wp:attachment":[{"href":"https:\/\/vimaterial.de\/it\/wp-json\/wp\/v2\/media?parent=1007308"}],"wp:term":[{"taxonomy":"product_brand","embeddable":true,"href":"https:\/\/vimaterial.de\/it\/wp-json\/wp\/v2\/product_brand?post=1007308"},{"taxonomy":"product_cat","embeddable":true,"href":"https:\/\/vimaterial.de\/it\/wp-json\/wp\/v2\/product_cat?post=1007308"},{"taxonomy":"product_tag","embeddable":true,"href":"https:\/\/vimaterial.de\/it\/wp-json\/wp\/v2\/product_tag?post=1007308"}],"curies":[{"name":"wp","href":"https:\/\/api.w.org\/{rel}","templated":true}]}}