{"id":1046995,"date":"2024-05-15T11:13:48","date_gmt":"2024-05-15T03:13:48","guid":{"rendered":"https:\/\/vimaterial.de\/controllo-qualita\/"},"modified":"2025-11-25T15:48:26","modified_gmt":"2025-11-25T07:48:26","slug":"controllo-qualita","status":"publish","type":"page","link":"https:\/\/vimaterial.de\/it\/controllo-qualita\/","title":{"rendered":"CONTROLLO QUALIT\u00c0"},"content":{"rendered":"\t\t<div data-elementor-type=\"wp-page\" data-elementor-id=\"1046995\" class=\"elementor elementor-1046995 elementor-988170\" data-elementor-post-type=\"page\">\n\t\t\t\t<div class=\"elementor-element elementor-element-77bb935 e-flex e-con-boxed e-con e-parent\" data-id=\"77bb935\" data-element_type=\"container\" data-e-type=\"container\">\n\t\t\t\t\t<div class=\"e-con-inner\">\n\t\t\t\t<div class=\"elementor-element elementor-element-72e7750 animated-slow elementor-invisible elementor-widget elementor-widget-heading\" data-id=\"72e7750\" data-element_type=\"widget\" data-e-type=\"widget\" data-settings=\"{&quot;_animation&quot;:&quot;fadeIn&quot;}\" data-widget_type=\"heading.default\">\n\t\t\t\t<div class=\"elementor-widget-container\">\n\t\t\t\t\t<h1 class=\"elementor-heading-title elementor-size-default\">Controllo qualit\u00e0<\/h1>\t\t\t\t<\/div>\n\t\t\t\t<\/div>\n\t\t\t\t<div class=\"elementor-element elementor-element-a5640f4 elementor-widget elementor-widget-text-editor\" data-id=\"a5640f4\" data-element_type=\"widget\" data-e-type=\"widget\" data-widget_type=\"text-editor.default\">\n\t\t\t\t<div class=\"elementor-widget-container\">\n\t\t\t\t\t\t\t\t\t<p>VI HALBLEITERMATERIAL GmbH (VIMATERIAL) impiega un rigoroso sistema di garanzia della qualit\u00e0 per assicurare l&#8217;affidabilit\u00e0 della qualit\u00e0 dei suoi prodotti. Il controllo di qualit\u00e0 \u00e8 rigoroso in tutta la catena di produzione e per i prodotti difettosi applichiamo rigorosamente il <span style=\"color: #000000;\">principio<\/span> della rilavorazione e del rifacimento. Ogni lotto viene rilasciato solo dopo aver superato test dettagliati sulle specifiche.<\/p><p>VIMATERIAL si attiene ai pi\u00f9 alti standard in tutti gli aspetti per garantire la fornitura di prodotti e servizi di alta qualit\u00e0. Dalla ricerca e sviluppo, alla produzione, alla spedizione e al servizio clienti, VIMATERIAL gestisce l&#8217;intero processo in modo meticoloso. Qualsiasi deviazione o non conformit\u00e0 viene rigorosamente esaminata secondo la procedura di risoluzione dei problemi 8D. Rispettiamo pienamente i requisiti del regolamento REACH (Registration, Evaluation, Authorization, and Restriction of Chemicals) per servire meglio i nostri clienti all&#8217;interno dell&#8217;Unione Europea\/Spazio Economico Europeo (UE\/EEA).<\/p><p>I nostri prodotti sono conformi a tutti gli standard ASTM e a quelli specifici del settore. VIMATERIAL si impegna a garantire il massimo controllo della qualit\u00e0 e la coerenza tra i lotti. Sosteniamo fortemente gli obiettivi generali del regolamento REACH (Registration, Evaluation, Authorization, and Restriction of Chemicals) per migliorare e proteggere la salute umana e l&#8217;ambiente, creando un mondo sostenibile. VIMATERIAL mantiene una documentazione completa e una tracciabilit\u00e0 dei lotti, dedicata alla creazione di una catena di fornitura socialmente responsabile.<\/p>\t\t\t\t\t\t\t\t<\/div>\n\t\t\t\t<\/div>\n\t\t\t\t\t<\/div>\n\t\t\t\t<\/div>\n\t\t<div class=\"elementor-element elementor-element-36dfe85 e-flex e-con-boxed e-con e-parent\" data-id=\"36dfe85\" data-element_type=\"container\" data-e-type=\"container\">\n\t\t\t\t\t<div class=\"e-con-inner\">\n\t\t\t\t<div class=\"elementor-element elementor-element-2ae4cf9 elementor-widget elementor-widget-image\" data-id=\"2ae4cf9\" data-element_type=\"widget\" data-e-type=\"widget\" data-widget_type=\"image.default\">\n\t\t\t\t<div class=\"elementor-widget-container\">\n\t\t\t\t\t\t\t\t\t\t\t\t\t\t\t<img fetchpriority=\"high\" decoding=\"async\" width=\"800\" height=\"220\" src=\"https:\/\/vimaterial.de\/wp-content\/uploads\/2024\/10\/QC-1.png\" class=\"attachment-large size-large wp-image-1038039\" alt=\"Controllo qualit\u00e0 - VIMATERIAL\" srcset=\"https:\/\/vimaterial.de\/wp-content\/uploads\/2024\/10\/QC-1.png 938w, https:\/\/vimaterial.de\/wp-content\/uploads\/2024\/10\/QC-1-300x83.png 300w, https:\/\/vimaterial.de\/wp-content\/uploads\/2024\/10\/QC-1-768x211.png 768w, https:\/\/vimaterial.de\/wp-content\/uploads\/2024\/10\/QC-1-600x165.png 600w\" sizes=\"(max-width: 800px) 100vw, 800px\" title=\"\">\t\t\t\t\t\t\t\t\t\t\t\t\t\t\t<\/div>\n\t\t\t\t<\/div>\n\t\t\t\t\t<\/div>\n\t\t\t\t<\/div>\n\t\t<div class=\"elementor-element elementor-element-1979971 e-flex e-con-boxed e-con e-child\" data-id=\"1979971\" data-element_type=\"container\" data-e-type=\"container\">\n\t\t\t\t\t<div class=\"e-con-inner\">\n\t\t\t\t<div class=\"elementor-element elementor-element-a5dc292 elementor-widget elementor-widget-heading\" data-id=\"a5dc292\" data-element_type=\"widget\" data-e-type=\"widget\" data-widget_type=\"heading.default\">\n\t\t\t\t<div class=\"elementor-widget-container\">\n\t\t\t\t\t<h2 class=\"elementor-heading-title elementor-size-default\">Produzione QA\/QC<\/h2>\t\t\t\t<\/div>\n\t\t\t\t<\/div>\n\t\t\t\t<div class=\"elementor-element elementor-element-bf80fad elementor-widget elementor-widget-text-editor\" data-id=\"bf80fad\" data-element_type=\"widget\" data-e-type=\"widget\" data-widget_type=\"text-editor.default\">\n\t\t\t\t<div class=\"elementor-widget-container\">\n\t\t\t\t\t\t\t\t\t<p>Di seguito viene illustrato come il controllo qualit\u00e0 di VIMATERIAL assicura la massima qualit\u00e0 dei nostri prodotti <span style=\"color: #333399;\"><a style=\"color: #333399;\" href=\"https:\/\/vimaterial.de\/it\/elenco-prodotti\/\">dei nostri prodotti<\/a><\/span>.<\/p>\t\t\t\t\t\t\t\t<\/div>\n\t\t\t\t<\/div>\n\t\t<div class=\"elementor-element elementor-element-14e115d e-con-full e-flex e-con e-child\" data-id=\"14e115d\" data-element_type=\"container\" data-e-type=\"container\">\n\t\t<div class=\"elementor-element elementor-element-fa6f28a e-con-full e-flex e-con e-child\" data-id=\"fa6f28a\" data-element_type=\"container\" data-e-type=\"container\" data-settings=\"{&quot;background_background&quot;:&quot;classic&quot;}\">\n\t\t\t\t<div class=\"elementor-element elementor-element-86bd93c elementor-widget elementor-widget-heading\" data-id=\"86bd93c\" data-element_type=\"widget\" data-e-type=\"widget\" data-widget_type=\"heading.default\">\n\t\t\t\t<div class=\"elementor-widget-container\">\n\t\t\t\t\t<h4 class=\"elementor-heading-title elementor-size-default\">Selezione della materia prima<\/h4>\t\t\t\t<\/div>\n\t\t\t\t<\/div>\n\t\t\t\t<div class=\"elementor-element elementor-element-20e91ab elementor-widget elementor-widget-text-editor\" data-id=\"20e91ab\" data-element_type=\"widget\" data-e-type=\"widget\" data-widget_type=\"text-editor.default\">\n\t\t\t\t<div class=\"elementor-widget-container\">\n\t\t\t\t\t\t\t\t\t<p>Selezioniamo rigorosamente materie prime di elevata purezza per garantire la qualit\u00e0 e la coerenza del prodotto finale.<\/p>\t\t\t\t\t\t\t\t<\/div>\n\t\t\t\t<\/div>\n\t\t\t\t<\/div>\n\t\t<div class=\"elementor-element elementor-element-8af45a0 e-con-full e-flex e-con e-child\" data-id=\"8af45a0\" data-element_type=\"container\" data-e-type=\"container\" data-settings=\"{&quot;background_background&quot;:&quot;classic&quot;}\">\n\t\t\t\t<div class=\"elementor-element elementor-element-cacb0eb elementor-widget elementor-widget-heading\" data-id=\"cacb0eb\" data-element_type=\"widget\" data-e-type=\"widget\" data-widget_type=\"heading.default\">\n\t\t\t\t<div class=\"elementor-widget-container\">\n\t\t\t\t\t<h4 class=\"elementor-heading-title elementor-size-default\">Monitoraggio del processo<\/h4>\t\t\t\t<\/div>\n\t\t\t\t<\/div>\n\t\t\t\t<div class=\"elementor-element elementor-element-fb08297 elementor-widget elementor-widget-text-editor\" data-id=\"fb08297\" data-element_type=\"widget\" data-e-type=\"widget\" data-widget_type=\"text-editor.default\">\n\t\t\t\t<div class=\"elementor-widget-container\">\n\t\t\t\t\t\t\t\t\t<p>L&#8217;AQ gestisce l&#8217;intero processo produttivo per garantire la qualit\u00e0. L&#8217;analisi dei modi e degli effetti dei guasti (FMEA) viene applicata allo sviluppo dei prodotti e dei processi. Le attrezzature e l&#8217;ambiente di produzione sono monitorati e controllati, il controllo statistico di processo (<span style=\"color: #333399;\"><a style=\"color: #333399;\" href=\"https:\/\/en.wikipedia.org\/wiki\/Statistical_process_control\" rel=\"nofollow noopener\" target=\"_blank\">SPC<\/a><\/span>) viene implementato durante la produzione e l&#8217;affidabilit\u00e0 del prodotto viene monitorata quotidianamente.<\/p>\t\t\t\t\t\t\t\t<\/div>\n\t\t\t\t<\/div>\n\t\t\t\t<\/div>\n\t\t<div class=\"elementor-element elementor-element-fce09f9 e-con-full e-flex e-con e-child\" data-id=\"fce09f9\" data-element_type=\"container\" data-e-type=\"container\" data-settings=\"{&quot;background_background&quot;:&quot;classic&quot;}\">\n\t\t\t\t<div class=\"elementor-element elementor-element-3574526 elementor-widget elementor-widget-heading\" data-id=\"3574526\" data-element_type=\"widget\" data-e-type=\"widget\" data-widget_type=\"heading.default\">\n\t\t\t\t<div class=\"elementor-widget-container\">\n\t\t\t\t\t<h4 class=\"elementor-heading-title elementor-size-default\">Procedure di test multiple<\/h4>\t\t\t\t<\/div>\n\t\t\t\t<\/div>\n\t\t\t\t<div class=\"elementor-element elementor-element-9c0daaa elementor-widget elementor-widget-text-editor\" data-id=\"9c0daaa\" data-element_type=\"widget\" data-e-type=\"widget\" data-widget_type=\"text-editor.default\">\n\t\t\t\t<div class=\"elementor-widget-container\">\n\t\t\t\t\t\t\t\t\t<p>Ogni lotto \u00e8 sottoposto a diverse procedure di test, tra cui l&#8217;analisi della composizione chimica, i test sulle propriet\u00e0 fisiche e l&#8217;ispezione della microstruttura. Per i prodotti non conformi, applichiamo rigorosamente una politica di non rilascio ed eseguiamo una rilavorazione.<\/p>\t\t\t\t\t\t\t\t<\/div>\n\t\t\t\t<\/div>\n\t\t\t\t<\/div>\n\t\t<div class=\"elementor-element elementor-element-700e459 e-con-full e-flex e-con e-child\" data-id=\"700e459\" data-element_type=\"container\" data-e-type=\"container\" data-settings=\"{&quot;background_background&quot;:&quot;classic&quot;}\">\n\t\t\t\t<div class=\"elementor-element elementor-element-96a459f elementor-widget elementor-widget-heading\" data-id=\"96a459f\" data-element_type=\"widget\" data-e-type=\"widget\" data-widget_type=\"heading.default\">\n\t\t\t\t<div class=\"elementor-widget-container\">\n\t\t\t\t\t<h4 class=\"elementor-heading-title elementor-size-default\">Miglioramento continuo<\/h4>\t\t\t\t<\/div>\n\t\t\t\t<\/div>\n\t\t\t\t<div class=\"elementor-element elementor-element-19ada3f elementor-widget elementor-widget-text-editor\" data-id=\"19ada3f\" data-element_type=\"widget\" data-e-type=\"widget\" data-widget_type=\"text-editor.default\">\n\t\t\t\t<div class=\"elementor-widget-container\">\n\t\t\t\t\t\t\t\t\t<p>Grazie al continuo miglioramento della qualit\u00e0 e all&#8217;innovazione, miglioriamo costantemente le prestazioni e l&#8217;affidabilit\u00e0 dei nostri prodotti. Apprezziamo anche il feedback dei clienti e lo utilizziamo come base fondamentale per migliorare la qualit\u00e0 e garantire la soddisfazione dei clienti.<\/p>\t\t\t\t\t\t\t\t<\/div>\n\t\t\t\t<\/div>\n\t\t\t\t<\/div>\n\t\t\t\t<\/div>\n\t\t\t\t\t<\/div>\n\t\t\t\t<\/div>\n\t\t<div class=\"elementor-element elementor-element-8435e0b e-flex e-con-boxed e-con e-parent\" data-id=\"8435e0b\" data-element_type=\"container\" data-e-type=\"container\">\n\t\t\t\t\t<div class=\"e-con-inner\">\n\t\t\t\t<div class=\"elementor-element elementor-element-a830429 elementor-widget elementor-widget-heading\" data-id=\"a830429\" data-element_type=\"widget\" data-e-type=\"widget\" data-widget_type=\"heading.default\">\n\t\t\t\t<div class=\"elementor-widget-container\">\n\t\t\t\t\t<h2 class=\"elementor-heading-title elementor-size-default\">Metodi analitici comuni<\/h2>\t\t\t\t<\/div>\n\t\t\t\t<\/div>\n\t\t\t\t<div class=\"elementor-element elementor-element-fee91cd elementor-widget elementor-widget-text-editor\" data-id=\"fee91cd\" data-element_type=\"widget\" data-e-type=\"widget\" data-widget_type=\"text-editor.default\">\n\t\t\t\t<div class=\"elementor-widget-container\">\n\t\t\t\t\t\t\t\t\t<p><strong>Analisi elementare:<\/strong><\/p><ul><li>Plasma ad accoppiamento induttivo (ICP)<ul><li>Plasma ad accoppiamento induttivo &#8211; Spettrometria di emissione ottica\/atomica (ICP-OES\/AES)<\/li><li>Spettrometria di massa al plasma ad accoppiamento induttivo (ICP-MS)<\/li><\/ul><\/li><li>Spettrometria di massa a scarica di bagliore (GDMS)<\/li><li>Spettrometro a dispersione di energia (EDS)<\/li><\/ul><p> <\/p><p><strong>Analisi fisica\/strutturale:<\/strong><\/p><ul><li>Distribuzione dimensionale delle particelle (PSD)<\/li><li>Analisi di diffrazione dei raggi X (XRD)<\/li><li>Microscopio elettronico a scansione (SEM)<\/li><li>Analisi al setaccio<\/li><li>Flussimetro di Hall<\/li><\/ul>\t\t\t\t\t\t\t\t<\/div>\n\t\t\t\t<\/div>\n\t\t\t\t\t<\/div>\n\t\t\t\t<\/div>\n\t\t<div class=\"elementor-element elementor-element-0cffe5e e-flex e-con-boxed e-con e-parent\" data-id=\"0cffe5e\" data-element_type=\"container\" data-e-type=\"container\">\n\t\t\t\t\t<div class=\"e-con-inner\">\n\t\t\t\t<div class=\"elementor-element elementor-element-9bee7d1 elementor-alert-info elementor-widget elementor-widget-alert\" data-id=\"9bee7d1\" data-element_type=\"widget\" data-e-type=\"widget\" data-widget_type=\"alert.default\">\n\t\t\t\t<div class=\"elementor-widget-container\">\n\t\t\t\t\t\t\t<div class=\"elementor-alert\" role=\"alert\">\n\n\t\t\t\t\t\t<span class=\"elementor-alert-title\">Politica della qualit\u00e0 aziendale<\/span>\n\t\t\t\n\t\t\t\t\t\t<span class=\"elementor-alert-description\">\n<p><\/p><p>In VIMATERIAL crediamo che una qualit\u00e0 eccezionale sia alla base della soddisfazione e della fiducia dei clienti. Per garantire che i nostri prodotti soddisfino gli standard pi\u00f9 elevati, attuiamo rigorose misure di controllo della qualit\u00e0 in ogni fase del processo produttivo. Dalla selezione delle materie prime all'ispezione finale dei prodotti finiti, utilizziamo attrezzature di prova all'avanguardia e ci atteniamo a standard riconosciuti a livello internazionale come l'ASTM. Il nostro impegno per la qualit\u00e0 inizia con il nostro team dedicato di esperti che perfeziona continuamente i nostri processi e le nostre metodologie per garantire precisione e affidabilit\u00e0.<\/p>\n\n<p>Il miglioramento continuo \u00e8 il principio fondamentale della nostra politica di controllo della qualit\u00e0. Cerchiamo attivamente e incorporiamo il feedback dei clienti per migliorare i nostri prodotti e servizi, assicurandoci che soddisfino le esigenze in continua evoluzione dei nostri clienti. Utilizzando le tecniche di problem solving Six Sigma e 8D, indaghiamo a fondo su qualsiasi deviazione o non conformit\u00e0 e implementiamo misure per evitare che si ripeta. Questi metodi non solo migliorano le prestazioni e l'affidabilit\u00e0 dei prodotti, ma stimolano anche l'innovazione nei nostri processi produttivi.<\/p>\n\n<p>VIMATERIAL si dedica alla sostenibilit\u00e0 e alla responsabilit\u00e0 sociale nella sua catena di fornitura. Sosteniamo pienamente le normative REACH volte a proteggere la salute umana e l'ambiente. Mantenendo una documentazione completa e la tracciabilit\u00e0 dei lotti, garantiamo la piena conformit\u00e0 a queste normative. Le nostre politiche di controllo della qualit\u00e0 sono concepite per sostenere i pi\u00f9 alti standard etici, promuovendo una cultura di trasparenza e responsabilit\u00e0. Questo impegno non solo migliora la qualit\u00e0 dei nostri prodotti, ma contribuisce anche a un futuro sostenibile per il nostro settore e la societ\u00e0.<\/p>\n\n<p><b>\nVIMATERIALE<\/b><\/p><\/span>\n\t\t\t\n\t\t\t\n\t\t<\/div>\n\t\t\t\t\t\t<\/div>\n\t\t\t\t<\/div>\n\t\t\t\t\t<\/div>\n\t\t\t\t<\/div>\n\t\t\t\t<\/div>\n\t\t","protected":false},"excerpt":{"rendered":"<p>Controllo qualit\u00e0 VI HALBLEITERMATERIAL GmbH (VIMATERIAL) impiega un rigoroso sistema di garanzia della qualit\u00e0 per assicurare l&#8217;affidabilit\u00e0 della qualit\u00e0 dei suoi prodotti. Il controllo di qualit\u00e0 \u00e8 rigoroso in tutta la catena di produzione e per i prodotti difettosi applichiamo rigorosamente il principio della rilavorazione e del rifacimento. Ogni lotto viene rilasciato solo dopo aver [&hellip;]<\/p>\n","protected":false},"author":1,"featured_media":0,"parent":0,"menu_order":0,"comment_status":"closed","ping_status":"closed","template":"","meta":{"_acf_changed":false,"footnotes":""},"class_list":["post-1046995","page","type-page","status-publish","hentry"],"acf":[],"_links":{"self":[{"href":"https:\/\/vimaterial.de\/it\/wp-json\/wp\/v2\/pages\/1046995","targetHints":{"allow":["GET"]}}],"collection":[{"href":"https:\/\/vimaterial.de\/it\/wp-json\/wp\/v2\/pages"}],"about":[{"href":"https:\/\/vimaterial.de\/it\/wp-json\/wp\/v2\/types\/page"}],"author":[{"embeddable":true,"href":"https:\/\/vimaterial.de\/it\/wp-json\/wp\/v2\/users\/1"}],"replies":[{"embeddable":true,"href":"https:\/\/vimaterial.de\/it\/wp-json\/wp\/v2\/comments?post=1046995"}],"version-history":[{"count":2,"href":"https:\/\/vimaterial.de\/it\/wp-json\/wp\/v2\/pages\/1046995\/revisions"}],"predecessor-version":[{"id":1046997,"href":"https:\/\/vimaterial.de\/it\/wp-json\/wp\/v2\/pages\/1046995\/revisions\/1046997"}],"wp:attachment":[{"href":"https:\/\/vimaterial.de\/it\/wp-json\/wp\/v2\/media?parent=1046995"}],"curies":[{"name":"wp","href":"https:\/\/api.w.org\/{rel}","templated":true}]}}