{"id":1046258,"date":"2023-03-14T14:21:56","date_gmt":"2023-03-14T06:21:56","guid":{"rendered":"https:\/\/vimaterial.de\/faq\/"},"modified":"2025-10-30T17:23:37","modified_gmt":"2025-10-30T09:23:37","slug":"faq","status":"publish","type":"page","link":"https:\/\/vimaterial.de\/it\/faq\/","title":{"rendered":"FAQ"},"content":{"rendered":"\t\t<div data-elementor-type=\"wp-page\" data-elementor-id=\"1046258\" class=\"elementor elementor-1046258 elementor-1314\" data-elementor-post-type=\"page\">\n\t\t\t\t<div class=\"elementor-element elementor-element-f0a32fe e-flex e-con-boxed e-con e-parent\" data-id=\"f0a32fe\" data-element_type=\"container\" data-e-type=\"container\">\n\t\t\t\t\t<div class=\"e-con-inner\">\n\t\t<div class=\"elementor-element elementor-element-5b5fdbf e-con-full e-flex e-con e-child\" data-id=\"5b5fdbf\" data-element_type=\"container\" data-e-type=\"container\">\n\t\t\t\t<div class=\"elementor-element elementor-element-55b31bf animated-slow elementor-invisible elementor-widget elementor-widget-heading\" data-id=\"55b31bf\" data-element_type=\"widget\" data-e-type=\"widget\" data-settings=\"{&quot;_animation&quot;:&quot;fadeIn&quot;,&quot;_animation_tablet&quot;:&quot;none&quot;}\" data-widget_type=\"heading.default\">\n\t\t\t\t<div class=\"elementor-widget-container\">\n\t\t\t\t\t<h1 class=\"elementor-heading-title elementor-size-default\">Domande frequenti<\/h1>\t\t\t\t<\/div>\n\t\t\t\t<\/div>\n\t\t\t\t<div class=\"elementor-element elementor-element-9b26a72 elementor-widget elementor-widget-spacer\" data-id=\"9b26a72\" data-element_type=\"widget\" data-e-type=\"widget\" data-widget_type=\"spacer.default\">\n\t\t\t\t<div class=\"elementor-widget-container\">\n\t\t\t\t\t\t\t<div class=\"elementor-spacer\">\n\t\t\t<div class=\"elementor-spacer-inner\"><\/div>\n\t\t<\/div>\n\t\t\t\t\t\t<\/div>\n\t\t\t\t<\/div>\n\t\t\t\t<\/div>\n\t\t\t\t\t<\/div>\n\t\t\t\t<\/div>\n\t\t<div class=\"elementor-element elementor-element-2471fbd e-flex e-con-boxed e-con e-parent\" data-id=\"2471fbd\" data-element_type=\"container\" data-e-type=\"container\">\n\t\t\t\t\t<div class=\"e-con-inner\">\n\t\t<div class=\"elementor-element elementor-element-2568eb3 e-con-full e-flex e-con e-child\" data-id=\"2568eb3\" data-element_type=\"container\" data-e-type=\"container\" data-settings=\"{&quot;background_background&quot;:&quot;classic&quot;}\">\n\t\t\t\t<div class=\"elementor-element elementor-element-0ff39c1 elementor-widget elementor-widget-toggle\" data-id=\"0ff39c1\" data-element_type=\"widget\" data-e-type=\"widget\" data-widget_type=\"toggle.default\">\n\t\t\t\t<div class=\"elementor-widget-container\">\n\t\t\t\t\t\t\t<div class=\"elementor-toggle\">\n\t\t\t\t\t\t\t<div class=\"elementor-toggle-item\">\n\t\t\t\t\t<h3 id=\"elementor-tab-title-1671\" class=\"elementor-tab-title\" data-tab=\"1\" role=\"button\" aria-controls=\"elementor-tab-content-1671\" aria-expanded=\"false\">\n\t\t\t\t\t\t\t\t\t\t\t\t<span class=\"elementor-toggle-icon elementor-toggle-icon-right\" aria-hidden=\"true\">\n\t\t\t\t\t\t\t\t\t\t\t\t\t\t\t<span class=\"elementor-toggle-icon-closed\"><i class=\"vamtamtheme- vamtam-theme-plus\"><\/i><\/span>\n\t\t\t\t\t\t\t\t<span class=\"elementor-toggle-icon-opened\"><i class=\"elementor-toggle-icon-opened vamtamtheme- vamtam-theme-minus\"><\/i><\/span>\n\t\t\t\t\t\t\t\t\t\t\t\t\t<\/span>\n\t\t\t\t\t\t\t\t\t\t\t\t<a class=\"elementor-toggle-title\" tabindex=\"0\">Quali sono i vostri prodotti principali?<\/a>\n\t\t\t\t\t<\/h3>\n\n\t\t\t\t\t<div id=\"elementor-tab-content-1671\" class=\"elementor-tab-content elementor-clearfix\" data-tab=\"1\" role=\"region\" aria-labelledby=\"elementor-tab-title-1671\"><p>VIMATERIAL offre una vasta gamma di materiali di rivestimento a film sottile di elevata purezza e di polveri chimiche inorganiche, progettati per soddisfare le esigenze di ricerca e sviluppo di vari settori industriali. I nostri materiali per il rivestimento a film sottile includono bersagli in metallo puro, bersagli in lega, bersagli in ceramica e materiali per l&#8217;evaporazione. Questi prodotti sono essenziali per le applicazioni nei settori dei semiconduttori, aerospaziale, elettronico, fotovoltaico, ottico, delle nuove energie e dei dispositivi medici. Forniamo questi materiali in varie forme e dimensioni per soddisfare le esigenze specifiche dei clienti, garantendo prestazioni e affidabilit\u00e0 ottimali.<\/p>\n<p>Oltre ai nostri materiali a film sottile, forniamo un&#8217;ampia gamma di polveri chimiche inorganiche. La nostra offerta comprende polveri di metalli e leghe di elevata purezza, materiali di terre rare, calcogenuri, alogenuri, nitruri, carburi, boruri, siliciuri e altri materiali avanzati. Queste polveri sono disponibili in varie purezza e dimensioni delle particelle, che le rendono adatte a diverse applicazioni. Forniamo anche soluzioni personalizzate e servizi di bonding per soddisfare le esigenze specifiche dei clienti, sostenuti dal nostro impegno per un rigoroso controllo della qualit\u00e0 e una consegna puntuale.<\/p>\n<\/div>\n\t\t\t\t<\/div>\n\t\t\t\t\t\t\t<div class=\"elementor-toggle-item\">\n\t\t\t\t\t<h3 id=\"elementor-tab-title-1672\" class=\"elementor-tab-title\" data-tab=\"2\" role=\"button\" aria-controls=\"elementor-tab-content-1672\" aria-expanded=\"false\">\n\t\t\t\t\t\t\t\t\t\t\t\t<span class=\"elementor-toggle-icon elementor-toggle-icon-right\" aria-hidden=\"true\">\n\t\t\t\t\t\t\t\t\t\t\t\t\t\t\t<span class=\"elementor-toggle-icon-closed\"><i class=\"vamtamtheme- vamtam-theme-plus\"><\/i><\/span>\n\t\t\t\t\t\t\t\t<span class=\"elementor-toggle-icon-opened\"><i class=\"elementor-toggle-icon-opened vamtamtheme- vamtam-theme-minus\"><\/i><\/span>\n\t\t\t\t\t\t\t\t\t\t\t\t\t<\/span>\n\t\t\t\t\t\t\t\t\t\t\t\t<a class=\"elementor-toggle-title\" tabindex=\"0\">Quali sono i vantaggi dei vostri materiali di destinazione?<\/a>\n\t\t\t\t\t<\/h3>\n\n\t\t\t\t\t<div id=\"elementor-tab-content-1672\" class=\"elementor-tab-content elementor-clearfix\" data-tab=\"2\" role=\"region\" aria-labelledby=\"elementor-tab-title-1672\"><p>I nostri target di sputtering offrono diversi vantaggi che li distinguono nel settore. In primo luogo, sono prodotti con materie prime di elevata purezza, che garantiscono qualit\u00e0 e prestazioni eccezionali. Offriamo un&#8217;ampia gamma di composizioni di target, tra cui metalli puri, leghe e ceramiche, per soddisfare le diverse esigenze applicative. L&#8217;elevata purezza e la variet\u00e0 contribuiscono a ottenere propriet\u00e0 superiori dei film sottili, essenziali per rivestimenti ad alte prestazioni in varie tecnologie avanzate.<\/p>\n<p>In secondo luogo, i nostri target di sputtering presentano un&#8217;eccellente uniformit\u00e0 e una struttura a grana fine, fondamentali per la deposizione di film sottili coerenti e di alta qualit\u00e0. Questa uniformit\u00e0 garantisce che i rivestimenti risultanti abbiano propriet\u00e0 elettriche, ottiche e meccaniche ottimali. I nostri processi di produzione avanzati e le rigorose misure di controllo della qualit\u00e0 garantiscono che ogni target soddisfi gli standard pi\u00f9 elevati, riducendo al minimo i difetti e assicurando prestazioni affidabili.<\/p>\n<p>Infine, VIMATERIAL offre ampie possibilit\u00e0 di personalizzazione e servizi di bonding per soddisfare le esigenze specifiche dei clienti. Siamo consapevoli che applicazioni diverse possono richiedere configurazioni e composizioni di target uniche, quindi lavoriamo a stretto contatto con i nostri clienti per fornire soluzioni su misura. La nostra esperienza nell&#8217;incollaggio dei target, utilizzando metodi come la saldatura con indio e piastre di supporto come il rame, garantisce assemblaggi di target robusti e duraturi. Questo impegno per la personalizzazione e la qualit\u00e0 garantisce che i nostri target di sputtering offrano risultati eccezionali in qualsiasi applicazione.<\/p>\n<\/div>\n\t\t\t\t<\/div>\n\t\t\t\t\t\t\t<div class=\"elementor-toggle-item\">\n\t\t\t\t\t<h3 id=\"elementor-tab-title-1673\" class=\"elementor-tab-title\" data-tab=\"3\" role=\"button\" aria-controls=\"elementor-tab-content-1673\" aria-expanded=\"false\">\n\t\t\t\t\t\t\t\t\t\t\t\t<span class=\"elementor-toggle-icon elementor-toggle-icon-right\" aria-hidden=\"true\">\n\t\t\t\t\t\t\t\t\t\t\t\t\t\t\t<span class=\"elementor-toggle-icon-closed\"><i class=\"vamtamtheme- vamtam-theme-plus\"><\/i><\/span>\n\t\t\t\t\t\t\t\t<span class=\"elementor-toggle-icon-opened\"><i class=\"elementor-toggle-icon-opened vamtamtheme- vamtam-theme-minus\"><\/i><\/span>\n\t\t\t\t\t\t\t\t\t\t\t\t\t<\/span>\n\t\t\t\t\t\t\t\t\t\t\t\t<a class=\"elementor-toggle-title\" tabindex=\"0\">In cosa siete diversi?<\/a>\n\t\t\t\t\t<\/h3>\n\n\t\t\t\t\t<div id=\"elementor-tab-content-1673\" class=\"elementor-tab-content elementor-clearfix\" data-tab=\"3\" role=\"region\" aria-labelledby=\"elementor-tab-title-1673\"><p style=\"text-align: left;\">In VIMATERIAL ci distinguiamo per il nostro costante impegno verso la qualit\u00e0, l&#8217;innovazione e le soluzioni incentrate sul cliente. La nostra vasta gamma di materiali di rivestimento a film sottile e polveri chimiche inorganiche di elevata purezza \u00e8 progettata per soddisfare le diverse esigenze di vari settori industriali, tra cui semiconduttori, aerospaziale, elettronico, fotovoltaico, ottico, nuove energie e dispositivi medici. Garantiamo che ogni prodotto che offriamo soddisfi i pi\u00f9 elevati standard di purezza e prestazioni, grazie a un rigoroso controllo di qualit\u00e0 e a processi di produzione avanzati.<\/p>\n<p>Ci\u00f2 che ci distingue \u00e8 la nostra dedizione al miglioramento continuo e all&#8217;innovazione. Sfruttiamo tecnologie e metodologie all&#8217;avanguardia, come Six Sigma e 8D problem-solving, per migliorare la nostra offerta di prodotti e le nostre tecniche di produzione. Questa attenzione per l&#8217;innovazione non solo migliora l&#8217;affidabilit\u00e0 e le prestazioni dei nostri prodotti, ma favorisce anche l&#8217;efficienza e la sostenibilit\u00e0 delle nostre operazioni. La nostra documentazione completa e l&#8217;adesione a standard internazionali come ASTM e REACH sottolineano ulteriormente il nostro impegno verso l&#8217;eccellenza e la conformit\u00e0 normativa.<\/p>\n<p>Inoltre, siamo orgogliosi del nostro approccio incentrato sul cliente, fornendo soluzioni su misura e un servizio eccezionale. Cerchiamo attivamente e incorporiamo il feedback dei clienti per garantire che i nostri prodotti soddisfino le richieste del mercato in continua evoluzione. La nostra capacit\u00e0 di offrire materiali e servizi di incollaggio personalizzati, unita alla nostra esperienza e reattivit\u00e0, ci rende un partner di fiducia per i nostri clienti. Mantenendo un ampio inventario e garantendo consegne tempestive, ci sforziamo di superare le aspettative dei clienti e di costruire relazioni durature basate sulla fiducia e sull&#8217;affidabilit\u00e0.<\/p>\n<\/div>\n\t\t\t\t<\/div>\n\t\t\t\t\t\t\t<div class=\"elementor-toggle-item\">\n\t\t\t\t\t<h3 id=\"elementor-tab-title-1674\" class=\"elementor-tab-title\" data-tab=\"4\" role=\"button\" aria-controls=\"elementor-tab-content-1674\" aria-expanded=\"false\">\n\t\t\t\t\t\t\t\t\t\t\t\t<span class=\"elementor-toggle-icon elementor-toggle-icon-right\" aria-hidden=\"true\">\n\t\t\t\t\t\t\t\t\t\t\t\t\t\t\t<span class=\"elementor-toggle-icon-closed\"><i class=\"vamtamtheme- vamtam-theme-plus\"><\/i><\/span>\n\t\t\t\t\t\t\t\t<span class=\"elementor-toggle-icon-opened\"><i class=\"elementor-toggle-icon-opened vamtamtheme- vamtam-theme-minus\"><\/i><\/span>\n\t\t\t\t\t\t\t\t\t\t\t\t\t<\/span>\n\t\t\t\t\t\t\t\t\t\t\t\t<a class=\"elementor-toggle-title\" tabindex=\"0\">Come sono i tempi di risposta?<\/a>\n\t\t\t\t\t<\/h3>\n\n\t\t\t\t\t<div id=\"elementor-tab-content-1674\" class=\"elementor-tab-content elementor-clearfix\" data-tab=\"4\" role=\"region\" aria-labelledby=\"elementor-tab-title-1674\"><p>In VIMATERIAL diamo priorit\u00e0 alla comunicazione rapida e al servizio tempestivo, garantendo risposte alle richieste dei clienti entro 24 ore. Il nostro team di esperti \u00e8 a disposizione per affrontare rapidamente qualsiasi problema tecnico, fornendo il supporto necessario ai nostri clienti per mantenere i loro progetti in linea.<\/p>\n<p>Manteniamo inoltre un ampio inventario di prodotti ad alta richiesta per ridurre al minimo i tempi di consegna e garantire una consegna rapida. La nostra logistica efficiente e i nostri processi semplificati ci consentono di rispettare le scadenze pi\u00f9 strette, fornendo un servizio affidabile e tempestivo ai nostri clienti.<\/p><\/p>\n<\/div>\n\t\t\t\t<\/div>\n\t\t\t\t\t\t\t<div class=\"elementor-toggle-item\">\n\t\t\t\t\t<h3 id=\"elementor-tab-title-1675\" class=\"elementor-tab-title\" data-tab=\"5\" role=\"button\" aria-controls=\"elementor-tab-content-1675\" aria-expanded=\"false\">\n\t\t\t\t\t\t\t\t\t\t\t\t<span class=\"elementor-toggle-icon elementor-toggle-icon-right\" aria-hidden=\"true\">\n\t\t\t\t\t\t\t\t\t\t\t\t\t\t\t<span class=\"elementor-toggle-icon-closed\"><i class=\"vamtamtheme- vamtam-theme-plus\"><\/i><\/span>\n\t\t\t\t\t\t\t\t<span class=\"elementor-toggle-icon-opened\"><i class=\"elementor-toggle-icon-opened vamtamtheme- vamtam-theme-minus\"><\/i><\/span>\n\t\t\t\t\t\t\t\t\t\t\t\t\t<\/span>\n\t\t\t\t\t\t\t\t\t\t\t\t<a class=\"elementor-toggle-title\" tabindex=\"0\">Quali rapporti offrite?<\/a>\n\t\t\t\t\t<\/h3>\n\n\t\t\t\t\t<div id=\"elementor-tab-content-1675\" class=\"elementor-tab-content elementor-clearfix\" data-tab=\"5\" role=\"region\" aria-labelledby=\"elementor-tab-title-1675\"><p>VIMATERIAL fornisce una serie di rapporti per garantire la qualit\u00e0 e la conformit\u00e0 dei propri prodotti. Questi rapporti includono:<\/p>\n<p>Certificato di analisi (COA): Fornisce informazioni dettagliate sulla composizione, la purezza e le propriet\u00e0 fisiche del materiale in ogni lotto.<\/p>\n<p>Scheda di sicurezza del materiale (MSDS): offre informazioni complete sulla sicurezza, la manipolazione, lo stoccaggio e lo smaltimento del materiale, garantendo la conformit\u00e0 ai requisiti normativi.<\/p>\n<p>Rapporti di prova: Questi rapporti includono i risultati di vari test condotti sul materiale, come analisi chimiche, test meccanici, rilevamento strutturale e test ambientali.<\/p>\n<p>Documentazione di tracciabilit\u00e0: Fornisce informazioni sull&#8217;origine e sulla storia del materiale, comprese le fonti delle materie prime, i processi di produzione e le procedure di controllo della qualit\u00e0.<\/p>\n<p>Certificazioni di conformit\u00e0: Certificati che confermano la conformit\u00e0 a specifici standard industriali, normative o requisiti del cliente, come le certificazioni ASTM, REACH e RoHS.<\/p>\n<p>Rapporti personalizzati: Offriamo anche report personalizzati in base alle esigenze del cliente, fornendo dati o analisi aggiuntive in base alle necessit\u00e0.<\/p>\n<p>Questi report garantiscono trasparenza, tracciabilit\u00e0 e conformit\u00e0 agli standard di qualit\u00e0, consentendo ai nostri clienti di prendere decisioni informate e di avere fiducia nella qualit\u00e0 dei nostri prodotti.<\/p>\n<\/div>\n\t\t\t\t<\/div>\n\t\t\t\t\t\t\t<div class=\"elementor-toggle-item\">\n\t\t\t\t\t<h3 id=\"elementor-tab-title-1676\" class=\"elementor-tab-title\" data-tab=\"6\" role=\"button\" aria-controls=\"elementor-tab-content-1676\" aria-expanded=\"false\">\n\t\t\t\t\t\t\t\t\t\t\t\t<span class=\"elementor-toggle-icon elementor-toggle-icon-right\" aria-hidden=\"true\">\n\t\t\t\t\t\t\t\t\t\t\t\t\t\t\t<span class=\"elementor-toggle-icon-closed\"><i class=\"vamtamtheme- vamtam-theme-plus\"><\/i><\/span>\n\t\t\t\t\t\t\t\t<span class=\"elementor-toggle-icon-opened\"><i class=\"elementor-toggle-icon-opened vamtamtheme- vamtam-theme-minus\"><\/i><\/span>\n\t\t\t\t\t\t\t\t\t\t\t\t\t<\/span>\n\t\t\t\t\t\t\t\t\t\t\t\t<a class=\"elementor-toggle-title\" tabindex=\"0\">Come posso contattarvi?<\/a>\n\t\t\t\t\t<\/h3>\n\n\t\t\t\t\t<div id=\"elementor-tab-content-1676\" class=\"elementor-tab-content elementor-clearfix\" data-tab=\"6\" role=\"region\" aria-labelledby=\"elementor-tab-title-1676\"><p>Potete contattarci attraverso i seguenti canali:<\/p>\n<p>Email: Potete contattarci inviando un&#8217;e-mail alla nostra casella di posta elettronica (info@vimaterial.de). Il nostro servizio clienti risponder\u00e0 prontamente alla vostra e-mail e vi fornir\u00e0 l&#8217;assistenza e il supporto di cui avete bisogno.<\/p>\n<p>Telefono: Potete chiamare la nostra hotline del servizio clienti (0049 1626484175) per parlare direttamente con il nostro team di assistenza clienti. Saranno lieti di rispondere a qualsiasi domanda e di fornirvi le informazioni e il supporto di cui avete bisogno.<\/p>\n<p>Modulo online: Potete compilare il modulo online sul nostro sito web per sottoporci le vostre domande o richieste. Il nostro team elaborer\u00e0 prontamente la vostra richiesta e si metter\u00e0 in contatto con voi.<\/p>\n<p>Social media: Potete anche contattarci inviando un messaggio diretto o lasciando un commento sui nostri account ufficiali sui social media. Il nostro team di social media risponder\u00e0 prontamente ai vostri messaggi e vi fornir\u00e0 l&#8217;assistenza di cui avete bisogno.<\/p>\n<p>Qualunque sia il metodo scelto per contattarci, ci impegniamo a fornirvi un servizio e un&#8217;assistenza eccellenti per soddisfare le vostre esigenze e rispondere alle vostre richieste.<\/p>\n<\/div>\n\t\t\t\t<\/div>\n\t\t\t\t\t\t\t\t<\/div>\n\t\t\t\t\t\t<\/div>\n\t\t\t\t<\/div>\n\t\t\t\t<\/div>\n\t\t\t\t\t<\/div>\n\t\t\t\t<\/div>\n\t\t\t\t<\/div>\n\t\t","protected":false},"excerpt":{"rendered":"<p>Domande frequenti Quali sono i vostri prodotti principali? VIMATERIAL offre una vasta gamma di materiali di rivestimento a film sottile di elevata purezza e di polveri chimiche inorganiche, progettati per soddisfare le esigenze di ricerca e sviluppo di vari settori industriali. I nostri materiali per il rivestimento a film sottile includono bersagli in metallo puro, [&hellip;]<\/p>\n","protected":false},"author":1,"featured_media":0,"parent":0,"menu_order":0,"comment_status":"closed","ping_status":"closed","template":"","meta":{"_acf_changed":false,"footnotes":""},"class_list":["post-1046258","page","type-page","status-publish","hentry"],"acf":[],"_links":{"self":[{"href":"https:\/\/vimaterial.de\/it\/wp-json\/wp\/v2\/pages\/1046258","targetHints":{"allow":["GET"]}}],"collection":[{"href":"https:\/\/vimaterial.de\/it\/wp-json\/wp\/v2\/pages"}],"about":[{"href":"https:\/\/vimaterial.de\/it\/wp-json\/wp\/v2\/types\/page"}],"author":[{"embeddable":true,"href":"https:\/\/vimaterial.de\/it\/wp-json\/wp\/v2\/users\/1"}],"replies":[{"embeddable":true,"href":"https:\/\/vimaterial.de\/it\/wp-json\/wp\/v2\/comments?post=1046258"}],"version-history":[{"count":2,"href":"https:\/\/vimaterial.de\/it\/wp-json\/wp\/v2\/pages\/1046258\/revisions"}],"predecessor-version":[{"id":1046260,"href":"https:\/\/vimaterial.de\/it\/wp-json\/wp\/v2\/pages\/1046258\/revisions\/1046260"}],"wp:attachment":[{"href":"https:\/\/vimaterial.de\/it\/wp-json\/wp\/v2\/media?parent=1046258"}],"curies":[{"name":"wp","href":"https:\/\/api.w.org\/{rel}","templated":true}]}}