{"id":997953,"date":"2024-06-17T13:45:21","date_gmt":"2024-06-17T05:45:21","guid":{"rendered":"https:\/\/vimaterial.de\/product\/metal-en-aluminium\/"},"modified":"2024-10-18T11:36:42","modified_gmt":"2024-10-18T03:36:42","slug":"metal-en-aluminium","status":"publish","type":"product","link":"https:\/\/vimaterial.de\/fr\/product\/metal-en-aluminium\/","title":{"rendered":"Aluminium m\u00e9tal"},"content":{"rendered":"<p>La cible m\u00e9tal en aluminium est un type de cible de pulv\u00e9risation utilis\u00e9e dans l\u2019industrie du rev\u00eatement sous vide. C\u2019est un produit d\u2019aluminium de haute puret\u00e9 apr\u00e8s une s\u00e9rie de traitements. Il a une taille et une forme sp\u00e9cifiques de mat\u00e9riau en aluminium de haute puret\u00e9. Il est install\u00e9 sur une machine d\u2019enduction sous vide et pulv\u00e9ris\u00e9 pour former un film.<\/p>\n<p>&nbsp;<\/p>\n<p>La m\u00e9tal en aluminium est un m\u00e9tal l\u00e9ger blanc argent\u00e9. Il est ductile. Il est g\u00e9n\u00e9ralement transform\u00e9 en colonnes, tiges, feuilles, feuilles, poudres, bandes et fils. Son point de fusion est de 660\u00b0C et son point d\u2019\u00e9bullition est de 2327\u00b0C.<\/p>\n<p>&nbsp;<\/p>\n<h3>Classification<\/h3>\n<p>Les cibles m\u00e9tal en aluminium sont divis\u00e9es en cibles plates en aluminium et en cibles rotatives en aluminium : Les cibles plates en aluminium se pr\u00e9sentent sous la forme de feuilles, telles que rondes et carr\u00e9es. Les cibles rotatives en aluminium sont tubulaires, avec une efficacit\u00e9 d\u2019utilisation \u00e9lev\u00e9e, mais difficiles \u00e0 traiter. Ils n\u00e9cessitent une extrusion d\u2019aluminium de haute puret\u00e9, un \u00e9tirement, un redressement, un traitement thermique, un usinage et d\u2019autres \u00e9tapes de traitement pour finalement produire des cibles rotatives en aluminium.<\/p>\n<p>&nbsp;<\/p>\n<h3>Applications<\/h3>\n<p>Applicable \u00e0 la pulv\u00e9risation \u00e0 diode DC, \u00e0 la pulv\u00e9risation triode, \u00e0 la pulv\u00e9risation quadripolaire, \u00e0 la pulv\u00e9risation RF, \u00e0 la pulv\u00e9risation \u00e0 cible oppos\u00e9e, \u00e0 la pulv\u00e9risation par faisceau d\u2019ions, \u00e0 la pulv\u00e9risation magn\u00e9tron, etc., et peut \u00eatre utilis\u00e9 pour plaquer des films r\u00e9fl\u00e9chissants, des films conducteurs, des films semi-conducteurs, des films de condensateur, des films d\u00e9coratifs, des films de protection, des circuits int\u00e9gr\u00e9s, des \u00e9crans, etc. Par rapport \u00e0 d\u2019autres mat\u00e9riaux cibles, le prix des mat\u00e9riaux cibles en aluminium est plus bas, de sorte que les mat\u00e9riaux cibles en aluminium sont les mat\u00e9riaux cibles pr\u00e9f\u00e9r\u00e9s dans le but de r\u00e9pondre \u00e0 la fonction de la couche de film.<\/p>\n<p>&nbsp;<\/p>\n","protected":false},"excerpt":{"rendered":"<p>La cible m\u00e9tal en aluminium est un type de cible de pulv\u00e9risation utilis\u00e9e dans l\u2019industrie du rev\u00eatement sous vide. C\u2019est un produit d\u2019aluminium de haute puret\u00e9 apr\u00e8s une s\u00e9rie de traitements. Il a une taille et une forme sp\u00e9cifiques de mat\u00e9riau en aluminium de haute puret\u00e9. Il est install\u00e9 sur une machine d\u2019enduction sous vide [&hellip;]<\/p>\n","protected":false},"featured_media":997841,"comment_status":"open","ping_status":"closed","template":"","meta":{"_acf_changed":false},"product_brand":[],"product_cat":[235],"product_tag":[],"class_list":{"0":"post-997953","1":"product","2":"type-product","3":"status-publish","4":"has-post-thumbnail","6":"product_cat-cibles-de-pulverisation-planaire","8":"first","9":"instock","10":"shipping-taxable","11":"purchasable","12":"product-type-variable"},"acf":[],"_links":{"self":[{"href":"https:\/\/vimaterial.de\/fr\/wp-json\/wp\/v2\/product\/997953","targetHints":{"allow":["GET"]}}],"collection":[{"href":"https:\/\/vimaterial.de\/fr\/wp-json\/wp\/v2\/product"}],"about":[{"href":"https:\/\/vimaterial.de\/fr\/wp-json\/wp\/v2\/types\/product"}],"replies":[{"embeddable":true,"href":"https:\/\/vimaterial.de\/fr\/wp-json\/wp\/v2\/comments?post=997953"}],"wp:featuredmedia":[{"embeddable":true,"href":"https:\/\/vimaterial.de\/fr\/wp-json\/wp\/v2\/media\/997841"}],"wp:attachment":[{"href":"https:\/\/vimaterial.de\/fr\/wp-json\/wp\/v2\/media?parent=997953"}],"wp:term":[{"taxonomy":"product_brand","embeddable":true,"href":"https:\/\/vimaterial.de\/fr\/wp-json\/wp\/v2\/product_brand?post=997953"},{"taxonomy":"product_cat","embeddable":true,"href":"https:\/\/vimaterial.de\/fr\/wp-json\/wp\/v2\/product_cat?post=997953"},{"taxonomy":"product_tag","embeddable":true,"href":"https:\/\/vimaterial.de\/fr\/wp-json\/wp\/v2\/product_tag?post=997953"}],"curies":[{"name":"wp","href":"https:\/\/api.w.org\/{rel}","templated":true}]}}