{"id":1052026,"date":"2024-06-17T15:36:39","date_gmt":"2024-06-17T07:36:39","guid":{"rendered":"https:\/\/vimaterial.de\/product\/metal-etame-4\/"},"modified":"2024-06-17T15:36:39","modified_gmt":"2024-06-17T07:36:39","slug":"metal-etame-4","status":"publish","type":"product","link":"https:\/\/vimaterial.de\/fr\/product\/metal-etame-4\/","title":{"rendered":"M\u00e9tal \u00e9tam\u00e9"},"content":{"rendered":"<p>La feuille <span style=\"color: #0000ff;\"><a style=\"color: #0000ff;\" href=\"https:\/\/vimaterial.de\/fr\/search\/?type=element&#038;keyword=Sn\">d&#8217;\u00e9tain<\/a><\/span><br \/>\nest une fine feuille fabriqu\u00e9e \u00e0 partir d&#8217;\u00e9tain, qui pr\u00e9sente une bonne souplesse et une bonne ductilit\u00e9. G\u00e9n\u00e9ralement de couleur gris argent\u00e9, elle peut \u00eatre utilis\u00e9e dans les secteurs de l&#8217;emballage, de l&#8217;\u00e9lectronique, de la chimie et dans de nombreux autres domaines.<\/p>\n<p>VIMATERIAL propose des feuilles d&#8217;\u00e9tain de haute puret\u00e9, disponibles en feuilles et en rouleaux sur demande, et peut \u00e9galement personnaliser diff\u00e9rentes dimensions. <strong><span style=\"color: #0000ff;\"><a style=\"color: #0000ff;\" href=\"https:\/\/vimaterial.de\/fr\/contact\/\">Contactez-nous<\/a><\/span><\/strong><br \/>\npour plus d&#8217;informations.<\/p>\n<h2><span style=\"font-size: 14pt;\">Caract\u00e9ristiques<\/span><\/h2>\n<p>Aspect : Gris argent\u00e9 avec une surface m\u00e9tallique brillante.<\/p>\n<p>R\u00e9sistance et ductilit\u00e9 : Elle pr\u00e9sente une r\u00e9sistance mod\u00e9r\u00e9e et une bonne ductilit\u00e9, ce qui permet de l&#8217;\u00e9tirer et de la fa\u00e7onner sans qu&#8217;elle ne se rompe.<\/p>\n<p>Conductivit\u00e9 thermique : La feuille d&#8217;\u00e9tain est un bon conducteur de chaleur, avec une conductivit\u00e9 thermique d&#8217;environ 66,6 W\/(m\u00b7K).<\/p>\n<p>Point de fusion : son point de fusion est relativement bas, autour de 232 \u00b0C, ce qui le rend inadapt\u00e9 aux temp\u00e9ratures \u00e9lev\u00e9es.<\/p>\n<p>Conductivit\u00e9 \u00e9lectrique : il pr\u00e9sente une bonne conductivit\u00e9 \u00e9lectrique et peut \u00eatre utilis\u00e9 \u00e0 des fins de blindage conducteur ou \u00e9lectromagn\u00e9tique simple.<\/p>\n<p>R\u00e9sistance \u00e0 la corrosion : il r\u00e9siste \u00e0 l&#8217;eau, \u00e0 l&#8217;oxyg\u00e8ne, ainsi qu&#8217;aux acides et alcalis faibles \u00e0 temp\u00e9rature ambiante.<\/p>\n<p>R\u00e9activit\u00e9 : Elle est g\u00e9n\u00e9ralement stable, mais peut r\u00e9agir avec des acides fortement oxydants ou dans des conditions de temp\u00e9rature et d&#8217;humidit\u00e9 \u00e9lev\u00e9es.<\/p>\n<h2><span style=\"font-size: 14pt;\">Applications de la feuille d&#8217;\u00e9tain<\/span><\/h2>\n<p><strong>Domaine m\u00e9dical :<\/strong><\/p>\n<ul>\n<li>Emballage pharmaceutique : Elle aide \u00e0 prot\u00e9ger les m\u00e9dicaments de l&#8217;humidit\u00e9 et de la contamination.<\/li>\n<li>Pansements chirurgicaux : Elle peut \u00eatre utilis\u00e9e dans des pansements m\u00e9dicaux sp\u00e9ciaux pour prot\u00e9ger les plaies.<\/li>\n<\/ul>\n<p><strong>Domaine \u00e9lectronique :<\/strong><\/p>\n<ul>\n<li>La feuille d&#8217;\u00e9tain r\u00e9duit les interf\u00e9rences \u00e9lectromagn\u00e9tiques et am\u00e9liore la stabilit\u00e9 des appareils.<\/li>\n<li>Dissipation thermique : Sa bonne conductivit\u00e9 thermique aide les composants \u00e9lectroniques \u00e0 \u00e9vacuer la chaleur.<\/li>\n<\/ul>\n<p><strong>Autres domaines :<\/strong><\/p>\n<ul>\n<li>Utilisation militaire : elle est utilis\u00e9e pour sceller des pi\u00e8ces, telles que les joints des capuchons de grenades, en raison de sa forte capacit\u00e9 d&#8217;\u00e9tanch\u00e9it\u00e9.<\/li>\n<li>Amplification du signal : la feuille d&#8217;\u00e9tain peut \u00eatre enroul\u00e9e autour des antennes de routeurs pour aider \u00e0 concentrer et am\u00e9liorer les signaux Wi-Fi.<\/li>\n<\/ul>\n<h2><span style=\"font-size: 14pt;\">Emballage et stockage<\/span><\/h2>\n<p><strong>Emballage<\/strong><br \/>\nElle est g\u00e9n\u00e9ralement conditionn\u00e9e en rouleaux ou en feuilles et envelopp\u00e9e dans des mat\u00e9riaux r\u00e9sistants \u00e0 l&#8217;humidit\u00e9, tels que du film plastique ou du papier kraft, afin de la prot\u00e9ger de la poussi\u00e8re, de l&#8217;humidit\u00e9 et des rayures pendant le transport et le stockage. L&#8217;emballage ext\u00e9rieur se compose g\u00e9n\u00e9ralement de bo\u00eetes en carton ou de caisses en bois contenant des mat\u00e9riaux de rembourrage afin d&#8217;\u00e9viter toute d\u00e9formation et de pr\u00e9server la qualit\u00e9 de la surface et l&#8217;\u00e9clat m\u00e9tallique de la feuille.<\/p>\n<p><strong>Stockage<\/strong><br \/>\nElle doit \u00eatre stock\u00e9e dans un endroit frais, sec et bien ventil\u00e9, \u00e0 l&#8217;abri de la lumi\u00e8re directe du soleil, des sources de chaleur et des produits chimiques corrosifs tels que les acides et alcalis forts. Il convient \u00e9galement d&#8217;\u00e9viter une humidit\u00e9 \u00e9lev\u00e9e, une forte pression et les objets pointus afin de pr\u00e9venir l&#8217;oxydation, le pliage ou la d\u00e9chirure de la feuille.<\/p>\n<h2><span style=\"font-size: 14pt;\">FAQ<\/span><\/h2>\n<p><strong>Q1 : Qu&#8217;est-ce qu&#8217;une feuille d&#8217;\u00e9tain ?<\/strong><br \/>\nR : La feuille d&#8217;\u00e9tain est un mat\u00e9riau en feuille mince compos\u00e9 principalement d&#8217;\u00e9tain. Elle pr\u00e9sente un aspect m\u00e9tallique brillant, une bonne ductilit\u00e9, une bonne conductivit\u00e9 thermique et \u00e9lectrique, ainsi qu&#8217;une bonne r\u00e9sistance \u00e0 la corrosion, ce qui la rend utile dans les domaines de l&#8217;emballage, de l&#8217;\u00e9lectronique, du m\u00e9dical et de l&#8217;industrie.<\/p>\n<p><strong>Q2 : De quoi est compos\u00e9e la feuille d&#8217;\u00e9tain ?<\/strong><br \/>\nR : La feuille d&#8217;\u00e9tain est fabriqu\u00e9e \u00e0 partir d&#8217;\u00e9tain qui est transform\u00e9 en feuilles tr\u00e8s minces par des techniques de laminage et de pressage. Dans certaines applications, il peut \u00e9galement comporter des rev\u00eatements ou des couches composites afin d\u2019am\u00e9liorer sa r\u00e9sistance, sa flexibilit\u00e9 ou ses performances de protection.<\/p>\n<p><strong>Q3 : \u00c0 quoi sert la feuille d\u2019\u00e9tain ?<\/strong><br \/>\nR : Elle est utilis\u00e9e dans l\u2019emballage alimentaire et pharmaceutique, le blindage \u00e9lectronique, l\u2019isolation thermique, l\u2019artisanat et les applications industrielles. Ses bonnes propri\u00e9t\u00e9s de barri\u00e8re, sa conductivit\u00e9 et sa r\u00e9sistance \u00e0 la corrosion la rendent adapt\u00e9e \u00e0 la protection des produits contre l\u2019humidit\u00e9, la lumi\u00e8re et la contamination.<\/p>\n<p><strong>Q4 : La feuille d\u2019aluminium et la feuille d\u2019\u00e9tain sont-elles identiques ?<\/strong><br \/>\nR : Non, le papier d&#8217;aluminium et la feuille d&#8217;\u00e9tain ne sont pas le m\u00eame mat\u00e9riau. La feuille d&#8217;\u00e9tain traditionnelle \u00e9tait fabriqu\u00e9e \u00e0 partir d&#8217;\u00e9tain m\u00e9tallique, tandis que la plupart des feuilles d&#8217;aluminium domestiques modernes sont fabriqu\u00e9es \u00e0 partir d&#8217;aluminium, car ce dernier est moins cher, plus l\u00e9ger et plus durable. Cependant, on utilise encore couramment le terme \u00ab feuille d&#8217;\u00e9tain \u00bb pour d\u00e9signer le papier d&#8217;aluminium.<\/p>\n","protected":false},"excerpt":{"rendered":"<p>La feuille d&#8217;\u00e9tain est une fine feuille fabriqu\u00e9e \u00e0 partir d&#8217;\u00e9tain, qui pr\u00e9sente une bonne souplesse et une bonne ductilit\u00e9. G\u00e9n\u00e9ralement de couleur gris argent\u00e9, elle peut \u00eatre utilis\u00e9e dans les secteurs de l&#8217;emballage, de l&#8217;\u00e9lectronique, de la chimie et dans de nombreux autres domaines. VIMATERIAL propose des feuilles d&#8217;\u00e9tain de haute puret\u00e9, disponibles en [&hellip;]<\/p>\n","protected":false},"featured_media":1032384,"comment_status":"open","ping_status":"closed","template":"","meta":{"_acf_changed":false},"product_brand":[],"product_cat":[245],"product_tag":[],"class_list":{"0":"post-1052026","1":"product","2":"type-product","3":"status-publish","4":"has-post-thumbnail","6":"product_cat-profil-fr","8":"first","9":"instock","10":"shipping-taxable","11":"purchasable","12":"product-type-variable"},"acf":[],"_links":{"self":[{"href":"https:\/\/vimaterial.de\/fr\/wp-json\/wp\/v2\/product\/1052026","targetHints":{"allow":["GET"]}}],"collection":[{"href":"https:\/\/vimaterial.de\/fr\/wp-json\/wp\/v2\/product"}],"about":[{"href":"https:\/\/vimaterial.de\/fr\/wp-json\/wp\/v2\/types\/product"}],"replies":[{"embeddable":true,"href":"https:\/\/vimaterial.de\/fr\/wp-json\/wp\/v2\/comments?post=1052026"}],"wp:featuredmedia":[{"embeddable":true,"href":"https:\/\/vimaterial.de\/fr\/wp-json\/wp\/v2\/media\/1032384"}],"wp:attachment":[{"href":"https:\/\/vimaterial.de\/fr\/wp-json\/wp\/v2\/media?parent=1052026"}],"wp:term":[{"taxonomy":"product_brand","embeddable":true,"href":"https:\/\/vimaterial.de\/fr\/wp-json\/wp\/v2\/product_brand?post=1052026"},{"taxonomy":"product_cat","embeddable":true,"href":"https:\/\/vimaterial.de\/fr\/wp-json\/wp\/v2\/product_cat?post=1052026"},{"taxonomy":"product_tag","embeddable":true,"href":"https:\/\/vimaterial.de\/fr\/wp-json\/wp\/v2\/product_tag?post=1052026"}],"curies":[{"name":"wp","href":"https:\/\/api.w.org\/{rel}","templated":true}]}}