{"id":1051277,"date":"2024-06-17T15:26:19","date_gmt":"2024-06-17T07:26:19","guid":{"rendered":"https:\/\/vimaterial.de\/product\/oxyde-de-molybdene-3\/"},"modified":"2024-06-17T15:26:19","modified_gmt":"2024-06-17T07:26:19","slug":"oxyde-de-molybdene-3","status":"publish","type":"product","link":"https:\/\/vimaterial.de\/fr\/product\/oxyde-de-molybdene-3\/","title":{"rendered":"Oxyde de molybd\u00e8ne"},"content":{"rendered":"<p><span style=\"color: #0000ff;\"><a style=\"color: #0000ff;\" href=\"https:\/\/vimaterial.de\/fr\/search\/?type=element&#038;keyword=moo2\">La poudre de dioxyde de molybd\u00e8ne<\/a><\/span> la poudre de dioxyde de molybd\u00e8ne est de couleur bleu-noir et poss\u00e8de des propri\u00e9t\u00e9s physico-chimiques particuli\u00e8res. Elle est utilis\u00e9e dans la m\u00e9tallurgie du fer et de l&#8217;acier, dans l&#8217;industrie \u00e9lectronique, dans les catalyseurs chimiques et dans d&#8217;autres applications importantes dans de nombreux domaines de la poudre de dioxyde.<\/p>\n<p>VIMATERIAL propose de la poudre de dioxyde de molybd\u00e8ne de haute puret\u00e9, dont la taille des particules peut \u00eatre adapt\u00e9e \u00e0 vos besoins. Nous prenons \u00e9galement en charge les essais par des tiers. Si vous avez des besoins particuliers, n&#8217;h\u00e9sitez pas \u00e0 <span style=\"color: #0000ff;\"><a style=\"color: #0000ff;\" href=\"https:\/\/vimaterial.de\/fr\/contact\/\">\u00e0 nous contacter<\/a><\/span>.<\/p>\n<h2><span style=\"font-size: 14pt;\">Propri\u00e9t\u00e9s<\/span><\/h2>\n<p>Formule chimique : MoO\u2082.<\/p>\n<p>Aspect : poudre bleu-noir : Poudre bleu-noir.<\/p>\n<p>Structure cristalline : Cristal monoclinique.<\/p>\n<p>Densit\u00e9 : environ 6,44 g\/cm\u00b3.<\/p>\n<p>Point de fusion : Environ 1800 \u2103.<\/p>\n<p>Duret\u00e9 : Duret\u00e9 Mohs d&#8217;environ 5,5.<\/p>\n<p>Propri\u00e9t\u00e9s oxydantes et r\u00e9ductrices : Le dioxyde de molybd\u00e8ne poss\u00e8de certaines propri\u00e9t\u00e9s de r\u00e9ductibilit\u00e9 et peut \u00eatre r\u00e9duit en molybd\u00e8ne m\u00e9tal dans certaines conditions. Parall\u00e8lement, il pr\u00e9sente \u00e9galement un certain pouvoir oxydant et peut \u00eatre oxyd\u00e9 en oxydes de molybd\u00e8ne de valence sup\u00e9rieure, tels que le trioxyde de molybd\u00e8ne, en pr\u00e9sence d&#8217;agents oxydants puissants.<\/p>\n<p>Acide-base : Il s&#8217;agit d&#8217;un oxyde amphot\u00e8re qui r\u00e9agit avec les acides pour former les sels correspondants et de l&#8217;eau, ainsi qu&#8217;avec les bases fortes pour former des molybdates et de l&#8217;eau. Par exemple, il r\u00e9agit avec l&#8217;acide chlorhydrique pour former du chlorure de molybd\u00e8ne et de l&#8217;eau, et avec l&#8217;hydroxyde de sodium pour former du molybdate de sodium et de l&#8217;eau.<\/p>\n<h2><span style=\"font-size: 14pt;\">Applications du dioxyde de molybd\u00e8ne en poudre<\/span><\/h2>\n<p><strong>Production d&#8217;acier :<\/strong> Am\u00e9liore la r\u00e9sistance, la duret\u00e9, la t\u00e9nacit\u00e9, l&#8217;usure, la corrosion et la r\u00e9sistance \u00e0 la chaleur de l&#8217;acier. Utilis\u00e9 dans les alliages \u00e0 haute r\u00e9sistance, l&#8217;acier inoxydable et l&#8217;acier \u00e0 outils.<\/p>\n<p><strong>\u00c9lectronique :<\/strong> En raison de sa conductivit\u00e9 \u00e9lectrique et thermique, il est utilis\u00e9 dans les composants \u00e9lectroniques tels que les \u00e9lectrodes, les p\u00e2tes conductrices et les mat\u00e9riaux d&#8217;emballage. Il est essentiel dans la fabrication des transistors \u00e0 couche mince et des circuits int\u00e9gr\u00e9s.<\/p>\n<p><strong>Catalyse chimique :<\/strong> Il est utilis\u00e9 comme catalyseur dans les processus p\u00e9trochimiques (par exemple, hydrod\u00e9sulfuration, d\u00e9nitrification) et les r\u00e9actions organiques (par exemple, oxydation, d\u00e9shydrog\u00e9nation). Il am\u00e9liore l&#8217;efficacit\u00e9 des r\u00e9actions et r\u00e9duit les co\u00fbts de production.<\/p>\n<p><strong>C\u00e9ramiques :<\/strong> Am\u00e9liore les propri\u00e9t\u00e9s m\u00e9caniques, \u00e9lectriques et thermiques des c\u00e9ramiques, utilis\u00e9es pour les outils, les capteurs et les condensateurs, am\u00e9liorant ainsi la durabilit\u00e9 et la fiabilit\u00e9.<\/p>\n<p><strong>Stockage d&#8217;\u00e9nergie :<\/strong> Utilis\u00e9 dans les batteries lithium-ion comme mat\u00e9riau d&#8217;\u00e9lectrode, permettant de meilleurs cycles de charge\/d\u00e9charge avec une capacit\u00e9 et une stabilit\u00e9 \u00e9lev\u00e9es.<\/p>\n<h2><span style=\"font-size: 14pt;\">Emballage et stockage<\/span><\/h2>\n<p>La poudre de dioxyde de molybd\u00e8ne est g\u00e9n\u00e9ralement conditionn\u00e9e dans des sacs ou des f\u00fbts scell\u00e9s et r\u00e9sistants \u00e0 l&#8217;humidit\u00e9 afin d&#8217;\u00e9viter l&#8217;humidit\u00e9 et la contamination. Les mat\u00e9riaux d&#8217;emballage doivent avoir de bonnes propri\u00e9t\u00e9s de r\u00e9sistance \u00e0 l&#8217;humidit\u00e9 et le nom du produit, le num\u00e9ro de lot, la date de production et les pr\u00e9cautions \u00e0 prendre doivent \u00eatre clairement indiqu\u00e9s sur les sacs ou les conteneurs. Pour les produits en vrac, un double scellage avec des sacs en plastique doubl\u00e9s de sacs int\u00e9rieurs en poly\u00e9thyl\u00e8ne ou de sacs en papier d&#8217;aluminium est couramment utilis\u00e9 pour garantir la stabilit\u00e9 et la s\u00e9curit\u00e9 pendant le transport.<\/p>\n<p>Le dioxyde de molybd\u00e8ne doit \u00eatre stock\u00e9 dans un environnement sec, ventil\u00e9 et frais, en \u00e9vitant tout contact direct avec l&#8217;humidit\u00e9, l&#8217;oxyg\u00e8ne et la lumi\u00e8re intense. La temp\u00e9rature de stockage doit \u00eatre maintenue \u00e0 la temp\u00e9rature ambiante, en \u00e9vitant les temp\u00e9ratures extr\u00eamement \u00e9lev\u00e9es ou basses. Les entrep\u00f4ts doivent \u00eatre tenus \u00e0 l&#8217;\u00e9cart des acides forts, des alcalis forts et d&#8217;autres produits chimiques, et les zones de stockage doivent \u00eatre maintenues propres afin d&#8217;\u00e9viter toute contamination ou r\u00e9action.<\/p>\n<h2><span style=\"font-size: 14pt;\">Foire aux questions (FAQ)<\/span><\/h2>\n<p><strong>Q1 : Qu&#8217;est-ce que le MoO2 ?<\/strong><\/p>\n<p>R : Le dioxyde de molybd\u00e8ne (MoO2) est un oxyde de molybd\u00e8ne couramment utilis\u00e9 dans la fabrication d&#8217;alliages, de composants \u00e9lectroniques, de catalyseurs chimiques et de dispositifs de stockage d&#8217;\u00e9nergie. Il poss\u00e8de une excellente conductivit\u00e9 \u00e9lectrique et thermique et sert de catalyseur efficace dans plusieurs r\u00e9actions chimiques.<\/p>\n<p><strong>Q2 : Que fait l&#8217;oxyde de molybd\u00e8ne ?<\/strong><\/p>\n<p>R : Dans l&#8217;industrie sid\u00e9rurgique : Il am\u00e9liore la solidit\u00e9, la duret\u00e9, la r\u00e9sistance \u00e0 l&#8217;usure et la r\u00e9sistance \u00e0 la corrosion de l&#8217;acier.<br \/>\nIndustrie \u00e9lectronique : Utilis\u00e9 comme mat\u00e9riau conducteur dans les composants \u00e9lectroniques, les transistors \u00e0 couche mince et les circuits int\u00e9gr\u00e9s.<br \/>\nCatalyse chimique : Utilis\u00e9 dans les r\u00e9actions de d\u00e9sulfuration, de d\u00e9nitrification et de synth\u00e8se organique pour am\u00e9liorer la vitesse et l&#8217;efficacit\u00e9 des r\u00e9actions.<br \/>\nMat\u00e9riaux c\u00e9ramiques : Am\u00e9liore les propri\u00e9t\u00e9s m\u00e9caniques, thermiques et \u00e9lectriques des c\u00e9ramiques.<br \/>\nStockage d&#8217;\u00e9nergie : Utilis\u00e9 comme mat\u00e9riau d&#8217;\u00e9lectrode dans les batteries lithium-ion, il offre une capacit\u00e9 th\u00e9orique \u00e9lev\u00e9e et une excellente stabilit\u00e9 au cyclage.<\/p>\n<p><strong>Q3 : Quelle est la couleur du dioxyde de molybd\u00e8ne ?<\/strong><\/p>\n<p>R : Le dioxyde de molybd\u00e8ne (MoO2) est g\u00e9n\u00e9ralement une poudre bleu-noir ou gris fonc\u00e9. Sa couleur peut varier en fonction de sa structure cristalline, de sa puret\u00e9 ou des conditions ext\u00e9rieures ; \u00e0 l&#8217;\u00e9tat de grain fin, il tend davantage vers une couleur bleu-noir.<\/p>\n<p><strong>Q4 : Quelles sont les propri\u00e9t\u00e9s chimiques du dioxyde de molybd\u00e8ne ?<\/strong><\/p>\n<p>R : Le dioxyde de molybd\u00e8ne est un bon conducteur d&#8217;\u00e9lectricit\u00e9 et pr\u00e9sente une grande stabilit\u00e9 thermique. Il reste stable \u00e0 temp\u00e9rature ambiante mais peut r\u00e9agir avec d&#8217;autres substances \u00e0 des temp\u00e9ratures \u00e9lev\u00e9es. Dans certaines r\u00e9actions chimiques, il agit comme un catalyseur, augmentant la vitesse et l&#8217;efficacit\u00e9 de la r\u00e9action.<\/p>\n","protected":false},"excerpt":{"rendered":"<p>La poudre de dioxyde de molybd\u00e8ne la poudre de dioxyde de molybd\u00e8ne est de couleur bleu-noir et poss\u00e8de des propri\u00e9t\u00e9s physico-chimiques particuli\u00e8res. Elle est utilis\u00e9e dans la m\u00e9tallurgie du fer et de l&#8217;acier, dans l&#8217;industrie \u00e9lectronique, dans les catalyseurs chimiques et dans d&#8217;autres applications importantes dans de nombreux domaines de la poudre de dioxyde. VIMATERIAL [&hellip;]<\/p>\n","protected":false},"featured_media":1051148,"comment_status":"open","ping_status":"closed","template":"","meta":{"_acf_changed":false},"product_brand":[],"product_cat":[243],"product_tag":[],"class_list":{"0":"post-1051277","1":"product","2":"type-product","3":"status-publish","4":"has-post-thumbnail","6":"product_cat-materiaux-oxydes-hydroxydes","8":"first","9":"instock","10":"shipping-taxable","11":"purchasable","12":"product-type-variable"},"acf":[],"_links":{"self":[{"href":"https:\/\/vimaterial.de\/fr\/wp-json\/wp\/v2\/product\/1051277","targetHints":{"allow":["GET"]}}],"collection":[{"href":"https:\/\/vimaterial.de\/fr\/wp-json\/wp\/v2\/product"}],"about":[{"href":"https:\/\/vimaterial.de\/fr\/wp-json\/wp\/v2\/types\/product"}],"replies":[{"embeddable":true,"href":"https:\/\/vimaterial.de\/fr\/wp-json\/wp\/v2\/comments?post=1051277"}],"wp:featuredmedia":[{"embeddable":true,"href":"https:\/\/vimaterial.de\/fr\/wp-json\/wp\/v2\/media\/1051148"}],"wp:attachment":[{"href":"https:\/\/vimaterial.de\/fr\/wp-json\/wp\/v2\/media?parent=1051277"}],"wp:term":[{"taxonomy":"product_brand","embeddable":true,"href":"https:\/\/vimaterial.de\/fr\/wp-json\/wp\/v2\/product_brand?post=1051277"},{"taxonomy":"product_cat","embeddable":true,"href":"https:\/\/vimaterial.de\/fr\/wp-json\/wp\/v2\/product_cat?post=1051277"},{"taxonomy":"product_tag","embeddable":true,"href":"https:\/\/vimaterial.de\/fr\/wp-json\/wp\/v2\/product_tag?post=1051277"}],"curies":[{"name":"wp","href":"https:\/\/api.w.org\/{rel}","templated":true}]}}