{"id":1051171,"date":"2024-06-17T14:10:24","date_gmt":"2024-06-17T06:10:24","guid":{"rendered":"https:\/\/vimaterial.de\/product\/oxyde-de-magnesium-4\/"},"modified":"2024-06-17T14:10:24","modified_gmt":"2024-06-17T06:10:24","slug":"oxyde-de-magnesium-4","status":"publish","type":"product","link":"https:\/\/vimaterial.de\/fr\/product\/oxyde-de-magnesium-4\/","title":{"rendered":"Oxyde de magn\u00e9sium"},"content":{"rendered":"<p><span style=\"color: #0000ff;\"><a style=\"color: #0000ff;\" href=\"https:\/\/vimaterial.de\/fr\/search\/?type=element&#038;keyword=Mg%2CO\">L&#8217;oxyde de magn\u00e9sium<\/a><\/span> est un solide cristallin blanc et hygroscopique qui existe \u00e0 l&#8217;\u00e9tat naturel dans les min\u00e9raux p\u00e9riclases. Il est tr\u00e8s appr\u00e9ci\u00e9 pour sa stabilit\u00e9 thermique, son isolation \u00e9lectrique et son alcalinit\u00e9. Il est largement utilis\u00e9 dans les c\u00e9ramiques, les mat\u00e9riaux r\u00e9fractaires, les produits pharmaceutiques et les mati\u00e8res premi\u00e8res industrielles.<\/p>\n<p>VIMATERIAL propose de l&#8217;oxyde de magn\u00e9sium de haute puret\u00e9 sous forme de nanoparticules et de microns, ainsi que sous forme de poudres sph\u00e9riques et irr\u00e9guli\u00e8res. Des tailles de particules personnalis\u00e9es sont disponibles sur demande. <span style=\"color: #0000ff;\"><a style=\"color: #0000ff;\" href=\"https:\/\/vimaterial.de\/fr\/contact\/\"><strong>Contactez nous pour plus d&#8217;informations<\/strong><\/a><\/span> pour plus d&#8217;informations.<\/p>\n<h2><span style=\"font-size: 14pt;\">Propri\u00e9t\u00e9s de l&#8217;oxyde de magn\u00e9sium<\/span><\/h2>\n<p>Formule chimique\uff1aMgO<\/p>\n<p>Masse molaire\uff1a40.304 g\/mol<\/p>\n<p>Aspect:Poudre blanche<\/p>\n<p>Odeur:Inodore<\/p>\n<p>Densit\u00e9 : 3,6 g\/cm3<\/p>\n<p>Point de fusion : 2 852 \u00b0C (5 166 \u00b0F ; 3 125 K)<\/p>\n<p>Point d&#8217;\u00e9bullition : 3 600 \u00b0C (6 510 \u00b0F ; 3 870 K)<\/p>\n<p>Solubilit\u00e9 : Soluble dans l&#8217;acide, insoluble dans l&#8217;ammoniaque, insoluble dans l&#8217;alcool<\/p>\n<h2><span style=\"font-size: 14pt;\">Applications de la poudre d&#8217;oxyde de magn\u00e9sium<\/span><\/h2>\n<p>Br\u00fblage industriel l\u00e9ger : principalement utilis\u00e9 dans la production de produits \u00e0 base de magn\u00e9site.<\/p>\n<p>Huile lubrifiante de qualit\u00e9 sup\u00e9rieure : principalement utilis\u00e9e comme d\u00e9tergent, inhibiteur de vanadium et d\u00e9sulfuriseur dans le traitement de l&#8217;huile lubrifiante de qualit\u00e9 sup\u00e9rieure, ce qui permet d&#8217;am\u00e9liorer consid\u00e9rablement la densit\u00e9 et la rh\u00e9ologie du film lubrifiant et de r\u00e9duire la teneur en cendres.<\/p>\n<p>Qualit\u00e9 alimentaire : le suppl\u00e9ment de magn\u00e9sium est utilis\u00e9 comme additif alimentaire, stabilisateur de couleur, r\u00e9gulateur de pH dans les produits de sant\u00e9 et les aliments.<\/p>\n<p>Qualit\u00e9 m\u00e9dicale : l&#8217;oxyde de magn\u00e9sium de qualit\u00e9 m\u00e9dicale peut \u00eatre utilis\u00e9 comme antiacide, adsorbant, d\u00e9sulfurant, agent d&#8217;\u00e9limination du plomb, agent filtrant complexe et r\u00e9gulateur de pH dans le domaine biopharmaceutique.<\/p>\n<p>Niveau \u00e9lectromagn\u00e9tique avanc\u00e9 : pour les mat\u00e9riaux paramagn\u00e9tiques sans fil \u00e0 haute fr\u00e9quence, les antennes \u00e0 barreau magn\u00e9tique, les composants de modulation de fr\u00e9quence du noyau magn\u00e9tique.Au lieu de la ferrite, il peut \u00eatre utilis\u00e9 dans les mat\u00e9riaux magn\u00e9tiques supraconducteurs composites, ainsi que dans l&#8217;industrie magn\u00e9tique \u00e9lectronique.En tant que &#8220;mat\u00e9riau magn\u00e9tique doux&#8221;, il constitue \u00e9galement la mati\u00e8re premi\u00e8re id\u00e9ale pour l&#8217;\u00e9mail et la c\u00e9ramique industriels.<\/p>\n<p>Oxyde de magn\u00e9sium de haute puret\u00e9 : largement utilis\u00e9 comme mat\u00e9riau r\u00e9sistant \u00e0 la chaleur \u00e0 haute temp\u00e9rature, il est utilis\u00e9 comme mati\u00e8re premi\u00e8re pour les creusets et les substrats c\u00e9ramiques perm\u00e9ables \u00e0 la lumi\u00e8re dans le domaine de la c\u00e9ramique.<\/p>\n<h2><span style=\"font-size: 14pt;\">Emballage et stockage<\/span><\/h2>\n<p>La poudre d&#8217;oxyde de magn\u00e9sium est g\u00e9n\u00e9ralement emball\u00e9e dans des mat\u00e9riaux bien scell\u00e9s, tels que des sacs en plastique \u00e0 double couche doubl\u00e9s d&#8217;un sac tiss\u00e9 ext\u00e9rieur ou d&#8217;un tambour en papier, afin d&#8217;\u00e9viter l&#8217;absorption d&#8217;humidit\u00e9 et la d\u00e9t\u00e9rioration due \u00e0 l&#8217;absorption du dioxyde de carbone de l&#8217;air. Lors du transport et de la manutention, il convient d&#8217;\u00e9viter d&#8217;endommager l&#8217;emballage afin de pr\u00e9venir les fuites de poussi\u00e8re. Des traitements anti-humidit\u00e9 et anti-pollution peuvent \u00eatre appliqu\u00e9s si n\u00e9cessaire pour garantir la puret\u00e9 et les performances du produit.<\/p>\n<p>Le produit doit \u00eatre stock\u00e9 dans un entrep\u00f4t sec et bien ventil\u00e9, \u00e0 l&#8217;\u00e9cart des sources d&#8217;eau et des environnements humides, et doit \u00e9viter tout contact avec des substances acides afin de pr\u00e9venir les r\u00e9actions chimiques. Il doit \u00eatre stock\u00e9 dans un r\u00e9cipient herm\u00e9tiquement ferm\u00e9 afin d&#8217;\u00e9viter l&#8217;absorption d&#8217;humidit\u00e9 et la formation de grumeaux, ou l&#8217;absorption de dioxyde de carbone pour former du carbonate de magn\u00e9sium, ce qui affecterait sa qualit\u00e9 et ses performances.<\/p>\n<h2><span style=\"font-size: 14pt;\">Questions fr\u00e9quemment pos\u00e9es sur l&#8217;oxyde de magn\u00e9sium<\/span><\/h2>\n<p><strong>Q1 : \u00c0 quoi sert la poudre d&#8217;oxyde de magn\u00e9sium ?<\/strong><\/p>\n<p>R : La poudre d&#8217;oxyde de magn\u00e9sium a un large \u00e9ventail d&#8217;applications. Elle est utilis\u00e9e dans l&#8217;industrie pour fabriquer des produits \u00e0 base de magn\u00e9site et comme additif dans les huiles lubrifiantes, dans l&#8217;alimentation comme suppl\u00e9ment de magn\u00e9sium et r\u00e9gulateur de pH, dans les produits pharmaceutiques comme antiacide et adsorbant, et dans des domaines de pointe tels que les mat\u00e9riaux \u00e9lectroniques, les composants magn\u00e9tiques et les c\u00e9ramiques r\u00e9sistantes aux hautes temp\u00e9ratures.<\/p>\n<p><strong>Q2 : L&#8217;oxyde de magn\u00e9sium est-il sans danger pour l&#8217;homme ?<\/strong><\/p>\n<p>R : L&#8217;oxyde de magn\u00e9sium est g\u00e9n\u00e9ralement sans danger pour l&#8217;homme lorsqu&#8217;il est utilis\u00e9 de mani\u00e8re appropri\u00e9e et dans les limites recommand\u00e9es. Il est couramment utilis\u00e9 dans l&#8217;alimentation comme suppl\u00e9ment de magn\u00e9sium et r\u00e9gulateur de pH, et en m\u00e9decine comme antiacide et laxatif. Toutefois, une consommation excessive peut entra\u00eener des effets secondaires tels que des troubles digestifs ou des diarrh\u00e9es. Comme toute substance, elle doit \u00eatre utilis\u00e9e conform\u00e9ment aux directives, en particulier dans les applications m\u00e9dicales ou di\u00e9t\u00e9tiques.<\/p>\n<p><strong>Q3 : L&#8217;oxyde de magn\u00e9sium peut-il \u00eatre personnalis\u00e9 ?<\/strong><\/p>\n<p>R : Oui, il peut \u00eatre personnalis\u00e9 pour r\u00e9pondre aux exigences de diff\u00e9rentes applications. Ses propri\u00e9t\u00e9s telles que la puret\u00e9, la taille des particules, la densit\u00e9 et le niveau d&#8217;activit\u00e9 peuvent \u00eatre ajust\u00e9es au cours de la production. En outre, il peut \u00eatre adapt\u00e9 \u00e0 diff\u00e9rentes qualit\u00e9s, telles que les niveaux industriel, alimentaire, m\u00e9dical ou de haute puret\u00e9, pour r\u00e9pondre \u00e0 des utilisations sp\u00e9cifiques dans des industries telles que la c\u00e9ramique, les produits pharmaceutiques, l&#8217;\u00e9lectronique et le traitement chimique.<\/p>\n","protected":false},"excerpt":{"rendered":"<p>L&#8217;oxyde de magn\u00e9sium est un solide cristallin blanc et hygroscopique qui existe \u00e0 l&#8217;\u00e9tat naturel dans les min\u00e9raux p\u00e9riclases. Il est tr\u00e8s appr\u00e9ci\u00e9 pour sa stabilit\u00e9 thermique, son isolation \u00e9lectrique et son alcalinit\u00e9. Il est largement utilis\u00e9 dans les c\u00e9ramiques, les mat\u00e9riaux r\u00e9fractaires, les produits pharmaceutiques et les mati\u00e8res premi\u00e8res industrielles. VIMATERIAL propose de l&#8217;oxyde [&hellip;]<\/p>\n","protected":false},"featured_media":999563,"comment_status":"open","ping_status":"closed","template":"","meta":{"_acf_changed":false},"product_brand":[],"product_cat":[243],"product_tag":[],"class_list":{"0":"post-1051171","1":"product","2":"type-product","3":"status-publish","4":"has-post-thumbnail","6":"product_cat-materiaux-oxydes-hydroxydes","8":"first","9":"instock","10":"shipping-taxable","11":"purchasable","12":"product-type-variable"},"acf":[],"_links":{"self":[{"href":"https:\/\/vimaterial.de\/fr\/wp-json\/wp\/v2\/product\/1051171","targetHints":{"allow":["GET"]}}],"collection":[{"href":"https:\/\/vimaterial.de\/fr\/wp-json\/wp\/v2\/product"}],"about":[{"href":"https:\/\/vimaterial.de\/fr\/wp-json\/wp\/v2\/types\/product"}],"replies":[{"embeddable":true,"href":"https:\/\/vimaterial.de\/fr\/wp-json\/wp\/v2\/comments?post=1051171"}],"wp:featuredmedia":[{"embeddable":true,"href":"https:\/\/vimaterial.de\/fr\/wp-json\/wp\/v2\/media\/999563"}],"wp:attachment":[{"href":"https:\/\/vimaterial.de\/fr\/wp-json\/wp\/v2\/media?parent=1051171"}],"wp:term":[{"taxonomy":"product_brand","embeddable":true,"href":"https:\/\/vimaterial.de\/fr\/wp-json\/wp\/v2\/product_brand?post=1051171"},{"taxonomy":"product_cat","embeddable":true,"href":"https:\/\/vimaterial.de\/fr\/wp-json\/wp\/v2\/product_cat?post=1051171"},{"taxonomy":"product_tag","embeddable":true,"href":"https:\/\/vimaterial.de\/fr\/wp-json\/wp\/v2\/product_tag?post=1051171"}],"curies":[{"name":"wp","href":"https:\/\/api.w.org\/{rel}","templated":true}]}}