{"id":1050952,"date":"2024-06-17T15:33:39","date_gmt":"2024-06-17T07:33:39","guid":{"rendered":"https:\/\/vimaterial.de\/product\/indium-metal-3\/"},"modified":"2024-06-17T15:33:39","modified_gmt":"2024-06-17T07:33:39","slug":"indium-metal-3","status":"publish","type":"product","link":"https:\/\/vimaterial.de\/fr\/product\/indium-metal-3\/","title":{"rendered":"Indium m\u00e9tal"},"content":{"rendered":"<p>Le fil d&#8217;indium est un mat\u00e9riau filiforme compos\u00e9 d&#8217;indium pur, caract\u00e9ris\u00e9 par une grande puret\u00e9, une bonne conductivit\u00e9 et une bonne stabilit\u00e9 chimique.<\/p>\n<p>VIMATERIAL propose \u00e9galement <span style=\"color: #0000ff;\"><a style=\"color: #0000ff;\" href=\"https:\/\/vimaterial.de\/fr\/product\/indium-metal-2\/\">des cibles d&#8217;indium<\/a><\/span><br \/>\nde haute puret\u00e9<span style=\"color: #0000ff;\">, <a style=\"color: #0000ff;\" href=\"https:\/\/vimaterial.de\/fr\/product\/indium-metal-4\/\">des feuilles d&#8217;indium<\/a>, <a style=\"color: #0000ff;\" href=\"https:\/\/vimaterial.de\/fr\/product\/indium-metal\/\">des poudres d&#8217;indium<\/a>,<\/span><br \/>\netc. N&#8217;h\u00e9sitez pas \u00e0 <span style=\"color: #0000ff;\"><a style=\"color: #0000ff;\" href=\"https:\/\/vimaterial.de\/fr\/contact\/\">nous contacter<\/a><\/span><br \/>\nsi vous en avez besoin.<\/p>\n<h2><span style=\"font-size: 14pt;\">Propri\u00e9t\u00e9s :<\/span><\/h2>\n<p>Aspect : g\u00e9n\u00e9ralement lin\u00e9aire, de couleur blanc argent\u00e9, avec une surface pr\u00e9sentant un \u00e9clat m\u00e9tallique. Lorsqu&#8217;il est expos\u00e9 \u00e0 l&#8217;air, la surface peut devenir grise en raison de l&#8217;oxydation.<\/p>\n<p>Densit\u00e9 : La densit\u00e9 de l&#8217;indium est d&#8217;environ 7,31 g\/cm\u00b3.<\/p>\n<p>Point de fusion : environ 156,61 \u00b0C.<\/p>\n<p>Duret\u00e9 : Texture tendre, duret\u00e9 Mohs d&#8217;environ 1,2.<\/p>\n<p>Conductivit\u00e9 \u00e9lectrique : Il pr\u00e9sente une bonne conductivit\u00e9 \u00e9lectrique et trouve des applications dans les domaines de l&#8217;\u00e9lectronique, de l&#8217;\u00e9lectricit\u00e9 et d&#8217;autres propri\u00e9t\u00e9s conductrices.<\/p>\n<h2><span style=\"font-size: 14pt;\">Applications du fil d&#8217;indium<\/span><\/h2>\n<p>Industrie \u00e9lectronique : Dans la fabrication de semi-conducteurs, le fil d&#8217;indium peut \u00eatre utilis\u00e9 pour l&#8217;encapsulation et la connexion des puces. Gr\u00e2ce \u00e0 sa bonne conductivit\u00e9 et \u00e0 sa soudabilit\u00e9, il permet d&#8217;assurer une connexion fiable entre la puce et le circuit externe.<\/p>\n<p>Domaine de la soudure : Le fil d&#8217;indium est un excellent mat\u00e9riau de soudure \u00e0 basse temp\u00e9rature, qui trouve des applications importantes dans la soudure de certains mat\u00e9riaux sensibles \u00e0 la temp\u00e9rature.<\/p>\n<p>Domaine de la recherche scientifique : en laboratoire, le fil d&#8217;indium peut \u00eatre utilis\u00e9 pour fabriquer des thermocouples et d&#8217;autres instruments de mesure de la temp\u00e9rature. En raison du faible point de fusion de l&#8217;indium, il pr\u00e9sente certains avantages pour la mesure \u00e0 basse temp\u00e9rature.<\/p>\n<h2><span style=\"font-size: 14pt;\">Contr\u00f4le qualit\u00e9<\/span><\/h2>\n<p>Nos produits sont soumis au syst\u00e8me de gestion de la qualit\u00e9 le plus rigoureux. Des normes d&#8217;inspection strictes s&#8217;appliquent aux mati\u00e8res premi\u00e8res entrantes, aux processus, aux contr\u00f4les finaux et aux inspections en usine. Des mesures d&#8217;isolement strictes seront adopt\u00e9es pour les traitements non conformes afin d&#8217;emp\u00eacher que des produits non conformes ne passent \u00e0 l&#8217;\u00e9tape suivante. Des \u00e9chantillons seront fournis aux clients selon leurs exigences pour une r\u00e9inspection.<\/p>\n<h2><span style=\"font-size: 14pt;\">Emballage et stockage<\/span><\/h2>\n<p>: Emballage sous vide ; la quantit\u00e9 d&#8217;emballage peut \u00eatre adapt\u00e9e aux exigences du client et conditionn\u00e9e s\u00e9par\u00e9ment.<\/p>\n<p>Le fil d&#8217;indium doit \u00eatre stock\u00e9 dans un entrep\u00f4t sec, frais et a\u00e9r\u00e9, \u00e0 l&#8217;abri de la lumi\u00e8re directe du soleil et des environnements \u00e0 haute temp\u00e9rature afin d&#8217;\u00e9viter que le fil d&#8217;indium ne se d\u00e9forme ou ne fonde sous l&#8217;effet de la chaleur.<\/p>\n<h2><span style=\"font-size: 14pt;\">Foire aux questions<\/span><\/h2>\n<p><strong>Q1 : \u00c0 quoi sert le fil d&#8217;indium ?<\/strong><br \/>\nR : Le fil d&#8217;indium est utilis\u00e9 dans l&#8217;industrie \u00e9lectronique pour l&#8217;encapsulation et les connexions de puces, en soudure comme soudure \u00e0 basse temp\u00e9rature pour les mat\u00e9riaux thermosensibles, et dans la recherche scientifique pour la fabrication de thermocouples et d&#8217;autres instruments de mesure \u00e0 basse temp\u00e9rature.<\/p>\n<p><strong>Q2 : L&#8217;indium est-il une soudure ?<\/strong><br \/>\nR : L&#8217;indium en soi n&#8217;est pas une soudure au sens traditionnel du terme, mais c&#8217;est un composant essentiel dans la fabrication de nombreuses soudures (en particulier les soudures \u00e0 base d&#8217;alliages d&#8217;indium), occupant une place irrempla\u00e7able dans les domaines de l&#8217;\u00e9lectronique haut de gamme, de la soudure \u00e0 basse temp\u00e9rature, sous vide et d&#8217;\u00e9tanch\u00e9it\u00e9.<\/p>\n<p><strong>Q3 : Puis-je toucher l&#8217;indium ?<\/strong><br \/>\nR : Un contact quotidien (comme l&#8217;utilisation de t\u00e9l\u00e9phones portables et de t\u00e9l\u00e9viseurs) n&#8217;entra\u00eenera pas d&#8217;empoisonnement \u00e0 l&#8217;indium. Dans les \u00e9crans LCD, l&#8217;indium est scell\u00e9 entre deux couches de verre sous forme d&#8217;oxyde d&#8217;indium-\u00e9tain (ITO) et ne se d\u00e9compose pas ni ne lib\u00e8re de poussi\u00e8re de lui-m\u00eame, ce qui le rend totalement s\u00fbr pour une utilisation normale ; cependant, les personnes travaillant en premi\u00e8re ligne (comme celles impliqu\u00e9es dans la fabrication d&#8217;\u00e9crans LCD et de panneaux solaires) doivent emp\u00eacher la fine poussi\u00e8re d&#8217;indium de p\u00e9n\u00e9trer dans leurs poumons. L&#8217;inhalation de poussi\u00e8res contenant de l&#8217;indium ou son ingestion accidentelle peut entra\u00eener des probl\u00e8mes de sant\u00e9.<\/p>\n<p><strong>Q4 : L&#8217;indium peut-il fondre ?<\/strong><br \/>\nR : L&#8217;indium m\u00e9tallique est un m\u00e9tal fondu, dont le point de fusion est d&#8217;environ 156,6 \u00b0C. L&#8217;indium est un m\u00e9tal blanc argent\u00e9 avec une l\u00e9g\u00e8re teinte bleut\u00e9e, extr\u00eamement mou, qui peut \u00eatre ray\u00e9 avec un ongle. En tant que m\u00e9tal fusible, l&#8217;indium passe de l&#8217;\u00e9tat solide \u00e0 l&#8217;\u00e9tat liquide lorsqu&#8217;il est chauff\u00e9 au-del\u00e0 de cette temp\u00e9rature. Il est principalement utilis\u00e9 dans la fabrication d&#8217;alliages \u00e0 bas point de fusion, de semi-conducteurs et de mati\u00e8res premi\u00e8res pour les sources de lumi\u00e8re \u00e9lectrique.<\/p>\n","protected":false},"excerpt":{"rendered":"<p>Le fil d&#8217;indium est un mat\u00e9riau filiforme compos\u00e9 d&#8217;indium pur, caract\u00e9ris\u00e9 par une grande puret\u00e9, une bonne conductivit\u00e9 et une bonne stabilit\u00e9 chimique. VIMATERIAL propose \u00e9galement des cibles d&#8217;indium de haute puret\u00e9, des feuilles d&#8217;indium, des poudres d&#8217;indium, etc. N&#8217;h\u00e9sitez pas \u00e0 nous contacter si vous en avez besoin. Propri\u00e9t\u00e9s : Aspect : g\u00e9n\u00e9ralement lin\u00e9aire, [&hellip;]<\/p>\n","protected":false},"featured_media":1032169,"comment_status":"open","ping_status":"closed","template":"","meta":{"_acf_changed":false},"product_brand":[],"product_cat":[245],"product_tag":[295],"class_list":{"0":"post-1050952","1":"product","2":"type-product","3":"status-publish","4":"has-post-thumbnail","6":"product_cat-profil-fr","7":"product_tag-fil-de-fer","9":"first","10":"instock","11":"shipping-taxable","12":"purchasable","13":"product-type-variable"},"acf":[],"_links":{"self":[{"href":"https:\/\/vimaterial.de\/fr\/wp-json\/wp\/v2\/product\/1050952","targetHints":{"allow":["GET"]}}],"collection":[{"href":"https:\/\/vimaterial.de\/fr\/wp-json\/wp\/v2\/product"}],"about":[{"href":"https:\/\/vimaterial.de\/fr\/wp-json\/wp\/v2\/types\/product"}],"replies":[{"embeddable":true,"href":"https:\/\/vimaterial.de\/fr\/wp-json\/wp\/v2\/comments?post=1050952"}],"wp:featuredmedia":[{"embeddable":true,"href":"https:\/\/vimaterial.de\/fr\/wp-json\/wp\/v2\/media\/1032169"}],"wp:attachment":[{"href":"https:\/\/vimaterial.de\/fr\/wp-json\/wp\/v2\/media?parent=1050952"}],"wp:term":[{"taxonomy":"product_brand","embeddable":true,"href":"https:\/\/vimaterial.de\/fr\/wp-json\/wp\/v2\/product_brand?post=1050952"},{"taxonomy":"product_cat","embeddable":true,"href":"https:\/\/vimaterial.de\/fr\/wp-json\/wp\/v2\/product_cat?post=1050952"},{"taxonomy":"product_tag","embeddable":true,"href":"https:\/\/vimaterial.de\/fr\/wp-json\/wp\/v2\/product_tag?post=1050952"}],"curies":[{"name":"wp","href":"https:\/\/api.w.org\/{rel}","templated":true}]}}