{"id":1050888,"date":"2024-06-17T15:33:40","date_gmt":"2024-06-17T07:33:40","guid":{"rendered":"https:\/\/vimaterial.de\/product\/indium-metal-2\/"},"modified":"2024-06-17T15:33:40","modified_gmt":"2024-06-17T07:33:40","slug":"indium-metal-2","status":"publish","type":"product","link":"https:\/\/vimaterial.de\/fr\/product\/indium-metal-2\/","title":{"rendered":"Indium m\u00e9tal"},"content":{"rendered":"<p>Les cibles de pulv\u00e9risation d&#8217;indium sont principalement compos\u00e9es d&#8217;<span style=\"color: #0000ff;\"><a style=\"color: #0000ff;\" href=\"https:\/\/vimaterial.de\/fr\/search\/?type=name&#038;keyword=Indium+metal\">indium<\/a><\/span><br \/>\n<span style=\"color: #0000ff;\"><a style=\"color: #0000ff;\" href=\"https:\/\/vimaterial.de\/fr\/search\/?type=name&#038;keyword=Indium+metal\">m\u00e9tallique<\/a><\/span><br \/>\nd&#8217;une tr\u00e8s grande puret\u00e9, g\u00e9n\u00e9ralement utilis\u00e9 pour la fabrication de composants essentiels dans divers appareils \u00e9lectroniques.<\/p>\n<p>VIMATERIAL est sp\u00e9cialis\u00e9e dans la production de feuilles et de bandes d&#8217;indium, de fils d&#8217;indium, de billes d&#8217;indium, de bandelettes d&#8217;indium, de cibles d&#8217;indium, de poudre d&#8217;indium et d&#8217;autres produits \u00e0 base d&#8217;indium. Nous proposons des services de transformation \u00e0 partir de mat\u00e9riaux fournis par le client et disposons d&#8217;un stock de produits disponibles toute l&#8217;ann\u00e9e. <span style=\"color: #0000ff;\"><a style=\"color: #0000ff;\" href=\"https:\/\/vimaterial.de\/fr\/contact\/\">Contactez-nous<\/a><\/span><br \/>\npour plus d&#8217;informations.<\/p>\n<h2><span style=\"font-size: 14pt;\">Propri\u00e9t\u00e9s<\/span><\/h2>\n<p>Formule mol\u00e9culaire : In<\/p>\n<p>Masse molaire : 114,8 g\/mol<\/p>\n<p>Aspect : blanc argent\u00e9<\/p>\n<p>Densit\u00e9 : 7,31 g\/cm\u00b3 \u00e0 25 \u00b0C<\/p>\n<p>Point de fusion : 156,6 \u00b0C<\/p>\n<p>Point d&#8217;\u00e9bullition : 2 080 \u00b0C<\/p>\n<p>Coefficient de dilatation thermique (CTE) : (25 \u00b0C) 32,1 \u00b5m\u00b7m\u207b\u00b9\u00b7K<sup>\u207b\u00b9<\/sup><br \/>\nConductivit\u00e9 thermique : 0,818 W\/cm\u00b7K \u00e0 298,2 K<\/p>\n<p>R\u00e9sistivit\u00e9 : 8,37 \u03a9\u00b7m \u00e0 20 \u00b0C<\/p>\n<h2><span style=\"font-size: 14pt;\">Quelles sont les applications des cibles de pulv\u00e9risation d&#8217;indium ?<\/span><\/h2>\n<p>Domaine de l&#8217;\u00e9lectronique et des semi-conducteurs : l&#8217;indium et ses compos\u00e9s, tels que l&#8217;InGaAs, sont utilis\u00e9s pour fabriquer des dispositifs \u00e9lectroniques \u00e0 semi-conducteurs, avec des vitesses de transport d&#8217;\u00e9lectrons plusieurs fois sup\u00e9rieures \u00e0 celles du silicium. Les cibles de pulv\u00e9risation d&#8217;indium sont \u00e9galement utilis\u00e9es dans la production de dispositifs tels que les transistors \u00e0 effet de champ m\u00e9tal-oxyde-semi-conducteur (MOSFET), les transistors \u00e0 effet de champ m\u00e9tal-semi-conducteur (MESFET) et les transistors \u00e0 haute mobilit\u00e9 \u00e9lectronique (HEMT).<\/p>\n<p>Opto\u00e9lectronique et \u00e9crans LCD : l&#8217;indium est utilis\u00e9 pour produire des cibles ITO destin\u00e9es aux \u00e9crans \u00e0 cristaux liquides (LCD) et aux \u00e9crans plats, ce qui constitue le principal domaine de consommation mondiale d&#8217;indium. Les cibles en alliage indium-\u00e9tain sont utilis\u00e9es dans la pulv\u00e9risation r\u00e9active en courant continu pour cr\u00e9er des films minces ITO, qui sont employ\u00e9s dans les rev\u00eatements conducteurs transparents pour les dispositifs \u00e9lectroniques tels que les \u00e9crans plats et les \u00e9crans tactiles.<\/p>\n<p>Alliages \u00e0 bas point de fusion et alliages pour roulements : le faible point de fusion de l&#8217;indium en fait un composant important des alliages \u00e0 bas point de fusion, couramment utilis\u00e9s dans le soudage \u00e0 basse temp\u00e9rature, les capteurs de temp\u00e9rature et les thermistances. Les cibles de pulv\u00e9risation d&#8217;indium sont \u00e9galement utilis\u00e9es dans la production d&#8217;alliages pour roulements.<\/p>\n<p>Mat\u00e9riaux magn\u00e9tiques et optiques : La cible d&#8217;indium est utilis\u00e9e dans la production de mat\u00e9riaux magn\u00e9tiques, tels que les cibles en alliage TbFeCo n\u00e9cessaires aux disques magn\u00e9to-optiques. De plus, l&#8217;indium trouve des applications dans les mat\u00e9riaux optiques, o\u00f9 il est utilis\u00e9 pour fabriquer des lentilles optiques et des fen\u00eatres pour les syst\u00e8mes optiques infrarouges et les lasers.<\/p>\n<h2><span style=\"font-size: 14pt;\">Contr\u00f4le qualit\u00e9<\/span><\/h2>\n<p>Nos produits sont soumis au syst\u00e8me de gestion de la qualit\u00e9 le plus rigoureux. Des normes d&#8217;inspection strictes s&#8217;appliquent aux mati\u00e8res premi\u00e8res entrantes, aux processus, aux contr\u00f4les finaux et aux inspections en usine. Des mesures d&#8217;isolation strictes seront adopt\u00e9es pour les traitements non conformes afin d&#8217;emp\u00eacher que des produits non conformes ne passent \u00e0 l&#8217;\u00e9tape suivante. Des \u00e9chantillons seront fournis aux clients conform\u00e9ment \u00e0 leurs exigences pour une r\u00e9inspection.<\/p>\n<h2><span style=\"font-size: 14pt;\">Emballage et stockage<\/span><\/h2>\n<p>Emballage sous vide ; la quantit\u00e9 d&#8217;emballage peut \u00eatre fournie selon les exigences du client et emball\u00e9e s\u00e9par\u00e9ment.<\/p>\n<p>Les cibles de pulv\u00e9risation d&#8217;indium doivent \u00eatre scell\u00e9es et stock\u00e9es dans un environnement frais et sec afin d&#8217;\u00e9viter toute r\u00e9action avec l&#8217;humidit\u00e9 et l&#8217;oxyg\u00e8ne pr\u00e9sents dans l&#8217;air.<\/p>\n<h2><span style=\"font-size: 14pt;\">FAQ<\/span><\/h2>\n<p><strong>Q1 : \u00c0 quoi sert une cible de pulv\u00e9risation d&#8217;indium ?<\/strong><br \/>\nR : Les cibles d&#8217;indium sont utilis\u00e9es dans l&#8217;\u00e9lectronique et les semi-conducteurs (par exemple, les MOSFET, les HEMT), l&#8217;opto\u00e9lectronique et les \u00e9crans LCD pour les films minces d&#8217;ITO, les alliages \u00e0 bas point de fusion et les alliages pour roulements, ainsi que dans les mat\u00e9riaux magn\u00e9tiques et optiques tels que les disques magn\u00e9tiques et les lentilles infrarouges.<\/p>\n<p><strong>Q2 : Qu&#8217;est-ce que le collage de cibles d&#8217;indium ?<\/strong><br \/>\nR : Le pulv\u00e9risation d&#8217;indium d\u00e9signe le processus consistant \u00e0 utiliser de l&#8217;indium (In) ou ses alliages comme soudure dans le d\u00e9p\u00f4t physique en phase vapeur (PVD) et d&#8217;autres proc\u00e9d\u00e9s afin de lier solidement la cible de pulv\u00e9risation \u00e0 une plaque de support (g\u00e9n\u00e9ralement un m\u00e9tal tel que le cuivre ou le molybd\u00e8ne). Cette technologie est principalement utilis\u00e9e pour am\u00e9liorer la conductivit\u00e9 thermique, la stabilit\u00e9 m\u00e9canique et la dur\u00e9e de vie de la cible de pulv\u00e9risation, et convient particuli\u00e8rement aux cibles de pulv\u00e9risation fragiles, co\u00fbteuses ou \u00e0 haute puissance.<\/p>\n<p><strong>Q3 : Les cibles de pulv\u00e9risation d&#8217;indium peuvent-elles \u00eatre personnalis\u00e9es ?<\/strong><br \/>\nR : Oui, les cibles de pulv\u00e9risation d&#8217;indium peuvent \u00eatre enti\u00e8rement personnalis\u00e9es pour r\u00e9pondre aux exigences sp\u00e9cifiques de chaque application. Nous proposons des solutions sur mesure en termes de niveaux de puret\u00e9, de dimensions et de formes afin de s&#8217;adapter aux diff\u00e9rents proc\u00e9d\u00e9s et \u00e9quipements de d\u00e9p\u00f4t. Que vous ayez besoin de disques standard, de cibles rectangulaires ou de g\u00e9om\u00e9tries sp\u00e9ciales, notre \u00e9quipe peut les fabriquer selon vos plans techniques et vos sp\u00e9cifications. Cela garantit des performances, une compatibilit\u00e9 et une efficacit\u00e9 optimales pour votre application particuli\u00e8re.<\/p>\n<p><strong>Q4 : Quel est le d\u00e9lai de production ?<\/strong><br \/>\nA : En stock : exp\u00e9dition imm\u00e9diate<\/p>\n<p>Produits standard : g\u00e9n\u00e9ralement 2 \u00e0 4 semaines<\/p>\n<p>Produits personnalis\u00e9s : d\u00e9termin\u00e9 en fonction des d\u00e9tails requis<\/p>\n<p>Les exigences particuli\u00e8res peuvent \u00eatre discut\u00e9es<\/p>\n","protected":false},"excerpt":{"rendered":"<p>Les cibles de pulv\u00e9risation d&#8217;indium sont principalement compos\u00e9es d&#8217;indium m\u00e9tallique d&#8217;une tr\u00e8s grande puret\u00e9, g\u00e9n\u00e9ralement utilis\u00e9 pour la fabrication de composants essentiels dans divers appareils \u00e9lectroniques. VIMATERIAL est sp\u00e9cialis\u00e9e dans la production de feuilles et de bandes d&#8217;indium, de fils d&#8217;indium, de billes d&#8217;indium, de bandelettes d&#8217;indium, de cibles d&#8217;indium, de poudre d&#8217;indium et d&#8217;autres [&hellip;]<\/p>\n","protected":false},"featured_media":1032179,"comment_status":"open","ping_status":"closed","template":"","meta":{"_acf_changed":false},"product_brand":[],"product_cat":[235],"product_tag":[271],"class_list":{"0":"post-1050888","1":"product","2":"type-product","3":"status-publish","4":"has-post-thumbnail","6":"product_cat-cibles-de-pulverisation-planaire","7":"product_tag-cibles-de-pulverisation-metallique","9":"first","10":"instock","11":"shipping-taxable","12":"purchasable","13":"product-type-variable"},"acf":[],"_links":{"self":[{"href":"https:\/\/vimaterial.de\/fr\/wp-json\/wp\/v2\/product\/1050888","targetHints":{"allow":["GET"]}}],"collection":[{"href":"https:\/\/vimaterial.de\/fr\/wp-json\/wp\/v2\/product"}],"about":[{"href":"https:\/\/vimaterial.de\/fr\/wp-json\/wp\/v2\/types\/product"}],"replies":[{"embeddable":true,"href":"https:\/\/vimaterial.de\/fr\/wp-json\/wp\/v2\/comments?post=1050888"}],"wp:featuredmedia":[{"embeddable":true,"href":"https:\/\/vimaterial.de\/fr\/wp-json\/wp\/v2\/media\/1032179"}],"wp:attachment":[{"href":"https:\/\/vimaterial.de\/fr\/wp-json\/wp\/v2\/media?parent=1050888"}],"wp:term":[{"taxonomy":"product_brand","embeddable":true,"href":"https:\/\/vimaterial.de\/fr\/wp-json\/wp\/v2\/product_brand?post=1050888"},{"taxonomy":"product_cat","embeddable":true,"href":"https:\/\/vimaterial.de\/fr\/wp-json\/wp\/v2\/product_cat?post=1050888"},{"taxonomy":"product_tag","embeddable":true,"href":"https:\/\/vimaterial.de\/fr\/wp-json\/wp\/v2\/product_tag?post=1050888"}],"curies":[{"name":"wp","href":"https:\/\/api.w.org\/{rel}","templated":true}]}}