{"id":1050777,"date":"2024-06-17T13:51:44","date_gmt":"2024-06-17T05:51:44","guid":{"rendered":"https:\/\/vimaterial.de\/product\/nitrure-daluminium-3\/"},"modified":"2024-06-17T13:51:44","modified_gmt":"2024-06-17T05:51:44","slug":"nitrure-daluminium-3","status":"publish","type":"product","link":"https:\/\/vimaterial.de\/fr\/product\/nitrure-daluminium-3\/","title":{"rendered":"Nitrure d&#8217;aluminium"},"content":{"rendered":"<p>La poudre <span style=\"color: #0000ff;\"><a style=\"color: #0000ff;\" href=\"https:\/\/vimaterial.de\/fr\/search\/?type=element&#038;keyword=Al%2CN\">de nitrure d&#8217;aluminium<\/a><\/span><br \/>\nest une poudre fine haute performance r\u00e9put\u00e9e pour son excellente conductivit\u00e9 thermique, son isolation \u00e9lectrique et sa stabilit\u00e9 \u00e0 haute temp\u00e9rature. Elle est largement utilis\u00e9e dans les secteurs de l&#8217;\u00e9lectronique, de la c\u00e9ramique et de la gestion thermique, o\u00f9 ses propri\u00e9t\u00e9s thermiques sont particuli\u00e8rement pr\u00e9cieuses pour la dissipation de la chaleur.<\/p>\n<p>VIMATERIAL propose de la poudre de nitrure d&#8217;aluminium de haute puret\u00e9, disponible sous forme de particules microm\u00e9triques et nanom\u00e9triques, ainsi que sous forme sph\u00e9rique et irr\u00e9guli\u00e8re. Des tailles de particules sur mesure sont disponibles pour r\u00e9pondre \u00e0 vos besoins. <span style=\"color: #0000ff;\"><a style=\"color: #0000ff;\" href=\"https:\/\/vimaterial.de\/fr\/contact\/\">Contactez-nous<\/a><\/span><br \/>\npour plus d&#8217;informations.<\/p>\n<h2><span style=\"font-size: 14pt;\">Propri\u00e9t\u00e9s :<\/span><\/h2>\n<p><strong>Haute puret\u00e9 (\u2265 99 %) :<\/strong><br \/>\nla poudre de nitrure d&#8217;aluminium de haute puret\u00e9 est essentielle pour les applications de pointe, garantissant une contamination minimale dans les produits finis, en particulier dans l&#8217;\u00e9lectronique et la c\u00e9ramique.<\/p>\n<p><strong>Haute conductivit\u00e9 thermique :<\/strong><br \/>\nLe nitrure d&#8217;aluminium (AlN) pr\u00e9sente une conductivit\u00e9 thermique comprise entre 170 et 200 W\/m\u00b7K, l&#8217;une des plus \u00e9lev\u00e9es parmi les mat\u00e9riaux c\u00e9ramiques, ce qui le rend id\u00e9al pour la dissipation thermique dans les applications \u00e9lectroniques.<\/p>\n<p><strong>Isolation \u00e9lectrique :<\/strong><br \/>\nGr\u00e2ce \u00e0 ses excellentes propri\u00e9t\u00e9s di\u00e9lectriques, l&#8217;AlN est largement utilis\u00e9 comme isolant \u00e9lectrique, en particulier dans les applications qui n\u00e9cessitent \u00e9galement une gestion thermique.<\/p>\n<p><strong>Taille fine des particules :<\/strong><br \/>\nla poudre de nitrure d&#8217;aluminium est g\u00e9n\u00e9ralement disponible en tailles microm\u00e9triques ou submicrom\u00e9triques, ce qui permet une dispersion uniforme dans les mat\u00e9riaux c\u00e9ramiques et composites pour des propri\u00e9t\u00e9s thermiques et m\u00e9caniques constantes.<\/p>\n<p><strong>Stabilit\u00e9 \u00e0 haute temp\u00e9rature :<\/strong><br \/>\nle nitrure d&#8217;aluminium (AlN) est stable jusqu&#8217;\u00e0 des temp\u00e9ratures \u00e9lev\u00e9es (jusqu&#8217;\u00e0 environ 1 000 \u00b0C dans l&#8217;air) et peut supporter des cycles thermiques sans se d\u00e9grader, ce qui le rend adapt\u00e9 aux applications \u00e0 haute temp\u00e9rature.<\/p>\n<p><strong>R\u00e9sistance \u00e0 la corrosion :<\/strong><br \/>\nBien qu&#8217;il soit g\u00e9n\u00e9ralement r\u00e9sistant \u00e0 la plupart des produits chimiques, l&#8217;AlN peut r\u00e9agir avec l&#8217;humidit\u00e9 ; il est donc pr\u00e9f\u00e9rable de le stocker dans des conditions s\u00e8ches.<\/p>\n<h2><span style=\"font-size: 14pt;\">Applications de la poudre de nitrure d&#8217;aluminium<\/span><\/h2>\n<p><strong>Gestion thermique :<\/strong><br \/>\nla poudre de nitrure d&#8217;aluminium est couramment utilis\u00e9e dans les composants \u00e9lectroniques et les substrats o\u00f9 la dissipation thermique est essentielle, comme dans les LED haute puissance, les transistors et autres semi-conducteurs.<\/p>\n<p><strong>C\u00e9ramiques et mat\u00e9riaux composites :<\/strong><br \/>\nla poudre d&#8217;AlN est utilis\u00e9e comme additif dans les formulations c\u00e9ramiques pour am\u00e9liorer la conductivit\u00e9 thermique et la r\u00e9sistance m\u00e9canique, cr\u00e9ant ainsi des mat\u00e9riaux durables et r\u00e9sistants \u00e0 la chaleur.<\/p>\n<p><strong>Mat\u00e9riaux d&#8217;interface thermique (TIM)<\/strong><br \/>\n: La poudre de nitrure d&#8217;aluminium est incorpor\u00e9e dans des TIM tels que des p\u00e2tes, des adh\u00e9sifs et des gels, o\u00f9 elle assure un transfert de chaleur efficace entre les composants et les m\u00e9canismes de refroidissement.<\/p>\n<p><strong>Mat\u00e9riaux d&#8217;isolation \u00e9lectrique :<\/strong><br \/>\nLes propri\u00e9t\u00e9s isolantes de l&#8217;AlN sont mises \u00e0 profit dans les composants haute tension et haute fr\u00e9quence, ainsi que dans les composants n\u00e9cessitant une isolation par rapport aux mat\u00e9riaux conducteurs.<\/p>\n<p><strong>Composites \u00e0 matrice m\u00e9tallique (MMC) :<\/strong><br \/>\nLa poudre de nitrure d&#8217;aluminium est utilis\u00e9e dans les composites m\u00e9talliques, en particulier dans les alliages d&#8217;aluminium, pour am\u00e9liorer les performances thermiques tout en conservant l&#8217;isolation \u00e9lectrique.<\/p>\n<h2><span style=\"font-size: 14pt;\">Manipulation et stockage :<\/span><\/h2>\n<p>Sensibilit\u00e9 \u00e0 l&#8217;humidit\u00e9 : Le nitrure d&#8217;aluminium (AlN) peut s&#8217;hydrolyser dans des environnements humides ; il doit donc \u00eatre stock\u00e9 dans des conditions herm\u00e9tiques et s\u00e8ches, souvent avec des dessiccants, afin de pr\u00e9server sa qualit\u00e9.<\/p>\n<p>\u00c9quipement de protection individuelle (EPI) appropri\u00e9 : La poudre de nitrure d&#8217;aluminium doit \u00eatre manipul\u00e9e avec pr\u00e9caution, en utilisant un \u00e9quipement de protection pour \u00e9viter l&#8217;inhalation de particules fines.<\/p>\n<h2><span style=\"font-size: 14pt;\">FAQ<\/span><\/h2>\n<p><strong>Q1 : Qu&#8217;est-ce que le nitrure d&#8217;aluminium ?<\/strong><br \/>\nR : Le nitrure d&#8217;aluminium (AlN) est un nitrure de type diamant compos\u00e9 de liaisons covalentes, appartenant au syst\u00e8me cristallin hexagonal de type wurtzite. Ce mat\u00e9riau est une poudre non toxique, blanche ou blanc gris\u00e2tre, stable jusqu&#8217;\u00e0 2 200 \u00b0C, qui pr\u00e9sente une conductivit\u00e9 thermique \u00e9lev\u00e9e (320 W\/m\u00b7K) et un faible coefficient de dilatation thermique, ce qui le rend adapt\u00e9 aux mat\u00e9riaux r\u00e9sistants aux chocs thermiques, aux creusets pour m\u00e9taux en fusion et aux substrats de composants \u00e9lectroniques.<\/p>\n<p><strong>Q2 : Quel est le d\u00e9lai de livraison pour la poudre de nitrure d&#8217;aluminium ?<\/strong><br \/>\nR : Articles en stock : disponibles pour une exp\u00e9dition imm\u00e9diate<\/p>\n<p>Produits standard : g\u00e9n\u00e9ralement 2 \u00e0 4 semaines<\/p>\n<p>Produits sur mesure : le d\u00e9lai de livraison sera d\u00e9termin\u00e9 en fonction de vos exigences sp\u00e9cifiques<\/p>\n<p>Exigences particuli\u00e8res : veuillez nous contacter pour discuter des d\u00e9tails et des d\u00e9lais<\/p>\n<p><strong>Q3 : \u00c0 quoi sert la poudre de nitrure d&#8217;aluminium ?<\/strong><br \/>\nR : La poudre de nitrure d&#8217;aluminium est largement utilis\u00e9e dans les applications de gestion thermique et d&#8217;isolation \u00e9lectrique en raison de sa conductivit\u00e9 thermique \u00e9lev\u00e9e et de ses excellentes propri\u00e9t\u00e9s isolantes. Elle est couramment utilis\u00e9e dans les substrats \u00e9lectroniques, les LED haute puissance, les semi-conducteurs, les mat\u00e9riaux d&#8217;interface thermique (TIM), les mat\u00e9riaux c\u00e9ramiques et composites, ainsi que les composites \u00e0 matrice m\u00e9tallique pour am\u00e9liorer la dissipation thermique, la r\u00e9sistance et la fiabilit\u00e9.<\/p>\n<p><strong>Q4 : Puis-je demander un \u00e9chantillon de poudre de nitrure d&#8217;aluminium ?<\/strong><\/p>\n<p>R : Oui, nous pouvons vous fournir des \u00e9chantillons de poudre de nitrure d&#8217;aluminium \u00e0 des fins de test et d&#8217;\u00e9valuation. Veuillez <span style=\"color: #0000ff;\"><a style=\"color: #0000ff;\" href=\"https:\/\/vimaterial.de\/fr\/contact\/\">nous<\/a><\/span><br \/>\nindiquer les sp\u00e9cifications, les dimensions, la puret\u00e9 ou l&#8217;application pr\u00e9vue dont vous avez besoin, et nous vous ferons parvenir les \u00e9chantillons dans les plus brefs d\u00e9lais.<\/p>\n","protected":false},"excerpt":{"rendered":"<p>La poudre de nitrure d&#8217;aluminium est une poudre fine haute performance r\u00e9put\u00e9e pour son excellente conductivit\u00e9 thermique, son isolation \u00e9lectrique et sa stabilit\u00e9 \u00e0 haute temp\u00e9rature. Elle est largement utilis\u00e9e dans les secteurs de l&#8217;\u00e9lectronique, de la c\u00e9ramique et de la gestion thermique, o\u00f9 ses propri\u00e9t\u00e9s thermiques sont particuli\u00e8rement pr\u00e9cieuses pour la dissipation de la [&hellip;]<\/p>\n","protected":false},"featured_media":998469,"comment_status":"open","ping_status":"closed","template":"","meta":{"_acf_changed":false},"product_brand":[],"product_cat":[240],"product_tag":[281,282],"class_list":{"0":"post-1050777","1":"product","2":"type-product","3":"status-publish","4":"has-post-thumbnail","6":"product_cat-materiaux-c-n-b-si","7":"product_tag-ceramique","8":"product_tag-nitrures","10":"first","11":"instock","12":"shipping-taxable","13":"purchasable","14":"product-type-variable"},"acf":[],"_links":{"self":[{"href":"https:\/\/vimaterial.de\/fr\/wp-json\/wp\/v2\/product\/1050777","targetHints":{"allow":["GET"]}}],"collection":[{"href":"https:\/\/vimaterial.de\/fr\/wp-json\/wp\/v2\/product"}],"about":[{"href":"https:\/\/vimaterial.de\/fr\/wp-json\/wp\/v2\/types\/product"}],"replies":[{"embeddable":true,"href":"https:\/\/vimaterial.de\/fr\/wp-json\/wp\/v2\/comments?post=1050777"}],"wp:featuredmedia":[{"embeddable":true,"href":"https:\/\/vimaterial.de\/fr\/wp-json\/wp\/v2\/media\/998469"}],"wp:attachment":[{"href":"https:\/\/vimaterial.de\/fr\/wp-json\/wp\/v2\/media?parent=1050777"}],"wp:term":[{"taxonomy":"product_brand","embeddable":true,"href":"https:\/\/vimaterial.de\/fr\/wp-json\/wp\/v2\/product_brand?post=1050777"},{"taxonomy":"product_cat","embeddable":true,"href":"https:\/\/vimaterial.de\/fr\/wp-json\/wp\/v2\/product_cat?post=1050777"},{"taxonomy":"product_tag","embeddable":true,"href":"https:\/\/vimaterial.de\/fr\/wp-json\/wp\/v2\/product_tag?post=1050777"}],"curies":[{"name":"wp","href":"https:\/\/api.w.org\/{rel}","templated":true}]}}