{"id":1050704,"date":"2024-06-17T14:29:40","date_gmt":"2024-06-17T06:29:40","guid":{"rendered":"https:\/\/vimaterial.de\/product\/vanadium-metal-7\/"},"modified":"2024-06-17T14:29:40","modified_gmt":"2024-06-17T06:29:40","slug":"vanadium-metal-7","status":"publish","type":"product","link":"https:\/\/vimaterial.de\/fr\/product\/vanadium-metal-7\/","title":{"rendered":"Vanadium m\u00e9tal"},"content":{"rendered":"<p>La feuille <span style=\"color: #0000ff;\"><a style=\"color: #0000ff;\" href=\"https:\/\/vimaterial.de\/fr\/search\/?type=element&#038;keyword=V\">de vanadium m\u00e9tallique<\/a><\/span><br \/>\nest une fine feuille de vanadium, de couleur gris argent\u00e9, pr\u00e9sentant un \u00e9clat m\u00e9tallique, une texture souple, une bonne conductivit\u00e9 \u00e9lectrique et un point de fusion \u00e9lev\u00e9, avec des applications potentielles dans les domaines de l&#8217;\u00e9lectronique, de la chimie et de la m\u00e9tallurgie.<\/p>\n<p>VIMATERIAL est une entreprise innovante de pointe sp\u00e9cialis\u00e9e dans les mat\u00e9riaux chimiques haute performance destin\u00e9s \u00e0 des applications d&#8217;ing\u00e9nierie de pointe. Nos produits sont d&#8217;une grande puret\u00e9 et d&#8217;une qualit\u00e9 \u00e9lev\u00e9e. Nous proposons des conditionnements en petites quantit\u00e9s, des quantit\u00e9s minimales de commande (MOQ) r\u00e9duites, des stocks suffisants et des services de personnalisation. Si vous avez des besoins particuliers, n&#8217;h\u00e9sitez pas \u00e0 <span style=\"color: #0000ff;\"><a style=\"color: #0000ff;\" href=\"https:\/\/vimaterial.de\/fr\/contact\/\">nous contacter<\/a><\/span><br \/>\n.<\/p>\n<h2><span style=\"font-size: 14pt;\">Propri\u00e9t\u00e9s<\/span><\/h2>\n<p>Formule mol\u00e9culaire : V<\/p>\n<p>Masse mol\u00e9culaire : 50,94 g\/mol<\/p>\n<p>Aspect : Flocons gris argent\u00e9 avec un \u00e9clat m\u00e9tallique.<\/p>\n<p>Densit\u00e9 : 6,0 g\/cm\u00b3<\/p>\n<p>Point de fusion : 1910 \u00b0C<\/p>\n<p>Point d&#8217;\u00e9bullition : 3407 \u00b0C<\/p>\n<p>Structure cristalline : structure cubique \u00e0 corps centr\u00e9<\/p>\n<h2><span style=\"font-size: 14pt;\">Applications de la feuille de vanadium<\/span><\/h2>\n<p>\u00c9lectronique : la feuille de vanadium peut \u00eatre utilis\u00e9e dans la fabrication de composants \u00e9lectroniques, tels que les mat\u00e9riaux d&#8217;\u00e9lectrodes. Gr\u00e2ce \u00e0 sa bonne conductivit\u00e9 \u00e9lectrique, elle facilite la transmission efficace des \u00e9lectrons entre les composants, am\u00e9liorant ainsi les performances des \u00e9quipements \u00e9lectroniques.<\/p>\n<p>Industrie chimique : la feuille de vanadium peut servir de support de catalyseur dans les dispositifs de r\u00e9action chimique. Sa grande surface permet de charger efficacement des catalyseurs afin de participer \u00e0 diverses r\u00e9actions chimiques et d&#8217;am\u00e9liorer l&#8217;efficacit\u00e9 de la r\u00e9action.<\/p>\n<p>Industrie m\u00e9tallurgique : en tant qu&#8217;additif d&#8217;alliage, la feuille de vanadium peut \u00eatre fusionn\u00e9e avec d&#8217;autres m\u00e9taux au cours du processus m\u00e9tallurgique pour am\u00e9liorer la r\u00e9sistance et la t\u00e9nacit\u00e9 de l&#8217;alliage, qui est utilis\u00e9 pour produire des mat\u00e9riaux m\u00e9talliques sp\u00e9ciaux de haute qualit\u00e9.<\/p>\n<p>\u00c9nergie : Dans certaines nouvelles technologies de batteries, la feuille de vanadium peut \u00eatre utilis\u00e9e pour fabriquer des \u00e9lectrodes de batteries, en tirant parti de ses propri\u00e9t\u00e9s \u00e9lectrochimiques particuli\u00e8res pour stocker et lib\u00e9rer efficacement l&#8217;\u00e9lectricit\u00e9.<\/p>\n<p>A\u00e9rospatiale : Gr\u00e2ce \u00e0 son point de fusion \u00e9lev\u00e9 et \u00e0 sa bonne r\u00e9sistance, la feuille de vanadium peut servir de couche protectrice pour les pi\u00e8ces a\u00e9rospatiales, prot\u00e9geant la structure interne contre les temp\u00e9ratures \u00e9lev\u00e9es et la corrosion.<\/p>\n<h2><span style=\"font-size: 14pt;\">Contr\u00f4le qualit\u00e9<\/span><\/h2>\n<p><span style=\"color: #0000ff;\"><a style=\"color: #0000ff;\" href=\"https:\/\/vimaterial.de\/fr\/le-controle-de-la-qualite\/\">Nos produits<\/a><\/span><br \/>\nsont soumis \u00e0 un syst\u00e8me de gestion de la qualit\u00e9 rigoureux. Des mati\u00e8res premi\u00e8res entrantes au traitement, en passant par le contr\u00f4le final et l&#8217;inspection en usine, des normes de contr\u00f4le strictes sont appliqu\u00e9es. Des mesures d&#8217;isolement rigoureuses sont prises pour les traitements non conformes afin d&#8217;emp\u00eacher les produits non conformes de passer \u00e0 l&#8217;\u00e9tape suivante. Des \u00e9chantillons sont fournis pour une nouvelle inspection par le client selon ses exigences.<\/p>\n<h2><span style=\"font-size: 14pt;\">Emballage et stockage<\/span><\/h2>\n<p>Envelopper dans des plaques de PVC, puis placer dans des sacs sous vide ou des sacs remplis de gaz inerte. La couche ext\u00e9rieure est emball\u00e9e dans une bo\u00eete en PP, qui est ensuite plac\u00e9e dans un carton solide ou une caisse en bois.<\/p>\n<p>La feuille de vanadium m\u00e9tallique doit \u00eatre stock\u00e9e dans un environnement sec, frais et bien ventil\u00e9, en \u00e9vitant tout contact avec l&#8217;eau, les acides forts, les alcalis forts et les oxydants puissants, tout en la prot\u00e9geant des dommages m\u00e9caniques ; il est pr\u00e9f\u00e9rable d&#8217;utiliser des conteneurs herm\u00e9tiques pour le stockage.<\/p>\n<h2><span style=\"font-size: 14pt;\">FAQ<\/span><\/h2>\n<p><strong>Q1 : \u00c0 quoi sert la feuille de vanadium ?<\/strong><br \/>\nR : La feuille de vanadium est une forme courante de vanadium m\u00e9tallique de haute puret\u00e9. Elle pr\u00e9sente des caract\u00e9ristiques telles qu&#8217;un point de fusion \u00e9lev\u00e9, une bonne ductilit\u00e9, une r\u00e9sistance \u00e0 la corrosion et une faible section efficace de capture pour les neutrons rapides. Il est donc largement utilis\u00e9 dans des domaines de haute technologie tels que l&#8217;a\u00e9rospatiale, l&#8217;\u00e9nergie atomique (industrie nucl\u00e9aire), l&#8217;\u00e9lectronique et l&#8217;industrie des semi-conducteurs, ainsi que pour les mat\u00e9riaux de blindage et de protection.<\/p>\n<p><strong>Q2 : Le vanadium est-il un m\u00e9tal de transition ?<\/strong><br \/>\nR : Oui, le vanadium est un m\u00e9tal de transition. Les m\u00e9taux de transition constituent une classe d&#8217;\u00e9l\u00e9ments m\u00e9talliques dont les orbitales d ou f sont partiellement remplies. Ils se situent entre les \u00e9l\u00e9ments du bloc s et ceux du bloc p dans le tableau p\u00e9riodique et poss\u00e8dent des propri\u00e9t\u00e9s chimiques et physiques uniques. Le vanadium (V) a le num\u00e9ro atomique 23, se trouve dans le groupe VB de la p\u00e9riode 4 et pr\u00e9sente une configuration \u00e9lectronique de [Ar] 3d\u00b3 4s\u00b2, indiquant des orbitales d partiellement remplies, ce qui correspond \u00e0 la d\u00e9finition d&#8217;un m\u00e9tal de transition.<\/p>\n<p><strong>Q3 : Le vanadium est-il toxique ?<\/strong><br \/>\nR : Le vanadium est un \u00e9l\u00e9ment m\u00e9tallique pr\u00e9sent \u00e0 l&#8217;\u00e9tat naturel. Une exposition mod\u00e9r\u00e9e ne pr\u00e9sente aucun danger significatif pour le corps humain, mais une ingestion excessive peut poser des risques pour la sant\u00e9. Le vanadium est largement pr\u00e9sent dans le sol, l&#8217;eau et certains aliments dans la nature. L&#8217;apport quotidien chez l&#8217;homme est g\u00e9n\u00e9ralement faible, provenant principalement de l&#8217;alimentation et de l&#8217;exposition professionnelle.<\/p>\n<p><strong>Q4 : Quel est le d\u00e9lai de livraison pour la feuille de vanadium ?<\/strong><br \/>\nR : En stock : exp\u00e9dition imm\u00e9diate<\/p>\n<p>Produits standard : g\u00e9n\u00e9ralement 2 \u00e0 4 semaines<\/p>\n<p>Produits sur mesure : d\u00e9termin\u00e9 en fonction des d\u00e9tails requis<\/p>\n<p>Les exigences particuli\u00e8res peuvent \u00eatre discut\u00e9es.<\/p>\n","protected":false},"excerpt":{"rendered":"<p>La feuille de vanadium m\u00e9tallique est une fine feuille de vanadium, de couleur gris argent\u00e9, pr\u00e9sentant un \u00e9clat m\u00e9tallique, une texture souple, une bonne conductivit\u00e9 \u00e9lectrique et un point de fusion \u00e9lev\u00e9, avec des applications potentielles dans les domaines de l&#8217;\u00e9lectronique, de la chimie et de la m\u00e9tallurgie. VIMATERIAL est une entreprise innovante de pointe [&hellip;]<\/p>\n","protected":false},"featured_media":1000937,"comment_status":"open","ping_status":"closed","template":"","meta":{"_acf_changed":false},"product_brand":[],"product_cat":[245],"product_tag":[272],"class_list":{"0":"post-1050704","1":"product","2":"type-product","3":"status-publish","4":"has-post-thumbnail","6":"product_cat-profil-fr","7":"product_tag-vanadium-metal","9":"first","10":"instock","11":"shipping-taxable","12":"product-type-variable"},"acf":[],"_links":{"self":[{"href":"https:\/\/vimaterial.de\/fr\/wp-json\/wp\/v2\/product\/1050704","targetHints":{"allow":["GET"]}}],"collection":[{"href":"https:\/\/vimaterial.de\/fr\/wp-json\/wp\/v2\/product"}],"about":[{"href":"https:\/\/vimaterial.de\/fr\/wp-json\/wp\/v2\/types\/product"}],"replies":[{"embeddable":true,"href":"https:\/\/vimaterial.de\/fr\/wp-json\/wp\/v2\/comments?post=1050704"}],"wp:featuredmedia":[{"embeddable":true,"href":"https:\/\/vimaterial.de\/fr\/wp-json\/wp\/v2\/media\/1000937"}],"wp:attachment":[{"href":"https:\/\/vimaterial.de\/fr\/wp-json\/wp\/v2\/media?parent=1050704"}],"wp:term":[{"taxonomy":"product_brand","embeddable":true,"href":"https:\/\/vimaterial.de\/fr\/wp-json\/wp\/v2\/product_brand?post=1050704"},{"taxonomy":"product_cat","embeddable":true,"href":"https:\/\/vimaterial.de\/fr\/wp-json\/wp\/v2\/product_cat?post=1050704"},{"taxonomy":"product_tag","embeddable":true,"href":"https:\/\/vimaterial.de\/fr\/wp-json\/wp\/v2\/product_tag?post=1050704"}],"curies":[{"name":"wp","href":"https:\/\/api.w.org\/{rel}","templated":true}]}}