{"id":1050553,"date":"2024-06-17T14:29:43","date_gmt":"2024-06-17T06:29:43","guid":{"rendered":"https:\/\/vimaterial.de\/product\/vanadium-metal\/"},"modified":"2024-06-17T14:29:43","modified_gmt":"2024-06-17T06:29:43","slug":"vanadium-metal","status":"publish","type":"product","link":"https:\/\/vimaterial.de\/fr\/product\/vanadium-metal\/","title":{"rendered":"Vanadium m\u00e9tal"},"content":{"rendered":"<p>Une cible de pulv\u00e9risation <span style=\"color: #0000ff;\"><a style=\"color: #0000ff;\" href=\"https:\/\/vimaterial.de\/fr\/product\/vanadium-metal-7\/\">au vanadium<\/a><\/span><br \/>\nest un mat\u00e9riau compos\u00e9 principalement de vanadium m\u00e9tallique utilis\u00e9 dans le proc\u00e9d\u00e9 de pulv\u00e9risation, au cours duquel des atomes de vanadium sont d\u00e9pos\u00e9s sur un substrat par bombardement ionique afin de former un film mince. Ce proc\u00e9d\u00e9 est utilis\u00e9 dans l&#8217;industrie a\u00e9rospatiale pour la pr\u00e9paration de rev\u00eatements en alliages r\u00e9sistants aux hautes temp\u00e9ratures, dans l&#8217;industrie \u00e9lectronique pour la fabrication de mat\u00e9riaux d&#8217;\u00e9lectrodes et de films minces supraconducteurs, ainsi que dans le secteur de l&#8217;\u00e9nergie pour la production de films minces fonctionnels destin\u00e9s aux dispositifs de stockage d&#8217;\u00e9nergie.<\/p>\n<p><span style=\"color: #0000ff;\"><a style=\"color: #0000ff;\" href=\"https:\/\/vimaterial.de\/fr\/a-propos-de-nous\/\">VIMATERIAL<\/a><\/span><br \/>\npropose une large gamme de cibles de pulv\u00e9risation en vanadium. Les cibles de pulv\u00e9risation en vanadium fournies par notre entreprise se caract\u00e9risent par une grande puret\u00e9, une densit\u00e9 \u00e9lev\u00e9e et une uniformit\u00e9 granulaire. Notre entreprise propose un service de liaison de cibles ; nous sommes un fournisseur professionnel de mati\u00e8res premi\u00e8res chimiques inorganiques. N&#8217;h\u00e9sitez pas \u00e0 <span style=\"color: #0000ff;\"><a style=\"color: #0000ff;\" href=\"https:\/\/vimaterial.de\/fr\/contact\/\">nous contacter<\/a><\/span><br \/>\npour tous vos besoins.<\/p>\n<h2><span style=\"font-size: 14pt;\">Propri\u00e9t\u00e9s physiques<\/span><\/h2>\n<p>Formule mol\u00e9culaire : V<\/p>\n<p>Masse mol\u00e9culaire : 50,94 g\/mol<\/p>\n<p>Aspect : gris argent\u00e9<\/p>\n<p>Densit\u00e9 : 6,0 g\/cm\u00b3<\/p>\n<p>Point de fusion : 1910 \u00b0C<\/p>\n<p>Point d&#8217;\u00e9bullition : 3380 \u00b0C<\/p>\n<p>Structure cristalline : cubique \u00e0 corps centr\u00e9<\/p>\n<h2><span style=\"font-size: 14pt;\">Applications de la cible de pulv\u00e9risation au vanadium<\/span><\/h2>\n<p>Secteur des semi-conducteurs : la cible de pulv\u00e9risation au vanadium est utilis\u00e9e dans la fabrication de puces semi-conductrices ; elle permet de former une couche conductrice, une couche barri\u00e8re et une grille m\u00e9tallique lors de la fabrication de plaquettes, etc., afin d\u2019assurer une conductivit\u00e9 et une isolation efficaces \u00e0 l\u2019int\u00e9rieur de la puce.<\/p>\n<p>Affichage : Dans l&#8217;industrie des \u00e9crans plats, les cibles de pulv\u00e9risation en vanadium sont utilis\u00e9es pour pr\u00e9parer des films fonctionnels tels que des films conducteurs transparents, qui contribuent \u00e0 am\u00e9liorer la conductivit\u00e9, la transmission lumineuse et l&#8217;effet d&#8217;affichage des panneaux d&#8217;affichage.<\/p>\n<p>\u00c9nergie : Dans les batteries de nouvelle g\u00e9n\u00e9ration telles que les batteries lithium-ion, les cibles de pulv\u00e9risation en vanadium peuvent \u00eatre utilis\u00e9es pour pr\u00e9parer des films minces de mat\u00e9riaux d&#8217;\u00e9lectrodes, ce qui permet d&#8217;am\u00e9liorer les performances de charge et de d\u00e9charge ainsi que la dur\u00e9e de vie des batteries.<\/p>\n<p>Stockage : Les cibles de pulv\u00e9risation V peuvent \u00eatre utilis\u00e9es pour la pr\u00e9paration de films minces destin\u00e9s au stockage magn\u00e9tique de l&#8217;information, au stockage magn\u00e9to-optique de l&#8217;information et aux dispositifs de stockage enti\u00e8rement optiques, ce qui peut contribuer \u00e0 am\u00e9liorer la densit\u00e9 et la stabilit\u00e9 de stockage.<\/p>\n<p>Optique : Les cibles de pulv\u00e9risation V peuvent \u00eatre utilis\u00e9es pour pr\u00e9parer des films minces dot\u00e9s de fonctions r\u00e9fl\u00e9chissantes, antireflets et de filtrage de la lumi\u00e8re pour les lentilles optiques, les fen\u00eatres intelligentes et d&#8217;autres produits, afin de r\u00e9pondre \u00e0 diff\u00e9rents besoins optiques.<\/p>\n<h2><span style=\"font-size: 14pt;\">Contr\u00f4le qualit\u00e9<\/span><\/h2>\n<p><span style=\"color: #0000ff;\"><a style=\"color: #0000ff;\" href=\"https:\/\/vimaterial.de\/fr\/le-controle-de-la-qualite\/\">Chaque lot<\/a><\/span><br \/>\nde produits est soumis \u00e0 des principes de contr\u00f4le qualit\u00e9 stricts, garantissant que chaque lot de mat\u00e9riaux, depuis l&#8217;achat des mati\u00e8res premi\u00e8res jusqu&#8217;au traitement et aux produits finis sortant de l&#8217;entrep\u00f4t, est soumis \u00e0 des instruments de pointe, des normes d&#8217;inspection rigoureuses et des registres d&#8217;inspection complets afin d&#8217;assurer le contr\u00f4le de la qualit\u00e9 et la tra\u00e7abilit\u00e9 des produits. Chaque lot de produits est accompagn\u00e9 de fiches de donn\u00e9es de s\u00e9curit\u00e9 (FDS), de certificats d&#8217;analyse (COA), de fiches techniques (TDS), de fiches de sp\u00e9cifications (PSD) et de rapports XRD, etc. Nous fournissons \u00e9galement des \u00e9chantillons de chaque lot de produits. Chaque lot de produits sera accompagn\u00e9 d&#8217;\u00e9chantillons destin\u00e9s aux clients, et nous aidons \u00e9galement les clients \u00e0 faire appel \u00e0 des organismes de test tiers pour tester les produits.<\/p>\n<h2><span style=\"font-size: 14pt;\">Emballage et stockage<\/span><\/h2>\n<p>La cible de pulv\u00e9risation de vanadium est emball\u00e9e dans une bo\u00eete \u00e0 double sac sous vide et un carton ext\u00e9rieur.<\/p>\n<p>La cible de pulv\u00e9risation de vanadium doit \u00eatre stock\u00e9e dans un environnement sec, frais et bien ventil\u00e9 afin d&#8217;\u00e9viter l&#8217;humidit\u00e9, l&#8217;oxydation et les dommages physiques, et doit \u00eatre tenue \u00e0 l&#8217;\u00e9cart du feu et des substances fortement corrosives.<\/p>\n<h2><span style=\"font-size: 14pt;\">FAQ<\/span><\/h2>\n<p><strong>Q1 : Le vanadium est-il un m\u00e9tal de transition ?<\/strong><br \/>\nR : Oui, le vanadium est un m\u00e9tal de transition. Les m\u00e9taux de transition constituent une classe d&#8217;\u00e9l\u00e9ments m\u00e9talliques dont les orbitales d ou f sont partiellement remplies. Ils se situent entre les \u00e9l\u00e9ments du bloc s et ceux du bloc p dans le tableau p\u00e9riodique et poss\u00e8dent des propri\u00e9t\u00e9s chimiques et physiques uniques. Le vanadium (V) a le num\u00e9ro atomique 23, se trouve dans le groupe VB de la p\u00e9riode 4 et pr\u00e9sente une configuration \u00e9lectronique de [Ar] 3d\u00b3 4s\u00b2, indiquant des orbitales d partiellement remplies, ce qui r\u00e9pond \u00e0 la d\u00e9finition d&#8217;un m\u00e9tal de transition.<\/p>\n<p><strong>Q2 : \u00c0 quoi sert le vanadium ?<\/strong><br \/>\nR : Le vanadium est un \u00e9l\u00e9ment m\u00e9tallique largement utilis\u00e9 qui trouve des applications importantes dans l&#8217;industrie sid\u00e9rurgique, la m\u00e9tallurgie, l&#8217;industrie chimique, l&#8217;a\u00e9rospatiale, la d\u00e9fense, la m\u00e9decine, les pigments, le verre et les batteries pour les \u00e9nergies nouvelles. Il est surnomm\u00e9 la \u00ab vitamine m\u00e9tallique \u00bb, le \u00ab pain chimique \u00bb et le \u00ab glutamate monosodique de l&#8217;industrie moderne \u00bb.<\/p>\n<p><strong>Q3 : Le vanadium est-il toxique ?<\/strong><br \/>\nA : Le vanadium est un \u00e9l\u00e9ment m\u00e9tallique pr\u00e9sent \u00e0 l&#8217;\u00e9tat naturel. Une exposition mod\u00e9r\u00e9e ne pr\u00e9sente aucun danger significatif pour le corps humain, mais une ingestion excessive peut poser des risques pour la sant\u00e9. Le vanadium est largement pr\u00e9sent dans le sol, l&#8217;eau et certains aliments dans la nature. L&#8217;apport quotidien chez l&#8217;homme est g\u00e9n\u00e9ralement faible, provenant principalement de l&#8217;alimentation et de l&#8217;exposition professionnelle.<\/p>\n<p><strong>Q4 : O\u00f9 acheter du vanadium m\u00e9tallique ?<\/strong><\/p>\n<p>R : VIMATERIAL propose des cibles de pulv\u00e9risation en vanadium de haute puret\u00e9, des particules de vanadium et de la poudre de vanadium. La puret\u00e9 et la taille peuvent \u00eatre personnalis\u00e9es. <span style=\"color: #0000ff;\"><a style=\"color: #0000ff;\" href=\"https:\/\/vimaterial.de\/fr\/contact\/\">Contactez-nous<\/a><\/span><br \/>\npour plus d&#8217;informations. E-mail : <span style=\"color: #0000ff;\"><a style=\"color: #0000ff;\" href=\"mailto:info@vimaterial.de\">info@vimaterial.de<\/a><\/span><br \/>\n. T\u00e9l. : <span style=\"color: #0000ff;\"><a style=\"color: #0000ff;\" href=\"tel:0049-1626484175\">0049-1626484175<\/a><\/span><\/p>\n","protected":false},"excerpt":{"rendered":"<p>Une cible de pulv\u00e9risation au vanadium est un mat\u00e9riau compos\u00e9 principalement de vanadium m\u00e9tallique utilis\u00e9 dans le proc\u00e9d\u00e9 de pulv\u00e9risation, au cours duquel des atomes de vanadium sont d\u00e9pos\u00e9s sur un substrat par bombardement ionique afin de former un film mince. Ce proc\u00e9d\u00e9 est utilis\u00e9 dans l&#8217;industrie a\u00e9rospatiale pour la pr\u00e9paration de rev\u00eatements en alliages [&hellip;]<\/p>\n","protected":false},"featured_media":1000991,"comment_status":"open","ping_status":"closed","template":"","meta":{"_acf_changed":false},"product_brand":[],"product_cat":[235],"product_tag":[271,272],"class_list":{"0":"post-1050553","1":"product","2":"type-product","3":"status-publish","4":"has-post-thumbnail","6":"product_cat-cibles-de-pulverisation-planaire","7":"product_tag-cibles-de-pulverisation-metallique","8":"product_tag-vanadium-metal","10":"first","11":"instock","12":"shipping-taxable","13":"purchasable","14":"product-type-variable"},"acf":[],"_links":{"self":[{"href":"https:\/\/vimaterial.de\/fr\/wp-json\/wp\/v2\/product\/1050553","targetHints":{"allow":["GET"]}}],"collection":[{"href":"https:\/\/vimaterial.de\/fr\/wp-json\/wp\/v2\/product"}],"about":[{"href":"https:\/\/vimaterial.de\/fr\/wp-json\/wp\/v2\/types\/product"}],"replies":[{"embeddable":true,"href":"https:\/\/vimaterial.de\/fr\/wp-json\/wp\/v2\/comments?post=1050553"}],"wp:featuredmedia":[{"embeddable":true,"href":"https:\/\/vimaterial.de\/fr\/wp-json\/wp\/v2\/media\/1000991"}],"wp:attachment":[{"href":"https:\/\/vimaterial.de\/fr\/wp-json\/wp\/v2\/media?parent=1050553"}],"wp:term":[{"taxonomy":"product_brand","embeddable":true,"href":"https:\/\/vimaterial.de\/fr\/wp-json\/wp\/v2\/product_brand?post=1050553"},{"taxonomy":"product_cat","embeddable":true,"href":"https:\/\/vimaterial.de\/fr\/wp-json\/wp\/v2\/product_cat?post=1050553"},{"taxonomy":"product_tag","embeddable":true,"href":"https:\/\/vimaterial.de\/fr\/wp-json\/wp\/v2\/product_tag?post=1050553"}],"curies":[{"name":"wp","href":"https:\/\/api.w.org\/{rel}","templated":true}]}}