{"id":1050522,"date":"2024-06-17T15:44:07","date_gmt":"2024-06-17T07:44:07","guid":{"rendered":"https:\/\/vimaterial.de\/product\/carbonate-de-baryum\/"},"modified":"2024-06-17T15:44:07","modified_gmt":"2024-06-17T07:44:07","slug":"carbonate-de-baryum","status":"publish","type":"product","link":"https:\/\/vimaterial.de\/fr\/product\/carbonate-de-baryum\/","title":{"rendered":"Carbonate de baryum"},"content":{"rendered":"<p><span style=\"color: #0000ff;\"><a style=\"color: #0000ff;\" href=\"https:\/\/vimaterial.de\/fr\/search\/?type=element&#038;keyword=baco3\">Carbonate de baryum<\/a><\/span> est un compos\u00e9 poudreux blanc, compos\u00e9 d&#8217;ions baryum et d&#8217;ions carbonate, insoluble dans l&#8217;eau, largement utilis\u00e9 dans les secteurs de la chimie, de la vitroc\u00e9ramique, de l&#8217;\u00e9lectronique et d&#8217;autres domaines.<\/p>\n<p><span style=\"color: #0000ff;\"><a style=\"color: #0000ff;\" href=\"https:\/\/vimaterial.de\/fr\/a-propos-de-nous\/\">VIMATERIAL<\/a><\/span> propose de la poudre de carbonate de baryum de haute puret\u00e9, y compris des poudres micron et nano, dont la taille des particules peut \u00eatre adapt\u00e9e \u00e0 vos besoins. <span style=\"color: #0000ff;\"><a style=\"color: #0000ff;\" href=\"https:\/\/vimaterial.de\/fr\/contact\/\">Contactez nous pour plus d&#8217;informations<\/a><\/span> pour plus d&#8217;informations.<\/p>\n<h2><span style=\"font-size: 14pt;\">Propri\u00e9t\u00e9s<\/span><\/h2>\n<p>Formule chimique : BaCO3<\/p>\n<p>Aspect : Poudre blanche<\/p>\n<p>Densit\u00e9 : Environ 4,275 &#8211; 4,43 g\/cm\u00b3.<\/p>\n<p>Point de fusion : Le point de fusion est de 811\u2103 (la temp\u00e9rature \u00e0 laquelle le type \u03b3 est converti en type \u03b2), et le point de fusion du type \u03b1 peut atteindre 1740\u2103 (90.9\u00d710\u2075Pa).<\/p>\n<p>Solubilit\u00e9 : presque insoluble dans l&#8217;eau, l\u00e9g\u00e8rement soluble dans l&#8217;eau contenant du dioxyde de carbone, soluble dans une solution de chlorure d&#8217;ammonium et une solution de nitrate d&#8217;ammonium pour g\u00e9n\u00e9rer des complexes.<\/p>\n<p>Duret\u00e9 Mohs : 3.5, relativement douce.<\/p>\n<p>Hygroscopicit\u00e9 : L\u00e9g\u00e8rement hygroscopique.<\/p>\n<p>Stabilit\u00e9 thermique : il se d\u00e9compose lorsqu&#8217;il est chauff\u00e9 \u00e0 une certaine temp\u00e9rature, et se d\u00e9compose en oxyde de baryum et en dioxyde de carbone \u00e0 environ 1450\u2103.<\/p>\n<p>R\u00e9action avec l&#8217;acide : il peut r\u00e9agir avec des acides forts tels que l&#8217;acide chlorhydrique, l&#8217;acide nitrique, l&#8217;acide ac\u00e9tique, etc. et lib\u00e9rer du gaz carbonique ; cependant, il ne r\u00e9agit pas avec l&#8217;acide sulfurique car il produira un pr\u00e9cipit\u00e9 de sulfate de baryum insoluble.<\/p>\n<p>Toxicit\u00e9 : Toxique et nocif pour le corps humain. En cas d&#8217;ingestion accidentelle, le carbonate de baryum est dissous dans l&#8217;acide gastrique et se transforme en chlorure de baryum toxique soluble, qui endommage le tube digestif et le syst\u00e8me nerveux. La concentration maximale admissible dans l&#8217;air est de 0,5 mg\/m\u00b3.<\/p>\n<h2><span style=\"font-size: 14pt;\">Applications du carbonate de baryum en poudre<\/span><\/h2>\n<p><strong>Industrie du verre<\/strong><\/p>\n<p>Utilis\u00e9 comme additif pour am\u00e9liorer l&#8217;indice de r\u00e9fraction, la duret\u00e9, la r\u00e9sistance aux rayures et la transparence. Il est couramment utilis\u00e9 dans les lentilles optiques et les mat\u00e9riaux en verre de qualit\u00e9 sup\u00e9rieure.<\/p>\n<p><strong>Industrie de la c\u00e9ramique<\/strong><\/p>\n<ul>\n<li>Gla\u00e7ure : Am\u00e9liore la r\u00e9sistance \u00e0 l&#8217;usure, stabilise et \u00e9claircit la couleur, r\u00e9duit les pores et les bulles, et am\u00e9liore la transparence et la qualit\u00e9.<\/li>\n<li>Mati\u00e8res premi\u00e8res : Augmente la duret\u00e9, la r\u00e9sistance \u00e0 l&#8217;usure et la r\u00e9sistance \u00e0 la corrosion de produits tels que les carreaux.<\/li>\n<\/ul>\n<p><strong>Industrie \u00e9lectronique<\/strong><\/p>\n<ul>\n<li>Utilis\u00e9 dans les condensateurs, les mat\u00e9riaux di\u00e9lectriques et les semi-conducteurs pour am\u00e9liorer les performances \u00e9lectriques.<\/li>\n<li>Prot\u00e8ge contre les rayons X, utilis\u00e9 dans le verre d&#8217;affichage et les mat\u00e9riaux de protection contre les radiations.<\/li>\n<\/ul>\n<p><strong>Industrie chimique<\/strong><\/p>\n<ul>\n<li>\u00c9limine les impuret\u00e9s de sulfate dans les processus chimiques.<\/li>\n<li>Agit comme composant de catalyseur ou comme mati\u00e8re premi\u00e8re pour d&#8217;autres produits chimiques.<\/li>\n<\/ul>\n<p><strong>Autres applications<\/strong><\/p>\n<ul>\n<li>Pyrotechnie : Produit des couleurs sp\u00e9cifiques dans les feux d&#8217;artifice.<\/li>\n<li>Pigments : Utilis\u00e9s dans les rev\u00eatements et les mat\u00e9riaux de coloration.<\/li>\n<li>Traitement de l&#8217;eau : \u00c9limine les sulfates de l&#8217;eau.<\/li>\n<li>Caoutchouc et plastiques : Agit comme stabilisateur pour am\u00e9liorer la r\u00e9sistance \u00e0 la chaleur et aux intemp\u00e9ries.<\/li>\n<\/ul>\n<h2><span style=\"font-size: 14pt;\">Emballage et stockage<\/span><\/h2>\n<p><strong>Emballage :<\/strong><\/p>\n<p>Le carbonate de baryum en poudre est g\u00e9n\u00e9ralement emball\u00e9 dans des mat\u00e9riaux scell\u00e9s et r\u00e9sistants \u00e0 l&#8217;humidit\u00e9, tels que des sacs en polypropyl\u00e8ne tiss\u00e9 avec des doublures int\u00e9rieures en plastique ou des sacs en papier multicouches. Pour une plus grande protection, des sacs en vrac (FIBC) ou des f\u00fbts peuvent \u00eatre utilis\u00e9s. L&#8217;emballage doit \u00eatre herm\u00e9tiquement ferm\u00e9 pour \u00e9viter l&#8217;absorption d&#8217;humidit\u00e9, la contamination et les fuites de poussi\u00e8re pendant le transport et la manipulation.<\/p>\n<p><strong>Stockage :<\/strong><\/p>\n<p>Le carbonate de baryum en poudre doit \u00eatre stock\u00e9 dans un endroit frais, sec et bien ventil\u00e9, \u00e0 l&#8217;abri de l&#8217;humidit\u00e9, des acides et des substances incompatibles. Elle doit \u00eatre conserv\u00e9e dans des r\u00e9cipients herm\u00e9tiquement ferm\u00e9s et \u00e0 l&#8217;abri de l&#8217;humidit\u00e9 afin d&#8217;\u00e9viter la formation de grumeaux ou la d\u00e9gradation.<\/p>\n<h2><span style=\"font-size: 14pt;\">FAQ<\/span><\/h2>\n<p><strong>Q1 : Le carbonate de baryum est-il soluble dans l&#8217;eau ?<\/strong><\/p>\n<p>R : Le carbonate de baryum est pratiquement insoluble dans l&#8217;eau, mais il peut se dissoudre dans des environnements acides. Sa faible solubilit\u00e9 est due \u00e0 la stabilit\u00e9 de sa structure cristalline et \u00e0 la forte force de liaison entre les ions baryum et les ions carbonate. Lors de la manipulation du carbonate de baryum, il faut tenir compte de sa toxicit\u00e9 potentielle et prendre des mesures de protection.<\/p>\n<p><strong>Q2 : Le carbonate de baryum est-il toxique\uff1f ?<\/strong><\/p>\n<p>R : Le carbonate de baryum (BaCO\u2083) est toxique, principalement en raison de la lib\u00e9ration d&#8217;ions baryum. Bien que le carbonate de baryum soit peu soluble dans l&#8217;eau, il se d\u00e9compose en sels de baryum solubles sous l&#8217;action de l&#8217;acide gastrique apr\u00e8s avoir p\u00e9n\u00e9tr\u00e9 dans le corps humain, ce qui entra\u00eene un risque d&#8217;empoisonnement. Une exposition \u00e0 long terme ou une ingestion accidentelle peut entra\u00eener de graves probl\u00e8mes de sant\u00e9.<\/p>\n<p><strong>Q3 : \u00c0 quoi sert le carbonate de baryum\uff1f ?<\/strong><\/p>\n<p>R : Le carbonate de baryum est utilis\u00e9 dans le verre et la c\u00e9ramique pour am\u00e9liorer la r\u00e9sistance, l&#8217;apparence et les propri\u00e9t\u00e9s optiques, dans l&#8217;\u00e9lectronique pour obtenir des performances \u00e9lectriques stables et un blindage contre les rayons X, et dans les processus chimiques pour \u00e9liminer les impuret\u00e9s. Il est \u00e9galement utilis\u00e9 dans les feux d&#8217;artifice, les pigments, le traitement de l&#8217;eau et comme stabilisateur dans les caoutchoucs et les plastiques.<\/p>\n<p><strong>Q4 : O\u00f9 acheter du carbonate de baryum\uff1f ?<\/strong><\/p>\n<p>R : Nous proposons du carbonate de baryum de haute puret\u00e9 en poudres microniques et nanom\u00e9triques, avec des tailles de particules personnalisables en fonction de vos besoins. <span style=\"color: #0000ff;\"><a style=\"color: #0000ff;\" href=\"https:\/\/vimaterial.de\/fr\/contact\/\">Contactez VIMATERIAL<\/a> <\/span>pour plus d&#8217;informations. Courriel : <a href=\"mailto:info@vimaterial.de\">info@vimaterial.de.<\/a> T\u00e9l : <a href=\"tel:00491626484175\">+49-1626484175.<\/a><\/p>\n","protected":false},"excerpt":{"rendered":"<p>Carbonate de baryum est un compos\u00e9 poudreux blanc, compos\u00e9 d&#8217;ions baryum et d&#8217;ions carbonate, insoluble dans l&#8217;eau, largement utilis\u00e9 dans les secteurs de la chimie, de la vitroc\u00e9ramique, de l&#8217;\u00e9lectronique et d&#8217;autres domaines. VIMATERIAL propose de la poudre de carbonate de baryum de haute puret\u00e9, y compris des poudres micron et nano, dont la taille [&hellip;]<\/p>\n","protected":false},"featured_media":1032789,"comment_status":"open","ping_status":"closed","template":"","meta":{"_acf_changed":false},"product_brand":[],"product_cat":[244],"product_tag":[],"class_list":{"0":"post-1050522","1":"product","2":"type-product","3":"status-publish","4":"has-post-thumbnail","6":"product_cat-autres-materiaux","8":"first","9":"instock","10":"shipping-taxable","11":"purchasable","12":"product-type-variable"},"acf":[],"_links":{"self":[{"href":"https:\/\/vimaterial.de\/fr\/wp-json\/wp\/v2\/product\/1050522","targetHints":{"allow":["GET"]}}],"collection":[{"href":"https:\/\/vimaterial.de\/fr\/wp-json\/wp\/v2\/product"}],"about":[{"href":"https:\/\/vimaterial.de\/fr\/wp-json\/wp\/v2\/types\/product"}],"replies":[{"embeddable":true,"href":"https:\/\/vimaterial.de\/fr\/wp-json\/wp\/v2\/comments?post=1050522"}],"wp:featuredmedia":[{"embeddable":true,"href":"https:\/\/vimaterial.de\/fr\/wp-json\/wp\/v2\/media\/1032789"}],"wp:attachment":[{"href":"https:\/\/vimaterial.de\/fr\/wp-json\/wp\/v2\/media?parent=1050522"}],"wp:term":[{"taxonomy":"product_brand","embeddable":true,"href":"https:\/\/vimaterial.de\/fr\/wp-json\/wp\/v2\/product_brand?post=1050522"},{"taxonomy":"product_cat","embeddable":true,"href":"https:\/\/vimaterial.de\/fr\/wp-json\/wp\/v2\/product_cat?post=1050522"},{"taxonomy":"product_tag","embeddable":true,"href":"https:\/\/vimaterial.de\/fr\/wp-json\/wp\/v2\/product_tag?post=1050522"}],"curies":[{"name":"wp","href":"https:\/\/api.w.org\/{rel}","templated":true}]}}