{"id":1050471,"date":"2024-06-17T15:47:25","date_gmt":"2024-06-17T07:47:25","guid":{"rendered":"https:\/\/vimaterial.de\/product\/oxyde-de-hafnium\/"},"modified":"2024-06-17T15:47:25","modified_gmt":"2024-06-17T07:47:25","slug":"oxyde-de-hafnium","status":"publish","type":"product","link":"https:\/\/vimaterial.de\/fr\/product\/oxyde-de-hafnium\/","title":{"rendered":"Oxyde de hafnium"},"content":{"rendered":"<p><span style=\"color: #0000ff;\"><a style=\"color: #0000ff;\" href=\"https:\/\/vimaterial.de\/fr\/search\/?type=element&#038;keyword=Hf%2CO\">Oxyde de hafnium<\/a><\/span> est une poudre cristalline blanche compos\u00e9e d&#8217;\u00e9l\u00e9ments de hafnium et d&#8217;oxyg\u00e8ne, avec un point de fusion \u00e9lev\u00e9, une grande duret\u00e9, une bonne stabilit\u00e9 chimique, une constante di\u00e9lectrique \u00e9lev\u00e9e, etc. Elle est largement utilis\u00e9e dans les semi-conducteurs, l&#8217;optique, les mat\u00e9riaux \u00e0 haute temp\u00e9rature, l&#8217;industrie nucl\u00e9aire et bien d&#8217;autres domaines.<\/p>\n<p><span style=\"color: #0000ff;\"><a style=\"color: #0000ff;\" href=\"https:\/\/vimaterial.de\/fr\/a-propos-de-nous\/\">VIMATERIAL<\/a><\/span> propose de la poudre d&#8217;oxyde de hafnium de haute puret\u00e9 dont la taille des particules est personnalisable. Nous fournissons \u00e9galement des particules d&#8217;oxyde d&#8217;hafnium et des cibles d&#8217;oxyde d&#8217;hafnium. <span style=\"color: #0000ff;\"><a style=\"color: #0000ff;\" href=\"https:\/\/vimaterial.de\/fr\/contact\/\">Contactez nous pour plus d&#8217;informations<\/a><\/span> pour plus d&#8217;informations.<\/p>\n<h2><span style=\"font-size: 14pt;\">Propri\u00e9t\u00e9s<\/span><\/h2>\n<p>Formule chimique : HfO\u2082<\/p>\n<p>Masse molaire : 210,49 g\/mol<\/p>\n<p>Aspect : g\u00e9n\u00e9ralement poudre blanche ou blanc cass\u00e9<\/p>\n<p>Densit\u00e9 : 9,68 g\/cm\u00b3<\/p>\n<p>Point de fusion : 2810\u00b0C<\/p>\n<p>Point d&#8217;\u00e9bullition : 5400\u00b0C ;<\/p>\n<p>Bande interdite : 5,3 \u00e0 5,7 eV, isolant \u00e9lectrique ;<\/p>\n<p>Indice de r\u00e9fraction : \u00e9lev\u00e9 dans la r\u00e9gion du proche ultraviolet \u00e0 l&#8217;infrarouge moyen, par exemple 2,13 \u00e0 1700 nm ;<\/p>\n<p>Coefficient de dilatation thermique : faible<\/p>\n<p>Conductivit\u00e9 thermique : 1,1 W\/m-K<\/p>\n<p>Module d&#8217;Young : 57 GPa<\/p>\n<p>R\u00e9sistivit\u00e9 \u00e9lectrique : \u00e9lev\u00e9e, typiquement 9 \u00d7 10\u2079 \u03a9-m.<\/p>\n<h2><span style=\"font-size: 14pt;\">Applications de la poudre d&#8217;oxyde d&#8217;hafnium<\/span><\/h2>\n<p><strong>Domaine des semi-conducteurs<\/strong><\/p>\n<ul>\n<li>Di\u00e9lectrique de grille : l&#8217;oxyde de hafnium peut remplacer le SiO\u2082 dans les MOSFET, ce qui permet d&#8217;obtenir des dispositifs plus petits, plus rapides et plus int\u00e9gr\u00e9s.<\/li>\n<li>Dispositifs de m\u00e9moire : Sa propri\u00e9t\u00e9 ferro\u00e9lectrique permet de l&#8217;utiliser dans les m\u00e9moires non volatiles comme la FeRAM.<\/li>\n<\/ul>\n<p><strong>Domaine optique<\/strong><\/p>\n<ul>\n<li>Rev\u00eatements optiques : Am\u00e9liorent la transmission de la lumi\u00e8re, r\u00e9duisent les reflets et l&#8217;\u00e9blouissement et assurent une protection contre les UV.<\/li>\n<li>Mat\u00e9riaux pour lasers : Utilis\u00e9s dans les composants des lasers proches de l&#8217;UV pour de meilleures performances.<\/li>\n<\/ul>\n<p><strong>C\u00e9ramiques \u00e0 haute temp\u00e9rature<\/strong><\/p>\n<ul>\n<li>Mat\u00e9riaux r\u00e9fractaires : Conviennent pour les fours, les creusets et les rev\u00eatements de barri\u00e8re thermique en raison de leur r\u00e9sistance \u00e9lev\u00e9e \u00e0 la chaleur.<\/li>\n<li>Outils de coupe : Am\u00e9liore la duret\u00e9 et la r\u00e9sistance \u00e0 l&#8217;usure pour l&#8217;usinage de mat\u00e9riaux durs.<\/li>\n<\/ul>\n<p><strong>Domaine chimique<\/strong><\/p>\n<ul>\n<li>Catalyseurs : Agit comme catalyseur ou support pour am\u00e9liorer l&#8217;efficacit\u00e9 et la s\u00e9lectivit\u00e9 des r\u00e9actions.<\/li>\n<\/ul>\n<p><strong>Autres domaines<\/strong><\/p>\n<ul>\n<li>Rev\u00eatements antiradiation : Protection dans les environnements radioactifs.<\/li>\n<li>Biom\u00e9dical : Utilisation potentielle dans les mat\u00e9riaux dentaires et m\u00e9dicaux.<\/li>\n<li>A\u00e9rospatiale : Utilis\u00e9 pour les composants et les rev\u00eatements r\u00e9sistants \u00e0 l&#8217;usure et aux temp\u00e9ratures \u00e9lev\u00e9es.<\/li>\n<\/ul>\n<h2><span style=\"font-size: 14pt;\">Emballage et stockage<\/span><\/h2>\n<p><strong>Emballage : <\/strong><\/p>\n<p>La poudre d&#8217;oxyde de hafnium est g\u00e9n\u00e9ralement conditionn\u00e9e en double couche (sac int\u00e9rieur en poly\u00e9thyl\u00e8ne + sac ext\u00e9rieur en feuille d&#8217;aluminium ou f\u00fbt en plastique) afin d&#8217;\u00e9viter toute absorption d&#8217;humidit\u00e9 ou r\u00e9action avec des impuret\u00e9s en suspension dans l&#8217;air. Un d\u00e9shydratant doit \u00eatre inclus, et les informations sur le produit, le num\u00e9ro de lot et les pr\u00e9cautions \u00e0 prendre doivent \u00eatre clairement indiqu\u00e9s sur l&#8217;emballage ext\u00e9rieur afin de garantir la s\u00e9curit\u00e9 et la tra\u00e7abilit\u00e9 pendant le transport et l&#8217;utilisation.<\/p>\n<p><strong>Stockage : <\/strong><\/p>\n<p>La poudre d&#8217;oxyde de hafnium doit \u00eatre stock\u00e9e dans un environnement sec, frais et bien ventil\u00e9, \u00e0 l&#8217;abri de l&#8217;humidit\u00e9, des temp\u00e9ratures \u00e9lev\u00e9es et de la lumi\u00e8re directe du soleil, et \u00e0 l&#8217;\u00e9cart des substances corrosives telles que les acides et les alcalis. Pendant le stockage, l&#8217;emballage doit rester scell\u00e9 pour \u00e9viter l&#8217;absorption d&#8217;humidit\u00e9, la formation de grumeaux ou la contamination.<\/p>\n<h2><span style=\"font-size: 14pt;\">FAQ<\/span><\/h2>\n<p><strong>Q1 : \u00c0 quoi sert l&#8217;oxyde de hafnium ?<\/strong><\/p>\n<p>R : L&#8217;oxyde de hafnium (HfO\u2082) est un compos\u00e9 inorganique important. En raison de sa section transversale \u00e9lev\u00e9e d&#8217;absorption des neutrons thermiques, c&#8217;est un mat\u00e9riau cl\u00e9 pour les barres de contr\u00f4le des r\u00e9acteurs nucl\u00e9aires et il a \u00e9galement de nombreuses applications dans les semi-conducteurs, l&#8217;optique et les technologies de m\u00e9moire avanc\u00e9es.<\/p>\n<p>\u00c9nergie nucl\u00e9aire et ing\u00e9nierie des hautes temp\u00e9ratures : Barres de contr\u00f4le des r\u00e9acteurs nucl\u00e9aires et mat\u00e9riaux de protection, mat\u00e9riaux r\u00e9fractaires et de rev\u00eatement \u00e0 haute temp\u00e9rature, pr\u00e9paration et pr\u00e9curseurs du m\u00e9tal hafnium.<\/p>\n<p>Semi-conducteurs et micro\u00e9lectronique : Couches di\u00e9lectriques de grille de transistor, applications de m\u00e9moire, autres composants \u00e9lectroniques.<\/p>\n<p>Optique et mat\u00e9riaux multifonctionnels : Rev\u00eatements optiques et mat\u00e9riaux pour lasers, c\u00e9ramiques et catalyseurs, mat\u00e9riaux fonctionnels sp\u00e9ciaux.<\/p>\n<p><strong>Q2 : Quelle est la diff\u00e9rence entre Al2O3 et HfO2 ?<\/strong><\/p>\n<p>R : Al\u2082O\u2083 (oxyde d&#8217;aluminium) et HfO\u2082 (oxyde de hafnium) diff\u00e8rent principalement par leurs propri\u00e9t\u00e9s di\u00e9lectriques et leurs applications. L&#8217;Al\u2082O\u2083 a une constante di\u00e9lectrique plus faible mais une excellente qualit\u00e9 d&#8217;interface, une grande stabilit\u00e9 thermique et de faibles fuites, ce qui le rend appropri\u00e9 pour la passivation et les couches d&#8217;interface. HfO\u2082 a une constante di\u00e9lectrique beaucoup plus \u00e9lev\u00e9e, ce qui est b\u00e9n\u00e9fique pour la mise \u00e0 l&#8217;\u00e9chelle CMOS avanc\u00e9e et les dispositifs \u00e0 haute densit\u00e9, mais il pr\u00e9sente des fuites relativement plus importantes et une stabilit\u00e9 thermique plus faible. Dans la pratique, Al\u2082O\u2083 est utilis\u00e9 pour la stabilit\u00e9 et le contr\u00f4le de l&#8217;interface, tandis que HfO\u2082 est utilis\u00e9 pour la performance high-k, et la combinaison des deux permet d&#8217;obtenir une meilleure performance globale du dispositif.<\/p>\n<p><strong>Q3 : Qu&#8217;est-ce que l&#8217;oxyde de hafnium\uff1f ?<\/strong><\/p>\n<p>R : L&#8217;oxyde de hafnium (HfO\u2082) est un compos\u00e9 inorganique compos\u00e9 de hafnium et d&#8217;oxyg\u00e8ne. Il s&#8217;agit d&#8217;un mat\u00e9riau fonctionnel important appartenant \u00e0 la famille des oxydes de m\u00e9taux de transition. Il poss\u00e8de un point de fusion \u00e9lev\u00e9 (environ 2810\u2103), une grande duret\u00e9 (duret\u00e9 de Mohs 6,5-7,5) et une excellente stabilit\u00e9 chimique, \u00e9tant pratiquement insoluble dans l&#8217;eau et la plupart des acides (\u00e0 l&#8217;exception de l&#8217;acide fluorhydrique) \u00e0 temp\u00e9rature ambiante. Ces propri\u00e9t\u00e9s en font un mat\u00e9riau de base pour les mat\u00e9riaux \u00e0 haute temp\u00e9rature, les rev\u00eatements optiques et les appareils \u00e9lectroniques.<\/p>\n<p><strong>Q4 : Quel est le d\u00e9lai de livraison de la poudre d&#8217;oxyde de hafnium ?<\/strong><\/p>\n<p>R : En stock : Exp\u00e9dition imm\u00e9diate<\/p>\n<p>Produits standard : G\u00e9n\u00e9ralement 2-4 semaines<\/p>\n<p>Produits personnalis\u00e9s : D\u00e9termin\u00e9 en fonction des d\u00e9tails requis<\/p>\n<p>Les exigences particuli\u00e8res peuvent \u00eatre discut\u00e9es<\/p>\n","protected":false},"excerpt":{"rendered":"<p>Oxyde de hafnium est une poudre cristalline blanche compos\u00e9e d&#8217;\u00e9l\u00e9ments de hafnium et d&#8217;oxyg\u00e8ne, avec un point de fusion \u00e9lev\u00e9, une grande duret\u00e9, une bonne stabilit\u00e9 chimique, une constante di\u00e9lectrique \u00e9lev\u00e9e, etc. Elle est largement utilis\u00e9e dans les semi-conducteurs, l&#8217;optique, les mat\u00e9riaux \u00e0 haute temp\u00e9rature, l&#8217;industrie nucl\u00e9aire et bien d&#8217;autres domaines. VIMATERIAL propose de la [&hellip;]<\/p>\n","protected":false},"featured_media":1032974,"comment_status":"open","ping_status":"closed","template":"","meta":{"_acf_changed":false},"product_brand":[],"product_cat":[243],"product_tag":[],"class_list":{"0":"post-1050471","1":"product","2":"type-product","3":"status-publish","4":"has-post-thumbnail","6":"product_cat-materiaux-oxydes-hydroxydes","8":"first","9":"instock","10":"shipping-taxable","11":"purchasable","12":"product-type-variable"},"acf":[],"_links":{"self":[{"href":"https:\/\/vimaterial.de\/fr\/wp-json\/wp\/v2\/product\/1050471","targetHints":{"allow":["GET"]}}],"collection":[{"href":"https:\/\/vimaterial.de\/fr\/wp-json\/wp\/v2\/product"}],"about":[{"href":"https:\/\/vimaterial.de\/fr\/wp-json\/wp\/v2\/types\/product"}],"replies":[{"embeddable":true,"href":"https:\/\/vimaterial.de\/fr\/wp-json\/wp\/v2\/comments?post=1050471"}],"wp:featuredmedia":[{"embeddable":true,"href":"https:\/\/vimaterial.de\/fr\/wp-json\/wp\/v2\/media\/1032974"}],"wp:attachment":[{"href":"https:\/\/vimaterial.de\/fr\/wp-json\/wp\/v2\/media?parent=1050471"}],"wp:term":[{"taxonomy":"product_brand","embeddable":true,"href":"https:\/\/vimaterial.de\/fr\/wp-json\/wp\/v2\/product_brand?post=1050471"},{"taxonomy":"product_cat","embeddable":true,"href":"https:\/\/vimaterial.de\/fr\/wp-json\/wp\/v2\/product_cat?post=1050471"},{"taxonomy":"product_tag","embeddable":true,"href":"https:\/\/vimaterial.de\/fr\/wp-json\/wp\/v2\/product_tag?post=1050471"}],"curies":[{"name":"wp","href":"https:\/\/api.w.org\/{rel}","templated":true}]}}