{"id":1050374,"date":"2024-06-17T15:47:25","date_gmt":"2024-06-17T07:47:25","guid":{"rendered":"https:\/\/vimaterial.de\/product\/oxyde-de-hafnium-2\/"},"modified":"2024-06-17T15:47:25","modified_gmt":"2024-06-17T07:47:25","slug":"oxyde-de-hafnium-2","status":"publish","type":"product","link":"https:\/\/vimaterial.de\/fr\/product\/oxyde-de-hafnium-2\/","title":{"rendered":"Oxyde de hafnium"},"content":{"rendered":"<p><span style=\"color: #0000ff;\"><a style=\"color: #0000ff;\" href=\"https:\/\/vimaterial.de\/fr\/search\/?type=element&#038;keyword=hfo2\">Les cibles de pulv\u00e9risation d&#8217;oxyde de hafnium<\/a><\/span> (HfO2) sont des mat\u00e9riaux de rev\u00eatement sous vide tr\u00e8s performants. En utilisant de l&#8217;oxyde de hafnium de haute puret\u00e9 comme mati\u00e8re premi\u00e8re, des films minces sont fabriqu\u00e9s par d\u00e9p\u00f4t physique en phase vapeur (PVD) dans divers sc\u00e9narios de rev\u00eatement sous vide. Ces films sont des mat\u00e9riaux cl\u00e9s dans de nombreux domaines de haute technologie tels que les semi-conducteurs, l&#8217;optique et l&#8217;\u00e9lectronique, et ont de vastes perspectives d&#8217;application.<\/p>\n<p>Notre oxyde de hafnium de haute puret\u00e9 peut \u00eatre personnalis\u00e9 en taille et en forme (cibles planes, rectangulaires et de forme irr\u00e9guli\u00e8re) selon les besoins. L&#8217;emballage sous vide garantit la stabilit\u00e9 du produit. <span style=\"color: #0000ff;\"><a style=\"color: #0000ff;\" href=\"https:\/\/vimaterial.de\/fr\/contact\/\">Contactez nous pour plus d&#8217;informations<\/a><\/span> pour plus d&#8217;informations.<\/p>\n<h2><span style=\"font-size: 14pt;\">Propri\u00e9t\u00e9s des cibles de pulv\u00e9risation d&#8217;oxyde d&#8217;hafnium<\/span><\/h2>\n<p>Puret\u00e9 : G\u00e9n\u00e9ralement \u226599,95 % pour assurer une qualit\u00e9 de film stable.<\/p>\n<p>Densit\u00e9 : Densit\u00e9 th\u00e9orique ~9,68 g\/cm\u00b3 ; les objectifs r\u00e9els doivent \u00eatre \u226590% de cette valeur.<\/p>\n<p>Duret\u00e9 : \u00c9lev\u00e9e (Mohs ~6,5), offrant une bonne r\u00e9sistance \u00e0 l&#8217;usure et une longue dur\u00e9e de vie.<\/p>\n<p>Conductivit\u00e9 thermique : Faible (~3-5 W\/m-K), n\u00e9cessitant un refroidissement efficace pendant la pulv\u00e9risation.<\/p>\n<p>Point de fusion : Tr\u00e8s \u00e9lev\u00e9 (~2810\u00b0C), permettant un fonctionnement dans des conditions de \u10d4\u10dc\u10d4\u10e0\u10d2y \u00e9lev\u00e9es.<\/p>\n<p>Taille des grains : Habituellement 1-10 \u03bcm ; les grains plus fins am\u00e9liorent l&#8217;uniformit\u00e9 et la densit\u00e9 du film.<\/p>\n<p>Structure cristalline : Comprend des phases monocliniques, t\u00e9tragonales et cubiques ; la s\u00e9lection d\u00e9pend de l&#8217;application.<\/p>\n<h2><span style=\"font-size: 14pt;\">Applications des cibles de pulv\u00e9risation d&#8217;oxyde d&#8217;hafnium<\/span><\/h2>\n<h3><span style=\"font-size: 12pt;\">Domaine des semi-conducteurs<\/span><\/h3>\n<ul>\n<li>Condensateurs et opto\u00e9lectronique : Une constante di\u00e9lectrique \u00e9lev\u00e9e et une bonne isolation am\u00e9liorent le stockage de l&#8217;\u00e9nergie, l&#8217;efficacit\u00e9 photo\u00e9lectrique et la vitesse du signal.<\/li>\n<li>Transistors \u00e0 effet de champ (FET) : Une r\u00e9sistance \u00e9lev\u00e9e \u00e0 la rupture am\u00e9liore la vitesse de commutation et la stabilit\u00e9 du dispositif (par exemple, MOSFET).<\/li>\n<li>Oxydes de grille (CMOS) : Les faibles fuites, la grande fiabilit\u00e9 et la bonne mobilit\u00e9 des porteurs contribuent \u00e0 am\u00e9liorer les performances et l&#8217;int\u00e9gration des puces.<\/li>\n<\/ul>\n<h3><span style=\"font-size: 12pt;\">Domaine de l&#8217;optique<\/span><\/h3>\n<ul>\n<li>Rev\u00eatements optiques : Un indice de r\u00e9fraction \u00e9lev\u00e9 et une faible perte am\u00e9liorent la transmission de la lumi\u00e8re et la qualit\u00e9 de l&#8217;image (par exemple, lentilles, miroirs, fibres).<\/li>\n<li>Composants laser : Utilis\u00e9s dans les miroirs et les fen\u00eatres des lasers en raison de leur grande stabilit\u00e9 thermique et de leur r\u00e9sistance aux rayonnements \u00e0 haute \u00e9nergie.<\/li>\n<\/ul>\n<h3><span style=\"font-size: 12pt;\">Mat\u00e9riaux supraconducteurs<\/span><\/h3>\n<ul>\n<li>Utilis\u00e9s dans les supraconducteurs \u00e0 haute temp\u00e9rature (par exemple, les syst\u00e8mes \u00e0 base de Hf), applicables aux trains maglev, \u00e0 l&#8217;informatique de pointe et \u00e0 l&#8217;IRM.<\/li>\n<\/ul>\n<h3><span style=\"font-size: 12pt;\">Autres applications<\/span><\/h3>\n<ul>\n<li>Rev\u00eatements r\u00e9sistants \u00e0 l&#8217;usure : Am\u00e9liore la durabilit\u00e9 des pi\u00e8ces m\u00e9caniques et des outils de coupe.<\/li>\n<li>Rev\u00eatements d\u00e9coratifs : Am\u00e9liorent l&#8217;apparence et la valeur gr\u00e2ce \u00e0 des effets optiques sp\u00e9ciaux.<\/li>\n<\/ul>\n<h2><span style=\"font-size: 14pt;\">Emballage et stockage<\/span><\/h2>\n<h3><span style=\"font-size: 12pt;\">Emballage :<\/span><\/h3>\n<p>Les cibles d&#8217;oxyde de hafnium sont scell\u00e9es sous vide, plac\u00e9es dans un sac plastique antistatique, rembourr\u00e9es avec de la mousse et enfin plac\u00e9es dans une bo\u00eete en carton ou une caisse en bois solide et propre. La qualit\u00e9 du mat\u00e9riau, sa puret\u00e9, sa taille et le num\u00e9ro de lot sont clairement \u00e9tiquet\u00e9s afin de garantir la tra\u00e7abilit\u00e9 et le contr\u00f4le de la qualit\u00e9.<\/p>\n<h3><span style=\"font-size: 12pt;\">Stockage :<\/span><\/h3>\n<p>Les cibles d&#8217;oxyde de hafnium doivent \u00eatre stock\u00e9es dans un environnement propre, sec et \u00e0 temp\u00e9rature stable pour conserver leurs performances. Il est recommand\u00e9 de les conserver dans leur emballage d&#8217;origine scell\u00e9 jusqu&#8217;\u00e0 leur utilisation et de les tenir \u00e0 l&#8217;\u00e9cart de l&#8217;humidit\u00e9, de la poussi\u00e8re et des substances corrosives. \u00c9vitez tout contact direct avec les mains nues afin d&#8217;\u00e9viter toute contamination ; il convient de porter des gants ou des outils propres lors de la manipulation.<\/p>\n<h2><span style=\"font-size: 14pt;\">FAQ (Foire aux questions)<\/span><\/h2>\n<p><strong>Q1 : Qu&#8217;est-ce que l&#8217;oxyde de hafnium\uff1f ?<\/strong><\/p>\n<p>R : L&#8217;oxyde de hafnium (HfO\u2082) est un compos\u00e9 inorganique compos\u00e9 de hafnium et d&#8217;oxyg\u00e8ne. Il s&#8217;agit d&#8217;un mat\u00e9riau fonctionnel important appartenant \u00e0 la famille des oxydes de m\u00e9taux de transition. Il poss\u00e8de un point de fusion \u00e9lev\u00e9 (environ 2810\u2103), une grande duret\u00e9 (duret\u00e9 de Mohs 6,5-7,5) et une excellente stabilit\u00e9 chimique, \u00e9tant pratiquement insoluble dans l&#8217;eau et la plupart des acides (\u00e0 l&#8217;exception de l&#8217;acide fluorhydrique) \u00e0 temp\u00e9rature ambiante. Ces propri\u00e9t\u00e9s en font un mat\u00e9riau de base pour les mat\u00e9riaux \u00e0 haute temp\u00e9rature, les rev\u00eatements optiques et les appareils \u00e9lectroniques.<\/p>\n<p><strong>Q2 : \u00c0 quoi sert l&#8217;oxyde de hafnium ?<\/strong><\/p>\n<p>R : L&#8217;oxyde de hafnium (HfO\u2082) est un compos\u00e9 inorganique important. En raison de sa section transversale \u00e9lev\u00e9e d&#8217;absorption des neutrons thermiques, c&#8217;est un mat\u00e9riau cl\u00e9 pour les barres de contr\u00f4le des r\u00e9acteurs nucl\u00e9aires et il a \u00e9galement de nombreuses applications dans les semi-conducteurs, l&#8217;optique et les technologies de m\u00e9moire avanc\u00e9es.<\/p>\n<p>\u00c9nergie nucl\u00e9aire et ing\u00e9nierie des hautes temp\u00e9ratures : Barres de contr\u00f4le des r\u00e9acteurs nucl\u00e9aires et mat\u00e9riaux de protection, mat\u00e9riaux r\u00e9fractaires et de rev\u00eatement \u00e0 haute temp\u00e9rature, pr\u00e9paration et pr\u00e9curseurs du m\u00e9tal hafnium.<\/p>\n<p>Semi-conducteurs et micro\u00e9lectronique : Couches di\u00e9lectriques de grille de transistor, applications de m\u00e9moire, autres composants \u00e9lectroniques.<\/p>\n<p>Optique et mat\u00e9riaux multifonctionnels : Rev\u00eatements optiques et mat\u00e9riaux pour lasers, c\u00e9ramiques et catalyseurs, mat\u00e9riaux fonctionnels sp\u00e9ciaux.<\/p>\n<p><strong>Q3 : Les cibles d&#8217;oxyde de hafnium peuvent-elles \u00eatre personnalis\u00e9es ?<\/strong><\/p>\n<p>R : Oui, les cibles de pulv\u00e9risation d&#8217;oxyde de hafnium (HfO2) peuvent \u00eatre enti\u00e8rement personnalis\u00e9es pour r\u00e9pondre aux exigences d&#8217;applications sp\u00e9cifiques. Nous proposons des solutions sur mesure en termes de niveaux de puret\u00e9, de dimensions et de formes pour s&#8217;adapter aux diff\u00e9rents proc\u00e9d\u00e9s et \u00e9quipements de d\u00e9p\u00f4t. Que vous ayez besoin de disques standard, de cibles rectangulaires ou de g\u00e9om\u00e9tries sp\u00e9ciales, notre \u00e9quipe peut les fabriquer selon vos dessins et sp\u00e9cifications techniques. Cela garantit des performances, une compatibilit\u00e9 et une efficacit\u00e9 optimales pour votre application particuli\u00e8re.<\/p>\n<p><strong>Q4 : Quel est le d\u00e9lai de livraison des cibles d&#8217;oxyde d&#8217;hafnium ?<\/strong><\/p>\n<p>R : En stock : Exp\u00e9dition imm\u00e9diate<\/p>\n<p>Produits standard : G\u00e9n\u00e9ralement 2-4 semaines<\/p>\n<p>Produits personnalis\u00e9s : D\u00e9termin\u00e9 en fonction des d\u00e9tails requis<\/p>\n<p>Les exigences particuli\u00e8res peuvent \u00eatre discut\u00e9es<\/p>\n","protected":false},"excerpt":{"rendered":"<p>Les cibles de pulv\u00e9risation d&#8217;oxyde de hafnium (HfO2) sont des mat\u00e9riaux de rev\u00eatement sous vide tr\u00e8s performants. En utilisant de l&#8217;oxyde de hafnium de haute puret\u00e9 comme mati\u00e8re premi\u00e8re, des films minces sont fabriqu\u00e9s par d\u00e9p\u00f4t physique en phase vapeur (PVD) dans divers sc\u00e9narios de rev\u00eatement sous vide. Ces films sont des mat\u00e9riaux cl\u00e9s dans [&hellip;]<\/p>\n","protected":false},"featured_media":1050358,"comment_status":"open","ping_status":"closed","template":"","meta":{"_acf_changed":false},"product_brand":[],"product_cat":[235],"product_tag":[],"class_list":{"0":"post-1050374","1":"product","2":"type-product","3":"status-publish","4":"has-post-thumbnail","6":"product_cat-cibles-de-pulverisation-planaire","8":"first","9":"instock","10":"shipping-taxable","11":"product-type-variable"},"acf":[],"_links":{"self":[{"href":"https:\/\/vimaterial.de\/fr\/wp-json\/wp\/v2\/product\/1050374","targetHints":{"allow":["GET"]}}],"collection":[{"href":"https:\/\/vimaterial.de\/fr\/wp-json\/wp\/v2\/product"}],"about":[{"href":"https:\/\/vimaterial.de\/fr\/wp-json\/wp\/v2\/types\/product"}],"replies":[{"embeddable":true,"href":"https:\/\/vimaterial.de\/fr\/wp-json\/wp\/v2\/comments?post=1050374"}],"wp:featuredmedia":[{"embeddable":true,"href":"https:\/\/vimaterial.de\/fr\/wp-json\/wp\/v2\/media\/1050358"}],"wp:attachment":[{"href":"https:\/\/vimaterial.de\/fr\/wp-json\/wp\/v2\/media?parent=1050374"}],"wp:term":[{"taxonomy":"product_brand","embeddable":true,"href":"https:\/\/vimaterial.de\/fr\/wp-json\/wp\/v2\/product_brand?post=1050374"},{"taxonomy":"product_cat","embeddable":true,"href":"https:\/\/vimaterial.de\/fr\/wp-json\/wp\/v2\/product_cat?post=1050374"},{"taxonomy":"product_tag","embeddable":true,"href":"https:\/\/vimaterial.de\/fr\/wp-json\/wp\/v2\/product_tag?post=1050374"}],"curies":[{"name":"wp","href":"https:\/\/api.w.org\/{rel}","templated":true}]}}