{"id":1050270,"date":"2024-06-17T15:19:45","date_gmt":"2024-06-17T07:19:45","guid":{"rendered":"https:\/\/vimaterial.de\/product\/oxyde-dyttrium-2\/"},"modified":"2024-06-17T15:19:45","modified_gmt":"2024-06-17T07:19:45","slug":"oxyde-dyttrium-2","status":"publish","type":"product","link":"https:\/\/vimaterial.de\/fr\/product\/oxyde-dyttrium-2\/","title":{"rendered":"Oxyde d&#8217;yttrium"},"content":{"rendered":"<p><span style=\"color: #0000ff;\"><a style=\"color: #0000ff;\" href=\"https:\/\/vimaterial.de\/fr\/search\/?type=name&#038;keyword=y2o3\">Oxyde d&#8217;yttrium<\/a><\/span> la poudre d&#8217;oxyde d&#8217;yttrium est une poudre blanche d&#8217;oxyde de terre rare dont la formule chimique est Y\u2082O\u2083. Elle pr\u00e9sente les caract\u00e9ristiques suivantes : point de fusion \u00e9lev\u00e9, insoluble dans l&#8217;eau et les alcalis, soluble dans l&#8217;acide, etc.<\/p>\n<p><span style=\"color: #0000ff;\"><a style=\"color: #0000ff;\" href=\"https:\/\/vimaterial.de\/fr\/a-propos-de-nous\/\">VIMATERIAL<\/a><\/span> propose de la poudre d&#8217;oxyde d&#8217;yttrium de haute puret\u00e9, qui peut \u00eatre adapt\u00e9e \u00e0 des tailles plus \u00e9lev\u00e9es et \u00e0 diff\u00e9rentes tailles de particules pour r\u00e9pondre \u00e0 vos besoins. Nous proposons \u00e9galement des granul\u00e9s d&#8217;oxyde d&#8217;yttrium et des cibles d&#8217;oxyde d&#8217;yttrium. <span style=\"color: #0000ff;\"><a style=\"color: #0000ff;\" href=\"https:\/\/vimaterial.de\/fr\/contact\/\">Contactez nous pour plus d&#8217;informations<\/a><\/span> pour plus d&#8217;informations.<\/p>\n<h2><span style=\"font-size: 14pt;\">Propri\u00e9t\u00e9s de l&#8217;oxyde d&#8217;yttrium<\/span><\/h2>\n<p>Formule chimique : Y\u2082O\u2083<\/p>\n<p>Poids mol\u00e9culaire : 225,81 g\/mol<\/p>\n<p>Num\u00e9ro CAS : 1314-36-9<\/p>\n<p>Apparence : Blanc<\/p>\n<p>Densit\u00e9 : 5,01g\/cm\u00b3.<\/p>\n<p>Point de fusion : 2410\u2103<\/p>\n<p>Solubilit\u00e9 : insoluble dans l&#8217;eau et l&#8217;alcali, soluble dans l&#8217;acide.<\/p>\n<h2><span style=\"font-size: 14pt;\">Applications de la poudre d&#8217;oxyde d&#8217;yttrium<\/span><\/h2>\n<p><strong>Dans le domaine a\u00e9rospatial :<\/strong> La poudre d&#8217;oxyde d&#8217;yttrium est couramment utilis\u00e9e pour fabriquer des rev\u00eatements et des mat\u00e9riaux structurels r\u00e9sistants aux temp\u00e9ratures \u00e9lev\u00e9es. Ses particules de taille nanom\u00e9trique peuvent am\u00e9liorer la densit\u00e9 du rev\u00eatement et bloquer efficacement la corrosion des gaz \u00e0 haute temp\u00e9rature.<\/p>\n<p><strong>Dans la fusion des m\u00e9taux :<\/strong> En tant qu&#8217;additif, elle peut affiner la structure du grain et am\u00e9liorer la r\u00e9sistance des alliages.<\/p>\n<p><strong>Dans la recherche en laboratoire :<\/strong> L&#8217;oxyde d&#8217;yttrium de haute puret\u00e9 est une mati\u00e8re premi\u00e8re importante pour la pr\u00e9paration de mat\u00e9riaux fluorescents et de catalyseurs, comme pour la synth\u00e8se de cristaux laser de grenat d&#8217;yttrium et d&#8217;aluminium (YAG).<\/p>\n<p>En outre, ses propri\u00e9t\u00e9s \u00e9lectriques et magn\u00e9tiques en font un mat\u00e9riau candidat potentiel pour les composants \u00e9lectroniques et les mat\u00e9riaux magn\u00e9tiques.<\/p>\n<h2><span style=\"font-size: 14pt;\">Conditionnement et stockage<\/span><\/h2>\n<p><strong>Emballage :<\/strong><\/p>\n<p>La poudre d&#8217;oxyde d&#8217;yttrium est g\u00e9n\u00e9ralement scell\u00e9e dans un emballage \u00e9tanche \u00e0 l&#8217;humidit\u00e9 afin d&#8217;\u00e9viter l&#8217;absorption d&#8217;humidit\u00e9 et la contamination. Elle est g\u00e9n\u00e9ralement emball\u00e9e sous vide dans des sacs en plastique \u00e0 double couche ou des sacs en papier d&#8217;aluminium avec des d\u00e9shydratants, puis plac\u00e9e dans des conteneurs ext\u00e9rieurs robustes tels que des cartons ou des f\u00fbts en plastique pour garantir la s\u00e9curit\u00e9 et la puret\u00e9 du produit pendant le transport.<\/p>\n<p><strong>Stockage :<\/strong><\/p>\n<p>Le produit doit \u00eatre stock\u00e9 dans un environnement sec, frais et bien ventil\u00e9, \u00e0 l&#8217;abri de l&#8217;humidit\u00e9, de la chaleur et de la lumi\u00e8re directe du soleil. Le produit doit \u00eatre conserv\u00e9 \u00e0 l&#8217;\u00e9cart des substances acides ou corrosives pour \u00e9viter les r\u00e9actions. Le r\u00e9cipient doit rester herm\u00e9tiquement ferm\u00e9 pour \u00e9viter la dispersion de la poussi\u00e8re et la contamination, afin de garantir la stabilit\u00e9 de la qualit\u00e9 et des performances.<\/p>\n<h2><span style=\"font-size: 14pt;\">FAQ<\/span><\/h2>\n<p><strong>Q1 : \u00c0 quoi sert la poudre d&#8217;oxyde d&#8217;yttrium ?<\/strong><\/p>\n<p>R : Il est utilis\u00e9 pour fabriquer des mat\u00e9riaux magn\u00e9tiques pour les micro-ondes et d&#8217;importants mat\u00e9riaux pour l&#8217;a\u00e9rospatiale (monocristaux ; oxydes composites tels que le grenat de fer et d&#8217;aluminium), ainsi que comme additifs pour le verre optique et les mat\u00e9riaux c\u00e9ramiques, les luminophores \u00e0 haute luminosit\u00e9 pour les t\u00e9l\u00e9viseurs \u00e0 grand \u00e9cran et les rev\u00eatements pour d&#8217;autres tubes cathodiques.<\/p>\n<p><strong>Q2 : La poudre d&#8217;oxyde d&#8217;yttrium peut-elle \u00eatre personnalis\u00e9e ?<\/strong><\/p>\n<p>R : Oui, nous proposons des services de personnalisation, la puret\u00e9 et la taille des particules \u00e9tant personnalisables. Notre poudre d&#8217;oxyde d&#8217;yttrium est disponible en tailles nano et micron. Nous proposons \u00e9galement de la poudre et des granul\u00e9s d&#8217;oxyde d&#8217;yttrium sous diff\u00e9rentes formes pour r\u00e9pondre \u00e0 vos besoins.<\/p>\n<p><strong>Q3 : L&#8217;oxyde d&#8217;yttrium est-il toxique ?<\/strong><\/p>\n<p>R : Bien que l&#8217;oxyde d&#8217;yttrium lui-m\u00eame soit peu toxique, des pr\u00e9cautions de s\u00e9curit\u00e9 sont n\u00e9anmoins n\u00e9cessaires lors de sa manipulation et de son utilisation.<\/p>\n<p>Par exemple, le Y2O3 sous forme de poudre peut g\u00e9n\u00e9rer de la poussi\u00e8re, et l&#8217;inhalation \u00e0 long terme de cette poussi\u00e8re peut irriter le syst\u00e8me respiratoire. Par cons\u00e9quent, lors de la manipulation de Y2O3, il est recommand\u00e9 de prendre des mesures de protection appropri\u00e9es, telles que le port de masques anti-poussi\u00e8re, de gants et de lunettes de protection, afin de r\u00e9duire l&#8217;inhalation de poussi\u00e8re et le contact avec la peau.<\/p>\n<p><strong>Q4 : L&#8217;oxyde d&#8217;yttrium est-il une c\u00e9ramique ?<\/strong><\/p>\n<p>R : L&#8217;oxyde d&#8217;yttrium n&#8217;est pas une c\u00e9ramique en soi, mais c&#8217;est une mati\u00e8re premi\u00e8re importante pour les c\u00e9ramiques. Il peut \u00eatre utilis\u00e9 comme additif dans d&#8217;autres mat\u00e9riaux c\u00e9ramiques ou comme phase h\u00f4te dans la production de c\u00e9ramiques Y2O3 sp\u00e9cialis\u00e9es.<\/p>\n<p>Dans la fabrication des c\u00e9ramiques : Y2O3 est g\u00e9n\u00e9ralement utilis\u00e9 comme additif ou dopant. Par exemple, il est utilis\u00e9 pour fabriquer des c\u00e9ramiques de zircone stabilis\u00e9e \u00e0 l&#8217;yttrium (YSZ) afin d&#8217;am\u00e9liorer leur stabilit\u00e9 thermique et leur r\u00e9sistance m\u00e9canique.<\/p>\n<p>En tant que mat\u00e9riau c\u00e9ramique primaire : L&#8217;oxyde d&#8217;yttrium peut \u00eatre utilis\u00e9 comme phase cristalline principale pour cr\u00e9er des mat\u00e9riaux c\u00e9ramiques sp\u00e9cialis\u00e9s, tels que les c\u00e9ramiques d&#8217;oxyde d&#8217;yttrium transparentes, un mat\u00e9riau fonctionnel avanc\u00e9 avec une structure cristalline cubique.<\/p>\n","protected":false},"excerpt":{"rendered":"<p>Oxyde d&#8217;yttrium la poudre d&#8217;oxyde d&#8217;yttrium est une poudre blanche d&#8217;oxyde de terre rare dont la formule chimique est Y\u2082O\u2083. Elle pr\u00e9sente les caract\u00e9ristiques suivantes : point de fusion \u00e9lev\u00e9, insoluble dans l&#8217;eau et les alcalis, soluble dans l&#8217;acide, etc. VIMATERIAL propose de la poudre d&#8217;oxyde d&#8217;yttrium de haute puret\u00e9, qui peut \u00eatre adapt\u00e9e \u00e0 [&hellip;]<\/p>\n","protected":false},"featured_media":1031339,"comment_status":"open","ping_status":"closed","template":"","meta":{"_acf_changed":false},"product_brand":[],"product_cat":[241],"product_tag":[],"class_list":{"0":"post-1050270","1":"product","2":"type-product","3":"status-publish","4":"has-post-thumbnail","6":"product_cat-materiaux-a-base-de-terres-rares","8":"first","9":"instock","10":"shipping-taxable","11":"purchasable","12":"product-type-variable"},"acf":[],"_links":{"self":[{"href":"https:\/\/vimaterial.de\/fr\/wp-json\/wp\/v2\/product\/1050270","targetHints":{"allow":["GET"]}}],"collection":[{"href":"https:\/\/vimaterial.de\/fr\/wp-json\/wp\/v2\/product"}],"about":[{"href":"https:\/\/vimaterial.de\/fr\/wp-json\/wp\/v2\/types\/product"}],"replies":[{"embeddable":true,"href":"https:\/\/vimaterial.de\/fr\/wp-json\/wp\/v2\/comments?post=1050270"}],"wp:featuredmedia":[{"embeddable":true,"href":"https:\/\/vimaterial.de\/fr\/wp-json\/wp\/v2\/media\/1031339"}],"wp:attachment":[{"href":"https:\/\/vimaterial.de\/fr\/wp-json\/wp\/v2\/media?parent=1050270"}],"wp:term":[{"taxonomy":"product_brand","embeddable":true,"href":"https:\/\/vimaterial.de\/fr\/wp-json\/wp\/v2\/product_brand?post=1050270"},{"taxonomy":"product_cat","embeddable":true,"href":"https:\/\/vimaterial.de\/fr\/wp-json\/wp\/v2\/product_cat?post=1050270"},{"taxonomy":"product_tag","embeddable":true,"href":"https:\/\/vimaterial.de\/fr\/wp-json\/wp\/v2\/product_tag?post=1050270"}],"curies":[{"name":"wp","href":"https:\/\/api.w.org\/{rel}","templated":true}]}}