{"id":1050197,"date":"2024-06-17T15:19:45","date_gmt":"2024-06-17T07:19:45","guid":{"rendered":"https:\/\/vimaterial.de\/product\/oxyde-dyttrium-3\/"},"modified":"2024-06-17T15:19:45","modified_gmt":"2024-06-17T07:19:45","slug":"oxyde-dyttrium-3","status":"publish","type":"product","link":"https:\/\/vimaterial.de\/fr\/product\/oxyde-dyttrium-3\/","title":{"rendered":"Oxyde d&#8217;yttrium"},"content":{"rendered":"<p><span style=\"color: #0000ff;\"><a style=\"color: #0000ff;\" href=\"https:\/\/vimaterial.de\/fr\/search\/?type=element&#038;keyword=y2o3\">Oxyde d&#8217;yttrium<\/a><\/span> sont des compos\u00e9s inorganiques de formule chimique Y\u2082O\u2083, de couleur blanche, de point de fusion 2410\u00b0C, insolubles dans l&#8217;eau et solubles dans l&#8217;acide, et dot\u00e9s d&#8217;une vari\u00e9t\u00e9 d&#8217;excellentes propri\u00e9t\u00e9s, qui trouvent des applications importantes dans l&#8217;optique, l&#8217;\u00e9lectronique, les alliages et bien d&#8217;autres domaines.<\/p>\n<p><span style=\"color: #0000ff;\"><a style=\"color: #0000ff;\" href=\"https:\/\/vimaterial.de\/fr\/a-propos-de-nous\/\">VIMATERIAL<\/a><\/span> propose des granul\u00e9s d&#8217;oxyde d&#8217;yttrium de haute puret\u00e9 ; les tailles peuvent \u00eatre adapt\u00e9es \u00e0 vos besoins. <span style=\"color: #0000ff;\"><a style=\"color: #0000ff;\" href=\"https:\/\/vimaterial.de\/fr\/contact\/\">Contactez nous pour plus d&#8217;informations<\/a><\/span> pour plus d&#8217;informations.<\/p>\n<h2><span style=\"font-size: 14pt;\">Propri\u00e9t\u00e9s de l&#8217;oxyde d&#8217;yttrium<\/span><\/h2>\n<p>Formule chimique : Y\u2082O\u2083<\/p>\n<p>Poids mol\u00e9culaire : 225,81 g\/mol<\/p>\n<p>Num\u00e9ro CAS : 1314-36-9<\/p>\n<p>Apparence : Blanc<\/p>\n<p>Point de fusion : 2410\u00b0C<\/p>\n<p>Point d&#8217;\u00e9bullition : 4300\u2103<\/p>\n<p>Densit\u00e9 : 5.0 g\/cm\u00b3<\/p>\n<p>Solubilit\u00e9 : insoluble dans l&#8217;eau, soluble dans l&#8217;acide.<\/p>\n<h2><span style=\"font-size: 14pt;\">Applications des pastilles d&#8217;oxyde d&#8217;yttrium<\/span><\/h2>\n<p data-start=\"38\" data-end=\"273\"><strong data-start=\"38\" data-end=\"56\">Domaine optique : <\/strong>Les pastilles d&#8217;oxyde d&#8217;yttrium sont utilis\u00e9es dans les rev\u00eatements optiques pour cr\u00e9er des films \u00e0 indice de r\u00e9fraction \u00e9lev\u00e9. Elles permettent d&#8217;am\u00e9liorer la transmission et la r\u00e9flectivit\u00e9 des composants optiques et sont largement utilis\u00e9es dans les lentilles, les fen\u00eatres laser et les \u00e9crans.<\/p>\n<p data-start=\"275\" data-end=\"500\"><strong data-start=\"275\" data-end=\"296\">Domaine \u00e9lectronique : <\/strong>C&#8217;est un mat\u00e9riau important pour les c\u00e9ramiques \u00e9lectroniques, telles que les c\u00e9ramiques <span style=\"color: #0000ff;\"><a style=\"color: #0000ff;\" href=\"https:\/\/vimaterial.de\/fr\/search\/?type=name&#038;keyword=yag\">YAG<\/a><\/span>. Il est utilis\u00e9 dans les filtres \u00e0 micro-ondes, les mat\u00e9riaux laser et les luminophores, jouant un r\u00f4le cl\u00e9 dans les technologies de communication et d&#8217;affichage.<\/p>\n<p data-start=\"502\" data-end=\"760\"><strong data-start=\"502\" data-end=\"518\">Domaine des alliages : <\/strong>En tant qu&#8217;additif d&#8217;alliage, l&#8217;yttrium am\u00e9liore les propri\u00e9t\u00e9s des mat\u00e9riaux. Il am\u00e9liore la r\u00e9sistance \u00e0 l&#8217;oxydation et la ductilit\u00e9 de l&#8217;acier inoxydable, augmente la conductivit\u00e9 des alliages Al-Zr et am\u00e9liore \u00e0 la fois la conductivit\u00e9 \u00e9lectrique et la r\u00e9sistance des alliages de cuivre.<\/p>\n<p data-start=\"762\" data-end=\"997\"><strong data-start=\"762\" data-end=\"776\">A\u00e9rospatiale : <\/strong>Les particules d&#8217;oxyde d&#8217;yttrium renforcent les alliages \u00e0 haute performance (par exemple, le MA956), am\u00e9liorant la r\u00e9sistance \u00e0 haute temp\u00e9rature, la r\u00e9sistance \u00e0 l&#8217;oxydation et la r\u00e9sistance \u00e0 la corrosion. Ces alliages conviennent donc aux moteurs d&#8217;avion et aux turbines \u00e0 gaz.<\/p>\n<p data-start=\"999\" data-end=\"1218\" data-is-last-node=\"\" data-is-only-node=\"\"><strong data-start=\"999\" data-end=\"1015\">impression 3D : <\/strong>L&#8217;oxyde d&#8217;yttrium peut \u00eatre utilis\u00e9 dans la fabrication additive. L&#8217;ajout d&#8217;oxyde d&#8217;yttrium nanom\u00e9trique aux poudres m\u00e9talliques permet de cr\u00e9er des alliages plus r\u00e9sistants \u00e0 la chaleur et \u00e0 l&#8217;oxydation, en particulier pour les composants a\u00e9rospatiaux.<\/p>\n<h2 data-start=\"999\" data-end=\"1218\"><span style=\"font-size: 14pt;\">Emballage et stockage<\/span><\/h2>\n<p data-start=\"0\" data-end=\"337\"><strong data-start=\"0\" data-end=\"14\">Conditionnement :<\/strong><br data-start=\"14\" data-end=\"17\" \/>Les pastilles d&#8217;oxyde d&#8217;yttrium sont g\u00e9n\u00e9ralement scell\u00e9es pour \u00e9viter l&#8217;humidit\u00e9 et la contamination. Elles sont g\u00e9n\u00e9ralement emball\u00e9es sous vide dans des sacs en plastique antistatiques ou des sacs en papier d&#8217;aluminium avec des d\u00e9shydratants, puis plac\u00e9es dans des emballages ext\u00e9rieurs solides tels que des cartons ou des conteneurs en plastique afin de garantir leur puret\u00e9 et leur int\u00e9grit\u00e9 pendant le transport et le stockage.<\/p>\n<p data-start=\"339\" data-end=\"634\" data-is-last-node=\"\" data-is-only-node=\"\"><strong data-start=\"339\" data-end=\"351\">Stockage :<\/strong><br data-start=\"351\" data-end=\"354\" \/>Ils doivent \u00eatre stock\u00e9s dans un environnement sec, frais et bien ventil\u00e9, \u00e0 l&#8217;abri de l&#8217;humidit\u00e9 et des temp\u00e9ratures \u00e9lev\u00e9es. Les conserver \u00e0 l&#8217;\u00e9cart des substances acides ou corrosives afin d&#8217;\u00e9viter les r\u00e9actions chimiques. \u00c9vitez les fortes pressions et les chocs violents pour pr\u00e9server leur forme et la stabilit\u00e9 de leurs performances.<\/p>\n<h2 data-start=\"339\" data-end=\"634\"><span style=\"font-size: 14pt;\">FAQ<\/span><\/h2>\n<p data-start=\"339\" data-end=\"634\" data-is-last-node=\"\" data-is-only-node=\"\"><strong>Q1 : A quoi sert l&#8217;oxyde d&#8217;yttrium ?<\/strong><\/p>\n<p data-start=\"339\" data-end=\"634\" data-is-last-node=\"\" data-is-only-node=\"\">R : L&#8217;oxyde d&#8217;yttrium (Y2O3) poss\u00e8de une stabilit\u00e9 \u00e0 haute temp\u00e9rature et est un important mat\u00e9riau c\u00e9ramique largement utilis\u00e9 dans les phosphores rouges (pour les t\u00e9l\u00e9viseurs couleur et les lampes fluorescentes), le verre optique, les capteurs d&#8217;oxyg\u00e8ne, les c\u00e9ramiques, les mat\u00e9riaux supraconducteurs \u00e0 haute temp\u00e9rature et les catalyseurs.<\/p>\n<p data-start=\"339\" data-end=\"634\" data-is-last-node=\"\" data-is-only-node=\"\"><strong>Q2 : L&#8217;oxyde d&#8217;yttrium est-il toxique ?<\/strong><\/p>\n<p data-start=\"339\" data-end=\"634\" data-is-last-node=\"\" data-is-only-node=\"\">R : Bien que l&#8217;oxyde d&#8217;yttrium (Y2O3) soit peu toxique, des pr\u00e9cautions de s\u00e9curit\u00e9 doivent \u00eatre prises lors de sa manipulation et de son utilisation.<\/p>\n<p>Par exemple, l&#8217;Y2O3 sous forme de poudre peut g\u00e9n\u00e9rer de la poussi\u00e8re, et l&#8217;inhalation \u00e0 long terme de cette poussi\u00e8re peut irriter le syst\u00e8me respiratoire. Par cons\u00e9quent, lors de la manipulation du Y2O3, il est recommand\u00e9 de prendre des mesures de protection appropri\u00e9es, telles que le port de masques anti-poussi\u00e8re, de gants et de lunettes de protection, afin de r\u00e9duire l&#8217;inhalation de poussi\u00e8re et le contact avec la peau.<\/p>\n<p><strong>Q3 : Quel est le d\u00e9lai de livraison des pastilles d&#8217;oxyde d&#8217;yttrium ?<\/strong><\/p>\n<p>R : En stock : Exp\u00e9dition imm\u00e9diate<\/p>\n<p>Produits standard : G\u00e9n\u00e9ralement 2-4 semaines<\/p>\n<p>Produits personnalis\u00e9s : D\u00e9termin\u00e9 en fonction des d\u00e9tails requis<\/p>\n<p>Les exigences particuli\u00e8res peuvent \u00eatre discut\u00e9es<\/p>\n<p><strong>Q4 : Les pastilles d&#8217;oxyde d&#8217;yttrium peuvent-elles \u00eatre personnalis\u00e9es ?<\/strong><\/p>\n<p>R : Oui, nous offrons des services de personnalisation, la puret\u00e9 et la taille \u00e9tant personnalisables. Nous fournissons \u00e9galement de la poudre, des granul\u00e9s et des cibles d&#8217;oxyde d&#8217;yttrium sous diff\u00e9rentes formes pour r\u00e9pondre \u00e0 vos besoins.<\/p>\n","protected":false},"excerpt":{"rendered":"<p>Oxyde d&#8217;yttrium sont des compos\u00e9s inorganiques de formule chimique Y\u2082O\u2083, de couleur blanche, de point de fusion 2410\u00b0C, insolubles dans l&#8217;eau et solubles dans l&#8217;acide, et dot\u00e9s d&#8217;une vari\u00e9t\u00e9 d&#8217;excellentes propri\u00e9t\u00e9s, qui trouvent des applications importantes dans l&#8217;optique, l&#8217;\u00e9lectronique, les alliages et bien d&#8217;autres domaines. VIMATERIAL propose des granul\u00e9s d&#8217;oxyde d&#8217;yttrium de haute puret\u00e9 ; [&hellip;]<\/p>\n","protected":false},"featured_media":1031334,"comment_status":"open","ping_status":"closed","template":"","meta":{"_acf_changed":false},"product_brand":[],"product_cat":[236],"product_tag":[],"class_list":{"0":"post-1050197","1":"product","2":"type-product","3":"status-publish","4":"has-post-thumbnail","6":"product_cat-materiaux-devaporation","8":"first","9":"instock","10":"shipping-taxable","11":"purchasable","12":"product-type-variable"},"acf":[],"_links":{"self":[{"href":"https:\/\/vimaterial.de\/fr\/wp-json\/wp\/v2\/product\/1050197","targetHints":{"allow":["GET"]}}],"collection":[{"href":"https:\/\/vimaterial.de\/fr\/wp-json\/wp\/v2\/product"}],"about":[{"href":"https:\/\/vimaterial.de\/fr\/wp-json\/wp\/v2\/types\/product"}],"replies":[{"embeddable":true,"href":"https:\/\/vimaterial.de\/fr\/wp-json\/wp\/v2\/comments?post=1050197"}],"wp:featuredmedia":[{"embeddable":true,"href":"https:\/\/vimaterial.de\/fr\/wp-json\/wp\/v2\/media\/1031334"}],"wp:attachment":[{"href":"https:\/\/vimaterial.de\/fr\/wp-json\/wp\/v2\/media?parent=1050197"}],"wp:term":[{"taxonomy":"product_brand","embeddable":true,"href":"https:\/\/vimaterial.de\/fr\/wp-json\/wp\/v2\/product_brand?post=1050197"},{"taxonomy":"product_cat","embeddable":true,"href":"https:\/\/vimaterial.de\/fr\/wp-json\/wp\/v2\/product_cat?post=1050197"},{"taxonomy":"product_tag","embeddable":true,"href":"https:\/\/vimaterial.de\/fr\/wp-json\/wp\/v2\/product_tag?post=1050197"}],"curies":[{"name":"wp","href":"https:\/\/api.w.org\/{rel}","templated":true}]}}