{"id":1049749,"date":"2024-06-17T14:11:31","date_gmt":"2024-06-17T06:11:31","guid":{"rendered":"https:\/\/vimaterial.de\/product\/silicium-4\/"},"modified":"2024-06-17T14:11:31","modified_gmt":"2024-06-17T06:11:31","slug":"silicium-4","status":"publish","type":"product","link":"https:\/\/vimaterial.de\/fr\/product\/silicium-4\/","title":{"rendered":"Silicium"},"content":{"rendered":"<p>Les granules <span style=\"color: #0000ff;\"><a style=\"color: #0000ff;\" href=\"https:\/\/vimaterial.de\/fr\/search\/?type=element&#038;keyword=Si\">de silicium<\/a><\/span><br \/>\nsont des solides cristallins durs et cassants, dot\u00e9s d&#8217;un \u00e9clat m\u00e9tallique bleu-gris. Il s&#8217;agit d&#8217;un m\u00e9tallo\u00efde t\u00e9travalent et d&#8217;un semi-conducteur. Le silicium cristallin est bleu fonc\u00e9, cassant et g\u00e9n\u00e9ralement semi-conducteur.<\/p>\n<p>VIMATERIAL est sp\u00e9cialis\u00e9 dans la production de granules de silicium de haute puret\u00e9 pour les normes analytiques. <span style=\"color: #0000ff;\"><a style=\"color: #0000ff;\" href=\"https:\/\/vimaterial.de\/fr\/contact\/\">Contactez-nous<\/a><\/span><br \/>\npour plus d&#8217;informations.<\/p>\n<h2><span style=\"font-size: 14pt;\">Propri\u00e9t\u00e9s<\/span><\/h2>\n<p>Formule chimique : Si<\/p>\n<p>Apparence : cristallin, r\u00e9fl\u00e9chissant avec des faces teint\u00e9es de bleu<\/p>\n<p>Point de fusion : 1687 K (1414 \u00b0C, 2577 \u00b0F)<\/p>\n<p>Point d&#8217;\u00e9bullition : 3538 K (3265 \u00b0C, 5909 \u00b0F)<\/p>\n<p>Densit\u00e9 (pr\u00e8s de la temp\u00e9rature ambiante) : 2,3290 g\/cm3 \u00e0 l&#8217;\u00e9tat liquide (\u00e0 la temp\u00e9rature de fusion) : 2,57 g\/cm3<\/p>\n<p>Chaleur de fusion : 50,21 kJ\/mol<\/p>\n<p>Chaleur de vaporisation : 383 kJ\/mol<\/p>\n<p>Capacit\u00e9 thermique molaire : 19,789 J\/(mol\u00b7K)<\/p>\n<h2><span style=\"font-size: 14pt;\">Applications des granul\u00e9s de silicium<\/span><\/h2>\n<p>Le silicium est un mat\u00e9riau semi-conducteur qui peut \u00eatre utilis\u00e9 pour fabriquer des dispositifs semi-conducteurs, des panneaux solaires, des fibres optiques et des circuits int\u00e9gr\u00e9s.<\/p>\n<p>Il peut \u00e9galement \u00eatre utilis\u00e9 sous forme d&#8217;alliages (tels que les alliages de ferrosilicium) pour les pi\u00e8ces automobiles et m\u00e9caniques.<\/p>\n<p>Il est \u00e9galement utilis\u00e9 avec des mat\u00e9riaux c\u00e9ramiques dans le cermet.<\/p>\n<p>Il est \u00e9galement utilis\u00e9 dans la fabrication du verre, du b\u00e9ton, de la brique, des mat\u00e9riaux r\u00e9fractaires, du siloxane et du silane.<\/p>\n<p>Associ\u00e9 au fer, il peut devenir de l&#8217;acier siliceux, un type d&#8217;acier r\u00e9sistant \u00e0 l&#8217;usure, couramment utilis\u00e9 dans toutes sortes d&#8217;outils.<\/p>\n<p>De plus, le silicium est l&#8217;un des principaux composants de l&#8217;acier inoxydable, qui est utilis\u00e9 pour rendre l&#8217;acier inoxydable r\u00e9sistant \u00e0 l&#8217;usure.<\/p>\n<h2><span style=\"font-size: 14pt;\">Pourquoi nous choisir ?<\/span><\/h2>\n<p>\u2022 Qualit\u00e9 fiable \u2013 Un syst\u00e8me complet de contr\u00f4le qualit\u00e9 garantit des performances stables et constantes.<\/p>\n<p>\u2022 Service professionnel \u2013 Assistance d\u00e9di\u00e9e avant et apr\u00e8s-vente pour une coop\u00e9ration fluide.<\/p>\n<p>\u2022 Personnalisation disponible \u2013 La composition, la taille et les sp\u00e9cifications peuvent \u00eatre adapt\u00e9es \u00e0 vos besoins.<\/p>\n<p>\u2022 Livraison rapide \u2013 Production efficace et exp\u00e9dition dans les d\u00e9lais garantis.<\/p>\n<h2><span style=\"font-size: 14pt;\">Produits connexes<\/span><\/h2>\n<p><span style=\"color: #0000ff;\"><a style=\"color: #0000ff;\" href=\"https:\/\/vimaterial.de\/fr\/product\/silicium-3\/\">Poudre de silicium<\/a><\/span><\/p>\n<p><span style=\"color: #0000ff;\"><a style=\"color: #0000ff;\" href=\"https:\/\/vimaterial.de\/fr\/product\/silicium-2\/\">Cible de pulv\u00e9risation de silicium<\/a><\/span><\/p>\n<p><span style=\"color: #0000ff;\"><a style=\"color: #0000ff;\" href=\"https:\/\/vimaterial.de\/fr\/product\/dioxyde-de-silicium-4\/\">Poudre de silice<\/a><\/span><\/p>\n<p><span style=\"color: #0000ff;\"><a style=\"color: #0000ff;\" href=\"https:\/\/vimaterial.de\/fr\/product\/dioxyde-de-silicium-2\/\">Cible de pulv\u00e9risation de silice<\/a><\/span><\/p>\n","protected":false},"excerpt":{"rendered":"<p>Les granules de silicium sont des solides cristallins durs et cassants, dot\u00e9s d&#8217;un \u00e9clat m\u00e9tallique bleu-gris. Il s&#8217;agit d&#8217;un m\u00e9tallo\u00efde t\u00e9travalent et d&#8217;un semi-conducteur. Le silicium cristallin est bleu fonc\u00e9, cassant et g\u00e9n\u00e9ralement semi-conducteur. VIMATERIAL est sp\u00e9cialis\u00e9 dans la production de granules de silicium de haute puret\u00e9 pour les normes analytiques. Contactez-nous pour plus d&#8217;informations. [&hellip;]<\/p>\n","protected":false},"featured_media":1049645,"comment_status":"open","ping_status":"closed","template":"","meta":{"_acf_changed":false},"product_brand":[],"product_cat":[236],"product_tag":[],"class_list":{"0":"post-1049749","1":"product","2":"type-product","3":"status-publish","4":"has-post-thumbnail","6":"product_cat-materiaux-devaporation","8":"first","9":"instock","10":"shipping-taxable","11":"purchasable","12":"product-type-variable"},"acf":[],"_links":{"self":[{"href":"https:\/\/vimaterial.de\/fr\/wp-json\/wp\/v2\/product\/1049749","targetHints":{"allow":["GET"]}}],"collection":[{"href":"https:\/\/vimaterial.de\/fr\/wp-json\/wp\/v2\/product"}],"about":[{"href":"https:\/\/vimaterial.de\/fr\/wp-json\/wp\/v2\/types\/product"}],"replies":[{"embeddable":true,"href":"https:\/\/vimaterial.de\/fr\/wp-json\/wp\/v2\/comments?post=1049749"}],"wp:featuredmedia":[{"embeddable":true,"href":"https:\/\/vimaterial.de\/fr\/wp-json\/wp\/v2\/media\/1049645"}],"wp:attachment":[{"href":"https:\/\/vimaterial.de\/fr\/wp-json\/wp\/v2\/media?parent=1049749"}],"wp:term":[{"taxonomy":"product_brand","embeddable":true,"href":"https:\/\/vimaterial.de\/fr\/wp-json\/wp\/v2\/product_brand?post=1049749"},{"taxonomy":"product_cat","embeddable":true,"href":"https:\/\/vimaterial.de\/fr\/wp-json\/wp\/v2\/product_cat?post=1049749"},{"taxonomy":"product_tag","embeddable":true,"href":"https:\/\/vimaterial.de\/fr\/wp-json\/wp\/v2\/product_tag?post=1049749"}],"curies":[{"name":"wp","href":"https:\/\/api.w.org\/{rel}","templated":true}]}}