{"id":1049698,"date":"2024-06-17T14:11:32","date_gmt":"2024-06-17T06:11:32","guid":{"rendered":"https:\/\/vimaterial.de\/product\/silicium-2\/"},"modified":"2024-06-17T14:11:32","modified_gmt":"2024-06-17T06:11:32","slug":"silicium-2","status":"publish","type":"product","link":"https:\/\/vimaterial.de\/fr\/product\/silicium-2\/","title":{"rendered":"Silicium"},"content":{"rendered":"<p>Les cibles de pulv\u00e9risation en silicium sont de couleur gris fonc\u00e9. Le silicium est solide \u00e0 temp\u00e9rature ambiante. Les cibles de pulv\u00e9risation en silicium sont largement utilis\u00e9es dans la production de semi-conducteurs, de cellules solaires et d&#8217;applications \u00e0 couche mince en raison de leur grande puret\u00e9 et de leur polyvalence. Ces cibles peuvent d\u00e9poser des films de haute qualit\u00e9 avec une conductivit\u00e9 \u00e9lectrique \u00e9lev\u00e9e, une stabilit\u00e9 thermique am\u00e9lior\u00e9e et une absorption de la lumi\u00e8re renforc\u00e9e, ce qui est essentiel pour l&#8217;efficacit\u00e9 des cellules solaires. Actuellement, elles sont principalement utilis\u00e9es dans les industries du verre conducteur transparent LCD, du verre architectural LOW-E et de la micro\u00e9lectronique.<\/p>\n<p>Les cibles de pulv\u00e9risation en silicium peuvent \u00eatre divis\u00e9es en deux types : monocristallines et polycristallines. <span style=\"color: #0000ff;\"><a style=\"color: #0000ff;\" href=\"https:\/\/vimaterial.de\/fr\/a-propos-de-nous\/\">VIMATERIAL<\/a><\/span><br \/>\nproduit des cibles de pulv\u00e9risation en silicium monocristallin et polycristallin dans une vari\u00e9t\u00e9 de formes et de formats, personnalis\u00e9es selon vos besoins sp\u00e9cifiques. Forts de nos ann\u00e9es d&#8217;exp\u00e9rience professionnelle, nous proposons des mat\u00e9riaux de cibles de pulv\u00e9risation uniques et un service de collage fiable.<\/p>\n<h2><span style=\"font-size: 14pt;\">Caract\u00e9ristiques du silicium<\/span><\/h2>\n<p>Formule mol\u00e9culaire : Si<\/p>\n<p>Point de fusion : 1 414 \u00b0C (2 577 \u00b0F)<\/p>\n<p>Point d&#8217;\u00e9bullition : 3 265 \u00b0C (5 909 \u00b0F)<\/p>\n<p>Densit\u00e9 : 2,329 g\/cm3<\/p>\n<p>Conductivit\u00e9 thermique : 149 W\u2022m-1\u2022K-1<\/p>\n<h2><span style=\"font-size: 14pt;\">Caract\u00e9ristiques de la cible en silicium<\/span><\/h2>\n<p>Formes : cible plane, cible rotative, personnalisation de formes sp\u00e9ciales<\/p>\n<p>Puret\u00e9 de la cible en silicium : 99,99 %, 99,999 %<\/p>\n<p>Taille de la cible en silicium : trait\u00e9e selon les dessins ou personnalis\u00e9e<\/p>\n<p>Emballage : emballage sous vide int\u00e9rieur, emballage ext\u00e9rieur en caisse en bois<\/p>\n<h2><span style=\"font-size: 14pt;\">Applications de la cible de pulv\u00e9risation en silicium<\/span><\/h2>\n<p>Fabrication de semi-conducteurs : la cible en silicium est une mati\u00e8re premi\u00e8re importante pour la fabrication de dispositifs \u00e0 semi-conducteurs, utilis\u00e9e pour fabriquer des plaquettes, des cellules solaires, etc.<\/p>\n<p>Film optique : la cible en silicium peut \u00eatre utilis\u00e9e pour pr\u00e9parer des films optiques \u00e0 haute transparence, tels que des \u00e9lectrodes transparentes, des lentilles IR, des polariseurs, etc.<\/p>\n<p>C\u00e9ramiques siliciur\u00e9es : les cibles en silicium peuvent \u00eatre utilis\u00e9es pour pr\u00e9parer des mat\u00e9riaux c\u00e9ramiques siliciur\u00e9s haute performance, tels que le nitrure de silicium, le carbure de silicium, etc., pour la fabrication de mat\u00e9riaux structurels \u00e0 haute temp\u00e9rature et d&#8217;outils de coupe.<\/p>\n<p>Rev\u00eatements antireflets : les cibles en silicium peuvent \u00eatre utilis\u00e9es pour pr\u00e9parer des rev\u00eatements antireflets, principalement utilis\u00e9s dans les panneaux solaires, les \u00e9crans plats, etc.<\/p>\n<p>Recherche en nanotechnologie : les cibles en silicium peuvent \u00eatre utilis\u00e9es pour pr\u00e9parer divers mat\u00e9riaux et dispositifs nanostructur\u00e9s, tels que des nanotubes, des nanofils, des points quantiques, etc.<\/p>\n<h2><span style=\"font-size: 14pt;\">Nous fournissons les cibles en alliage de silicium suivantes<\/span><\/h2>\n<p><span style=\"color: #0000ff;\">: <a style=\"color: #0000ff;\" href=\"https:\/\/vimaterial.de\/fr\/product\/alliage-daluminium-et-de-silicium-2\/\">AlSi<\/a>, <a style=\"color: #0000ff;\" href=\"https:\/\/vimaterial.de\/fr\/product\/silicium-fer\/\">SiFe<\/a>, <a style=\"color: #0000ff;\" href=\"https:\/\/vimaterial.de\/fr\/product\/silicium-chrome\/\">SiCr<\/a>, <a style=\"color: #0000ff;\" href=\"https:\/\/vimaterial.de\/fr\/product\/alliage-de-silicium-et-de-germanium-2\/\">SiGe<\/a>, <a style=\"color: #0000ff;\" href=\"https:\/\/vimaterial.de\/fr\/product\/alliage-de-molybdene-et-de-silicium\/\">SiMoB<\/a>&#8230;<\/span><\/p>\n","protected":false},"excerpt":{"rendered":"<p>Les cibles de pulv\u00e9risation en silicium sont de couleur gris fonc\u00e9. Le silicium est solide \u00e0 temp\u00e9rature ambiante. Les cibles de pulv\u00e9risation en silicium sont largement utilis\u00e9es dans la production de semi-conducteurs, de cellules solaires et d&#8217;applications \u00e0 couche mince en raison de leur grande puret\u00e9 et de leur polyvalence. Ces cibles peuvent d\u00e9poser des [&hellip;]<\/p>\n","protected":false},"featured_media":999673,"comment_status":"open","ping_status":"closed","template":"","meta":{"_acf_changed":false},"product_brand":[],"product_cat":[235],"product_tag":[],"class_list":{"0":"post-1049698","1":"product","2":"type-product","3":"status-publish","4":"has-post-thumbnail","6":"product_cat-cibles-de-pulverisation-planaire","8":"first","9":"instock","10":"shipping-taxable","11":"purchasable","12":"product-type-variable"},"acf":[],"_links":{"self":[{"href":"https:\/\/vimaterial.de\/fr\/wp-json\/wp\/v2\/product\/1049698","targetHints":{"allow":["GET"]}}],"collection":[{"href":"https:\/\/vimaterial.de\/fr\/wp-json\/wp\/v2\/product"}],"about":[{"href":"https:\/\/vimaterial.de\/fr\/wp-json\/wp\/v2\/types\/product"}],"replies":[{"embeddable":true,"href":"https:\/\/vimaterial.de\/fr\/wp-json\/wp\/v2\/comments?post=1049698"}],"wp:featuredmedia":[{"embeddable":true,"href":"https:\/\/vimaterial.de\/fr\/wp-json\/wp\/v2\/media\/999673"}],"wp:attachment":[{"href":"https:\/\/vimaterial.de\/fr\/wp-json\/wp\/v2\/media?parent=1049698"}],"wp:term":[{"taxonomy":"product_brand","embeddable":true,"href":"https:\/\/vimaterial.de\/fr\/wp-json\/wp\/v2\/product_brand?post=1049698"},{"taxonomy":"product_cat","embeddable":true,"href":"https:\/\/vimaterial.de\/fr\/wp-json\/wp\/v2\/product_cat?post=1049698"},{"taxonomy":"product_tag","embeddable":true,"href":"https:\/\/vimaterial.de\/fr\/wp-json\/wp\/v2\/product_tag?post=1049698"}],"curies":[{"name":"wp","href":"https:\/\/api.w.org\/{rel}","templated":true}]}}