{"id":1049596,"date":"2024-06-17T14:11:30","date_gmt":"2024-06-17T06:11:30","guid":{"rendered":"https:\/\/vimaterial.de\/product\/silicium-3\/"},"modified":"2024-06-17T14:11:30","modified_gmt":"2024-06-17T06:11:30","slug":"silicium-3","status":"publish","type":"product","link":"https:\/\/vimaterial.de\/fr\/product\/silicium-3\/","title":{"rendered":"Silicium"},"content":{"rendered":"<p>La poudre <span style=\"color: #0000ff;\"><a style=\"color: #0000ff;\" href=\"https:\/\/vimaterial.de\/fr\/search\/?type=element&#038;keyword=Si\">de silicium<\/a><\/span><br \/>\nest principalement compos\u00e9e d&#8217;\u00e9l\u00e9ments de silicium, pr\u00e9sente un point de fusion \u00e9lev\u00e9, une duret\u00e9 \u00e9lev\u00e9e et une bonne stabilit\u00e9 chimique, et constitue un mat\u00e9riau inorganique non m\u00e9tallique important.<\/p>\n<p>La poudre de silicium est un mat\u00e9riau semi-conducteur opto\u00e9lectronique de nouvelle g\u00e9n\u00e9ration, avec un semi-conducteur \u00e0 large bande interdite, et est \u00e9galement un mat\u00e9riau pour source lumineuse \u00e0 haute puissance.<\/p>\n<p>Le nano-silicium de VIMATERIAL se caract\u00e9rise par une grande puret\u00e9, une petite taille de particules et une distribution uniforme. Il pr\u00e9sente une grande surface sp\u00e9cifique, une activit\u00e9 de surface \u00e9lev\u00e9e et une faible densit\u00e9 apparente. Le produit est non toxique et inodore. <span style=\"color: #0000ff;\"><a style=\"color: #0000ff;\" href=\"https:\/\/vimaterial.de\/fr\/contact\/\">Contactez-nous<\/a><\/span><br \/>\npour plus d&#8217;informations.<\/p>\n<h2><span style=\"font-size: 14pt;\">Propri\u00e9t\u00e9s<\/span><\/h2>\n<p>Formule : Si<\/p>\n<p>Aspect : poudre gris fonc\u00e9 \u00e0 noire<\/p>\n<p>Caract\u00e9ristiques : point de fusion \u00e9lev\u00e9, bonne r\u00e9sistance \u00e0 la chaleur, r\u00e9sistivit\u00e9 \u00e9lev\u00e9e<\/p>\n<p>Puret\u00e9 : 99,9 %-99,999 %<\/p>\n<p>Conditions de stockage : herm\u00e9tique<\/p>\n<h2><span style=\"font-size: 14pt;\">Applications de la poudre de silicium<\/span><\/h2>\n<p>Mat\u00e9riaux r\u00e9fractaires : la poudre de silicium m\u00e9tallique est utilis\u00e9e pour fabriquer des briques et des b\u00e9tons r\u00e9fractaires afin d&#8217;am\u00e9liorer leur r\u00e9sistance \u00e0 la temp\u00e9rature \u00e9lev\u00e9e et \u00e0 l&#8217;usure.<\/p>\n<p>M\u00e9tallurgie des poudres : en tant qu&#8217;additif, la poudre de silicium m\u00e9tallique peut am\u00e9liorer les performances des alliages et augmenter la r\u00e9sistance et la t\u00e9nacit\u00e9 des produits.<\/p>\n<p>Industrie chimique : dans la synth\u00e8se des compos\u00e9s organosilici\u00e9s, la poudre de silicium m\u00e9tallique est une mati\u00e8re premi\u00e8re essentielle et est largement utilis\u00e9e dans la production de caoutchouc silicone, d&#8217;huile silicone et d&#8217;autres produits.<\/p>\n<p>Industrie \u00e9lectronique : la poudre de silicium m\u00e9tallique de haute puret\u00e9 est un mat\u00e9riau cl\u00e9 pour les dispositifs \u00e0 semi-conducteurs et les cellules solaires.<\/p>\n<h3><span style=\"font-size: 12pt;\">Application du nano-silicium<\/span><\/h3>\n<ol>\n<li>Les fils de nano-silicium fabriqu\u00e9s \u00e0 partir de poudre de nano-silicium sont utilis\u00e9s dans le mat\u00e9riau d&#8217;\u00e9lectrode n\u00e9gative des batteries lithium rechargeables, ou du graphite est appliqu\u00e9 sur la surface de la poudre de nano-silicium pour \u00eatre utilis\u00e9 comme mat\u00e9riau d&#8217;\u00e9lectrode n\u00e9gative des batteries lithium rechargeables, ce qui augmente la capacit\u00e9 et le nombre de cycles de charge et de d\u00e9charge des batteries lithium rechargeables de plus de 3 fois ;<\/li>\n<li>Le nano-silicium est utilis\u00e9 dans les rev\u00eatements r\u00e9sistants aux hautes temp\u00e9ratures et les mat\u00e9riaux r\u00e9fractaires ;<\/li>\n<li>la poudre de nano-silicium peut \u00eatre appliqu\u00e9e sur des rev\u00eatements pour former des nanofilms de silicium, largement utilis\u00e9s dans l&#8217;\u00e9nergie solaire ;<\/li>\n<li>le nano-silicium et le diamant sont m\u00e9lang\u00e9s sous haute pression pour former des mat\u00e9riaux composites de carbure de silicium-diamant, qui sont utilis\u00e9s comme outils de coupe.<\/li>\n<\/ol>\n<h2><span style=\"font-size: 14pt;\">Conditions de stockage<\/span><\/h2>\n<p>Ce produit doit \u00eatre scell\u00e9 et stock\u00e9 dans un environnement sec et frais. Il ne doit pas \u00eatre expos\u00e9 \u00e0 l&#8217;air pendant une longue p\u00e9riode. Il faut \u00e9viter toute agglom\u00e9ration due \u00e0 l&#8217;humidit\u00e9, qui affecterait les performances de dispersion et l&#8217;efficacit\u00e9 d&#8217;utilisation. Il faut \u00e9galement \u00e9viter toute pression excessive et tout contact avec des oxydants. Il doit \u00eatre transport\u00e9 comme une marchandise ordinaire.<\/p>\n<h2><span style=\"font-size: 14pt;\">Pourquoi nous choisir ?<\/span><\/h2>\n<p><strong>\u2022 Qualit\u00e9 fiable<\/strong><br \/>\n\u2013 Un syst\u00e8me de contr\u00f4le qualit\u00e9 complet garantit des performances stables et constantes.<\/p>\n<p><strong>\u2022 Service professionnel<\/strong><br \/>\n\u2013 Assistance avant-vente et apr\u00e8s-vente d\u00e9di\u00e9e pour une coop\u00e9ration fluide.<\/p>\n<p><strong>\u2022 Personnalisation disponible<\/strong><br \/>\n\u2013 La composition, la taille et les sp\u00e9cifications peuvent \u00eatre adapt\u00e9es \u00e0 vos besoins.<\/p>\n<p><strong>\u2022 Livraison rapide<\/strong><br \/>\n\u2013 Production efficace et exp\u00e9dition dans les d\u00e9lais garanties.<\/p>\n<h2><span style=\"font-size: 14pt;\">Produits connexes<\/span><\/h2>\n<p><span style=\"color: #0000ff;\"><a style=\"color: #0000ff;\" href=\"https:\/\/vimaterial.de\/fr\/product\/silicium-2\/\">Cible de pulv\u00e9risation en silicium<\/a><\/span><\/p>\n<p><span style=\"color: #0000ff;\"><a style=\"color: #0000ff;\" href=\"https:\/\/vimaterial.de\/fr\/product\/silicium-4\/\">Granules de silicium<\/a><\/span><\/p>\n<p><span style=\"color: #0000ff;\"><a style=\"color: #0000ff;\" href=\"https:\/\/vimaterial.de\/fr\/product\/dioxyde-de-silicium-4\/\">Poudre de silice<\/a><\/span><\/p>\n<p><span style=\"color: #0000ff;\"><a style=\"color: #0000ff;\" href=\"https:\/\/vimaterial.de\/fr\/product\/dioxyde-de-silicium-2\/\">Cible de pulv\u00e9risation en silice<\/a><\/span><\/p>\n","protected":false},"excerpt":{"rendered":"<p>La poudre de silicium est principalement compos\u00e9e d&#8217;\u00e9l\u00e9ments de silicium, pr\u00e9sente un point de fusion \u00e9lev\u00e9, une duret\u00e9 \u00e9lev\u00e9e et une bonne stabilit\u00e9 chimique, et constitue un mat\u00e9riau inorganique non m\u00e9tallique important. La poudre de silicium est un mat\u00e9riau semi-conducteur opto\u00e9lectronique de nouvelle g\u00e9n\u00e9ration, avec un semi-conducteur \u00e0 large bande interdite, et est \u00e9galement un [&hellip;]<\/p>\n","protected":false},"featured_media":999649,"comment_status":"open","ping_status":"closed","template":"","meta":{"_acf_changed":false},"product_brand":[],"product_cat":[250],"product_tag":[],"class_list":{"0":"post-1049596","1":"product","2":"type-product","3":"status-publish","4":"has-post-thumbnail","6":"product_cat-poudre-de-metal-pur-et-dalliage","8":"first","9":"instock","10":"shipping-taxable","11":"purchasable","12":"product-type-variable"},"acf":[],"_links":{"self":[{"href":"https:\/\/vimaterial.de\/fr\/wp-json\/wp\/v2\/product\/1049596","targetHints":{"allow":["GET"]}}],"collection":[{"href":"https:\/\/vimaterial.de\/fr\/wp-json\/wp\/v2\/product"}],"about":[{"href":"https:\/\/vimaterial.de\/fr\/wp-json\/wp\/v2\/types\/product"}],"replies":[{"embeddable":true,"href":"https:\/\/vimaterial.de\/fr\/wp-json\/wp\/v2\/comments?post=1049596"}],"wp:featuredmedia":[{"embeddable":true,"href":"https:\/\/vimaterial.de\/fr\/wp-json\/wp\/v2\/media\/999649"}],"wp:attachment":[{"href":"https:\/\/vimaterial.de\/fr\/wp-json\/wp\/v2\/media?parent=1049596"}],"wp:term":[{"taxonomy":"product_brand","embeddable":true,"href":"https:\/\/vimaterial.de\/fr\/wp-json\/wp\/v2\/product_brand?post=1049596"},{"taxonomy":"product_cat","embeddable":true,"href":"https:\/\/vimaterial.de\/fr\/wp-json\/wp\/v2\/product_cat?post=1049596"},{"taxonomy":"product_tag","embeddable":true,"href":"https:\/\/vimaterial.de\/fr\/wp-json\/wp\/v2\/product_tag?post=1049596"}],"curies":[{"name":"wp","href":"https:\/\/api.w.org\/{rel}","templated":true}]}}